{"id":2008,"date":"2026-04-03T18:03:54","date_gmt":"2026-04-03T18:03:54","guid":{"rendered":"https:\/\/www.hugspil.is\/?post_type=product&#038;p=2008"},"modified":"2026-04-03T18:03:54","modified_gmt":"2026-04-03T18:03:54","slug":"stjornuaevintyrathattaradgerd-pluto-volundarhusgata","status":"publish","type":"product","link":"https:\/\/www.hugspil.is\/is\/product\/star-adventures-series-pluto-labyrinth-puzzle\/","title":{"rendered":"STAR ADVENTURES SERIES \u2013 PLUTO"},"content":{"rendered":"<p dir=\"auto\" data-rm-block-id=\"block-1\"><strong>Stj\u00f6rnu\u00e6vint\u00fdra\u00fe\u00e1ttara\u00f0ir<\/strong> <strong>Sending \u2013 Pl\u00fat\u00f3<\/strong><\/p>\n<p dir=\"auto\" data-rm-block-id=\"block-2\"><strong>\u00c1SKORUN:<\/strong> Finndu bestu lei\u00f0ina til a\u00f0 leysa fl\u00f3kna v\u00f6lundarh\u00fasi\u00f0 sem er ristu\u00f0 \u00e1 yfirbor\u00f0i dvergreikistjarnunnar Pl\u00fat\u00f3.<\/p>\n<p dir=\"auto\" data-rm-block-id=\"block-3\"><strong>Erfi\u00f0leikastig:<\/strong> 4\/6.<\/p>\n<p dir=\"auto\" data-rm-block-id=\"block-4\"><strong>Me\u00f0allausnat\u00edmi:<\/strong> 30 m\u00edn\u00fatur \u2013 30 dagar.<\/p>\n<p dir=\"auto\" data-rm-block-id=\"block-5\"><strong>Vi\u00f0mi\u00f0:<\/strong> 14,5 \u00d7 14,5 \u00d7 1,5 cm.<\/p>\n<p dir=\"auto\" data-rm-block-id=\"block-6\"><strong>Inni \u00ed g\u00e1tunni:<\/strong> Fallega myndskreytt b\u00e6klingur sem inniheldur heillandi uppl\u00fdsingar um Pl\u00fat\u00f3 \u2014 s\u00f6gu \u00feess, geimk\u00f6nnun, \u00e1hugaver\u00f0ar sta\u00f0reyndir og \u00e1berandi myndir.<\/p>\n<p dir=\"auto\" data-rm-block-id=\"block-7\">","protected":false},"excerpt":{"rendered":"<p><strong>\u00c1SKORUN:<\/strong> Finndu bestu lei\u00f0ina til a\u00f0 leysa fl\u00f3kna v\u00f6lundarh\u00fasi\u00f0 sem er ristu\u00f0 \u00e1 yfirbor\u00f0i dvergreikistjarnunnar Pl\u00fat\u00f3.<\/p>\n<p><strong>Erfi\u00f0leikastig:<\/strong> 4\/6.<\/p>","protected":false},"featured_media":2009,"comment_status":"open","ping_status":"closed","template":"","meta":{"_monsterinsights_skip_tracking":false,"_monsterinsights_sitenote_active":false,"_monsterinsights_sitenote_note":"","_monsterinsights_sitenote_category":0},"product_brand":[],"product_cat":[25,1158],"product_tag":[],"class_list":{"0":"post-2008","1":"product","2":"type-product","3":"status-publish","4":"has-post-thumbnail","6":"product_cat-wooden-puzzles","7":"product_cat-labyrinth","9":"first","10":"instock","11":"taxable","12":"shipping-taxable","13":"purchasable","14":"product-type-simple"},"jetpack_sharing_enabled":true,"_links":{"self":[{"href":"https:\/\/www.hugspil.is\/is\/wp-json\/wp\/v2\/product\/2008","targetHints":{"allow":["GET"]}}],"collection":[{"href":"https:\/\/www.hugspil.is\/is\/wp-json\/wp\/v2\/product"}],"about":[{"href":"https:\/\/www.hugspil.is\/is\/wp-json\/wp\/v2\/types\/product"}],"replies":[{"embeddable":true,"href":"https:\/\/www.hugspil.is\/is\/wp-json\/wp\/v2\/comments?post=2008"}],"wp:featuredmedia":[{"embeddable":true,"href":"https:\/\/www.hugspil.is\/is\/wp-json\/wp\/v2\/media\/2009"}],"wp:attachment":[{"href":"https:\/\/www.hugspil.is\/is\/wp-json\/wp\/v2\/media?parent=2008"}],"wp:term":[{"taxonomy":"product_brand","embeddable":true,"href":"https:\/\/www.hugspil.is\/is\/wp-json\/wp\/v2\/product_brand?post=2008"},{"taxonomy":"product_cat","embeddable":true,"href":"https:\/\/www.hugspil.is\/is\/wp-json\/wp\/v2\/product_cat?post=2008"},{"taxonomy":"product_tag","embeddable":true,"href":"https:\/\/www.hugspil.is\/is\/wp-json\/wp\/v2\/product_tag?post=2008"}],"curies":[{"name":"wp","href":"https:\/\/api.w.org\/{rel}","templated":true}]}}