{"id":1987,"date":"2026-04-03T17:21:40","date_gmt":"2026-04-03T17:21:40","guid":{"rendered":"https:\/\/www.hugspil.is\/?post_type=product&#038;p=1987"},"modified":"2026-04-03T17:21:40","modified_gmt":"2026-04-03T17:21:40","slug":"rolife-diy-bokarkima-fri-gardhus-3d-bokarkima","status":"publish","type":"product","link":"https:\/\/www.hugspil.is\/is\/product\/rolife-diy-book-nook-holiday-garden-house-3d-book-nook\/","title":{"rendered":"Rolife DIY 3D b\u00f3khornssett \u2013 H\u00e1t\u00ed\u00f0argar\u00f0sh\u00fas"},"content":{"rendered":"<h1><strong>3D b\u00f3kahl\u00f3\u00f0arsett<\/strong><\/h1>\n<p><iframe loading=\"lazy\" title=\"YouTube myndbandsspilari\" src=\"https:\/\/www.youtube.com\/embed\/44Uef3Qloa0?loop=1&amp;playlist=44Uef3Qloa0\" width=\"560\" height=\"315\" frameborder=\"0\" allowfullscreen=\"allowfullscreen\" data-rm-block-id=\"block-1\"><br \/>\n<\/iframe><br \/>\n<img loading=\"lazy\" decoding=\"async\" class=\"lazyloaded\" src=\"https:\/\/img-va.myshopline.com\/image\/store\/2000818265\/1649394707320\/-02_2.jpeg?w=1080&amp;h=1918\" alt=\"\" width=\"1080\" height=\"1918\" data-src=\"https:\/\/img-va.myshopline.com\/image\/store\/2000818265\/1649394707320\/-02_2.jpeg?w=1080&amp;h=1918\" \/><img loading=\"lazy\" decoding=\"async\" class=\"lazyloaded\" src=\"https:\/\/img-va.myshopline.com\/image\/store\/2000818265\/1649394707320\/-03_1.jpeg?w=1080&amp;h=1863\" alt=\"\" width=\"1080\" height=\"1863\" data-src=\"https:\/\/img-va.myshopline.com\/image\/store\/2000818265\/1649394707320\/-03_1.jpeg?w=1080&amp;h=1863\" \/><img loading=\"lazy\" decoding=\"async\" class=\"lazyloaded\" src=\"https:\/\/img-va.myshopline.com\/image\/store\/2000818265\/1649394707320\/-04_1.jpeg?w=1080&amp;h=2099\" alt=\"\" width=\"1080\" height=\"2099\" data-src=\"https:\/\/img-va.myshopline.com\/image\/store\/2000818265\/1649394707320\/-04_1.jpeg?w=1080&amp;h=2099\" \/><img loading=\"lazy\" decoding=\"async\" class=\"lazyloaded\" src=\"https:\/\/img-va.myshopline.com\/image\/store\/2000818265\/1649394707320\/-05_1.jpeg?w=1080&amp;h=2182\" alt=\"\" width=\"1080\" height=\"2182\" data-src=\"https:\/\/img-va.myshopline.com\/image\/store\/2000818265\/1649394707320\/-05_1.jpeg?w=1080&amp;h=2182\" \/><img loading=\"lazy\" decoding=\"async\" class=\"lazyloaded\" src=\"https:\/\/img-va.myshopline.com\/image\/store\/2000818265\/1649394707320\/-06_1.jpeg?w=1080&amp;h=2319\" alt=\"\" width=\"1080\" height=\"2319\" data-src=\"https:\/\/img-va.myshopline.com\/image\/store\/2000818265\/1649394707320\/-06_1.jpeg?w=1080&amp;h=2319\" \/><img loading=\"lazy\" decoding=\"async\" class=\"lazyloaded\" src=\"https:\/\/img-va.myshopline.com\/image\/store\/2000818265\/1649394707320\/-07_1.jpeg?w=1080&amp;h=1839\" alt=\"\" width=\"1080\" height=\"1839\" data-src=\"https:\/\/img-va.myshopline.com\/image\/store\/2000818265\/1649394707320\/-07_1.jpeg?w=1080&amp;h=1839\" \/><img loading=\"lazy\" decoding=\"async\" class=\"lazyloaded\" src=\"https:\/\/img-va.myshopline.com\/image\/store\/2000818265\/1649394707320\/-08_1.jpeg?w=1080&amp;h=2018\" alt=\"\" width=\"1080\" height=\"2018\" data-src=\"https:\/\/img-va.myshopline.com\/image\/store\/2000818265\/1649394707320\/-08_1.jpeg?w=1080&amp;h=2018\" \/><img loading=\"lazy\" decoding=\"async\" class=\"lazyloaded\" src=\"https:\/\/img-va.myshopline.com\/image\/store\/2000818265\/1649394707320\/-09_1.jpeg?w=1080&amp;h=1959\" alt=\"\" width=\"1080\" height=\"1959\" data-src=\"https:\/\/img-va.myshopline.com\/image\/store\/2000818265\/1649394707320\/-09_1.jpeg?w=1080&amp;h=1959\" \/><img loading=\"lazy\" decoding=\"async\" class=\"lazyloaded\" src=\"https:\/\/img-va.myshopline.com\/image\/store\/2000818265\/1649394707320\/-10_2.jpeg?w=1080&amp;h=1572\" alt=\"\" width=\"1080\" height=\"1572\" data-src=\"https:\/\/img-va.myshopline.com\/image\/store\/2000818265\/1649394707320\/-10_2.jpeg?w=1080&amp;h=1572\" \/><img loading=\"lazy\" decoding=\"async\" class=\"lazyloaded\" src=\"https:\/\/img-va.myshopline.com\/image\/store\/1649394707320\/-11-2-01.jpeg?w=1080&amp;h=1892\" alt=\"\" width=\"1080\" height=\"1928\" data-src=\"https:\/\/img-va.myshopline.com\/image\/store\/1649394707320\/-11-2-01.jpeg?w=1080&amp;h=1892\" \/><img loading=\"lazy\" decoding=\"async\" class=\"lazyloaded\" src=\"https:\/\/img-va.myshopline.com\/image\/store\/1649394707320\/-11-2-02.jpeg?w=1080&amp;h=1608\" alt=\"\" width=\"1080\" height=\"1809\" data-src=\"https:\/\/img-va.myshopline.com\/image\/store\/1649394707320\/-11-2-02.jpeg?w=1080&amp;h=1608\" \/><\/p>","protected":false},"excerpt":{"rendered":"<p>F\u00e6r\u00f0u H\u00e1t\u00ed\u00f0agar\u00f0sh\u00fasi\u00f0 inn \u00ed heiminn \u00feinn og ver\u00f0u vitni a\u00f0 bl\u00f3mstri \u00e1star og fri\u00f0s\u00e6ldar! Mj\u00faku LED-lj\u00f3sin b\u00e6ta t\u00f6frandi glj\u00e1a og gera \u00fea\u00f0 a\u00f0 fullkomnum vi\u00f0b\u00f3t \u00e1 b\u00f3kask\u00e1pinn \u00feinn e\u00f0a hugulsama j\u00f3lagj\u00f6f fyrir \u00e1hugaf\u00f3lk um handverk og sj\u00e1lfsager\u00f0.<\/p>","protected":false},"featured_media":1988,"comment_status":"open","ping_status":"closed","template":"","meta":{"_monsterinsights_skip_tracking":false,"_monsterinsights_sitenote_active":false,"_monsterinsights_sitenote_note":"","_monsterinsights_sitenote_category":0},"product_brand":[],"product_cat":[28,1130],"product_tag":[],"class_list":{"0":"post-1987","1":"product","2":"type-product","3":"status-publish","4":"has-post-thumbnail","6":"product_cat-3d-puzzles","7":"product_cat-book-nooks","9":"first","10":"instock","11":"sale","12":"taxable","13":"shipping-taxable","14":"purchasable","15":"product-type-simple"},"jetpack_sharing_enabled":true,"_links":{"self":[{"href":"https:\/\/www.hugspil.is\/is\/wp-json\/wp\/v2\/product\/1987","targetHints":{"allow":["GET"]}}],"collection":[{"href":"https:\/\/www.hugspil.is\/is\/wp-json\/wp\/v2\/product"}],"about":[{"href":"https:\/\/www.hugspil.is\/is\/wp-json\/wp\/v2\/types\/product"}],"replies":[{"embeddable":true,"href":"https:\/\/www.hugspil.is\/is\/wp-json\/wp\/v2\/comments?post=1987"}],"wp:featuredmedia":[{"embeddable":true,"href":"https:\/\/www.hugspil.is\/is\/wp-json\/wp\/v2\/media\/1988"}],"wp:attachment":[{"href":"https:\/\/www.hugspil.is\/is\/wp-json\/wp\/v2\/media?parent=1987"}],"wp:term":[{"taxonomy":"product_brand","embeddable":true,"href":"https:\/\/www.hugspil.is\/is\/wp-json\/wp\/v2\/product_brand?post=1987"},{"taxonomy":"product_cat","embeddable":true,"href":"https:\/\/www.hugspil.is\/is\/wp-json\/wp\/v2\/product_cat?post=1987"},{"taxonomy":"product_tag","embeddable":true,"href":"https:\/\/www.hugspil.is\/is\/wp-json\/wp\/v2\/product_tag?post=1987"}],"curies":[{"name":"wp","href":"https:\/\/api.w.org\/{rel}","templated":true}]}}