{"id":1701,"date":"2026-03-25T10:50:37","date_gmt":"2026-03-25T10:50:37","guid":{"rendered":"https:\/\/www.hugspil.is\/?post_type=product&#038;p=1701"},"modified":"2026-03-25T11:41:54","modified_gmt":"2026-03-25T11:41:54","slug":"rolife-sams-study-library-diy-smahusasett","status":"publish","type":"product","link":"https:\/\/www.hugspil.is\/is\/product\/rolife-sams-study-library-diy-miniature-house-kit\/","title":{"rendered":"Rolife Sam's Study Library DIY sm\u00e1h\u00fasasett"},"content":{"rendered":"<div style=\"text-align: center;\">\n<div class=\"product-attributes__item\" role=\"group\">\n<div class=\"v-stack gap-2 justify-items-center sm:justify-items-center\">\n<div class=\"v-stack text-center sm:text-center\">\n<h1 class=\"product-title h2\">Rolife Sam's Study Library DIY sm\u00e1h\u00fasasett<\/h1>\n<p class=\"sm:h4 h6\" data-rm-block-id=\"block-1\">221<\/p>\n<div class=\"prose text-xs sm:text-base\" data-rm-block-id=\"block-2\">Fj\u00f6ldi hluta<\/div>\n<\/div>\n<\/div>\n<\/div>\n<div class=\"product-attributes__item\" role=\"group\">\n<div class=\"v-stack gap-2 justify-items-center sm:justify-items-center\">\n<div data-rm-block-id=\"block-3\"><\/div>\n<div class=\"v-stack text-center sm:text-center\">\n<p class=\"sm:h4 h6\" data-rm-block-id=\"block-4\">sex t\u00edmar<\/p>\n<div class=\"prose text-xs sm:text-base\" data-rm-block-id=\"block-5\">Samsetningart\u00edmi<\/div>\n<\/div>\n<\/div>\n<\/div>\n<div class=\"product-attributes__item\" role=\"group\">\n<div class=\"v-stack gap-2 justify-items-center sm:justify-items-center\">\n<div data-rm-block-id=\"block-6\"><\/div>\n<div class=\"v-stack text-center sm:text-center\">\n<p class=\"sm:h4 h6\" data-rm-block-id=\"block-7\">\u00derj\u00e1r stj\u00f6rnur af fimm<\/p>\n<div class=\"prose text-xs sm:text-base\" data-rm-block-id=\"block-8\">Erfi\u00f0leikastig<\/div>\n<\/div>\n<\/div>\n<\/div>\n<div class=\"product-attributes__item\" role=\"group\">\n<div class=\"v-stack gap-2 justify-items-center sm:justify-items-center\">\n<div data-rm-block-id=\"block-9\"><\/div>\n<div class=\"v-stack text-center sm:text-center\">\n<p class=\"sm:h4 h6\" data-rm-block-id=\"block-10\">1:18<\/p>\n<div class=\"prose text-xs sm:text-base\" data-rm-block-id=\"block-11\">Skala<\/div>\n<\/div>\n<\/div>\n<\/div>\n<\/div>\n<div style=\"text-align: center;\" data-rm-block-id=\"block-12\"><\/div>\n<div style=\"position: relative; padding-bottom: 56.25%; height: 0px; overflow: hidden; max-width: 100%; text-align: center;\"><iframe style=\"position: absolute; top: 0; left: 0; width: 100%; height: 100%;\" title=\"YouTube myndbandsspilari\" src=\"https:\/\/www.youtube.com\/embed\/z1jpLL_xCQ8?loop=1&amp;rel=0\" frameborder=\"0\" allowfullscreen=\"allowfullscreen\" data-rm-block-id=\"block-13\"><br \/>\n<\/iframe><\/div>\n<p style=\"text-align: center;\" data-rm-block-id=\"block-14\">List, l\u00edf, heimspeki, sk\u00e1ldsaga. \u00cd \u00feessu DIY-sm\u00e1h\u00fasasetti DG102 fr\u00e1 Sam's Study Library finnur \u00fe\u00fa alls konar b\u00e6kur. Ef \u00fe\u00fa elskar a\u00f0 gera hlutina sj\u00e1lfur og handverk, mun \u00feetta yndislega litla b\u00f3kasafns-leikfangsh\u00fas heilla \u00feig. Sm\u00ed\u00f0a\u00f0u \u00f6ll sm\u00e1atri\u00f0in saman og b\u00fa\u00f0u til st\u00f3rkostlegt b\u00f3kasafnsumhverfi me\u00f0 eigin h\u00f6ndum.<\/p>\n<p style=\"text-align: center;\" data-rm-block-id=\"block-15\">\n<div class=\"product-description__block-item\" data-block-id=\"image_with_text_wcgGcT\" data-block-type=\"image-with-text\" data-block-index=\"0\">\n<div class=\"section-stack\">\n<div class=\"section-header\" style=\"text-align: center;\">\n<p class=\"h2\" data-rm-block-id=\"block-16\">Bygg\u00f0u \u00feitt eigi\u00f0 litla h\u00fas<\/p>\n<\/div>\n<div class=\"multi-column\">\n<div class=\"multi-column__item\" style=\"text-align: center;\">\n<p data-rm-block-id=\"block-17\"><img loading=\"lazy\" decoding=\"async\" class=\"w-full\" src=\"https:\/\/www.robotimeonline.com\/cdn\/shop\/files\/dg102-1_19071c47-89ac-43ff-84fe-db2f8ed24c72.jpg?v=1744167915&amp;width=1200\" sizes=\"auto, (max-width: 699px) 53vw, (max-width: 999px) 38vw, calc((100vw - 3rem * 2) \/ 3)\" srcset=\"\/\/www.robotimeonline.com\/cdn\/shop\/files\/dg102-1_19071c47-89ac-43ff-84fe-db2f8ed24c72.jpg?v=1744167915&amp;width=300 300w, \/\/www.robotimeonline.com\/cdn\/shop\/files\/dg102-1_19071c47-89ac-43ff-84fe-db2f8ed24c72.jpg?v=1744167915&amp;width=400 400w, \/\/www.robotimeonline.com\/cdn\/shop\/files\/dg102-1_19071c47-89ac-43ff-84fe-db2f8ed24c72.jpg?v=1744167915&amp;width=500 500w, \/\/www.robotimeonline.com\/cdn\/shop\/files\/dg102-1_19071c47-89ac-43ff-84fe-db2f8ed24c72.jpg?v=1744167915&amp;width=600 600w, \/\/www.robotimeonline.com\/cdn\/shop\/files\/dg102-1_19071c47-89ac-43ff-84fe-db2f8ed24c72.jpg?v=1744167915&amp;width=800 800w, \/\/www.robotimeonline.com\/cdn\/shop\/files\/dg102-1_19071c47-89ac-43ff-84fe-db2f8ed24c72.jpg?v=1744167915&amp;width=1000 1000w, \/\/www.robotimeonline.com\/cdn\/shop\/files\/dg102-1_19071c47-89ac-43ff-84fe-db2f8ed24c72.jpg?v=1744167915&amp;width=1200 1200w\" alt=\"\u00c1skorandi og t\u00edmans vir\u00f0i samsetning\" width=\"1200\" height=\"1200\" \/><\/p>\n<div class=\"prose text-start\">\n<p class=\"h3\" data-rm-block-id=\"block-18\">\u00c1skorandi og t\u00edmans vir\u00f0i samsetning<\/p>\n<p data-rm-block-id=\"block-19\"><span class=\"metafield-multi_line_text_field\">\u00deegar \u00fe\u00fa l\u00fdkur \u00fev\u00ed munt \u00fe\u00fa finna dj\u00fapa tilfinningu af afreki og fulln\u00e6gju.<\/span><\/p>\n<\/div>\n<\/div>\n<div class=\"multi-column__item\" style=\"text-align: center;\">\n<p data-rm-block-id=\"block-20\"><img loading=\"lazy\" decoding=\"async\" class=\"w-full\" src=\"https:\/\/www.robotimeonline.com\/cdn\/shop\/files\/7_f8d1e8da-c020-4af4-bbce-8315d9702915.jpg?v=1744167718&amp;width=1200\" sizes=\"auto, (max-width: 699px) 53vw, (max-width: 999px) 38vw, calc((100vw - 3rem * 2) \/ 3)\" srcset=\"\/\/www.robotimeonline.com\/cdn\/shop\/files\/7_f8d1e8da-c020-4af4-bbce-8315d9702915.jpg?v=1744167718&amp;width=300 300w, \/\/www.robotimeonline.com\/cdn\/shop\/files\/7_f8d1e8da-c020-4af4-bbce-8315d9702915.jpg?v=1744167718&amp;width=400 400w, \/\/www.robotimeonline.com\/cdn\/shop\/files\/7_f8d1e8da-c020-4af4-bbce-8315d9702915.jpg?v=1744167718&amp;width=500 500w, \/\/www.robotimeonline.com\/cdn\/shop\/files\/7_f8d1e8da-c020-4af4-bbce-8315d9702915.jpg?v=1744167718&amp;width=600 600w, \/\/www.robotimeonline.com\/cdn\/shop\/files\/7_f8d1e8da-c020-4af4-bbce-8315d9702915.jpg?v=1744167718&amp;width=800 800w, \/\/www.robotimeonline.com\/cdn\/shop\/files\/7_f8d1e8da-c020-4af4-bbce-8315d9702915.jpg?v=1744167718&amp;width=1000 1000w, \/\/www.robotimeonline.com\/cdn\/shop\/files\/7_f8d1e8da-c020-4af4-bbce-8315d9702915.jpg?v=1744167718&amp;width=1200 1200w\" alt=\"Fullkomna gj\u00f6f: d\u00fakkuh\u00fasal\u00edkan\" width=\"1200\" height=\"1200\" \/><\/p>\n<div class=\"prose text-start\">\n<p class=\"h3\" data-rm-block-id=\"block-21\">Fullkomna gj\u00f6f: d\u00fakkuh\u00fasal\u00edkan<\/p>\n<p data-rm-block-id=\"block-22\"><span class=\"metafield-multi_line_text_field\">Og ekki m\u00e1 gleyma hinni gl\u00e6silegu umb\u00fa\u00f0 sem lyftir \u00feessu upp \u00ed sannarlega eftirtektarver\u00f0a gj\u00f6f og fangar hjarta vi\u00f0takandans me\u00f0 \u00f3a\u00f0finnanlegri athygli \u00e1 sm\u00e1atri\u00f0um.<\/span><\/p>\n<\/div>\n<\/div>\n<div class=\"multi-column__item\">\n<p style=\"text-align: center;\" data-rm-block-id=\"block-23\"><img loading=\"lazy\" decoding=\"async\" class=\"w-full\" src=\"https:\/\/www.robotimeonline.com\/cdn\/shop\/files\/dg102-3_c45a4e02-e7c9-4ca4-9d4f-946cfd1d9e59.jpg?v=1744168788&amp;width=1200\" sizes=\"auto, (max-width: 699px) 53vw, (max-width: 999px) 38vw, calc((100vw - 3rem * 2) \/ 3)\" srcset=\"\/\/www.robotimeonline.com\/cdn\/shop\/files\/dg102-3_c45a4e02-e7c9-4ca4-9d4f-946cfd1d9e59.jpg?v=1744168788&amp;width=300 300w, \/\/www.robotimeonline.com\/cdn\/shop\/files\/dg102-3_c45a4e02-e7c9-4ca4-9d4f-946cfd1d9e59.jpg?v=1744168788&amp;width=400 400w, \/\/www.robotimeonline.com\/cdn\/shop\/files\/dg102-3_c45a4e02-e7c9-4ca4-9d4f-946cfd1d9e59.jpg?v=1744168788&amp;width=500 500w, \/\/www.robotimeonline.com\/cdn\/shop\/files\/dg102-3_c45a4e02-e7c9-4ca4-9d4f-946cfd1d9e59.jpg?v=1744168788&amp;width=600 600w, \/\/www.robotimeonline.com\/cdn\/shop\/files\/dg102-3_c45a4e02-e7c9-4ca4-9d4f-946cfd1d9e59.jpg?v=1744168788&amp;width=800 800w, \/\/www.robotimeonline.com\/cdn\/shop\/files\/dg102-3_c45a4e02-e7c9-4ca4-9d4f-946cfd1d9e59.jpg?v=1744168788&amp;width=1000 1000w, \/\/www.robotimeonline.com\/cdn\/shop\/files\/dg102-3_c45a4e02-e7c9-4ca4-9d4f-946cfd1d9e59.jpg?v=1744168788&amp;width=1200 1200w\" alt=\"Fullkomin heimilisinnr\u00e9tting\" width=\"1200\" height=\"1200\" \/><\/p>\n<div class=\"prose text-start\">\n<p class=\"h3\" style=\"text-align: center;\" data-rm-block-id=\"block-24\">Fullkomin heimilisinnr\u00e9tting<\/p>\n<p style=\"text-align: center;\" data-rm-block-id=\"block-25\"><span class=\"metafield-multi_line_text_field\">\u00deetta gl\u00e6silega sm\u00e1h\u00fas er ekki bara \u00e1hugam\u00e1l, heldur hluti af heimilisinnr\u00e9ttingu sem mun heilla hj\u00f6rtu allra sem sj\u00e1 \u00fea\u00f0.<\/span><\/p>\n<\/div>\n<\/div>\n<\/div>\n<\/div>\n<\/div>","protected":false},"excerpt":{"rendered":"<p>Sam's Study er klass\u00edskur st\u00edll sm\u00e1h\u00fasasett fyrir b\u00f3kasafn, fullur rauns\u00e6ra sm\u00e1atri\u00f0a eins og \u00fer\u00f6ngra hillna og sk\u00e1pa, rauns\u00e6ra b\u00f3ka o.s.frv.<\/p>","protected":false},"featured_media":1728,"comment_status":"open","ping_status":"closed","template":"","meta":{"_monsterinsights_skip_tracking":false,"_monsterinsights_sitenote_active":false,"_monsterinsights_sitenote_note":"","_monsterinsights_sitenote_category":0},"product_brand":[],"product_cat":[28,1131],"product_tag":[],"class_list":{"0":"post-1701","1":"product","2":"type-product","3":"status-publish","4":"has-post-thumbnail","6":"product_cat-3d-puzzles","7":"product_cat-other","9":"first","10":"instock","11":"taxable","12":"shipping-taxable","13":"purchasable","14":"product-type-simple"},"jetpack_sharing_enabled":true,"_links":{"self":[{"href":"https:\/\/www.hugspil.is\/is\/wp-json\/wp\/v2\/product\/1701","targetHints":{"allow":["GET"]}}],"collection":[{"href":"https:\/\/www.hugspil.is\/is\/wp-json\/wp\/v2\/product"}],"about":[{"href":"https:\/\/www.hugspil.is\/is\/wp-json\/wp\/v2\/types\/product"}],"replies":[{"embeddable":true,"href":"https:\/\/www.hugspil.is\/is\/wp-json\/wp\/v2\/comments?post=1701"}],"wp:featuredmedia":[{"embeddable":true,"href":"https:\/\/www.hugspil.is\/is\/wp-json\/wp\/v2\/media\/1728"}],"wp:attachment":[{"href":"https:\/\/www.hugspil.is\/is\/wp-json\/wp\/v2\/media?parent=1701"}],"wp:term":[{"taxonomy":"product_brand","embeddable":true,"href":"https:\/\/www.hugspil.is\/is\/wp-json\/wp\/v2\/product_brand?post=1701"},{"taxonomy":"product_cat","embeddable":true,"href":"https:\/\/www.hugspil.is\/is\/wp-json\/wp\/v2\/product_cat?post=1701"},{"taxonomy":"product_tag","embeddable":true,"href":"https:\/\/www.hugspil.is\/is\/wp-json\/wp\/v2\/product_tag?post=1701"}],"curies":[{"name":"wp","href":"https:\/\/api.w.org\/{rel}","templated":true}]}}