{"id":1700,"date":"2026-03-25T10:50:37","date_gmt":"2026-03-25T10:50:37","guid":{"rendered":"https:\/\/www.hugspil.is\/?post_type=product&#038;p=1700"},"modified":"2026-03-25T11:45:55","modified_gmt":"2026-03-25T11:45:55","slug":"rolife-gerdu-sjalf-smahus-galdrastudioid","status":"publish","type":"product","link":"https:\/\/www.hugspil.is\/is\/product\/rolife-diy-miniature-house-the-magic-study\/","title":{"rendered":"Rolife DIY sm\u00e1h\u00fas \u2013 Galdra\u00adst\u00fad\u00ed\u00f3i\u00f0"},"content":{"rendered":"<div style=\"position: relative; padding-bottom: 56.25%; height: 0px; overflow: hidden; max-width: 100%;\"><iframe style=\"position: absolute; top: 0; left: 0; width: 100%; height: 100%;\" title=\"YouTube myndbandsspilari\" src=\"https:\/\/www.youtube.com\/embed\/Hfln_aK0i4k?loop=1&amp;rel=0\" frameborder=\"0\" allowfullscreen=\"allowfullscreen\" data-rm-block-id=\"block-1\"><br \/>\n<\/iframe><\/div>\n<p data-rm-block-id=\"block-2\"><img loading=\"lazy\" decoding=\"async\" class=\"lazyloaded\" src=\"https:\/\/img-va.myshopline.com\/image\/store\/1649394707320\/-01-20.jpeg?w=1080&amp;h=1668\" alt=\"\" width=\"1080\" height=\"1668\" data-src=\"https:\/\/img-va.myshopline.com\/image\/store\/1649394707320\/-01-20.jpeg?w=1080&amp;h=1668\" \/><img loading=\"lazy\" decoding=\"async\" class=\"lazyloaded\" src=\"https:\/\/img-va.myshopline.com\/image\/store\/1649394707320\/-02-21.jpeg?w=1080&amp;h=1808\" alt=\"\" width=\"1080\" height=\"1808\" data-src=\"https:\/\/img-va.myshopline.com\/image\/store\/1649394707320\/-02-21.jpeg?w=1080&amp;h=1808\" \/><img loading=\"lazy\" decoding=\"async\" class=\"lazyloaded\" src=\"https:\/\/img-va.myshopline.com\/image\/store\/1649394707320\/-03-15.jpeg?w=1080&amp;h=1680\" alt=\"\" width=\"1080\" height=\"1680\" data-src=\"https:\/\/img-va.myshopline.com\/image\/store\/1649394707320\/-03-15.jpeg?w=1080&amp;h=1680\" \/><img loading=\"lazy\" decoding=\"async\" class=\"lazyloaded\" src=\"https:\/\/img-va.myshopline.com\/image\/store\/1649394707320\/-04-13.jpeg?w=1080&amp;h=2023\" alt=\"\" width=\"1080\" height=\"2023\" data-src=\"https:\/\/img-va.myshopline.com\/image\/store\/1649394707320\/-04-13.jpeg?w=1080&amp;h=2023\" \/><img loading=\"lazy\" decoding=\"async\" class=\"lazyloaded\" src=\"https:\/\/img-va.myshopline.com\/image\/store\/1649394707320\/-05-13.jpeg?w=1080&amp;h=2315\" alt=\"\" width=\"1080\" height=\"2315\" data-src=\"https:\/\/img-va.myshopline.com\/image\/store\/1649394707320\/-05-13.jpeg?w=1080&amp;h=2315\" \/><img loading=\"lazy\" decoding=\"async\" class=\"lazyloaded\" src=\"https:\/\/img-va.myshopline.com\/image\/store\/1649394707320\/-06-13.jpeg?w=1080&amp;h=3261\" alt=\"\" width=\"1080\" height=\"3261\" data-src=\"https:\/\/img-va.myshopline.com\/image\/store\/1649394707320\/-06-13.jpeg?w=1080&amp;h=3261\" \/><img loading=\"lazy\" decoding=\"async\" class=\"lazyloaded\" src=\"https:\/\/img-va.myshopline.com\/image\/store\/1649394707320\/-07-9.jpeg?w=1080&amp;h=1570\" alt=\"\" width=\"1080\" height=\"1570\" data-src=\"https:\/\/img-va.myshopline.com\/image\/store\/1649394707320\/-07-9.jpeg?w=1080&amp;h=1570\" \/><\/p>","protected":false},"excerpt":{"rendered":"<p>L\u00e6r\u00f0u hvernig \u00e1 a\u00f0 kalla fram t\u00f6frakrafti \u00e1 me\u00f0an \u00fe\u00fa byggir \u00feetta sm\u00e1h\u00fas af t\u00f6fran\u00e1msstofu fr\u00e1 Rolife.<\/p>","protected":false},"featured_media":1735,"comment_status":"open","ping_status":"closed","template":"","meta":{"_monsterinsights_skip_tracking":false,"_monsterinsights_sitenote_active":false,"_monsterinsights_sitenote_note":"","_monsterinsights_sitenote_category":0},"product_brand":[],"product_cat":[28,1131],"product_tag":[],"class_list":{"0":"post-1700","1":"product","2":"type-product","3":"status-publish","4":"has-post-thumbnail","6":"product_cat-3d-puzzles","7":"product_cat-other","9":"first","10":"instock","11":"taxable","12":"shipping-taxable","13":"purchasable","14":"product-type-simple"},"jetpack_sharing_enabled":true,"_links":{"self":[{"href":"https:\/\/www.hugspil.is\/is\/wp-json\/wp\/v2\/product\/1700","targetHints":{"allow":["GET"]}}],"collection":[{"href":"https:\/\/www.hugspil.is\/is\/wp-json\/wp\/v2\/product"}],"about":[{"href":"https:\/\/www.hugspil.is\/is\/wp-json\/wp\/v2\/types\/product"}],"replies":[{"embeddable":true,"href":"https:\/\/www.hugspil.is\/is\/wp-json\/wp\/v2\/comments?post=1700"}],"wp:featuredmedia":[{"embeddable":true,"href":"https:\/\/www.hugspil.is\/is\/wp-json\/wp\/v2\/media\/1735"}],"wp:attachment":[{"href":"https:\/\/www.hugspil.is\/is\/wp-json\/wp\/v2\/media?parent=1700"}],"wp:term":[{"taxonomy":"product_brand","embeddable":true,"href":"https:\/\/www.hugspil.is\/is\/wp-json\/wp\/v2\/product_brand?post=1700"},{"taxonomy":"product_cat","embeddable":true,"href":"https:\/\/www.hugspil.is\/is\/wp-json\/wp\/v2\/product_cat?post=1700"},{"taxonomy":"product_tag","embeddable":true,"href":"https:\/\/www.hugspil.is\/is\/wp-json\/wp\/v2\/product_tag?post=1700"}],"curies":[{"name":"wp","href":"https:\/\/api.w.org\/{rel}","templated":true}]}}