{"id":1699,"date":"2026-03-25T10:50:37","date_gmt":"2026-03-25T10:50:37","guid":{"rendered":"https:\/\/www.hugspil.is\/?post_type=product&#038;p=1699"},"modified":"2026-03-25T11:30:55","modified_gmt":"2026-03-25T11:30:55","slug":"rokr-sidasta-borgar-marmara-braut-velraent-3d-gatan","status":"publish","type":"product","link":"https:\/\/www.hugspil.is\/is\/product\/rokr-the-last-city-marble-run-mechanical-3d-puzzle\/","title":{"rendered":"ROKR The Last City Marble Run v\u00e9lr\u00e6nt 3D-g\u00e1tur\u00e6\u00f0a"},"content":{"rendered":"<p style=\"text-align: center;\" data-rm-block-id=\"block-1\">Fj\u00f6ldi hluta: 130<\/p>\n<p style=\"text-align: center;\" data-rm-block-id=\"block-2\">Samsetningart\u00edmi: 90 m\u00edn\u00fatur<\/p>\n<p style=\"text-align: center;\" data-rm-block-id=\"block-3\">Erfi\u00f0leikastig: \u2605\u2605\u2605\u2606\u2606<\/p>\n<div style=\"position: relative; padding-bottom: 56.25%; height: 0px; overflow: hidden; max-width: 100%; text-align: center;\"><iframe style=\"position: absolute; top: 0; left: 0; width: 100%; height: 100%;\" title=\"YouTube myndbandsspilari\" src=\"https:\/\/www.youtube.com\/embed\/6jg4Jf3U8po?loop=1&amp;rel=0\" frameborder=\"0\" allowfullscreen=\"allowfullscreen\" data-rm-block-id=\"block-4\"><br \/>\n<\/iframe><\/div>\n<p style=\"text-align: center;\" data-rm-block-id=\"block-5\">Velkomin \u00ed hi\u00f0 \u00f3venjulega, framt\u00ed\u00f0arlega borgarumhverfi sem kallast S\u00ed\u00f0asta borgin. \u00deetta hli\u00f0st\u00e6\u00f0a heimild er sta\u00f0sett \u00ed alheimi i\u00f0na\u00f0ar-steampunk og neonlj\u00f3sa. H\u00e1rh\u00fdsi r\u00edsa \u00e1 bakgrunni p\u00edpulagna, verksmi\u00f0ja og skarprar beygna, sem bera vitni um \u00e6sihra\u00f0a eltinguna sem m\u00f6rg hra\u00f0skrei\u00f0 m\u00fark\u00falur hafa hafi\u00f0.<\/p>\n<p style=\"text-align: center;\" data-rm-block-id=\"block-6\"><em><strong>Athugasemdir:<\/strong>Pakkinn inniheldur: 1. The Last City Marble Run 2. Marble Lift Module<br \/>\nA\u00f0rar marmarabrautir og lyftueiningar \u00fearf a\u00f0 kaupa s\u00e9rstaklega. Og \u00fe\u00fa \u00fearft a\u00f0 \u00fatvega einn Type-C rafmagnssn\u00faruna sj\u00e1lfur.<\/em><\/p>\n<div class=\"product_details tw-container tw-py-6 lg:tw-py-15\">\n<h2 class=\"product_details-title h2 tw-m-0 tw-mb-6 md:tw-mb-4\" style=\"text-align: center;\" data-rm-block-id=\"block-7\">Bygg\u00f0u \u00fe\u00edna eigin S\u00ed\u00f0ustu borg<\/h2>\n<ul class=\"product_details-content tw-text-left tw-list-none tw-pl-0 lg:tw-flex lg:tw-flex-wrap tw--mt-5 lg:tw--ml-5 lg:tw--mr-5\" role=\"list\">\n<li class=\"product_details-item tw-box-border tw-pt-5 lg:tw-pl-5 lg:tw-pr-5 lg:tw-w-1\/3 tw-w-full\" style=\"text-align: center;\">\n<div class=\"product_details-image tw-mb-3 lg:tw-mx-auto lg:tw-mb-4 md:!tw-max-w-full\">\n<div class=\"tw-relative tw-block tw-w-full\" data-rm-block-id=\"block-8\"><img loading=\"lazy\" decoding=\"async\" class=\"tw-w-full\" src=\"https:\/\/cdn.shopify.com\/s\/files\/1\/0660\/2765\/1230\/files\/Product_MR01S_01.jpg?v=1725333084\" width=\"600\" height=\"600\" \/><\/div>\n<div class=\"product_details-text tw-mt-4 mce__content\">\n<h3 class=\"product_details-heading h3 tw-m-0 tw-mb-2 lg:tw-mb-2.5\" data-rm-block-id=\"block-9\">90 m\u00edn\u00fatna samkoma<\/h3>\n<p data-rm-block-id=\"block-10\">Hver hluti tengist hinum me\u00f0 innsetningarh\u00f6nnun.<\/p>\n<\/div>\n<\/div>\n<\/li>\n<li class=\"product_details-item tw-box-border tw-pt-5 lg:tw-pl-5 lg:tw-pr-5 lg:tw-w-1\/3 tw-w-full\" style=\"text-align: center;\">\n<div class=\"product_details-image tw-mb-3 lg:tw-mx-auto lg:tw-mb-4 md:!tw-max-w-full\">\n<div class=\"tw-relative tw-block tw-w-full\" data-rm-block-id=\"block-11\"><img loading=\"lazy\" decoding=\"async\" class=\"tw-w-full\" src=\"https:\/\/cdn.shopify.com\/s\/files\/1\/0660\/2765\/1230\/files\/Product_MR01S_02.jpg?v=1725333084\" width=\"600\" height=\"600\" \/><\/div>\n<div class=\"product_details-text tw-mt-4 mce__content\">\n<h3 class=\"product_details-heading h3 tw-m-0 tw-mb-2 lg:tw-mb-2.5\" data-rm-block-id=\"block-12\">Marble Rolling me\u00f0 d\u00fdnam\u00edskri l\u00fdsingu<\/h3>\n<p data-rm-block-id=\"block-13\">Snertu innlei\u00f0slurofann til a\u00f0 hefja, og stj\u00f3rna\u00f0u \u00e1 sama t\u00edma marmarahlaupinu me\u00f0 fullum afli og l\u00fdsingu.<\/p>\n<\/div>\n<\/div>\n<\/li>\n<li class=\"product_details-item tw-box-border tw-pt-5 lg:tw-pl-5 lg:tw-pr-5 lg:tw-w-1\/3 tw-w-full\">\n<div class=\"product_details-image tw-mb-3 lg:tw-mx-auto lg:tw-mb-4 md:!tw-max-w-full\">\n<div class=\"tw-relative tw-block tw-w-full\" style=\"text-align: center;\" data-rm-block-id=\"block-14\"><img loading=\"lazy\" decoding=\"async\" class=\"tw-w-full\" src=\"https:\/\/cdn.shopify.com\/s\/files\/1\/0660\/2765\/1230\/files\/Product_MR01S_03.jpg?v=1725333084\" width=\"600\" height=\"600\" \/><\/div>\n<div class=\"product_details-text tw-mt-4 mce__content\">\n<h3 class=\"product_details-heading h3 tw-m-0 tw-mb-2 lg:tw-mb-2.5\" style=\"text-align: center;\" data-rm-block-id=\"block-15\">Rafmagnslyftueining til a\u00f0 lyfta k\u00falum fyrir hringbundna keyrslu<\/h3>\n<p style=\"text-align: center;\" data-rm-block-id=\"block-16\">M\u00f3torinn me\u00f0 h\u00e1u togkrafti tryggir h\u00e1skilvirkni \u00ed \u00fattaki.<\/p>\n<ul class=\"product_assemble-content tw-m-0 tw-text-left tw-list-none tw-pl-0 tw-flex lg:tw-flex-nowrap md:tw-flex-wrap\" role=\"list\">\n<li class=\"product_assemble-item tw-box-border lg:tw-w-1\/3 tw-w-full\" style=\"text-align: center;\">\n<div class=\"product_assemble-image tw-mb-2 lg:tw-mx-auto md:!tw-max-w-full\">\n<div class=\"tw-relative tw-block tw-w-full\" data-rm-block-id=\"block-17\"><img loading=\"lazy\" decoding=\"async\" class=\"tw-w-full\" src=\"https:\/\/cdn.shopify.com\/s\/files\/1\/0660\/2765\/1230\/files\/Product_MR01S_04.jpg?v=1725333084\" width=\"600\" height=\"600\" \/><\/div>\n<\/div>\n<div class=\"product_assemble-text tw-mt-4 mce__content\">\n<h3 class=\"product_assemble-heading h3 tw-m-0 tw-mb-2 lg:tw-mb-2.5\" data-rm-block-id=\"block-18\">Stj\u00f6rnulj\u00f3svort\u00edx<\/h3>\n<p data-rm-block-id=\"block-19\">Tv\u00edhli\u00f0a spegil\u00e1hrifakerfi me\u00f0 hringlaga lj\u00f3shj\u00fap<\/p>\n<\/div>\n<\/li>\n<li class=\"product_assemble-item tw-box-border lg:tw-w-1\/3 tw-w-full\" style=\"text-align: center;\">\n<div class=\"product_assemble-image tw-mb-2 lg:tw-mx-auto md:!tw-max-w-full\">\n<div class=\"tw-relative tw-block tw-w-full\" data-rm-block-id=\"block-20\"><img loading=\"lazy\" decoding=\"async\" class=\"tw-w-full\" src=\"https:\/\/cdn.shopify.com\/s\/files\/1\/0660\/2765\/1230\/files\/Product_MR01S_05.jpg?v=1725333084\" width=\"600\" height=\"600\" \/><\/div>\n<\/div>\n<div class=\"product_assemble-text tw-mt-4 mce__content\">\n<h3 class=\"product_assemble-heading h3 tw-m-0 tw-mb-2 lg:tw-mb-2.5\" data-rm-block-id=\"block-21\">Handverk<\/h3>\n<p data-rm-block-id=\"block-22\">10 ferlar, \u00fear \u00e1 me\u00f0al \u00fa\u00f0un, p\u00fa\u00f0aprentun og ol\u00edusmurning<\/p>\n<\/div>\n<\/li>\n<li class=\"product_assemble-item tw-box-border lg:tw-w-1\/3 tw-w-full\">\n<div class=\"product_assemble-image tw-mb-2 lg:tw-mx-auto md:!tw-max-w-full\" style=\"text-align: center;\">\n<div class=\"tw-relative tw-block tw-w-full\" data-rm-block-id=\"block-23\"><img loading=\"lazy\" decoding=\"async\" class=\"tw-w-full\" src=\"https:\/\/cdn.shopify.com\/s\/files\/1\/0660\/2765\/1230\/files\/Product_MR01S_06.jpg?v=1725333084\" width=\"600\" height=\"600\" \/><\/div>\n<\/div>\n<div class=\"product_assemble-text tw-mt-4 mce__content\">\n<h3 class=\"product_assemble-heading h3 tw-m-0 tw-mb-2 lg:tw-mb-2.5\" style=\"text-align: center;\" data-rm-block-id=\"block-24\">Snertu koparr\u00f3funa til a\u00f0 skipta<\/h3>\n<p style=\"text-align: center;\" data-rm-block-id=\"block-25\">Upplif\u00f0u l\u00edflega borgarstemningu e\u00f0a litr\u00edkt n\u00e6turl\u00edf<\/p>\n<\/div>\n<\/li>\n<\/ul>\n<\/div>\n<\/div>\n<\/li>\n<\/ul>\n<\/div>","protected":false},"excerpt":{"rendered":"<p>T\u00falkun ROKR \u00e1 hinum fr\u00e6ga marmararenninu er einst\u00f6k a\u00f0 \u00fev\u00ed leyti a\u00f0 \u00fe\u00fa \u00fearft a\u00f0 byggja \u00fea\u00f0 fyrst. En ekki hafa \u00e1hyggjur, samsetningarferli\u00f0 fyrir The Last City tekur a\u00f0eins nokkrar klukkustundir e\u00f0a skemur, og \u00e1n\u00e6gjan \u00feegar \u00fev\u00ed er loki\u00f0 er \u00f3tr\u00faleg.<\/p>","protected":false},"featured_media":1721,"comment_status":"open","ping_status":"closed","template":"","meta":{"_monsterinsights_skip_tracking":false,"_monsterinsights_sitenote_active":false,"_monsterinsights_sitenote_note":"","_monsterinsights_sitenote_category":0},"product_brand":[],"product_cat":[28,1131],"product_tag":[],"class_list":{"0":"post-1699","1":"product","2":"type-product","3":"status-publish","4":"has-post-thumbnail","6":"product_cat-3d-puzzles","7":"product_cat-other","9":"first","10":"instock","11":"taxable","12":"shipping-taxable","13":"purchasable","14":"product-type-simple"},"jetpack_sharing_enabled":true,"_links":{"self":[{"href":"https:\/\/www.hugspil.is\/is\/wp-json\/wp\/v2\/product\/1699","targetHints":{"allow":["GET"]}}],"collection":[{"href":"https:\/\/www.hugspil.is\/is\/wp-json\/wp\/v2\/product"}],"about":[{"href":"https:\/\/www.hugspil.is\/is\/wp-json\/wp\/v2\/types\/product"}],"replies":[{"embeddable":true,"href":"https:\/\/www.hugspil.is\/is\/wp-json\/wp\/v2\/comments?post=1699"}],"wp:featuredmedia":[{"embeddable":true,"href":"https:\/\/www.hugspil.is\/is\/wp-json\/wp\/v2\/media\/1721"}],"wp:attachment":[{"href":"https:\/\/www.hugspil.is\/is\/wp-json\/wp\/v2\/media?parent=1699"}],"wp:term":[{"taxonomy":"product_brand","embeddable":true,"href":"https:\/\/www.hugspil.is\/is\/wp-json\/wp\/v2\/product_brand?post=1699"},{"taxonomy":"product_cat","embeddable":true,"href":"https:\/\/www.hugspil.is\/is\/wp-json\/wp\/v2\/product_cat?post=1699"},{"taxonomy":"product_tag","embeddable":true,"href":"https:\/\/www.hugspil.is\/is\/wp-json\/wp\/v2\/product_tag?post=1699"}],"curies":[{"name":"wp","href":"https:\/\/api.w.org\/{rel}","templated":true}]}}