{"id":1698,"date":"2026-03-25T10:50:37","date_gmt":"2026-03-25T10:50:37","guid":{"rendered":"https:\/\/www.hugspil.is\/?post_type=product&#038;p=1698"},"modified":"2026-03-25T11:20:09","modified_gmt":"2026-03-25T11:20:09","slug":"rokr-geimskutla","status":"publish","type":"product","link":"https:\/\/www.hugspil.is\/is\/product\/rokr-space-shuttle\/","title":{"rendered":"ROKR geimskip - 3D P\u00fasl"},"content":{"rendered":"<div class=\"video-wrapper\" style=\"position: relative; padding-bottom: 56.25%; height: 0; overflow: hidden; max-width: 100%;\"><iframe style=\"position: absolute; top: 0; left: 0; width: 100%; height: 100%;\" title=\"YouTube myndbandsspilari\" src=\"https:\/\/www.youtube.com\/embed\/OhaR9i--VSw?rel=0\" frameborder=\"0\" allowfullscreen=\"allowfullscreen\"><br \/>\n<\/iframe><\/div>\n<section class=\"egb01-hero\" aria-labelledby=\"egb01-title\">\n<figure class=\"egb01-img\"><img decoding=\"async\" class=\"ls-is-cached lazyloaded\" title=\"ROKR geimskip LKA02 1\" src=\"https:\/\/rokrpuzzles.com\/wp-content\/uploads\/2025\/09\/rokr-space-shuttle-LKA02-3d-wooden-puzzle.webp\" alt=\"ROKR geimskip LKA02 \u2014 a\u00f0al\u00fats\u00fdni\" data-src=\"https:\/\/rokrpuzzles.com\/wp-content\/uploads\/2025\/09\/rokr-space-shuttle-LKA02-3d-wooden-puzzle.webp\" \/><\/figure>\n<div>\n<div class=\"egb01-specs\" aria-label=\"T\u00e6knil\u00fdsingar\">\n<div class=\"egb01-pill\">\n<div class=\"icon\"><\/div>\n<div class=\"val\" style=\"text-align: center;\"><strong>446<\/strong><\/div>\n<div class=\"lbl\" style=\"text-align: center;\"><strong>B\u00fatar<\/strong><\/div>\n<\/div>\n<div class=\"egb01-pill\" style=\"text-align: center;\">\n<div class=\"icon\"><\/div>\n<div class=\"val\"><strong>6 klukkustundir<\/strong><\/div>\n<div class=\"lbl\"><strong>Samkomut\u00edmi<\/strong><\/div>\n<\/div>\n<div class=\"egb01-pill\" style=\"text-align: center;\">\n<div class=\"icon\"><\/div>\n<div class=\"val\"><strong>Fimm stj\u00f6rnur<\/strong><\/div>\n<div class=\"lbl\"><strong>Erfi\u00f0leikastig<\/strong><\/div>\n<\/div>\n<\/div>\n<h1 id=\"egb01-title\" style=\"text-align: center;\">ROKR geimskip - 3D P\u00fasl<\/h1>\n<p style=\"text-align: center;\">Ni\u00f0ur talningin hefst. Kveiki\u00f0 lj\u00f3sin, lyfti\u00f0 turni og sendi\u00f0 ROKR-geimskutluna ykkar \u00ed s\u00fdningarkrefslu \u2013 v\u00edsindi m\u00e6ta gl\u00e6sileika. Me\u00f0 446 laser-sni\u00f0num hlutum b\u00fd\u00f0ur \u00feessi v\u00e9lr\u00e6na undurgrip upp \u00e1 sn\u00fanings v\u00e9lmennaarma, g\u00edrdrifna lyftu fyrir geimskutlu og LED-\u00e1hrif sem l\u00edkja eftir raunverulegu skoti. Hluti g\u00e1tur, hluti verkfr\u00e6\u00f0ilegs afreks \u2013 \u00feetta er \u00f3gleymanleg STEM-upplifun, tilb\u00fain til flugs.<\/p>\n<\/div>\n<\/section>\n<section class=\"egb01-feat\" aria-labelledby=\"feat-title\">\n<h2 id=\"feat-title\">A\u00f0aleiginleikar<\/h2>\n<div class=\"egb01-row\">\n<div class=\"egb01-txt\">\n<h3>\ud83d\ude80 Rauns\u00f6nn eldsneytiskastsherming<\/h3>\n<p>G\u00edrkerfi lyftir geimfaranum \u00e1 me\u00f0an v\u00e9lr\u00e6nar armar sveiflast \u00ed r\u00e9tt st\u00f6\u00f0u\u2014l\u00edkt og \u00ed alv\u00f6ru skoti.<\/p>\n<\/div>\n<\/div>\n<div class=\"egb01-row\">\n<figure class=\"egb01-card\"><img loading=\"lazy\" decoding=\"async\" class=\"attachment-full size-full ls-is-cached lazyloaded\" title=\"ROKR geimskip LKA02 2\" src=\"https:\/\/rokrpuzzles.com\/wp-content\/uploads\/2025\/09\/rokr-space-shuttle-LKA02-3d-wooden-puzzle-3-scaled.webp\" sizes=\"auto, (max-width: 1024px) 100vw, 1024px\" srcset=\"https:\/\/rokrpuzzles.com\/wp-content\/uploads\/2025\/09\/rokr-space-shuttle-LKA02-3d-wooden-puzzle-3-scaled.webp 1024w, https:\/\/rokrpuzzles.com\/wp-content\/uploads\/2025\/09\/rokr-space-shuttle-LKA02-3d-wooden-puzzle-3-300x300.webp 300w, https:\/\/rokrpuzzles.com\/wp-content\/uploads\/2025\/09\/rokr-space-shuttle-LKA02-3d-wooden-puzzle-3-150x150.webp 150w, https:\/\/rokrpuzzles.com\/wp-content\/uploads\/2025\/09\/rokr-space-shuttle-LKA02-3d-wooden-puzzle-3-768x768.webp 768w, https:\/\/rokrpuzzles.com\/wp-content\/uploads\/2025\/09\/rokr-space-shuttle-LKA02-3d-wooden-puzzle-3-40x40.webp 40w, https:\/\/rokrpuzzles.com\/wp-content\/uploads\/2025\/09\/rokr-space-shuttle-LKA02-3d-wooden-puzzle-3-132x132.webp 132w, https:\/\/rokrpuzzles.com\/wp-content\/uploads\/2025\/09\/rokr-space-shuttle-LKA02-3d-wooden-puzzle-3-600x600.webp 600w, https:\/\/rokrpuzzles.com\/wp-content\/uploads\/2025\/09\/rokr-space-shuttle-LKA02-3d-wooden-puzzle-3-100x100.webp 100w, https:\/\/rokrpuzzles.com\/wp-content\/uploads\/2025\/09\/rokr-space-shuttle-LKA02-3d-wooden-puzzle-3-50x50.webp 50w\" alt=\"ROKR geimskip LKA02 \u2014 \ud83d\udca1 LED-kveikju\u00e1hrif\" width=\"1024\" height=\"1024\" data-src=\"https:\/\/rokrpuzzles.com\/wp-content\/uploads\/2025\/09\/rokr-space-shuttle-LKA02-3d-wooden-puzzle-3-scaled.webp\" data-srcset=\"https:\/\/rokrpuzzles.com\/wp-content\/uploads\/2025\/09\/rokr-space-shuttle-LKA02-3d-wooden-puzzle-3-scaled.webp 1024w, https:\/\/rokrpuzzles.com\/wp-content\/uploads\/2025\/09\/rokr-space-shuttle-LKA02-3d-wooden-puzzle-3-300x300.webp 300w, https:\/\/rokrpuzzles.com\/wp-content\/uploads\/2025\/09\/rokr-space-shuttle-LKA02-3d-wooden-puzzle-3-150x150.webp 150w, https:\/\/rokrpuzzles.com\/wp-content\/uploads\/2025\/09\/rokr-space-shuttle-LKA02-3d-wooden-puzzle-3-768x768.webp 768w, https:\/\/rokrpuzzles.com\/wp-content\/uploads\/2025\/09\/rokr-space-shuttle-LKA02-3d-wooden-puzzle-3-40x40.webp 40w, https:\/\/rokrpuzzles.com\/wp-content\/uploads\/2025\/09\/rokr-space-shuttle-LKA02-3d-wooden-puzzle-3-132x132.webp 132w, https:\/\/rokrpuzzles.com\/wp-content\/uploads\/2025\/09\/rokr-space-shuttle-LKA02-3d-wooden-puzzle-3-600x600.webp 600w, https:\/\/rokrpuzzles.com\/wp-content\/uploads\/2025\/09\/rokr-space-shuttle-LKA02-3d-wooden-puzzle-3-100x100.webp 100w, https:\/\/rokrpuzzles.com\/wp-content\/uploads\/2025\/09\/rokr-space-shuttle-LKA02-3d-wooden-puzzle-3-50x50.webp 50w\" data-sizes=\"auto, (max-width: 1024px) 100vw, 1024px\" \/><\/figure>\n<div class=\"egb01-txt\">\n<h3>\ud83d\udca1 LED-kveikjuh\u00e1hrif<\/h3>\n<p>Kveiktu innbygg\u00f0u LED-lj\u00f3sin til a\u00f0 l\u00edkja eftir kveikjuskotum og dramat\u00edskri uppskotsb\u00fana\u00f0artalningu.<\/p>\n<\/div>\n<\/div>\n<div class=\"egb01-row\">\n<div class=\"egb01-txt\">\n<h3>\ud83e\udde9 N\u00e1kv\u00e6m h\u00f6nnun fer\u00f0aflutninga<\/h3>\n<p>Innifali\u00f0 eru tveir styrkingarhlutar, delta-v\u00e6ngir og nefk\u00fapu\u2014allt laser-sni\u00f0i\u00f0 \u00far \u00farvalsvi\u00f0i.<\/p>\n<\/div>\n<figure class=\"egb01-card\"><img loading=\"lazy\" decoding=\"async\" class=\"attachment-full size-full ls-is-cached lazyloaded\" title=\"ROKR geimskip LKA02 3\" src=\"https:\/\/rokrpuzzles.com\/wp-content\/uploads\/2025\/09\/rokr-space-shuttle-LKA02-3d-wooden-puzzle-2-1.webp\" sizes=\"auto, (max-width: 1000px) 100vw, 1000px\" srcset=\"https:\/\/rokrpuzzles.com\/wp-content\/uploads\/2025\/09\/rokr-space-shuttle-LKA02-3d-wooden-puzzle-2-1.webp 1000w, https:\/\/rokrpuzzles.com\/wp-content\/uploads\/2025\/09\/rokr-space-shuttle-LKA02-3d-wooden-puzzle-2-1-300x300.webp 300w, https:\/\/rokrpuzzles.com\/wp-content\/uploads\/2025\/09\/rokr-space-shuttle-LKA02-3d-wooden-puzzle-2-1-150x150.webp 150w, https:\/\/rokrpuzzles.com\/wp-content\/uploads\/2025\/09\/rokr-space-shuttle-LKA02-3d-wooden-puzzle-2-1-768x768.webp 768w, https:\/\/rokrpuzzles.com\/wp-content\/uploads\/2025\/09\/rokr-space-shuttle-LKA02-3d-wooden-puzzle-2-1-40x40.webp 40w, https:\/\/rokrpuzzles.com\/wp-content\/uploads\/2025\/09\/rokr-space-shuttle-LKA02-3d-wooden-puzzle-2-1-132x132.webp 132w, https:\/\/rokrpuzzles.com\/wp-content\/uploads\/2025\/09\/rokr-space-shuttle-LKA02-3d-wooden-puzzle-2-1-600x600.webp 600w, https:\/\/rokrpuzzles.com\/wp-content\/uploads\/2025\/09\/rokr-space-shuttle-LKA02-3d-wooden-puzzle-2-1-100x100.webp 100w, https:\/\/rokrpuzzles.com\/wp-content\/uploads\/2025\/09\/rokr-space-shuttle-LKA02-3d-wooden-puzzle-2-1-50x50.webp 50w\" alt=\"ROKR geimskip LKA02 \u2014 \ud83e\udde9 N\u00e1kv\u00e6m h\u00f6nnun geimferjunnar\" width=\"1000\" height=\"1000\" data-src=\"https:\/\/rokrpuzzles.com\/wp-content\/uploads\/2025\/09\/rokr-space-shuttle-LKA02-3d-wooden-puzzle-2-1.webp\" data-srcset=\"https:\/\/rokrpuzzles.com\/wp-content\/uploads\/2025\/09\/rokr-space-shuttle-LKA02-3d-wooden-puzzle-2-1.webp 1000w, https:\/\/rokrpuzzles.com\/wp-content\/uploads\/2025\/09\/rokr-space-shuttle-LKA02-3d-wooden-puzzle-2-1-300x300.webp 300w, https:\/\/rokrpuzzles.com\/wp-content\/uploads\/2025\/09\/rokr-space-shuttle-LKA02-3d-wooden-puzzle-2-1-150x150.webp 150w, https:\/\/rokrpuzzles.com\/wp-content\/uploads\/2025\/09\/rokr-space-shuttle-LKA02-3d-wooden-puzzle-2-1-768x768.webp 768w, https:\/\/rokrpuzzles.com\/wp-content\/uploads\/2025\/09\/rokr-space-shuttle-LKA02-3d-wooden-puzzle-2-1-40x40.webp 40w, https:\/\/rokrpuzzles.com\/wp-content\/uploads\/2025\/09\/rokr-space-shuttle-LKA02-3d-wooden-puzzle-2-1-132x132.webp 132w, https:\/\/rokrpuzzles.com\/wp-content\/uploads\/2025\/09\/rokr-space-shuttle-LKA02-3d-wooden-puzzle-2-1-600x600.webp 600w, https:\/\/rokrpuzzles.com\/wp-content\/uploads\/2025\/09\/rokr-space-shuttle-LKA02-3d-wooden-puzzle-2-1-100x100.webp 100w, https:\/\/rokrpuzzles.com\/wp-content\/uploads\/2025\/09\/rokr-space-shuttle-LKA02-3d-wooden-puzzle-2-1-50x50.webp 50w\" data-sizes=\"auto, (max-width: 1000px) 100vw, 1000px\" \/><\/figure>\n<\/div>\n<div class=\"egb01-row\">\n<figure class=\"egb01-card\"><picture><source srcset=\"https:\/\/rokrpuzzles.com\/wp-content\/webp-express\/webp-images\/doc-root\/wp-content\/uploads\/2025\/09\/rokr-space-shuttle-LKA02-3d-wooden-puzzle-scaled.jpg.webp 1024w, https:\/\/rokrpuzzles.com\/wp-content\/webp-express\/webp-images\/doc-root\/wp-content\/uploads\/2025\/09\/rokr-space-shuttle-LKA02-3d-wooden-puzzle-300x300.jpg.webp 300w, https:\/\/rokrpuzzles.com\/wp-content\/webp-express\/webp-images\/doc-root\/wp-content\/uploads\/2025\/09\/rokr-space-shuttle-LKA02-3d-wooden-puzzle-150x150.jpg.webp 150w, https:\/\/rokrpuzzles.com\/wp-content\/webp-express\/webp-images\/doc-root\/wp-content\/uploads\/2025\/09\/rokr-space-shuttle-LKA02-3d-wooden-puzzle-768x768.jpg.webp 768w, https:\/\/rokrpuzzles.com\/wp-content\/webp-express\/webp-images\/doc-root\/wp-content\/uploads\/2025\/09\/rokr-space-shuttle-LKA02-3d-wooden-puzzle-40x40.jpg.webp 40w, https:\/\/rokrpuzzles.com\/wp-content\/webp-express\/webp-images\/doc-root\/wp-content\/uploads\/2025\/09\/rokr-space-shuttle-LKA02-3d-wooden-puzzle-132x132.jpg.webp 132w, https:\/\/rokrpuzzles.com\/wp-content\/webp-express\/webp-images\/doc-root\/wp-content\/uploads\/2025\/09\/rokr-space-shuttle-LKA02-3d-wooden-puzzle-600x600.jpg.webp 600w, https:\/\/rokrpuzzles.com\/wp-content\/webp-express\/webp-images\/doc-root\/wp-content\/uploads\/2025\/09\/rokr-space-shuttle-LKA02-3d-wooden-puzzle-100x100.jpg.webp 100w, https:\/\/rokrpuzzles.com\/wp-content\/webp-express\/webp-images\/doc-root\/wp-content\/uploads\/2025\/09\/rokr-space-shuttle-LKA02-3d-wooden-puzzle-50x50.jpg.webp 50w\" type=\"image\/webp\" data-srcset=\"https:\/\/rokrpuzzles.com\/wp-content\/webp-express\/webp-images\/doc-root\/wp-content\/uploads\/2025\/09\/rokr-space-shuttle-LKA02-3d-wooden-puzzle-scaled.jpg.webp 1024w, https:\/\/rokrpuzzles.com\/wp-content\/webp-express\/webp-images\/doc-root\/wp-content\/uploads\/2025\/09\/rokr-space-shuttle-LKA02-3d-wooden-puzzle-300x300.jpg.webp 300w, https:\/\/rokrpuzzles.com\/wp-content\/webp-express\/webp-images\/doc-root\/wp-content\/uploads\/2025\/09\/rokr-space-shuttle-LKA02-3d-wooden-puzzle-150x150.jpg.webp 150w, https:\/\/rokrpuzzles.com\/wp-content\/webp-express\/webp-images\/doc-root\/wp-content\/uploads\/2025\/09\/rokr-space-shuttle-LKA02-3d-wooden-puzzle-768x768.jpg.webp 768w, https:\/\/rokrpuzzles.com\/wp-content\/webp-express\/webp-images\/doc-root\/wp-content\/uploads\/2025\/09\/rokr-space-shuttle-LKA02-3d-wooden-puzzle-40x40.jpg.webp 40w, https:\/\/rokrpuzzles.com\/wp-content\/webp-express\/webp-images\/doc-root\/wp-content\/uploads\/2025\/09\/rokr-space-shuttle-LKA02-3d-wooden-puzzle-132x132.jpg.webp 132w, https:\/\/rokrpuzzles.com\/wp-content\/webp-express\/webp-images\/doc-root\/wp-content\/uploads\/2025\/09\/rokr-space-shuttle-LKA02-3d-wooden-puzzle-600x600.jpg.webp 600w, https:\/\/rokrpuzzles.com\/wp-content\/webp-express\/webp-images\/doc-root\/wp-content\/uploads\/2025\/09\/rokr-space-shuttle-LKA02-3d-wooden-puzzle-100x100.jpg.webp 100w, https:\/\/rokrpuzzles.com\/wp-content\/webp-express\/webp-images\/doc-root\/wp-content\/uploads\/2025\/09\/rokr-space-shuttle-LKA02-3d-wooden-puzzle-50x50.jpg.webp 50w\" data-sizes=\"auto, (max-width: 1024px) 100vw, 1024px\" \/><img loading=\"lazy\" decoding=\"async\" class=\"attachment-full size-full webpexpress-processed ls-is-cached lazyloaded\" title=\"ROKR geimskip LKA02 4\" src=\"https:\/\/rokrpuzzles.com\/wp-content\/uploads\/2025\/09\/rokr-space-shuttle-LKA02-3d-wooden-puzzle-scaled.jpg\" sizes=\"auto, (max-width: 1024px) 100vw, 1024px\" srcset=\"https:\/\/rokrpuzzles.com\/wp-content\/uploads\/2025\/09\/rokr-space-shuttle-LKA02-3d-wooden-puzzle-scaled.jpg 1024w, https:\/\/rokrpuzzles.com\/wp-content\/uploads\/2025\/09\/rokr-space-shuttle-LKA02-3d-wooden-puzzle-300x300.jpg 300w, https:\/\/rokrpuzzles.com\/wp-content\/uploads\/2025\/09\/rokr-space-shuttle-LKA02-3d-wooden-puzzle-150x150.jpg 150w, https:\/\/rokrpuzzles.com\/wp-content\/uploads\/2025\/09\/rokr-space-shuttle-LKA02-3d-wooden-puzzle-768x768.jpg 768w, https:\/\/rokrpuzzles.com\/wp-content\/uploads\/2025\/09\/rokr-space-shuttle-LKA02-3d-wooden-puzzle-40x40.jpg 40w, https:\/\/rokrpuzzles.com\/wp-content\/uploads\/2025\/09\/rokr-space-shuttle-LKA02-3d-wooden-puzzle-132x132.jpg 132w, https:\/\/rokrpuzzles.com\/wp-content\/uploads\/2025\/09\/rokr-space-shuttle-LKA02-3d-wooden-puzzle-600x600.jpg 600w, https:\/\/rokrpuzzles.com\/wp-content\/uploads\/2025\/09\/rokr-space-shuttle-LKA02-3d-wooden-puzzle-100x100.jpg 100w, https:\/\/rokrpuzzles.com\/wp-content\/uploads\/2025\/09\/rokr-space-shuttle-LKA02-3d-wooden-puzzle-50x50.jpg 50w\" alt=\"ROKR geimskip LKA02 \u2014 STEM-\u00e1skorun \u00ed 446 hlutum\" width=\"1024\" height=\"1024\" data-src=\"https:\/\/rokrpuzzles.com\/wp-content\/uploads\/2025\/09\/rokr-space-shuttle-LKA02-3d-wooden-puzzle-scaled.jpg\" data-srcset=\"https:\/\/rokrpuzzles.com\/wp-content\/uploads\/2025\/09\/rokr-space-shuttle-LKA02-3d-wooden-puzzle-scaled.jpg 1024w, https:\/\/rokrpuzzles.com\/wp-content\/uploads\/2025\/09\/rokr-space-shuttle-LKA02-3d-wooden-puzzle-300x300.jpg 300w, https:\/\/rokrpuzzles.com\/wp-content\/uploads\/2025\/09\/rokr-space-shuttle-LKA02-3d-wooden-puzzle-150x150.jpg 150w, https:\/\/rokrpuzzles.com\/wp-content\/uploads\/2025\/09\/rokr-space-shuttle-LKA02-3d-wooden-puzzle-768x768.jpg 768w, https:\/\/rokrpuzzles.com\/wp-content\/uploads\/2025\/09\/rokr-space-shuttle-LKA02-3d-wooden-puzzle-40x40.jpg 40w, https:\/\/rokrpuzzles.com\/wp-content\/uploads\/2025\/09\/rokr-space-shuttle-LKA02-3d-wooden-puzzle-132x132.jpg 132w, https:\/\/rokrpuzzles.com\/wp-content\/uploads\/2025\/09\/rokr-space-shuttle-LKA02-3d-wooden-puzzle-600x600.jpg 600w, https:\/\/rokrpuzzles.com\/wp-content\/uploads\/2025\/09\/rokr-space-shuttle-LKA02-3d-wooden-puzzle-100x100.jpg 100w, https:\/\/rokrpuzzles.com\/wp-content\/uploads\/2025\/09\/rokr-space-shuttle-LKA02-3d-wooden-puzzle-50x50.jpg 50w\" data-sizes=\"auto, (max-width: 1024px) 100vw, 1024px\" \/><\/picture><\/figure>\n<div class=\"egb01-txt\">\n<h3>\ud83e\udde0 STEM-\u00e1skorun \u00ed 446 hlutum<\/h3>\n<p>Verkleg fer\u00f0 inn \u00ed e\u00f0lisfr\u00e6\u00f0i, verkfr\u00e6\u00f0i og einbeitingu\u2014fullkomi\u00f0 fyrir forvitin hugarfar.<\/p>\n<\/div>\n<\/div>\n<\/section>\n<figure class=\"egb01-wide\"><img loading=\"lazy\" decoding=\"async\" class=\"attachment-full size-full lazyloaded\" title=\"ROKR geimskip LKA02 5\" src=\"https:\/\/rokrpuzzles.com\/wp-content\/uploads\/2025\/09\/rokr-space-shuttle-LKA02-3d-wooden-puzzle-banner-3-scaled.webp\" sizes=\"auto, (max-width: 1024px) 100vw, 1024px\" srcset=\"https:\/\/rokrpuzzles.com\/wp-content\/uploads\/2025\/09\/rokr-space-shuttle-LKA02-3d-wooden-puzzle-banner-3-scaled.webp 1024w, https:\/\/rokrpuzzles.com\/wp-content\/uploads\/2025\/09\/rokr-space-shuttle-LKA02-3d-wooden-puzzle-banner-3-300x169.webp 300w, https:\/\/rokrpuzzles.com\/wp-content\/uploads\/2025\/09\/rokr-space-shuttle-LKA02-3d-wooden-puzzle-banner-3-768x432.webp 768w, https:\/\/rokrpuzzles.com\/wp-content\/uploads\/2025\/09\/rokr-space-shuttle-LKA02-3d-wooden-puzzle-banner-3-1536x864.webp 1536w, https:\/\/rokrpuzzles.com\/wp-content\/uploads\/2025\/09\/rokr-space-shuttle-LKA02-3d-wooden-puzzle-banner-3-600x338.webp 600w\" alt=\"ROKR geimskip LKA02 \u2014 breitt\" width=\"1024\" height=\"576\" data-src=\"https:\/\/rokrpuzzles.com\/wp-content\/uploads\/2025\/09\/rokr-space-shuttle-LKA02-3d-wooden-puzzle-banner-3-scaled.webp\" data-srcset=\"https:\/\/rokrpuzzles.com\/wp-content\/uploads\/2025\/09\/rokr-space-shuttle-LKA02-3d-wooden-puzzle-banner-3-scaled.webp 1024w, https:\/\/rokrpuzzles.com\/wp-content\/uploads\/2025\/09\/rokr-space-shuttle-LKA02-3d-wooden-puzzle-banner-3-300x169.webp 300w, https:\/\/rokrpuzzles.com\/wp-content\/uploads\/2025\/09\/rokr-space-shuttle-LKA02-3d-wooden-puzzle-banner-3-768x432.webp 768w, https:\/\/rokrpuzzles.com\/wp-content\/uploads\/2025\/09\/rokr-space-shuttle-LKA02-3d-wooden-puzzle-banner-3-1536x864.webp 1536w, https:\/\/rokrpuzzles.com\/wp-content\/uploads\/2025\/09\/rokr-space-shuttle-LKA02-3d-wooden-puzzle-banner-3-600x338.webp 600w\" data-sizes=\"auto, (max-width: 1024px) 100vw, 1024px\" \/><\/figure>","protected":false},"excerpt":{"rendered":"<p>Bygg\u00f0u st\u00f3rkostlegt 446-hluta ROKR geimskip LKA02 me\u00f0 v\u00e9lr\u00e6num lyftara, v\u00e9lr\u00e6num \u00f6rmum, LED-lj\u00f3sum og l\u00f3\u00f0r\u00e9ttri skotstillingu \u2013 \u00feitt eigi\u00f0 litla Kennedy geimmi\u00f0st\u00f6\u00f0.<\/p>","protected":false},"featured_media":1711,"comment_status":"open","ping_status":"closed","template":"","meta":{"_monsterinsights_skip_tracking":false,"_monsterinsights_sitenote_active":false,"_monsterinsights_sitenote_note":"","_monsterinsights_sitenote_category":0},"product_brand":[],"product_cat":[28,1127],"product_tag":[],"class_list":{"0":"post-1698","1":"product","2":"type-product","3":"status-publish","4":"has-post-thumbnail","6":"product_cat-3d-puzzles","7":"product_cat-real-miniatures","9":"first","10":"instock","11":"taxable","12":"shipping-taxable","13":"purchasable","14":"product-type-simple"},"jetpack_sharing_enabled":true,"_links":{"self":[{"href":"https:\/\/www.hugspil.is\/is\/wp-json\/wp\/v2\/product\/1698","targetHints":{"allow":["GET"]}}],"collection":[{"href":"https:\/\/www.hugspil.is\/is\/wp-json\/wp\/v2\/product"}],"about":[{"href":"https:\/\/www.hugspil.is\/is\/wp-json\/wp\/v2\/types\/product"}],"replies":[{"embeddable":true,"href":"https:\/\/www.hugspil.is\/is\/wp-json\/wp\/v2\/comments?post=1698"}],"wp:featuredmedia":[{"embeddable":true,"href":"https:\/\/www.hugspil.is\/is\/wp-json\/wp\/v2\/media\/1711"}],"wp:attachment":[{"href":"https:\/\/www.hugspil.is\/is\/wp-json\/wp\/v2\/media?parent=1698"}],"wp:term":[{"taxonomy":"product_brand","embeddable":true,"href":"https:\/\/www.hugspil.is\/is\/wp-json\/wp\/v2\/product_brand?post=1698"},{"taxonomy":"product_cat","embeddable":true,"href":"https:\/\/www.hugspil.is\/is\/wp-json\/wp\/v2\/product_cat?post=1698"},{"taxonomy":"product_tag","embeddable":true,"href":"https:\/\/www.hugspil.is\/is\/wp-json\/wp\/v2\/product_tag?post=1698"}],"curies":[{"name":"wp","href":"https:\/\/api.w.org\/{rel}","templated":true}]}}