{"id":1697,"date":"2026-03-25T10:50:37","date_gmt":"2026-03-25T10:50:37","guid":{"rendered":"https:\/\/www.hugspil.is\/?post_type=product&#038;p=1697"},"modified":"2026-04-02T12:06:54","modified_gmt":"2026-04-02T12:06:54","slug":"rolife-gerdu-thad-sjalfur-bokarkima-rolife-undraverkasafn-bokarkima","status":"publish","type":"product","link":"https:\/\/www.hugspil.is\/is\/product\/rolife-diy-book-nook-rolife-library-of-wonders-book-nook\/","title":{"rendered":"Rolife DIY b\u00f3kakr\u00f3ksett \u2013 Library of Wonders"},"content":{"rendered":"<p data-rm-block-id=\"block-1\">Rolife b\u00f3kasafn undranna b\u00f3kahorn<\/p>\n<p data-rm-block-id=\"block-1\">B\u00f3kasafn undranna geymir ekki a\u00f0eins b\u00e6kur, heldur einnig gripi og minjagripi fr\u00e1 l\u00f6ngu li\u00f0num \u00f6ldum. \u00dea\u00f0 ber me\u00f0 s\u00e9r andr\u00famsloft safns, var\u00f0veitir \u00feekkingu samhli\u00f0a hlutum, minningum og tign s\u00f6gunnar innan s\u00edgildrar byggingar sinnar. \u00c1 sama h\u00e1tt gerir Rolife-b\u00f3kahyrnur augnablik \u00edmyndunar og handverks \u00f3dau\u00f0leg. Hver fullger\u00f0 s\u00fdning fangar \u00fe\u00edna pers\u00f3nulegu s\u00f6gu um sm\u00ed\u00f0i, h\u00e6gagang og einbeitingu \u00ed me\u00f0vitundarfullri sj\u00e1lfsger\u00f0. Me\u00f0 hl\u00fdjum lj\u00f3ma og gylltum sm\u00e1atri\u00f0um sk\u00edn h\u00fan stolt eins og bikar, fagnar \u00e1st \u00feinni \u00e1 b\u00f3kum, s\u00f6gu og daglegri innbl\u00e6stri.<\/p>\n<p><iframe loading=\"lazy\" id=\"youTubeIframe\" class=\"lazyloaded\" src=\"https:\/\/www.youtube.com\/embed\/yrcQUBJh_UM\" width=\"560\" height=\"315\" frameborder=\"0\" allowfullscreen=\"allowfullscreen\" data-src=\"https:\/\/www.youtube.com\/embed\/yrcQUBJh_UM\" data-rm-block-id=\"block-2\"><\/iframe><img loading=\"lazy\" decoding=\"async\" class=\"lazyloaded\" src=\"https:\/\/img-va.myshopline.com\/image\/store\/1649394707320\/TGB16-01.jpg?w=1080&amp;h=1842\" alt=\"\" width=\"1080\" height=\"1842\" data-src=\"https:\/\/img-va.myshopline.com\/image\/store\/1649394707320\/TGB16-01.jpg?w=1080&amp;h=1842\" \/><img loading=\"lazy\" decoding=\"async\" class=\"lazyloaded\" src=\"https:\/\/img-va.myshopline.com\/image\/store\/1649394707320\/TGB16-1.jpg?w=1080&amp;h=2228\" alt=\"\" width=\"1080\" height=\"2228\" data-src=\"https:\/\/img-va.myshopline.com\/image\/store\/1649394707320\/TGB16-1.jpg?w=1080&amp;h=2228\" \/><img loading=\"lazy\" decoding=\"async\" class=\"lazyloaded\" src=\"https:\/\/img-va.myshopline.com\/image\/store\/1649394707320\/TGB16-2.jpg?w=1080&amp;h=1914\" alt=\"\" width=\"1080\" height=\"1914\" data-src=\"https:\/\/img-va.myshopline.com\/image\/store\/1649394707320\/TGB16-2.jpg?w=1080&amp;h=1914\" \/><img loading=\"lazy\" decoding=\"async\" class=\"lazyloaded\" src=\"https:\/\/img-va.myshopline.com\/image\/store\/1649394707320\/TGB16-3.jpg?w=1080&amp;h=1942\" alt=\"\" width=\"1080\" height=\"1942\" data-src=\"https:\/\/img-va.myshopline.com\/image\/store\/1649394707320\/TGB16-3.jpg?w=1080&amp;h=1942\" \/><img loading=\"lazy\" decoding=\"async\" class=\"lazyloaded\" src=\"https:\/\/img-va.myshopline.com\/image\/store\/1649394707320\/TGB16-4.jpg?w=1080&amp;h=1315\" alt=\"\" width=\"1080\" height=\"1315\" data-src=\"https:\/\/img-va.myshopline.com\/image\/store\/1649394707320\/TGB16-4.jpg?w=1080&amp;h=1315\" \/><img loading=\"lazy\" decoding=\"async\" class=\"lazyloaded\" src=\"https:\/\/img-va.myshopline.com\/image\/store\/1649394707320\/TGB16-5.jpg?w=1080&amp;h=1951\" alt=\"\" width=\"1080\" height=\"1951\" data-src=\"https:\/\/img-va.myshopline.com\/image\/store\/1649394707320\/TGB16-5.jpg?w=1080&amp;h=1951\" \/><img loading=\"lazy\" decoding=\"async\" class=\"lazyloaded\" src=\"https:\/\/img-va.myshopline.com\/image\/store\/1649394707320\/TGB16-6.jpg?w=1080&amp;h=1343\" alt=\"\" width=\"1080\" height=\"1343\" data-src=\"https:\/\/img-va.myshopline.com\/image\/store\/1649394707320\/TGB16-6.jpg?w=1080&amp;h=1343\" \/><img loading=\"lazy\" decoding=\"async\" class=\"lazyloaded\" src=\"https:\/\/img-va.myshopline.com\/image\/store\/1649394707320\/TGB16-7.jpg?w=1080&amp;h=1967\" alt=\"\" width=\"1080\" height=\"1967\" data-src=\"https:\/\/img-va.myshopline.com\/image\/store\/1649394707320\/TGB16-7.jpg?w=1080&amp;h=1967\" \/><img loading=\"lazy\" decoding=\"async\" class=\"lazyloaded\" src=\"https:\/\/img-va.myshopline.com\/image\/store\/1649394707320\/TGB16-8.jpg?w=1080&amp;h=1300\" alt=\"\" width=\"1080\" height=\"1300\" data-src=\"https:\/\/img-va.myshopline.com\/image\/store\/1649394707320\/TGB16-8.jpg?w=1080&amp;h=1300\" \/><img loading=\"lazy\" decoding=\"async\" class=\"lazyloaded\" src=\"https:\/\/img-va.myshopline.com\/image\/store\/1649394707320\/TGB16-9.jpg?w=1080&amp;h=1730\" alt=\"\" width=\"1080\" height=\"1730\" data-src=\"https:\/\/img-va.myshopline.com\/image\/store\/1649394707320\/TGB16-9.jpg?w=1080&amp;h=1730\" \/><img loading=\"lazy\" decoding=\"async\" class=\"lazyloaded\" src=\"https:\/\/img-va.myshopline.com\/image\/store\/1649394707320\/TGB16-10.jpg?w=1080&amp;h=1680\" alt=\"\" width=\"1080\" height=\"1680\" data-src=\"https:\/\/img-va.myshopline.com\/image\/store\/1649394707320\/TGB16-10.jpg?w=1080&amp;h=1680\" \/><img loading=\"lazy\" decoding=\"async\" class=\"lazyloaded\" src=\"https:\/\/img-va.myshopline.com\/image\/store\/1649394707320\/TGB16-11.jpg?w=1080&amp;h=1674\" alt=\"\" width=\"1080\" height=\"1674\" data-src=\"https:\/\/img-va.myshopline.com\/image\/store\/1649394707320\/TGB16-11.jpg?w=1080&amp;h=1674\" \/><img loading=\"lazy\" decoding=\"async\" class=\"lazyloaded\" src=\"https:\/\/img-va.myshopline.com\/image\/store\/1649394707320\/TGB16-12.jpg?w=1080&amp;h=1638\" alt=\"\" width=\"1080\" height=\"1638\" data-src=\"https:\/\/img-va.myshopline.com\/image\/store\/1649394707320\/TGB16-12.jpg?w=1080&amp;h=1638\" \/><img loading=\"lazy\" decoding=\"async\" class=\"lazyloaded\" src=\"https:\/\/img-va.myshopline.com\/image\/store\/1649394707320\/TGB16-14.jpg?w=1080&amp;h=1683\" alt=\"\" width=\"1080\" height=\"1683\" data-src=\"https:\/\/img-va.myshopline.com\/image\/store\/1649394707320\/TGB16-14.jpg?w=1080&amp;h=1683\" \/><img loading=\"lazy\" decoding=\"async\" class=\"lazyloaded\" src=\"https:\/\/img-va.myshopline.com\/image\/store\/1649394707320\/TGB16-15.jpg?w=1080&amp;h=1664\" alt=\"\" width=\"1080\" height=\"1664\" data-src=\"https:\/\/img-va.myshopline.com\/image\/store\/1649394707320\/TGB16-15.jpg?w=1080&amp;h=1664\" \/><\/p>","protected":false},"excerpt":{"rendered":"<p>S\u00f6kkv\u00f0u \u00fe\u00e9r ni\u00f0ur \u00ed r\u00f3mant\u00edska t\u00edmabili\u00f0 me\u00f0 viktor\u00edskri innbl\u00e1sinni Undra-b\u00f3kasafninu, sj\u00e1lfger\u00f0u b\u00f3kahorni me\u00f0 h\u00e1um loftum, bogadregnum gluggum og st\u00f3rbrotnum pr\u00e9dikunarst\u00f3l \u00ed mi\u00f0ju st\u00f3rbrotinni, lj\u00f3sakr\u00f3nul\u00fdstri h\u00f6ll.<\/p>","protected":false},"featured_media":1703,"comment_status":"open","ping_status":"closed","template":"","meta":{"_monsterinsights_skip_tracking":false,"_monsterinsights_sitenote_active":false,"_monsterinsights_sitenote_note":"","_monsterinsights_sitenote_category":0},"product_brand":[],"product_cat":[28,1130],"product_tag":[],"class_list":{"0":"post-1697","1":"product","2":"type-product","3":"status-publish","4":"has-post-thumbnail","6":"product_cat-3d-puzzles","7":"product_cat-book-nooks","9":"first","10":"outofstock","11":"taxable","12":"shipping-taxable","13":"purchasable","14":"product-type-simple"},"jetpack_sharing_enabled":true,"_links":{"self":[{"href":"https:\/\/www.hugspil.is\/is\/wp-json\/wp\/v2\/product\/1697","targetHints":{"allow":["GET"]}}],"collection":[{"href":"https:\/\/www.hugspil.is\/is\/wp-json\/wp\/v2\/product"}],"about":[{"href":"https:\/\/www.hugspil.is\/is\/wp-json\/wp\/v2\/types\/product"}],"replies":[{"embeddable":true,"href":"https:\/\/www.hugspil.is\/is\/wp-json\/wp\/v2\/comments?post=1697"}],"wp:featuredmedia":[{"embeddable":true,"href":"https:\/\/www.hugspil.is\/is\/wp-json\/wp\/v2\/media\/1703"}],"wp:attachment":[{"href":"https:\/\/www.hugspil.is\/is\/wp-json\/wp\/v2\/media?parent=1697"}],"wp:term":[{"taxonomy":"product_brand","embeddable":true,"href":"https:\/\/www.hugspil.is\/is\/wp-json\/wp\/v2\/product_brand?post=1697"},{"taxonomy":"product_cat","embeddable":true,"href":"https:\/\/www.hugspil.is\/is\/wp-json\/wp\/v2\/product_cat?post=1697"},{"taxonomy":"product_tag","embeddable":true,"href":"https:\/\/www.hugspil.is\/is\/wp-json\/wp\/v2\/product_tag?post=1697"}],"curies":[{"name":"wp","href":"https:\/\/api.w.org\/{rel}","templated":true}]}}