{"id":1696,"date":"2026-03-25T10:50:37","date_gmt":"2026-03-25T10:50:37","guid":{"rendered":"https:\/\/www.hugspil.is\/?post_type=product&#038;p=1696"},"modified":"2026-03-25T12:04:48","modified_gmt":"2026-03-25T12:04:48","slug":"gullsnitch-likan-ur-vidi-3d-gatuvordungur-gullsnitch","status":"publish","type":"product","link":"https:\/\/www.hugspil.is\/is\/product\/golden-snitch-model-wooden-3d-puzzle-golden-snitch\/","title":{"rendered":"Golden Snitch\u2122 l\u00edkan - 3D P\u00fasl"},"content":{"rendered":"<p><img loading=\"lazy\" decoding=\"async\" class=\"alignnone wp-image-1761 size-full\" src=\"https:\/\/www.hugspil.is\/wp-content\/uploads\/2026\/03\/Screenshot-2026-03-25-120051.png\" alt=\"\" width=\"651\" height=\"380\" srcset=\"https:\/\/www.hugspil.is\/wp-content\/uploads\/2026\/03\/Screenshot-2026-03-25-120051.png 651w, https:\/\/www.hugspil.is\/wp-content\/uploads\/2026\/03\/Screenshot-2026-03-25-120051-600x350.png 600w, https:\/\/www.hugspil.is\/wp-content\/uploads\/2026\/03\/Screenshot-2026-03-25-120051-300x175.png 300w, https:\/\/www.hugspil.is\/wp-content\/uploads\/2026\/03\/Screenshot-2026-03-25-120051-18x12.png 18w\" sizes=\"auto, (max-width: 651px) 100vw, 651px\" \/><\/p>\n<div style=\"position: relative; padding-bottom: 56.25%; height: 0; overflow: hidden; max-width: 100%;\"><iframe style=\"position: absolute; top: 0; left: 0; width: 100%; height: 100%;\" title=\"YouTube myndbandsspilari\" src=\"https:\/\/www.youtube.com\/embed\/MdbwSuB1pfY?loop=1&amp;rel=0\" frameborder=\"0\" allowfullscreen=\"allowfullscreen\"><br \/>\n<\/iframe><\/div>\n<h2>Gullsnitchinn<\/h2>\n<p><b><strong>Settu mig saman. Gr\u00edptu flj\u00f3tandi ver\u00f0launin \u00ed Quidditch\u2122.<\/strong><\/b><\/p>\n<p>Hin fl\u00f3tta Gullsnitchi\u00f0, \u00e6\u00f0sta ver\u00f0launin \u00ed Quidditch-leiknum \u00far heimi Harry Potter, er n\u00fa f\u00e1anlegt sem sj\u00e1lfsger\u00f0 vi\u00f0arl\u00edkan fr\u00e1 Ugears. \u00cd Quidditch flj\u00faga leikmenn um loftv\u00f6llinn og reyna a\u00f0 kasta e\u00f0a sl\u00e1 k\u00falu (Quaffle) \u00ed gegnum hringi \u00e1 hli\u00f0 andst\u00e6\u00f0ingsins, sem skorar t\u00edu stig \u00ed hvert sinn. En li\u00f0 sem leitarma\u00f0urinn (Seeker) \u00feeirra gr\u00edpur Gullsnitchi\u00f0 f\u00e6r 150 stig og vinnur leikinn.<\/p>\n<p><img decoding=\"async\" src=\"https:\/\/cdn.shopify.com\/s\/files\/1\/0588\/2164\/0247\/files\/Golden-Snitch_-_2_ligal_71a0dd37-c9e4-4c0d-9f4d-7ba3c440e33b.png?v=1746600203\" alt=\"\" \/><\/p>\n<p>Ugears Gullsnitchinn er me\u00f0 togstreng efst sem vindur upp innri trommu og l\u00e6tur hin gl\u00e6silegu, fj\u00f6\u00f0ru\u00f0u tr\u00e9sv\u00f6ng fl\u00f6grast \u00feegar strengurinn er losa\u00f0ur.  Haltu Snitchinum og horf\u00f0u \u00e1 hann reyna a\u00f0 fl\u00fdja \u00e1 me\u00f0an hann sp\u00f6rkar me\u00f0 v\u00e6ngjunum, e\u00f0a haltu toghringnum me\u00f0 l\u00edkaninu ne\u00f0anfr\u00e1 og undrastu \u00feegar Snitchinn fl\u00fdgur upp til a\u00f0 hitta h\u00f6ndina \u00fe\u00edna! \u00deegar hann er ekki \u00ed notkun getur\u00f0u sett Gull-Snitchinn \u00e1 sl\u00e9tta og st\u00edlhreina standinn til s\u00fdnis \u00e1 bor\u00f0i e\u00f0a hillu. \u00de\u00fa getur einnig hengt l\u00edkani\u00f0 upp af kr\u00f3k me\u00f0 \u00fev\u00ed a\u00f0 nota auguna \u00e1 togstrengnum, svo a\u00f0 Snitchinn sv\u00edfi \u00ed loftinu.<\/p>\n<p><b><strong>Eiginleikar Golden Snitch:<\/strong><\/b><\/p>\n<ul>\n<li>Einkennis h\u00f6nnun, eins og \u00ed kvikmyndunum<\/li>\n<li>Vorvirkni sem virkjast af toga\u00fer\u00e6\u00f0i<\/li>\n<li>Fl\u00f6grandi tr\u00e9v\u00f6ngur<\/li>\n<li>Einstaklingsvirk hreyfing og flugeffekt<\/li>\n<li>\u00de\u00f6gult r\u00e1kkerf\u00eds<\/li>\n<li>St\u00edlhrein festing til s\u00fdnis<\/li>\n<\/ul>\n<p><img decoding=\"async\" src=\"https:\/\/cdn.shopify.com\/s\/files\/1\/0588\/2164\/0247\/files\/Golden-Snitch_-_1_ligal_2b7d19bf-67d6-4cba-8ede-732370353f93.png?v=1746600203\" alt=\"\" \/><\/p>\n<p><b><strong>Eiginleikar ger\u00f0arinnar:<\/strong><\/b><\/p>\n<ul>\n<li>L\u00edk\u00f6n meti\u00f0 sem au\u00f0velt<\/li>\n<li>1,5 mm og 3 mm \u00feykkt samsett vi\u00f0arefni af listg\u00e6\u00f0um<\/li>\n<li>Setur saman \u00e1n l\u00edms e\u00f0a verkf\u00e6ra<\/li>\n<li>Skref-fyrir-skref lei\u00f0beiningar \u00e1 11 tungum\u00e1lum<\/li>\n<li>Vara-v\u00e6ngur er innifalinn \u00ed settinu.<\/li>\n<\/ul>","protected":false},"excerpt":{"rendered":"<p>Tr\u00e9spil 3D-g\u00e1tur Golden Snitch\u2122 \u00far Ugears Harry Potter\u2122-ser\u00edunni. Toga\u00f0u \u00ed sn\u00faruna og Snitchinn mun flj\u00faga upp og hreyfa v\u00e6ngina. Settu saman \u00e1n l\u00edms. Fr\u00e1b\u00e6r gjafahugmynd!<\/p>","protected":false},"featured_media":1754,"comment_status":"open","ping_status":"closed","template":"","meta":{"_monsterinsights_skip_tracking":false,"_monsterinsights_sitenote_active":false,"_monsterinsights_sitenote_note":"","_monsterinsights_sitenote_category":0},"product_brand":[],"product_cat":[28,1128],"product_tag":[],"class_list":{"0":"post-1696","1":"product","2":"type-product","3":"status-publish","4":"has-post-thumbnail","6":"product_cat-3d-puzzles","7":"product_cat-harry-potter","9":"first","10":"instock","11":"taxable","12":"shipping-taxable","13":"purchasable","14":"product-type-simple"},"jetpack_sharing_enabled":true,"_links":{"self":[{"href":"https:\/\/www.hugspil.is\/is\/wp-json\/wp\/v2\/product\/1696","targetHints":{"allow":["GET"]}}],"collection":[{"href":"https:\/\/www.hugspil.is\/is\/wp-json\/wp\/v2\/product"}],"about":[{"href":"https:\/\/www.hugspil.is\/is\/wp-json\/wp\/v2\/types\/product"}],"replies":[{"embeddable":true,"href":"https:\/\/www.hugspil.is\/is\/wp-json\/wp\/v2\/comments?post=1696"}],"wp:featuredmedia":[{"embeddable":true,"href":"https:\/\/www.hugspil.is\/is\/wp-json\/wp\/v2\/media\/1754"}],"wp:attachment":[{"href":"https:\/\/www.hugspil.is\/is\/wp-json\/wp\/v2\/media?parent=1696"}],"wp:term":[{"taxonomy":"product_brand","embeddable":true,"href":"https:\/\/www.hugspil.is\/is\/wp-json\/wp\/v2\/product_brand?post=1696"},{"taxonomy":"product_cat","embeddable":true,"href":"https:\/\/www.hugspil.is\/is\/wp-json\/wp\/v2\/product_cat?post=1696"},{"taxonomy":"product_tag","embeddable":true,"href":"https:\/\/www.hugspil.is\/is\/wp-json\/wp\/v2\/product_tag?post=1696"}],"curies":[{"name":"wp","href":"https:\/\/api.w.org\/{rel}","templated":true}]}}