{"id":1695,"date":"2026-03-25T10:50:37","date_gmt":"2026-03-25T10:50:37","guid":{"rendered":"https:\/\/www.hugspil.is\/?post_type=product&#038;p=1695"},"modified":"2026-03-25T13:14:16","modified_gmt":"2026-03-25T13:14:16","slug":"model-skrimslabokar-skrimsla","status":"publish","type":"product","link":"https:\/\/www.hugspil.is\/is\/product\/the-monster-book-of-monsters-model\/","title":{"rendered":"The Monster Book of Monsters\u2122 l\u00edkan - 3D P\u00fasl"},"content":{"rendered":"<p><img loading=\"lazy\" decoding=\"async\" class=\"alignnone wp-image-1802 size-full\" src=\"https:\/\/www.hugspil.is\/wp-content\/uploads\/2026\/03\/Screenshot-2026-03-25-131053.png\" alt=\"\" width=\"641\" height=\"386\" srcset=\"https:\/\/www.hugspil.is\/wp-content\/uploads\/2026\/03\/Screenshot-2026-03-25-131053.png 641w, https:\/\/www.hugspil.is\/wp-content\/uploads\/2026\/03\/Screenshot-2026-03-25-131053-600x361.png 600w, https:\/\/www.hugspil.is\/wp-content\/uploads\/2026\/03\/Screenshot-2026-03-25-131053-300x181.png 300w, https:\/\/www.hugspil.is\/wp-content\/uploads\/2026\/03\/Screenshot-2026-03-25-131053-18x12.png 18w\" sizes=\"auto, (max-width: 641px) 100vw, 641px\" \/><\/p>\n<div style=\"position: relative; padding-bottom: 56.25%; height: 0; overflow: hidden; max-width: 100%;\"><iframe style=\"position: absolute; top: 0; left: 0; width: 100%; height: 100%;\" title=\"YouTube myndbandsspilari\" src=\"https:\/\/www.youtube.com\/embed\/Os3QXZa_1NA?loop=1&amp;rel=0\" frameborder=\"0\" allowfullscreen=\"allowfullscreen\"><br \/>\n<\/iframe><\/div>\n<h2><strong>\u00d3d\u00fdra b\u00f3k \u00f3gnarveranna<\/strong><\/h2>\n<p><strong>Settu mig saman. Opna\u00f0u ef \u00fe\u00fa \u00feorir!<\/strong><\/p>\n<p><img decoding=\"async\" src=\"https:\/\/cdn.shopify.com\/s\/files\/1\/0588\/2164\/0247\/files\/mb4.jpg?v=1764922632\" alt=\"\" \/><\/p>\n<p>\u00cd Harry Potter og fangi Azkabans var Skr\u00edmslab\u00f3k skr\u00edmsla \u00f3venjuleg kennslub\u00f3k um um\u00f6nnun t\u00f6fraveru\u00adna, \u00ed eigu Rubeusar Hagrids\u2122.<\/p>\n<p>Gildar uppl\u00fdsingar \u00feess voru har\u00f0lega var\u00f0veittar \u2014 b\u00f3kin myndi smella, ugga og jafnvel r\u00e1\u00f0ast \u00e1 hvern sem reyndi a\u00f0 opna hana \u00e1n \u00feess a\u00f0 stroka fyrst eftir hryggnum hennar.<\/p>\n<p>3D-vi\u00f0arg\u00e1tan The Monster Book of Monsters \u00far Harry Potter\u2122-ser\u00edunni fr\u00e1 Ugears sameinar leikandi h\u00f6nnun og snjalla verkfr\u00e6\u00f0i. L\u00edkani\u00f0 er me\u00f0 reimakerfi sem l\u00e6sir b\u00f3kinni \u00e1 s\u00ednum sta\u00f0. Spennu\u00f0u sn\u00faruna aftan \u00e1 m\u00f3delinu sem mest, settu \u00fea\u00f0 \u00e1 sl\u00e9ttan fl\u00f6t og slepptu \u00f3lunni \u2014 \u00fe\u00e1 r\u00fallar \u00fea\u00f0 \u00e1fram, hulstri\u00f0 opnast og lokast me\u00f0 smellum eins og gn\u00edtandi kj\u00e1lkar upprunalega gripins. Til a\u00f0 auka \u00e1hrifin opnast augun r\u00e9tt \u00e1\u00f0ur en \u00fea\u00f0 fer alveg af sta\u00f0, endurskapandi augnabliki\u00f0 \u00feegar b\u00f3kin \u00far myndinni vaknar til l\u00edfs. \u00deetta safngripav\u00e6na v\u00e9lr\u00e6na m\u00f3del er b\u00e6\u00f0i spennandi byggingarverkefni og st\u00f3rkostlegt skrautm\u00f3t fyrir alla Harry Potter\u2122 a\u00f0d\u00e1endur.<\/p>\n<p><b><strong>Eiginleikar skr\u00edmslab\u00f3kar skr\u00edmsla:<\/strong><\/b><\/p>\n<p><img decoding=\"async\" src=\"https:\/\/cdn.shopify.com\/s\/files\/1\/0588\/2164\/0247\/files\/mb2.jpg?v=1764922632\" alt=\"\" \/><\/p>\n<ul>\n<li style=\"list-style-type: none;\">\n<ul>\n<li>Drifi\u00f0 af m\u00e1lmfj\u00f6\u00f0ri fyrir d\u00fdnam\u00edska hreyfingu<\/li>\n<li>Fer upp a\u00f0 200 cm \/ 78 tommum<\/li>\n<li>Togstrengsmekanismi til a\u00f0 spenna upp og skj\u00f3ta l\u00edkani\u00f0 af sta\u00f0<\/li>\n<li>Byrja\/st\u00f6\u00f0va-\u00f3l til a\u00f0 stj\u00f3rna hreyfingu<\/li>\n<li>Hl\u00edfar kl\u00f6ppast upp og ni\u00f0ur og endurskapa \u201cbitinn\u201d.\u201d<\/li>\n<li>Augun opnast v\u00edtt fyrir aukinn \"wow\"-\u00e1hrif<\/li>\n<li>Litu\u00f0 sm\u00e1atri\u00f0i b\u00e6ta vi\u00f0 pers\u00f3nuleika, spaugi og rauns\u00e6i<\/li>\n<\/ul>\n<\/li>\n<\/ul>\n<p><img decoding=\"async\" src=\"https:\/\/cdn.shopify.com\/s\/files\/1\/0588\/2164\/0247\/files\/Monster_book_Infographiks_4_EN.jpg?v=1768298926\" alt=\"\" \/><\/p>\n<p><b><strong>Ugears DIY-l\u00edkani\u00f0 einkennist af:<\/strong><\/b><\/p>\n<ul>\n<li>Leysiskur\u00f0a\u00f0ar forskornar hlutir \u00ed vi\u00f0arbor\u00f0um<\/li>\n<li>Setur saman \u00e1n l\u00edms e\u00f0a s\u00e9rverkf\u00e6ra<\/li>\n<li>Skref-fyrir-skref lei\u00f0beiningar \u00e1 11 tungum\u00e1lum<\/li>\n<li>\u00d3keypis varahlutir eftir bei\u00f0ni<\/li>\n<\/ul>","protected":false},"excerpt":{"rendered":"<p>Sm\u00ed\u00f0a\u00f0u skr\u00edmslab\u00f3k skr\u00edmsla \u2014 kraftmiki\u00f0 3D-vi\u00f0arg\u00e1tur sem smellist saman, r\u00fallar og lifnar vi\u00f0 r\u00e9tt eins og \u00ed Harry Potter\u2122-myndunum. Vef\u00f0u togstrenginn til a\u00f0 skj\u00f3ta b\u00f3kinni \u00e1fram \u00e1 me\u00f0an hulstri\u00f0 klappar s\u00e9r upp og ni\u00f0ur og augun poppa upp. Skemmtileg sm\u00ed\u00f0i og \u00e1berandi skrauti\u00f0 fyrir alla galdranaspekinga.<\/p>","protected":false},"featured_media":1794,"comment_status":"open","ping_status":"closed","template":"","meta":{"_monsterinsights_skip_tracking":false,"_monsterinsights_sitenote_active":false,"_monsterinsights_sitenote_note":"","_monsterinsights_sitenote_category":0},"product_brand":[],"product_cat":[28,1128],"product_tag":[],"class_list":{"0":"post-1695","1":"product","2":"type-product","3":"status-publish","4":"has-post-thumbnail","6":"product_cat-3d-puzzles","7":"product_cat-harry-potter","9":"first","10":"instock","11":"taxable","12":"shipping-taxable","13":"purchasable","14":"product-type-simple"},"jetpack_sharing_enabled":true,"_links":{"self":[{"href":"https:\/\/www.hugspil.is\/is\/wp-json\/wp\/v2\/product\/1695","targetHints":{"allow":["GET"]}}],"collection":[{"href":"https:\/\/www.hugspil.is\/is\/wp-json\/wp\/v2\/product"}],"about":[{"href":"https:\/\/www.hugspil.is\/is\/wp-json\/wp\/v2\/types\/product"}],"replies":[{"embeddable":true,"href":"https:\/\/www.hugspil.is\/is\/wp-json\/wp\/v2\/comments?post=1695"}],"wp:featuredmedia":[{"embeddable":true,"href":"https:\/\/www.hugspil.is\/is\/wp-json\/wp\/v2\/media\/1794"}],"wp:attachment":[{"href":"https:\/\/www.hugspil.is\/is\/wp-json\/wp\/v2\/media?parent=1695"}],"wp:term":[{"taxonomy":"product_brand","embeddable":true,"href":"https:\/\/www.hugspil.is\/is\/wp-json\/wp\/v2\/product_brand?post=1695"},{"taxonomy":"product_cat","embeddable":true,"href":"https:\/\/www.hugspil.is\/is\/wp-json\/wp\/v2\/product_cat?post=1695"},{"taxonomy":"product_tag","embeddable":true,"href":"https:\/\/www.hugspil.is\/is\/wp-json\/wp\/v2\/product_tag?post=1695"}],"curies":[{"name":"wp","href":"https:\/\/api.w.org\/{rel}","templated":true}]}}