{"id":1694,"date":"2026-03-25T10:50:37","date_gmt":"2026-03-25T10:50:37","guid":{"rendered":"https:\/\/www.hugspil.is\/?post_type=product&#038;p=1694"},"modified":"2026-03-25T11:57:42","modified_gmt":"2026-03-25T11:57:42","slug":"flugandi-ford-anglia-vidar-3d-gatan-ugears-fljugandi-ford-anglia","status":"publish","type":"product","link":"https:\/\/www.hugspil.is\/is\/product\/flying-ford-anglia-model-wooden-3d-puzzle-ugears-flying-ford-anglia\/","title":{"rendered":"FLYING FORD ANGLIA\u2122 l\u00edkan - 3D P\u00fasl"},"content":{"rendered":"<p data-rm-block-id=\"block-1\"><img loading=\"lazy\" decoding=\"async\" class=\"wp-image-1752 size-full aligncenter\" src=\"https:\/\/www.hugspil.is\/wp-content\/uploads\/2026\/03\/Screenshot-2026-03-25-115112.png\" alt=\"\" width=\"648\" height=\"385\" srcset=\"https:\/\/www.hugspil.is\/wp-content\/uploads\/2026\/03\/Screenshot-2026-03-25-115112.png 648w, https:\/\/www.hugspil.is\/wp-content\/uploads\/2026\/03\/Screenshot-2026-03-25-115112-600x356.png 600w, https:\/\/www.hugspil.is\/wp-content\/uploads\/2026\/03\/Screenshot-2026-03-25-115112-300x178.png 300w, https:\/\/www.hugspil.is\/wp-content\/uploads\/2026\/03\/Screenshot-2026-03-25-115112-18x12.png 18w\" sizes=\"auto, (max-width: 648px) 100vw, 648px\" \/><\/p>\n<div style=\"position: relative; padding-bottom: 56.25%; height: 0px; overflow: hidden; max-width: 100%; text-align: center;\"><iframe style=\"position: absolute; top: 0; left: 0; width: 100%; height: 100%;\" title=\"YouTube myndbandsspilari\" src=\"https:\/\/www.youtube.com\/embed\/IWgfIrspy7w?loop=1&amp;rel=0\" frameborder=\"0\" allowfullscreen=\"allowfullscreen\" data-rm-block-id=\"block-3\"><br \/>\n<\/iframe><\/div>\n<div style=\"text-align: center;\" data-rm-block-id=\"block-4\"><\/div>\n<div>\n<h2 dir=\"ltr\" style=\"text-align: center;\" data-rm-block-id=\"block-5\">Flj\u00fagandi Ford Anglia<\/h2>\n<p dir=\"ltr\" style=\"text-align: center;\" data-rm-block-id=\"block-6\"><strong>Settu mig saman. Festu \u00f6ryggisbelti\u00f0 fyrir t\u00f6fralega flugfer\u00f0!\u00a0<\/strong><\/p>\n<p dir=\"ltr\" style=\"text-align: center;\" data-rm-block-id=\"block-7\">Ugears er \u00e1n\u00e6gt me\u00f0 a\u00f0 kynna einstakt b\u00edlam\u00f3del fyrir Harry Potter-a\u00f0d\u00e1endur\u2014Flying Ford Anglia, b\u00edl sem hefur hug sinn sj\u00e1lfan. Anglia er trygg endurger\u00f0 \u00e1 galdra\u00f0a Muggle-b\u00edl Weasley-fj\u00f6lskyldunnar. Hver getur gleymt senunni \u00far \u201cHarry Potter og leyndard\u00f3mskammersins\u201d \u00feegar Harry og Ron flj\u00faga aftur til Hogwarts \u00ed Anglia, missa stj\u00f3rn \u00e1 b\u00edlnum og rekast \u00e1 Hnykkjandi v\u00edgtr\u00e9\u00f0? Eftir naumt undanr\u00e1s ver\u00f0a ungu galdramennirnir og allt \u00feeirra eigi\u00f0 \u00fatkasta \u00far b\u00edlnum, rei\u00f0ur yfir misnotkuninni sem hann hefur or\u00f0i\u00f0 fyrir.<\/p>\n<p dir=\"ltr\" style=\"text-align: center;\" data-rm-block-id=\"block-8\">Ugears Flying Ford Anglia hefur gormdrif sem flytur tog \u00e1 afturhj\u00f3l. B\u00edllinn getur eki\u00f0 3\u20134 metra \u00e1 einni uppspennu \u00e1 r\u00e1kav\u00e9l sem er sta\u00f0sett undir undirst\u00f6\u00f0u b\u00edlsins. Framhj\u00f3lin sn\u00faast 25 gr\u00e1\u00f0ur til beggja \u00e1tta og er h\u00e6gt a\u00f0 beygja \u00feau me\u00f0 st\u00fdri e\u00f0a me\u00f0 \u00fev\u00ed a\u00f0 \u00fer\u00fdsta \u00e1 hj\u00f3lin sj\u00e1lf, sem gerir b\u00edlnum kleift a\u00f0 aka beint e\u00f0a sn\u00faa hringi. En h\u00e9r kemur hi\u00f0 sanna t\u00f6fral\u00edf inn: \u00fe\u00f6kk s\u00e9 s\u00e9rst\u00f6kum b\u00fana\u00f0i sem festur er vi\u00f0 gormsp\u00f3lu\u00f6xul sem gengur \u00ed gegnum far\u00feegar\u00fdmi\u00f0, hefur Anglia leynilega \u201cskot\u201d a\u00f0ger\u00f0. \u00deegar \u00fer\u00fdst er \u00e1 framskilti\u00f0 opnast farangursr\u00fdmi\u00f0 og hli\u00f0arg\u00e1ttirnar, \u00e1 me\u00f0an framseturnar hallast og st\u00f6ng \u00ed farangursr\u00fdminu kastar \u00f6llum far\u00feegum og innihaldi dramat\u00edskt \u00fat \u00far b\u00edlnum.<\/p>\n<p style=\"text-align: center;\" data-rm-block-id=\"block-9\"><strong><img decoding=\"async\" src=\"https:\/\/cdn.shopify.com\/s\/files\/1\/0588\/2164\/0247\/files\/Flying-Ford-Anglia_-_5_ligal_2.png?v=1747315912\" alt=\"\" \/><\/strong><\/p>\n<p style=\"text-align: center;\" data-rm-block-id=\"block-9\"><strong>Eiginleikar Flying Ford Anglia:<\/strong><\/p>\n<p style=\"text-align: center;\" data-rm-block-id=\"block-10\">Vorfj\u00f6\u00f0ru\u00f0 m\u00f3tor<\/p>\n<p style=\"text-align: center;\" data-rm-block-id=\"block-11\">Fer 3\u20134 metra \u00e1 fullum uppvinda<\/p>\n<p style=\"text-align: center;\" data-rm-block-id=\"block-12\">Neutralg\u00edrsstilling gerir kleift a\u00f0 r\u00falla frj\u00e1lst.<\/p>\n<p style=\"text-align: center;\" data-rm-block-id=\"block-13\">Framhj\u00f3l sn\u00faast 25 gr\u00e1\u00f0ur til hvorrar stefnu.<\/p>\n<p style=\"text-align: center;\" data-rm-block-id=\"block-14\">Dekk me\u00f0 g\u00famm\u00edbandi til gripi\u00f0s \u00e1 \u00fdmsum yfirbor\u00f0um<\/p>\n<p style=\"text-align: center;\" data-rm-block-id=\"block-15\">Leyndur \u00fathvarfsstilling<\/p>\n<p style=\"text-align: center;\" data-rm-block-id=\"block-16\">A\u00f0 opna hur\u00f0ir, farangursr\u00fdmi og v\u00e9larhl\u00edf handvirkt<\/p>\n<p style=\"text-align: center;\" data-rm-block-id=\"block-17\">N\u00e1kv\u00e6mur m\u00f3tor undir v\u00e9larh\u00fasinu<\/p>\n<p style=\"text-align: center;\" data-rm-block-id=\"block-18\">Farangursr\u00fdmi\u00f0 passar vi\u00f0 minil\u00f3fa me\u00f0 \u00e1letru\u00f0u Hogwarts\u2122-merki<\/p>\n<p style=\"text-align: center;\" data-rm-block-id=\"block-19\"><strong><img decoding=\"async\" class=\"alignleft\" src=\"https:\/\/cdn.shopify.com\/s\/files\/1\/0588\/2164\/0247\/files\/Flying-Ford-Anglia_-_3_ligal_3.png?v=1747315912\" alt=\"\" \/><\/strong><strong>Eiginleikar DIY-vi\u00f0arb\u00edls:<\/strong><\/p>\n<p style=\"text-align: center;\" data-rm-block-id=\"block-20\">Forskera\u00f0ar laserklipptar hlutir \u00e1 vi\u00f0arbor\u00f0um<\/p>\n<p style=\"text-align: center;\" data-rm-block-id=\"block-21\">Setur saman \u00e1n l\u00edms e\u00f0a verkf\u00e6ra<\/p>\n<p style=\"text-align: center;\" data-rm-block-id=\"block-22\">Skref-fyrir-skref lei\u00f0beiningar \u00e1 11 tungum\u00e1lum<\/p>\n<p style=\"text-align: center;\" data-rm-block-id=\"block-23\">Tilb\u00fai\u00f0 til m\u00e1lunar (m\u00e1lningar fylgja ekki me\u00f0)<\/p>\n<p style=\"text-align: center;\" data-rm-block-id=\"block-24\">\u00d3keypis varahlutir eftir bei\u00f0ni<\/p>\n<p style=\"text-align: center;\" data-rm-block-id=\"block-25\"><img decoding=\"async\" class=\"aligncenter\" src=\"https:\/\/cdn.shopify.com\/s\/files\/1\/0588\/2164\/0247\/files\/71LEGALLINESL2417567177_PKEX_HP_curv-Ford-02.png?v=1749625612\" alt=\"\" \/><\/p>\n<\/div>","protected":false},"excerpt":{"rendered":"<p>Tr\u00e9spil 3D Ugears Flying Ford Anglia\u2122, snjalli b\u00edllinn \u00far Harry Potter\u2122-ser\u00edunni. Hreyfist \u00e1n rafgeima. Samsett \u00e1n l\u00edms. Fullkomin gj\u00f6f fyrir alla aldursh\u00f3pa!<\/p>\n<p>&nbsp;<\/p>\n<p>&nbsp;<\/p>","protected":false},"featured_media":1743,"comment_status":"open","ping_status":"closed","template":"","meta":{"_monsterinsights_skip_tracking":false,"_monsterinsights_sitenote_active":false,"_monsterinsights_sitenote_note":"","_monsterinsights_sitenote_category":0},"product_brand":[],"product_cat":[28,1128],"product_tag":[],"class_list":{"0":"post-1694","1":"product","2":"type-product","3":"status-publish","4":"has-post-thumbnail","6":"product_cat-3d-puzzles","7":"product_cat-harry-potter","9":"first","10":"instock","11":"taxable","12":"shipping-taxable","13":"purchasable","14":"product-type-simple"},"jetpack_sharing_enabled":true,"_links":{"self":[{"href":"https:\/\/www.hugspil.is\/is\/wp-json\/wp\/v2\/product\/1694","targetHints":{"allow":["GET"]}}],"collection":[{"href":"https:\/\/www.hugspil.is\/is\/wp-json\/wp\/v2\/product"}],"about":[{"href":"https:\/\/www.hugspil.is\/is\/wp-json\/wp\/v2\/types\/product"}],"replies":[{"embeddable":true,"href":"https:\/\/www.hugspil.is\/is\/wp-json\/wp\/v2\/comments?post=1694"}],"wp:featuredmedia":[{"embeddable":true,"href":"https:\/\/www.hugspil.is\/is\/wp-json\/wp\/v2\/media\/1743"}],"wp:attachment":[{"href":"https:\/\/www.hugspil.is\/is\/wp-json\/wp\/v2\/media?parent=1694"}],"wp:term":[{"taxonomy":"product_brand","embeddable":true,"href":"https:\/\/www.hugspil.is\/is\/wp-json\/wp\/v2\/product_brand?post=1694"},{"taxonomy":"product_cat","embeddable":true,"href":"https:\/\/www.hugspil.is\/is\/wp-json\/wp\/v2\/product_cat?post=1694"},{"taxonomy":"product_tag","embeddable":true,"href":"https:\/\/www.hugspil.is\/is\/wp-json\/wp\/v2\/product_tag?post=1694"}],"curies":[{"name":"wp","href":"https:\/\/api.w.org\/{rel}","templated":true}]}}