{"id":1693,"date":"2026-03-25T10:50:37","date_gmt":"2026-03-25T10:50:37","guid":{"rendered":"https:\/\/www.hugspil.is\/?post_type=product&#038;p=1693"},"modified":"2026-04-02T18:00:33","modified_gmt":"2026-04-02T18:00:33","slug":"smidadu-thitt-eigid-3d-vidarlikan-af-r2-d2-hja-hugspil","status":"publish","type":"product","link":"https:\/\/www.hugspil.is\/is\/product\/build-your-own-r2-d2-3d-wooden-model-at-hugspil\/","title":{"rendered":"R2-D2\u2122 l\u00edkan - 3D P\u00fasl"},"content":{"rendered":"<p><img loading=\"lazy\" decoding=\"async\" class=\"alignnone wp-image-1782 size-full\" src=\"https:\/\/www.hugspil.is\/wp-content\/uploads\/2026\/03\/Screenshot-2026-03-25-121621.png\" alt=\"\" width=\"650\" height=\"376\" srcset=\"https:\/\/www.hugspil.is\/wp-content\/uploads\/2026\/03\/Screenshot-2026-03-25-121621.png 650w, https:\/\/www.hugspil.is\/wp-content\/uploads\/2026\/03\/Screenshot-2026-03-25-121621-600x347.png 600w, https:\/\/www.hugspil.is\/wp-content\/uploads\/2026\/03\/Screenshot-2026-03-25-121621-300x174.png 300w, https:\/\/www.hugspil.is\/wp-content\/uploads\/2026\/03\/Screenshot-2026-03-25-121621-18x10.png 18w\" sizes=\"auto, (max-width: 650px) 100vw, 650px\" \/><\/p>\n<div style=\"position: relative; padding-bottom: 56.25%; height: 0; overflow: hidden; max-width: 100%;\"><iframe style=\"position: absolute; top: 0; left: 0; width: 100%; height: 100%;\" title=\"YouTube myndbandsspilari\" src=\"https:\/\/www.youtube.com\/embed\/0E3W4ACMqIk?loop=1&amp;rel=0\" frameborder=\"0\" allowfullscreen=\"allowfullscreen\"><br \/>\n<\/iframe><\/div>\n<div>\n<div class=\"truncate-text__content-wrapper expand\">\n<div class=\"truncate-text__content rte\">\n<h2 dir=\"ltr\"><em>R2-D2\u2122<\/em><\/h2>\n<p dir=\"ltr\"><strong>Settu mig saman. L\u00e1ttu lj\u00f3si\u00f0 opinbera skilabo\u00f0 fr\u00e1 stj\u00f6rnunum!<\/strong><\/p>\n<p dir=\"ltr\">Bygg\u00f0u \u00feinn eigin tryggan astromech-v\u00e9lmenni me\u00f0\u00a0<em>R2-D2\u2122<\/em>\u00a0fr\u00e1<em>\u00a0<\/em><em>Stj\u00f6rnustr\u00ed\u00f0\u2122<\/em>\u00a0Safngripur fr\u00e1 Ugears. L\u00edtill a\u00f0 st\u00e6r\u00f0 en st\u00f3r \u00ed pers\u00f3nuleika, \u00feessi afar n\u00e1kv\u00e6ma og litu\u00f0 3D-vi\u00f0arl\u00edkan fangar \u00f3a\u00f0finnanlega h\u00f6nnun hins \u00e1sts\u00e6la v\u00e9lmenni.<\/p>\n<p dir=\"ltr\"><img decoding=\"async\" src=\"https:\/\/cdn.shopify.com\/s\/files\/1\/0588\/2164\/0247\/files\/Ugears_Amazon_r2d2_1500_15007.png?v=1755688783\" alt=\"\" \/><\/p>\n<p dir=\"ltr\">R2-D2 hefur \u00fej\u00f3na\u00f0 go\u00f0sagnakenndum hetjum eins og Anak\u00edn Skywalker, Padm\u00e9 Amidala og Luke Skywalker \u2013 og n\u00fa er hann tilb\u00fainn a\u00f0 \u00fej\u00f3na \u00fe\u00e9r. Fullkomlega \u00fatb\u00fainn f\u00e6ranlegum f\u00f3tum sem gera honum kleift a\u00f0 s\u00fdna tv\u00e6r mismunandi stellingar og virku LED-myndvarpi sem varpar raunverulegum Star Wars-myndum \u00ed gegnum \u201cauga\u00f0\u201d hans, f\u00e6rir \u00feessi ger\u00f0 vetrarbrautarlega sjarma \u00e1 hva\u00f0a hillu sem er.<\/p>\n<p dir=\"ltr\"><img decoding=\"async\" src=\"https:\/\/cdn.shopify.com\/s\/files\/1\/0588\/2164\/0247\/files\/Ugears_Amazon_r2d2_1500_1500.png?v=1755688784\" alt=\"\" \/><\/p>\n<p dir=\"ltr\">R2-D2 fr\u00e1 Ugears gengur fyrir innri gormdrifnum v\u00e9lb\u00fana\u00f0i. Sn\u00fa\u00f0u disknum sem falinn er undir h\u00f6f\u00f0inu til a\u00f0 spenna hann, settu v\u00e9lmenni\u00f0 \u00ed r\u00e9ttan sta\u00f0 og \u00fdttu \u00e1 Start\/Stop-arminn til a\u00f0 horfa \u00e1 hann r\u00falla \u00e1fram \u2013 eins og \u00ed kvikmyndunum. Sn\u00fa\u00f0u rofanum efst til a\u00f0 virkja l\u00edtinn rafhl\u00f6\u00f0ukn\u00fainn myndvarpa og s\u00fdna litr\u00edk Star Wars-atri\u00f0i. Skiptanlegar gl\u00e6rur eru geymdar \u00ed s\u00e9rst\u00f6kum h\u00f3lfi inni \u00ed l\u00edkamanum og m\u00e1 skipta \u00feeim \u00fat me\u00f0 fylgdu t\u00f3li. Hvort sem hann stendur uppr\u00e9ttur e\u00f0a hallar s\u00e9r til a\u00f0ger\u00f0a er \u00feessi snjalli litli v\u00e9lmenni alltaf tilb\u00fainn me\u00f0 skilabo\u00f0 fr\u00e1 stj\u00f6rnunum.<\/p>\n<p dir=\"ltr\"><strong><img decoding=\"async\" src=\"https:\/\/cdn.shopify.com\/s\/files\/1\/0588\/2164\/0247\/files\/Ugears_Amazon_r2d2_1500_1500_p6.png?v=1755694099\" alt=\"\" \/><\/strong><\/p>\n<p dir=\"ltr\"><strong><em>R2-D2\u2122\u00a0<\/em>eiginleikar:<\/strong><\/p>\n<ul>\n<li dir=\"ltr\">Vori\u00f0 kn\u00fainn v\u00e9lr\u00e6nn drif sem vindur sig me\u00f0 \u00fev\u00ed a\u00f0 sn\u00faa h\u00f6fu\u00f0sk\u00edfunni<\/li>\n<li dir=\"ltr\">Byrjunar-\/st\u00f6\u00f0vunararmur kveikir \u00e1 r\u00fallunarhreyfingu.<\/li>\n<li dir=\"ltr\">Tv\u00e6r stellingarm\u00f6guleikar: l\u00f3\u00f0r\u00e9tt e\u00f0a halla\u00f0 fram<\/li>\n<li dir=\"ltr\">L\u00fdtir me\u00f0 rafhl\u00f6\u00f0u kn\u00fainn LED-varparinn varpar myndum \u00ed gegnum auga\u00f0.<\/li>\n<li dir=\"ltr\">Nokkrir skiptanlegir gluggar geymdir inni \u00ed l\u00edkamanum<\/li>\n<\/ul>\n<p dir=\"ltr\"><strong><img decoding=\"async\" src=\"https:\/\/cdn.shopify.com\/s\/files\/1\/0588\/2164\/0247\/files\/Ugears_Amazon_r2d2_1500_15004.png?v=1755688783\" alt=\"\" \/><\/strong><\/p>\n<p dir=\"ltr\"><strong>\u00d3tr\u00faleg rauns\u00e6i og a\u00f0dr\u00e1ttarafl fyrir safnara:<\/strong><\/p>\n<ul>\n<li dir=\"ltr\">T\u00e1kngreind bl\u00e1-hv\u00edt h\u00f6nnun \u00ed fulllitu\u00f0u krossvi\u00f0i og pappa<\/li>\n<li dir=\"ltr\">Ekta sm\u00e1atri\u00f0i m\u00f3tu\u00f0 eftir upprunalega v\u00e9lmenni<\/li>\n<li dir=\"ltr\">Setur saman \u00e1n l\u00edms e\u00f0a s\u00e9rverkf\u00e6ra<\/li>\n<li dir=\"ltr\">Skref-fyrir-skref lei\u00f0beiningar \u00e1 11 tungum\u00e1lum<\/li>\n<\/ul>\n<\/div>\n<\/div>\n<\/div>","protected":false},"excerpt":{"rendered":"<p>Build your own<em>\u00a0R2-D2\u2122\u00a0<\/em>\u2014 a 3D wooden model with movable legs, spring-powered movement, and a real LED projector.<\/p>","protected":false},"featured_media":1774,"comment_status":"open","ping_status":"closed","template":"","meta":{"_monsterinsights_skip_tracking":false,"_monsterinsights_sitenote_active":false,"_monsterinsights_sitenote_note":"","_monsterinsights_sitenote_category":0},"product_brand":[],"product_cat":[28,1129],"product_tag":[],"class_list":{"0":"post-1693","1":"product","2":"type-product","3":"status-publish","4":"has-post-thumbnail","6":"product_cat-3d-puzzles","7":"product_cat-star-wars","9":"first","10":"instock","11":"taxable","12":"shipping-taxable","13":"purchasable","14":"product-type-simple"},"jetpack_sharing_enabled":true,"_links":{"self":[{"href":"https:\/\/www.hugspil.is\/is\/wp-json\/wp\/v2\/product\/1693","targetHints":{"allow":["GET"]}}],"collection":[{"href":"https:\/\/www.hugspil.is\/is\/wp-json\/wp\/v2\/product"}],"about":[{"href":"https:\/\/www.hugspil.is\/is\/wp-json\/wp\/v2\/types\/product"}],"replies":[{"embeddable":true,"href":"https:\/\/www.hugspil.is\/is\/wp-json\/wp\/v2\/comments?post=1693"}],"wp:featuredmedia":[{"embeddable":true,"href":"https:\/\/www.hugspil.is\/is\/wp-json\/wp\/v2\/media\/1774"}],"wp:attachment":[{"href":"https:\/\/www.hugspil.is\/is\/wp-json\/wp\/v2\/media?parent=1693"}],"wp:term":[{"taxonomy":"product_brand","embeddable":true,"href":"https:\/\/www.hugspil.is\/is\/wp-json\/wp\/v2\/product_brand?post=1693"},{"taxonomy":"product_cat","embeddable":true,"href":"https:\/\/www.hugspil.is\/is\/wp-json\/wp\/v2\/product_cat?post=1693"},{"taxonomy":"product_tag","embeddable":true,"href":"https:\/\/www.hugspil.is\/is\/wp-json\/wp\/v2\/product_tag?post=1693"}],"curies":[{"name":"wp","href":"https:\/\/api.w.org\/{rel}","templated":true}]}}