{"id":1692,"date":"2026-03-25T10:50:37","date_gmt":"2026-03-25T10:50:37","guid":{"rendered":"https:\/\/www.hugspil.is\/?post_type=product&#038;p=1692"},"modified":"2026-03-25T12:13:24","modified_gmt":"2026-03-25T12:13:24","slug":"quidditch-pinjabolta-3d-gatan-quidditch-pinjabolta","status":"publish","type":"product","link":"https:\/\/www.hugspil.is\/is\/product\/quidditch-pinball-3d-puzzle-quidditch-pinball\/","title":{"rendered":"Quidditch\u2122 pinjaball - 3D P\u00fasl"},"content":{"rendered":"<p><img loading=\"lazy\" decoding=\"async\" class=\"alignnone wp-image-1772 size-full\" src=\"https:\/\/www.hugspil.is\/wp-content\/uploads\/2026\/03\/Screenshot-2026-03-25-121031.png\" alt=\"\" width=\"647\" height=\"383\" srcset=\"https:\/\/www.hugspil.is\/wp-content\/uploads\/2026\/03\/Screenshot-2026-03-25-121031.png 647w, https:\/\/www.hugspil.is\/wp-content\/uploads\/2026\/03\/Screenshot-2026-03-25-121031-600x355.png 600w, https:\/\/www.hugspil.is\/wp-content\/uploads\/2026\/03\/Screenshot-2026-03-25-121031-300x178.png 300w, https:\/\/www.hugspil.is\/wp-content\/uploads\/2026\/03\/Screenshot-2026-03-25-121031-18x12.png 18w\" sizes=\"auto, (max-width: 647px) 100vw, 647px\" \/><\/p>\n<div style=\"position: relative; padding-bottom: 56.25%; height: 0; overflow: hidden; max-width: 100%;\"><iframe style=\"position: absolute; top: 0; left: 0; width: 100%; height: 100%;\" title=\"YouTube myndbandsspilari\" src=\"https:\/\/www.youtube.com\/embed\/cutxfssssYA?loop=1&amp;rel=0\" frameborder=\"0\" allowfullscreen=\"allowfullscreen\"><br \/>\n<\/iframe><\/div>\n<div>\n<div class=\"truncate-text__content-wrapper expand\">\n<div class=\"truncate-text__content rte\">\n<h3 dir=\"ltr\">Quidditch-pinjaballi<\/h3>\n<p dir=\"ltr\"><strong>Settu mig saman. Gr\u00edptu Snitchinn!<\/strong><\/p>\n<p dir=\"ltr\">Undirbj\u00f3i\u00f0 ykkur a\u00f0 spila spennandi leik af Quidditch-pinjabolta! \u00deessi virka pinjabolta v\u00e9l fr\u00e1 Ugears Harry Potter-safninu er bygg\u00f0 \u00e1 \u00edmyndu\u00f0um galdra- og t\u00f6fraleiknum Quidditch \u00far hinum \u00e1sts\u00e6lu kvikmyndum, \u00fear sem leikmenn flj\u00faga um loftv\u00f6llinn og reyna a\u00f0 kasta e\u00f0a sl\u00e1 Quaffle-boltanum \u00ed gegnum \u00ferj\u00e1 hringi \u00e1 hli\u00f0 andst\u00e6\u00f0ingsins, sem skorar t\u00edu stig \u00ed hvert sinn. Li\u00f0 sem n\u00e6r a\u00f0 gr\u00edpa Gullsnitchinn f\u00e6r 150 stig og vinnur leikinn.<\/p>\n<p dir=\"ltr\"><img decoding=\"async\" src=\"https:\/\/cdn.shopify.com\/s\/files\/1\/0588\/2164\/0247\/files\/Ugears_Amazon_Quidditch_Pinball_ENG_6.jpg?v=1747133825\" alt=\"\" \/><\/p>\n<p dir=\"ltr\">DIY Ugears Quidditch-pinball-l\u00edkani\u00f0 er sj\u00f3nr\u00e6nt st\u00f3rkostlegur leikvangur, sem samanstendur af leikvelli \u00far pappa me\u00f0 prentu\u00f0um skreytingarefnum, \u00e1tta upph\u00e6kku\u00f0um \u00e1horfendap\u00f6llum me\u00f0 merki fj\u00f6gurra heimila Hogwarts\u2122, virku stigabor\u00f0i, kistu til a\u00f0 geyma Gull-Snitchinn og \u00ferj\u00e1 Quaffle-bolta, og virkum pinball-leikjavirkjum, \u00fear \u00e1 me\u00f0al flippar, v\u00f6rnarl\u00ednur, skotm\u00f6rk og hindranir. Til a\u00f0 spila skaltu skj\u00f3ta af sta\u00f0 Quafflunum me\u00f0 hli\u00f0arhnetunni, nota flipparana til a\u00f0 halda \u00feeim \u00ed leik, fella ni\u00f0ur skotm\u00f6rk til a\u00f0 komast a\u00f0 stigahringjunum og verja \u00fe\u00edna eigin hringi til a\u00f0 vera \u00e1fram \u00ed leiknum. F\u00e1\u00f0u aukastig me\u00f0 \u00fev\u00ed a\u00f0 n\u00e1 \u00ed Snitchinn \u2013 sl\u00e1\u00f0u mi\u00f0skotmarki\u00f0 til a\u00f0 lyfta brekkunni, og ef Quaffl lendir \u00e1 vinstri rennunni mun h\u00fan losa Snitchinn og tryggja \u00fe\u00e9r 150 stiga sigur!<\/p>\n<p><img decoding=\"async\" src=\"https:\/\/cdn.shopify.com\/s\/files\/1\/0588\/2164\/0247\/files\/Ugears_Amazon_Quidditch_Pinball_ENG_10.jpg?v=1747133841\" alt=\"\" \/><\/p>\n<p><strong>Eiginleikar Quidditch-pinjaballsins:<\/strong><\/p>\n<ul>\n<li dir=\"ltr\">Virkt pinball-leikur<\/li>\n<li dir=\"ltr\">Sj\u00f3nr\u00e6nt st\u00f3rkostlegur leikvangur sem samanstendur af leikvelli<\/li>\n<li dir=\"ltr\">8 upph\u00e6kka\u00f0ir \u00e1horfendapallar me\u00f0 innritu\u00f0um l\u00f3g\u00f3um fj\u00f6gurra heimila Hogwarts<\/li>\n<li dir=\"ltr\">Virkt stigabor\u00f0<\/li>\n<li dir=\"ltr\">Kista til a\u00f0 geyma Gullsnitchinn og \u00ferj\u00e1 kvafflabolta<\/li>\n<li dir=\"ltr\">Virkir pinjaboltaleikja\u00fe\u00e6ttir \u2013 fl\u00edkar, kantar, skotm\u00f6rk og hindranir<\/li>\n<\/ul>\n<p><strong><img decoding=\"async\" src=\"https:\/\/cdn.shopify.com\/s\/files\/1\/0588\/2164\/0247\/files\/Ugears_Amazon_Quidditch_Pinball_ENG_11.jpg?v=1747133841\" alt=\"\" \/><\/strong><\/p>\n<p><strong>Eiginleikar vi\u00f0ar\u00adl\u00edkans til sj\u00e1lfsger\u00f0ar:<\/strong><\/p>\n<ul>\n<li dir=\"ltr\">Setur saman \u00e1n l\u00edms e\u00f0a verkf\u00e6ra<\/li>\n<li dir=\"ltr\">\u00cdhlutir eru laser-forskornir \u00ed h\u00e1g\u00e6\u00f0a krossvi\u00f0arpl\u00f6tur.<\/li>\n<li dir=\"ltr\">Sandur og vax til a\u00f0 tryggja sem bestu virkni hreyfanlegra hluta fylgja me\u00f0.<\/li>\n<li dir=\"ltr\">Myndskreyttar skref-fyrir-skref lei\u00f0beiningar \u00e1 11 tungum\u00e1lum<\/li>\n<li dir=\"ltr\">\u00d3keypis varahlutir eftir bei\u00f0ni<\/li>\n<\/ul>\n<p><img decoding=\"async\" src=\"https:\/\/cdn.shopify.com\/s\/files\/1\/0588\/2164\/0247\/files\/71LEGALLINESL2417567177_PKEX_HP_curv-02.png?v=1749622547\" alt=\"\" \/><\/p>\n<\/div>\n<\/div>\n<\/div>","protected":false},"excerpt":{"rendered":"<p>3D-p\u00fasluspil Quidditch\u2122 pinjaball fr\u00e1 einkaleyfisvarinni Ugears Harry Potter\u2122-ser\u00edu. Gr\u00edptu Gullsnitchinn\u2122 og vinndu leikinn! Fr\u00e1b\u00e6r gj\u00f6f fyrir alla aldursh\u00f3pa!<\/p>","protected":false},"featured_media":1763,"comment_status":"open","ping_status":"closed","template":"","meta":{"_monsterinsights_skip_tracking":false,"_monsterinsights_sitenote_active":false,"_monsterinsights_sitenote_note":"","_monsterinsights_sitenote_category":0},"product_brand":[],"product_cat":[28,1128],"product_tag":[],"class_list":{"0":"post-1692","1":"product","2":"type-product","3":"status-publish","4":"has-post-thumbnail","6":"product_cat-3d-puzzles","7":"product_cat-harry-potter","9":"first","10":"instock","11":"taxable","12":"shipping-taxable","13":"purchasable","14":"product-type-simple"},"jetpack_sharing_enabled":true,"_links":{"self":[{"href":"https:\/\/www.hugspil.is\/is\/wp-json\/wp\/v2\/product\/1692","targetHints":{"allow":["GET"]}}],"collection":[{"href":"https:\/\/www.hugspil.is\/is\/wp-json\/wp\/v2\/product"}],"about":[{"href":"https:\/\/www.hugspil.is\/is\/wp-json\/wp\/v2\/types\/product"}],"replies":[{"embeddable":true,"href":"https:\/\/www.hugspil.is\/is\/wp-json\/wp\/v2\/comments?post=1692"}],"wp:featuredmedia":[{"embeddable":true,"href":"https:\/\/www.hugspil.is\/is\/wp-json\/wp\/v2\/media\/1763"}],"wp:attachment":[{"href":"https:\/\/www.hugspil.is\/is\/wp-json\/wp\/v2\/media?parent=1692"}],"wp:term":[{"taxonomy":"product_brand","embeddable":true,"href":"https:\/\/www.hugspil.is\/is\/wp-json\/wp\/v2\/product_brand?post=1692"},{"taxonomy":"product_cat","embeddable":true,"href":"https:\/\/www.hugspil.is\/is\/wp-json\/wp\/v2\/product_cat?post=1692"},{"taxonomy":"product_tag","embeddable":true,"href":"https:\/\/www.hugspil.is\/is\/wp-json\/wp\/v2\/product_tag?post=1692"}],"curies":[{"name":"wp","href":"https:\/\/api.w.org\/{rel}","templated":true}]}}