{"id":1691,"date":"2026-03-25T10:50:37","date_gmt":"2026-03-25T10:50:37","guid":{"rendered":"https:\/\/www.hugspil.is\/?post_type=product&#038;p=1691"},"modified":"2026-03-25T13:08:08","modified_gmt":"2026-03-25T13:08:08","slug":"merihobus-thrihofda-velraent-likanasett","status":"publish","type":"product","link":"https:\/\/www.hugspil.is\/is\/product\/trimaran-merihobus-mechanical-model-kit\/","title":{"rendered":"Trimaran Merihobus-l\u00edkan - 3D P\u00fasl"},"content":{"rendered":"<p><img loading=\"lazy\" decoding=\"async\" class=\"alignnone wp-image-1790 size-full\" src=\"https:\/\/www.hugspil.is\/wp-content\/uploads\/2026\/03\/Screenshot-2026-03-25-130605.png\" alt=\"\" width=\"648\" height=\"387\" srcset=\"https:\/\/www.hugspil.is\/wp-content\/uploads\/2026\/03\/Screenshot-2026-03-25-130605.png 648w, https:\/\/www.hugspil.is\/wp-content\/uploads\/2026\/03\/Screenshot-2026-03-25-130605-600x358.png 600w, https:\/\/www.hugspil.is\/wp-content\/uploads\/2026\/03\/Screenshot-2026-03-25-130605-300x179.png 300w, https:\/\/www.hugspil.is\/wp-content\/uploads\/2026\/03\/Screenshot-2026-03-25-130605-18x12.png 18w\" sizes=\"auto, (max-width: 648px) 100vw, 648px\" \/><\/p>\n<div style=\"position: relative; padding-bottom: 56.25%; height: 0; overflow: hidden; max-width: 100%;\"><iframe style=\"position: absolute; top: 0; left: 0; width: 100%; height: 100%;\" title=\"YouTube myndbandsspilari\" src=\"https:\/\/www.youtube.com\/embed\/db_VNs_csro?loop=1&amp;rel=0\" frameborder=\"0\" allowfullscreen=\"allowfullscreen\"><br \/>\n<\/iframe><\/div>\n<div>\n<div class=\"truncate-text__content-wrapper expand\">\n<div class=\"truncate-text__content rte\">\n<h2><\/h2>\n<h2>Trimaran Merihobus<\/h2>\n<p dir=\"ltr\">Trimarinn Merihobus er klass\u00edskur fj\u00f6lskrofa seglb\u00e1tur hanna\u00f0ur til a\u00f0 s\u00fdna fram \u00e1 gl\u00e6silegt \u00farval sm\u00e1atri\u00f0a, \u00fear \u00e1 me\u00f0al v\u00e9lb\u00fana\u00f0, togb\u00fana\u00f0 og skrokka \u2013 sem gerir hann a\u00f0 afar rauns\u00e6ju sm\u00e1myndareftirl\u00edkingi af raunverulegum frumger\u00f0um. L\u00edkami seglb\u00e1tsins er sm\u00ed\u00f0a\u00f0ur \u00ed opnu \u201cgrindarst\u00edl\u201d sem veitir fram\u00farskarandi yfirs\u00fdn yfir innri v\u00e9lb\u00fana\u00f0 og h\u00f6nnun, \u00fear \u00e1 me\u00f0al \u00fe\u00e6tti eins og \u00fe\u00e9ttingar, ramma og bj\u00e1lka. Aftari st\u00fdrisbla\u00f0i\u00f0 er stj\u00f3rna\u00f0 me\u00f0 reipum sem tengjast gegnum pontonana vi\u00f0 a\u00f0alst\u00fdri\u00f0 aftast. Vatnsflugur \u00e1 hli\u00f0um pontonanna tryggja st\u00f6\u00f0ugleika og skapa sj\u00f3nr\u00e6nan lyftiaffekt. Pontonarnir eru festir vi\u00f0 a\u00f0alh\u00fasi\u00f0 me\u00f0 bur\u00f0argrind sem samr\u00e6mist st\u00edl b\u00e1tsins og inniheldur b\u00e1tdav\u00edt me\u00f0 vindi.<\/p>\n<p dir=\"ltr\">A\u00f0alsiglingin og framstaysaili\u00f0 \u00e1 mastinum m\u00e1 lyfta e\u00f0a l\u00e6kka, r\u00e9tt eins og \u00e1 raunverulegum trimaranum. A\u00f0alsiglingin er fest \u00ed mastursrillunni me\u00f0 a\u00f0al toppfestistreni, \u00e1 me\u00f0an staysaili\u00f0 r\u00fallar upp \u00e1 stayi\u00f0 sitt.  Framan undir forstefni finnur \u00fe\u00fa trommu v\u00e9larinnar fyrir framsegli\u00f0. Seglb\u00famarnir eru st\u00fdr\u00f0ir me\u00f0 handfangi sem dregur \u00ed b\u00fambandi\u00f0. Og au\u00f0vita\u00f0 er \u00fear d\u00e1samlegur lokahnykkur \u2013 l\u00edti\u00f0 sj\u00f3hestamynd skorin \u00ed boga skipsins. \u00deetta forvitnilega sj\u00e1vard\u00fdr, einnig kalla\u00f0 merihobus, gaf skipinu \u00fe\u00ednu nafn sitt.<\/p>\n<p><img decoding=\"async\" src=\"https:\/\/cdn.shopify.com\/s\/files\/1\/0588\/2164\/0247\/files\/Trimaran_Merihobus_3.png?v=1741333292\" alt=\"\" \/><\/p>\n<p dir=\"ltr\">\n<p dir=\"ltr\"><strong>Eiginleikar trimarans Merihobus:<\/strong><\/p>\n<ul>\n<li dir=\"ltr\">\u201cH\u00f6nnun \u201dskjaldb\u00f6kuskrokks\" afhj\u00fapar innri uppbyggingu og v\u00e9lfr\u00e6\u00f0i<\/li>\n<li dir=\"ltr\">Starfh\u00e6fur st\u00fdri st\u00fdrt me\u00f0 reipum sem tengjast afturhj\u00f3linu<\/li>\n<li dir=\"ltr\">St\u00fdranlegt a\u00f0alsel og framstaysel me\u00f0 vinnub\u00famum<\/li>\n<li dir=\"ltr\">Ankravindu me\u00f0 sj\u00e1lfvirkum spennit\u00e6kni<\/li>\n<li dir=\"ltr\">St\u00f6\u00f0ugir hydrofins \u00e1 pontunum til jafnv\u00e6gis og lyftingarhrif<\/li>\n<li dir=\"ltr\">F\u00ednlegri h\u00f6ggmynd af sj\u00f3hesti \u00e1 framskipi \u2013 leikandi snerting<\/li>\n<\/ul>\n<p><img decoding=\"async\" src=\"https:\/\/cdn.shopify.com\/s\/files\/1\/0588\/2164\/0247\/files\/Trimaran_Merihobus_2.jpg?v=1741333291\" alt=\"\" \/><\/p>\n<p dir=\"ltr\">\n<p dir=\"ltr\"><strong>Eiginleikar vi\u00f0ar\u00adl\u00edkans til sj\u00e1lfsger\u00f0ar:<\/strong><\/p>\n<ul>\n<li dir=\"ltr\">Leysiskur\u00f0a\u00f0ir vi\u00f0arhlutar<\/li>\n<li dir=\"ltr\">Setur saman \u00e1n l\u00edms e\u00f0a s\u00e9rverkf\u00e6ra<\/li>\n<li dir=\"ltr\">Skref-fyrir-skref lei\u00f0beiningar \u00e1 11 tungum\u00e1lum<\/li>\n<li dir=\"ltr\">\u00d3keypis varahlutir eftir bei\u00f0ni<\/li>\n<li dir=\"ltr\">Tilb\u00fai\u00f0 til a\u00f0 m\u00e1la e\u00f0a s\u00e9rsn\u00ed\u00f0a (m\u00e1lning ekki innifalin)<\/li>\n<\/ul>\n<\/div>\n<\/div>\n<\/div>","protected":false},"excerpt":{"rendered":"<p>Segl\u00f0u burt me\u00f0 \u00feessari fram\u00farskarandi, n\u00e1\u00f0ugu sj\u00f3fegur\u00f0. Hvert mun h\u00fan taka \u00feig \u00ed dag \u2013 kringumheimsfer\u00f0? Erlendu lei\u00f0angri? L\u00e1ttu \u00f3sl\u00e9ttu hafin daglegrar amstur eftir og sigla\u00f0u til fjarl\u00e6gra landa me\u00f0 Trimaran Merihobus fr\u00e1 Ugears.<\/p>","protected":false},"featured_media":1784,"comment_status":"open","ping_status":"closed","template":"","meta":{"_monsterinsights_skip_tracking":false,"_monsterinsights_sitenote_active":false,"_monsterinsights_sitenote_note":"","_monsterinsights_sitenote_category":0},"product_brand":[],"product_cat":[28,1132],"product_tag":[],"class_list":{"0":"post-1691","1":"product","2":"type-product","3":"status-publish","4":"has-post-thumbnail","6":"product_cat-3d-puzzles","7":"product_cat-transport","9":"first","10":"instock","11":"taxable","12":"shipping-taxable","13":"purchasable","14":"product-type-simple"},"jetpack_sharing_enabled":true,"_links":{"self":[{"href":"https:\/\/www.hugspil.is\/is\/wp-json\/wp\/v2\/product\/1691","targetHints":{"allow":["GET"]}}],"collection":[{"href":"https:\/\/www.hugspil.is\/is\/wp-json\/wp\/v2\/product"}],"about":[{"href":"https:\/\/www.hugspil.is\/is\/wp-json\/wp\/v2\/types\/product"}],"replies":[{"embeddable":true,"href":"https:\/\/www.hugspil.is\/is\/wp-json\/wp\/v2\/comments?post=1691"}],"wp:featuredmedia":[{"embeddable":true,"href":"https:\/\/www.hugspil.is\/is\/wp-json\/wp\/v2\/media\/1784"}],"wp:attachment":[{"href":"https:\/\/www.hugspil.is\/is\/wp-json\/wp\/v2\/media?parent=1691"}],"wp:term":[{"taxonomy":"product_brand","embeddable":true,"href":"https:\/\/www.hugspil.is\/is\/wp-json\/wp\/v2\/product_brand?post=1691"},{"taxonomy":"product_cat","embeddable":true,"href":"https:\/\/www.hugspil.is\/is\/wp-json\/wp\/v2\/product_cat?post=1691"},{"taxonomy":"product_tag","embeddable":true,"href":"https:\/\/www.hugspil.is\/is\/wp-json\/wp\/v2\/product_tag?post=1691"}],"curies":[{"name":"wp","href":"https:\/\/api.w.org\/{rel}","templated":true}]}}