{"id":1518,"date":"2026-03-22T16:13:08","date_gmt":"2026-03-22T16:13:08","guid":{"rendered":"https:\/\/www.hugspil.is\/?post_type=product&#038;p=1518"},"modified":"2026-04-02T11:54:31","modified_gmt":"2026-04-02T11:54:31","slug":"skakthraut-ur-steypu-drottning","status":"publish","type":"product","link":"https:\/\/www.hugspil.is\/is\/product\/cast-chess-puzzle-rook\/","title":{"rendered":"Sk\u00e1k\u00feraut \u2013 drottning"},"content":{"rendered":"<p>Sk\u00e1k\u00feraut.<\/p>\n<p><strong>\u00c1SKORUN:\u00a0<\/strong>Finndu falnu myntina!<\/p>\n<p>Hvernig opnar og afhj\u00fapar \u00feessi Rook \u00fe\u00e9r falnu myntina?<\/p>\n<p><strong>Erfi\u00f0leikastig:<\/strong>\u00a05\/6. Me\u00f0allausnart\u00edmi: 1 klst. \u2013 1 \u00e1r.<\/p>","protected":false},"excerpt":{"rendered":"<p><strong>\u00c1SKORUN:\u00a0<\/strong>Finndu falnu myntina!<\/p>","protected":false},"featured_media":1656,"comment_status":"open","ping_status":"closed","template":"","meta":{"_monsterinsights_skip_tracking":false,"_monsterinsights_sitenote_active":false,"_monsterinsights_sitenote_note":"","_monsterinsights_sitenote_category":0},"product_brand":[],"product_cat":[26],"product_tag":[142,153,143,167,829,837,168,166,171,172,173,141,170,136,138,140,139,169,836],"class_list":{"0":"post-1518","1":"product","2":"type-product","3":"status-publish","4":"has-post-thumbnail","6":"product_cat-metal-puzzles","7":"product_tag-brain-teasers","8":"product_tag-brain-teasers-for-adults","9":"product_tag-brainteasers","10":"product_tag-cast-brain-teasers","11":"product_tag-cast-chess-puzzle","12":"product_tag-cast-chess-rook-puzzle","13":"product_tag-cast-mind-games","14":"product_tag-cast-puzzles","15":"product_tag-cast-puzzles-for-adults","16":"product_tag-hanayama","17":"product_tag-huzzle","18":"product_tag-metal-brain-teasers","19":"product_tag-metal-mind-games","20":"product_tag-metal-puzzles","21":"product_tag-metal-puzzles-for-adults","22":"product_tag-mind-games","23":"product_tag-mind-puzzles","24":"product_tag-mind-puzzles-for-adults","25":"product_tag-rook","27":"first","28":"instock","29":"taxable","30":"shipping-taxable","31":"purchasable","32":"product-type-simple"},"jetpack_sharing_enabled":true,"_links":{"self":[{"href":"https:\/\/www.hugspil.is\/is\/wp-json\/wp\/v2\/product\/1518","targetHints":{"allow":["GET"]}}],"collection":[{"href":"https:\/\/www.hugspil.is\/is\/wp-json\/wp\/v2\/product"}],"about":[{"href":"https:\/\/www.hugspil.is\/is\/wp-json\/wp\/v2\/types\/product"}],"replies":[{"embeddable":true,"href":"https:\/\/www.hugspil.is\/is\/wp-json\/wp\/v2\/comments?post=1518"}],"wp:featuredmedia":[{"embeddable":true,"href":"https:\/\/www.hugspil.is\/is\/wp-json\/wp\/v2\/media\/1656"}],"wp:attachment":[{"href":"https:\/\/www.hugspil.is\/is\/wp-json\/wp\/v2\/media?parent=1518"}],"wp:term":[{"taxonomy":"product_brand","embeddable":true,"href":"https:\/\/www.hugspil.is\/is\/wp-json\/wp\/v2\/product_brand?post=1518"},{"taxonomy":"product_cat","embeddable":true,"href":"https:\/\/www.hugspil.is\/is\/wp-json\/wp\/v2\/product_cat?post=1518"},{"taxonomy":"product_tag","embeddable":true,"href":"https:\/\/www.hugspil.is\/is\/wp-json\/wp\/v2\/product_tag?post=1518"}],"curies":[{"name":"wp","href":"https:\/\/api.w.org\/{rel}","templated":true}]}}