{"id":1517,"date":"2026-03-22T16:13:08","date_gmt":"2026-03-22T16:13:08","guid":{"rendered":"https:\/\/www.hugspil.is\/?post_type=product&#038;p=1517"},"modified":"2026-03-25T15:15:45","modified_gmt":"2026-03-25T15:15:45","slug":"huzzle-cast-frettir","status":"publish","type":"product","link":"https:\/\/www.hugspil.is\/is\/product\/huzzle-cast-news\/","title":{"rendered":"HUZZLE kasta"},"content":{"rendered":"<p dir=\"auto\"><strong>\u00c1SKORUN:<\/strong> Getur\u00f0u teki\u00f0 \u00fea\u00f0 \u00ed sundur\u2026 og sett \u00fea\u00f0 aftur saman?<\/p>\n<p dir=\"auto\"><strong>Uppl\u00fdsingar<\/strong><\/p>\n<p dir=\"auto\">Fr\u00e1 h\u00f6fundi:<\/p>\n<p dir=\"auto\">Hugmyndin a\u00f0 \u00feessu \u00feraut kom m\u00e9r \u00feegar \u00e9g var a\u00f0eins 19 \u00e1ra. H\u00fan birtist nokku\u00f0 skyndilega \u00ed kyrrl\u00e1tu vetrarg\u00f6ngu heim um snj\u00f3inn \u2014 sannk\u00f6llu\u00f0 sk\u00f6pun \u00e6sku minnar.<\/p>\n<p dir=\"auto\">A\u00f0 afhj\u00fapa nokku\u00f0 um sm\u00ed\u00f0i \u00feess h\u00e9r myndi \u00fev\u00ed mi\u00f0ur spilla lausninni, svo \u00e9g ver\u00f0 a\u00f0 \u00feegja um \u00fea\u00f0 m\u00e1l.<\/p>\n<p dir=\"auto\">\u00c9g hyggst engan veginn valda vonbrig\u00f0um hj\u00e1 \u00feeim fj\u00f6lm\u00f6rgu a\u00f0d\u00e1endum sem hafa komi\u00f0 til a\u00f0 b\u00faast vi\u00f0 einstaklega erfi\u00f0um \u00ferautir fr\u00e1 m\u00e9r. A\u00f0 lokum eru \u00fea\u00f0 hinir \u00e1hugas\u00f6mu lausnarar sem hafna jafnvel minnstu v\u00edsbendingu sem veita m\u00e9r mesta gle\u00f0i.<\/p>\n<p dir=\"auto\"><strong>Lykilor\u00f0:<\/strong> \u201cn\u00e1l\u201d<\/p>\n<p dir=\"auto\"><strong>Erfi\u00f0leikastig:<\/strong> 6\/6 <strong>Me\u00f0allausnat\u00edmi:<\/strong> 2 klukkustundir \u2013 \u00e6vi<\/p>","protected":false},"excerpt":{"rendered":"<p>Getur\u00f0u teki\u00f0 \u00fea\u00f0 \u00ed sundur\u2026 og sett \u00fea\u00f0 aftur saman?<\/p>","protected":false},"featured_media":1655,"comment_status":"open","ping_status":"closed","template":"","meta":{"_monsterinsights_skip_tracking":false,"_monsterinsights_sitenote_active":false,"_monsterinsights_sitenote_note":"","_monsterinsights_sitenote_category":0},"product_brand":[],"product_cat":[26],"product_tag":[142,153,143,167,168,166,171,172,173,141,170,136,138,140,139,169,805,807,806],"class_list":{"0":"post-1517","1":"product","2":"type-product","3":"status-publish","4":"has-post-thumbnail","6":"product_cat-metal-puzzles","7":"product_tag-brain-teasers","8":"product_tag-brain-teasers-for-adults","9":"product_tag-brainteasers","10":"product_tag-cast-brain-teasers","11":"product_tag-cast-mind-games","12":"product_tag-cast-puzzles","13":"product_tag-cast-puzzles-for-adults","14":"product_tag-hanayama","15":"product_tag-huzzle","16":"product_tag-metal-brain-teasers","17":"product_tag-metal-mind-games","18":"product_tag-metal-puzzles","19":"product_tag-metal-puzzles-for-adults","20":"product_tag-mind-games","21":"product_tag-mind-puzzles","22":"product_tag-mind-puzzles-for-adults","23":"product_tag-news","24":"product_tag-news-cast-puzzle","25":"product_tag-news-puzzle","27":"first","28":"instock","29":"taxable","30":"shipping-taxable","31":"purchasable","32":"product-type-simple"},"jetpack_sharing_enabled":true,"_links":{"self":[{"href":"https:\/\/www.hugspil.is\/is\/wp-json\/wp\/v2\/product\/1517","targetHints":{"allow":["GET"]}}],"collection":[{"href":"https:\/\/www.hugspil.is\/is\/wp-json\/wp\/v2\/product"}],"about":[{"href":"https:\/\/www.hugspil.is\/is\/wp-json\/wp\/v2\/types\/product"}],"replies":[{"embeddable":true,"href":"https:\/\/www.hugspil.is\/is\/wp-json\/wp\/v2\/comments?post=1517"}],"wp:featuredmedia":[{"embeddable":true,"href":"https:\/\/www.hugspil.is\/is\/wp-json\/wp\/v2\/media\/1655"}],"wp:attachment":[{"href":"https:\/\/www.hugspil.is\/is\/wp-json\/wp\/v2\/media?parent=1517"}],"wp:term":[{"taxonomy":"product_brand","embeddable":true,"href":"https:\/\/www.hugspil.is\/is\/wp-json\/wp\/v2\/product_brand?post=1517"},{"taxonomy":"product_cat","embeddable":true,"href":"https:\/\/www.hugspil.is\/is\/wp-json\/wp\/v2\/product_cat?post=1517"},{"taxonomy":"product_tag","embeddable":true,"href":"https:\/\/www.hugspil.is\/is\/wp-json\/wp\/v2\/product_tag?post=1517"}],"curies":[{"name":"wp","href":"https:\/\/api.w.org\/{rel}","templated":true}]}}