{"id":1516,"date":"2026-03-22T16:13:08","date_gmt":"2026-03-22T16:13:08","guid":{"rendered":"https:\/\/www.hugspil.is\/?post_type=product&#038;p=1516"},"modified":"2026-03-25T14:56:51","modified_gmt":"2026-03-25T14:56:51","slug":"vid-og-malmthrautir-5-i-1-great-minds-fyrir-karla","status":"publish","type":"product","link":"https:\/\/www.hugspil.is\/is\/product\/wooden-and-metal-puzzles-set-5-in-1-great-minds-mens\/","title":{"rendered":"TR\u00c9- OG METALLG\u00c1TUSAFN 5 \u00cd 1 \u2013 ST\u00d3RIR HUGAR"},"content":{"rendered":"<p><strong>FR\u00c1B\u00c6RT GJAFASET<\/strong><\/p>\n<p>Munt \u00fe\u00fa geta leyst \u00feetta krefjandi sett af m\u00e1lm- og vi\u00f0arg\u00e1tum?<\/p>\n<p><strong>Stjarna Keplers<\/strong><br \/>\nGetur\u00f0u endurbyggt stj\u00f6rnu Keplers? Johannes Kepler, lykilpers\u00f3na \u00ed stj\u00f6rnufr\u00e6\u00f0i, t\u00f3k eftir ofurnju \u00ed Vetrarbrautinni og athuganir hans leiddu til \u00feess a\u00f0 h\u00fan var nefnd \u201cKeplers stjarna\u201d.<\/p>\n<p><strong>Segulsvi\u00f0 Faradays<\/strong><br \/>\nGetur\u00f0u a\u00f0skili\u00f0 segulsvi\u00f0i\u00f0\u2026 og svo sett \u00fea\u00f0 aftur saman? Enskur v\u00edsindama\u00f0ur sem lag\u00f0i miki\u00f0 af m\u00f6rkum til rafsegulfr\u00e6\u00f0innar, uppfinning Michael Faraday \u00e1 rafsegulv\u00e9lr\u00e6num sn\u00faningsb\u00fana\u00f0i var grundv\u00f6llur rafm\u00f3tort\u00e6kni.<\/p>\n<p><strong>B\u00fana\u00f0ur Franklin<\/strong><br \/>\nGetur\u00f0u endurbyggt flugdreka Franklin? Benjamin Franklin var \u00e1berandi pers\u00f3na \u00ed v\u00edsindalega heiminum fyrir kenningar s\u00ednar um rafmagn. Fr\u00e6gustu tilraun hans f\u00f3lst \u00ed \u00fev\u00ed a\u00f0 l\u00e1ta flugdreka flj\u00faga \u00ed stormi til a\u00f0 sanna a\u00f0 eldingar s\u00e9u rafmagn.<\/p>\n<p><strong>Lj\u00f3s\u00fer\u00e1\u00f0ur Edisons<\/strong><br \/>\nGetur\u00f0u a\u00f0skili\u00f0 lj\u00f3saperuna\u2026 og svo sett hana aftur saman? Thomas Edison \u00fer\u00f3a\u00f0i m\u00f6rg uppfinningar sem h\u00f6f\u00f0u mikil \u00e1hrif \u00e1 l\u00edf um allan heim, \u00fear \u00e1 me\u00f0al f\u00f3n\u00f3grafinn, kvikmyndav\u00e9lina og langl\u00edfan raflj\u00f3saperu.<\/p>\n<p><strong>J\u00e1rnbrautartr\u00e9 Stephenson<\/strong><br \/>\nGetur\u00f0u endurbyggt j\u00e1rnbrautarsporin? Robert Stephenson hj\u00e1lpa\u00f0i til vi\u00f0 a\u00f0 finna upp fyrstu j\u00e1rnbrautarlestina, The Rocket. Hann var\u00f0 s\u00ed\u00f0ar lykilpers\u00f3na \u00ed \u00fat\u00feenslu snemma j\u00e1rnbrautanets Bretlands.<\/p>","protected":false},"excerpt":{"rendered":"<p>&nbsp;<\/p>\n<ul>\n<li>Munt \u00fe\u00fa geta leyst \u00feetta krefjandi sett af m\u00e1lm- og vi\u00f0arg\u00e1tum?<\/li>\n<li><strong>Kepler\u2019s Star,\u00a0<\/strong><strong>Faraday\u2019s Magnetic Field,\u00a0<\/strong><strong>Franklin\u2019s Kit,\u00a0<\/strong><strong>Edison\u2019s Light Filament,\u00a0<\/strong><strong>J\u00e1rnbrautartr\u00e9 Stephenson<\/strong><\/li>\n<\/ul>","protected":false},"featured_media":1649,"comment_status":"open","ping_status":"closed","template":"","meta":{"_monsterinsights_skip_tracking":false,"_monsterinsights_sitenote_active":false,"_monsterinsights_sitenote_note":"","_monsterinsights_sitenote_category":0},"product_brand":[],"product_cat":[26,25],"product_tag":[142,185,143,146,147,141,137,149,136,138,148,140,139,144,145,135,213,150,154,212],"class_list":{"0":"post-1516","1":"product","2":"type-product","3":"status-publish","4":"has-post-thumbnail","6":"product_cat-metal-puzzles","7":"product_cat-wooden-puzzles","8":"product_tag-brain-teasers","9":"product_tag-brain-teasers-for-kids","10":"product_tag-brainteasers","11":"product_tag-educational-brain-teasers","12":"product_tag-educational-games","13":"product_tag-metal-brain-teasers","14":"product_tag-metal-mind-puzzles","15":"product_tag-metal-puzzle-gift-set","16":"product_tag-metal-puzzles","17":"product_tag-metal-puzzles-for-adults","18":"product_tag-metal-puzzles-set","19":"product_tag-mind-games","20":"product_tag-mind-puzzles","21":"product_tag-puzzles-for-adults","22":"product_tag-puzzles-for-kids","23":"product_tag-wire-puzzles","24":"product_tag-wooden-puzzle-gift-set","25":"product_tag-wooden-puzzles","26":"product_tag-wooden-puzzles-for-adults","27":"product_tag-wooden-puzzles-set","29":"first","30":"instock","31":"taxable","32":"shipping-taxable","33":"purchasable","34":"product-type-simple"},"jetpack_sharing_enabled":true,"_links":{"self":[{"href":"https:\/\/www.hugspil.is\/is\/wp-json\/wp\/v2\/product\/1516","targetHints":{"allow":["GET"]}}],"collection":[{"href":"https:\/\/www.hugspil.is\/is\/wp-json\/wp\/v2\/product"}],"about":[{"href":"https:\/\/www.hugspil.is\/is\/wp-json\/wp\/v2\/types\/product"}],"replies":[{"embeddable":true,"href":"https:\/\/www.hugspil.is\/is\/wp-json\/wp\/v2\/comments?post=1516"}],"wp:featuredmedia":[{"embeddable":true,"href":"https:\/\/www.hugspil.is\/is\/wp-json\/wp\/v2\/media\/1649"}],"wp:attachment":[{"href":"https:\/\/www.hugspil.is\/is\/wp-json\/wp\/v2\/media?parent=1516"}],"wp:term":[{"taxonomy":"product_brand","embeddable":true,"href":"https:\/\/www.hugspil.is\/is\/wp-json\/wp\/v2\/product_brand?post=1516"},{"taxonomy":"product_cat","embeddable":true,"href":"https:\/\/www.hugspil.is\/is\/wp-json\/wp\/v2\/product_cat?post=1516"},{"taxonomy":"product_tag","embeddable":true,"href":"https:\/\/www.hugspil.is\/is\/wp-json\/wp\/v2\/product_tag?post=1516"}],"curies":[{"name":"wp","href":"https:\/\/api.w.org\/{rel}","templated":true}]}}