{"id":150,"date":"2026-03-14T14:58:07","date_gmt":"2026-03-14T14:58:07","guid":{"rendered":"https:\/\/www.hugspil.is\/?post_type=product&#038;p=150"},"modified":"2026-03-22T11:12:53","modified_gmt":"2026-03-22T11:12:53","slug":"vindbylldreki-3d-drekathraut","status":"publish","type":"product","link":"https:\/\/www.hugspil.is\/is\/product\/windstorm-dragon-3d-dragon-puzzle\/","title":{"rendered":"Vindbylldreki - 3D P\u00fasl"},"content":{"rendered":"<p dir=\"ltr\">Velkomin til b\u00fasta\u00f0ar viturs og snjalls d\u00fdrs sem g\u00e6ttir \u00f3tal fj\u00e1rsj\u00f3\u00f0a sem \u00fea\u00f0 mun a\u00f0eins afhj\u00fapa fyrir \u00feann sem er n\u00f3gu djarfur til a\u00f0 takast \u00e1 vi\u00f0 v\u00e9lr\u00e6na t\u00f6fra \u00feess! Sj\u00e1i\u00f0 \u2013 hinn gl\u00e6silegi vindstormadrakoni \u00far sj\u00e1lfvirka v\u00e9lmennasafni Ugears er kominn til a\u00f0 pr\u00f3fa vitsmunina og f\u00e6rnina ykkar \u00ed n\u00e6stu v\u00e9lr\u00e6nu l\u00edkan\u00e6vint\u00fdri.<\/p>\n<p dir=\"ltr\">DIY 3D-tr\u00e9verksdrakakubburinn \u2013 Windstorm Dragon \u2013 hefur opi\u00f0 h\u00f6nnunarlag sem gerir \u00fe\u00e9r kleift a\u00f0 sj\u00e1 v\u00e9lr\u00e6na hjarta hans \u2013 g\u00famm\u00edbandsm\u00f3torinn \u2013 sl\u00e1. L\u00edkani\u00f0 er me\u00f0 uppvindingarlykli \u00ed framhluta brj\u00f3stkassans. Til a\u00f0 spenna \u00fea\u00f0 upp skaltu halda drekanum vi\u00f0 l\u00edkama hans og sn\u00faa lyklinum r\u00e9tts\u00e6lis. Losa\u00f0u m\u00f3torinn me\u00f0 \u00fev\u00ed a\u00f0 toga \u00ed r\u00e6sist\u00f6ngina. \u00de\u00e1 hefst t\u00f6frinn: handleggir, f\u00e6tur og jafnvel allur l\u00edkami dreksins munu byrja a\u00f0 hreyfast. Og au\u00f0vita\u00f0 setjast hi\u00f0 st\u00f3rkostlega par af sterkum og fallegum v\u00e6ngjum \u00ed hreyfingu. \u00deetta er s\u00e9rstakur eiginleiki Ugears-drekans \u00fe\u00edns: beinin \u00ed v\u00e6ngjunum eru \u00far vi\u00f0i, en restin er fallega h\u00f6nnu\u00f0, fj\u00f6\u00f0ru\u00f0 papp\u00edrsskur\u00f0myndir. M\u00fdkra og sveigjanlegt efni gerir flugi\u00f0 mj\u00f6g rauns\u00e6tt og skapar svigr\u00fam fyrir \u00fe\u00ednar eigin hugmyndir. L\u00edkani\u00f0 m\u00e1 setja \u00e1 s\u00e9rstakan stand e\u00f0a hengja upp \u00e1 sn\u00e6ri.<\/p>\n<p dir=\"ltr\"><img decoding=\"async\" src=\"https:\/\/cdn.shopify.com\/s\/files\/1\/0588\/2164\/0247\/files\/Windstorm_Dragon_5.png?v=1741160420\" \/><\/p>\n<p dir=\"ltr\"><strong>Eiginleikar Windstorm Dragon:<\/strong><\/p>\n<ul>\n<li dir=\"ltr\">Kn\u00fainn af g\u00famm\u00edbandam\u00f3tor<\/li>\n<li dir=\"ltr\">Lyklinn sem sn\u00fdr er \u00ed kistunni<\/li>\n<li dir=\"ltr\">Rauns\u00e6 hreyfing handleggja, f\u00f3ta, l\u00edkama og v\u00e6ngja<\/li>\n<li dir=\"ltr\">V\u00e6ngirnir eru me\u00f0 tr\u00e9v\u00f6mb og fj\u00f6\u00f0ru\u00f0um papp\u00edrsskur\u00f0armyndum.<\/li>\n<li dir=\"ltr\">Leysirskorin munnhlut og n\u00e1kv\u00e6mur brodd\u00f3ttur hala<\/li>\n<\/ul>\n<p><img decoding=\"async\" src=\"https:\/\/cdn.shopify.com\/s\/files\/1\/0588\/2164\/0247\/files\/Windstorm_Dragon_1.jpg?v=1741160420\" \/><\/p>\n<p dir=\"ltr\"><strong>Eiginleikar sj\u00e1lfvirks tr\u00e9sk\u00falpt\u00fars sem \u00fe\u00fa b\u00fdr\u00f0 til sj\u00e1lfur:<\/strong><\/p>\n<ul>\n<li dir=\"ltr\">Opin h\u00f6nnun s\u00fdnir innri v\u00e9lb\u00fana\u00f0inn.<\/li>\n<li dir=\"ltr\">S\u00e9rst\u00f6k standur og sn\u00farur til upphengingar fylgja me\u00f0.<\/li>\n<li dir=\"ltr\">Setur saman \u00e1n l\u00edms e\u00f0a verkf\u00e6ra<\/li>\n<li dir=\"ltr\">Skref-fyrir-skref lei\u00f0beiningar \u00e1 11 tungum\u00e1lum<\/li>\n<\/ul>\n<p><iframe loading=\"lazy\" title=\"Vindbylldraki. Settu mig saman. Flj\u00fag\u00f0u me\u00f0 m\u00e9r.\" width=\"500\" height=\"281\" src=\"https:\/\/www.youtube.com\/embed\/kOQv0MkBMGM?feature=oembed\" frameborder=\"0\" allow=\"accelerometer; autoplay; clipboard-write; encrypted-media; gyroscope; picture-in-picture; web-share\" referrerpolicy=\"strict-origin-when-cross-origin\" allowfullscreen><\/iframe><\/p>","protected":false},"excerpt":{"rendered":"<p>Welcome to the dwelling of a wise and cunning beast guarding countless treasures he will only reveal to the one bold enough to face his mechanical magic! Behold \u2013 the magnificent Windstorm Dragon of the Ugears\u2019 automatons collection is here to challenge your wits and skills in your next mechanical model adventure. The wooden DIY [&hellip;]<\/p>\n","protected":false},"featured_media":151,"comment_status":"open","ping_status":"closed","template":"","meta":{"_monsterinsights_skip_tracking":false,"_monsterinsights_sitenote_active":false,"_monsterinsights_sitenote_note":"","_monsterinsights_sitenote_category":0},"product_brand":[],"product_cat":[28,29],"product_tag":[],"class_list":{"0":"post-150","1":"product","2":"type-product","3":"status-publish","4":"has-post-thumbnail","6":"product_cat-3d-puzzles","7":"product_cat-fantasy","9":"first","10":"instock","11":"taxable","12":"shipping-taxable","13":"purchasable","14":"product-type-simple"},"jetpack_sharing_enabled":true,"_links":{"self":[{"href":"https:\/\/www.hugspil.is\/is\/wp-json\/wp\/v2\/product\/150","targetHints":{"allow":["GET"]}}],"collection":[{"href":"https:\/\/www.hugspil.is\/is\/wp-json\/wp\/v2\/product"}],"about":[{"href":"https:\/\/www.hugspil.is\/is\/wp-json\/wp\/v2\/types\/product"}],"replies":[{"embeddable":true,"href":"https:\/\/www.hugspil.is\/is\/wp-json\/wp\/v2\/comments?post=150"}],"wp:featuredmedia":[{"embeddable":true,"href":"https:\/\/www.hugspil.is\/is\/wp-json\/wp\/v2\/media\/151"}],"wp:attachment":[{"href":"https:\/\/www.hugspil.is\/is\/wp-json\/wp\/v2\/media?parent=150"}],"wp:term":[{"taxonomy":"product_brand","embeddable":true,"href":"https:\/\/www.hugspil.is\/is\/wp-json\/wp\/v2\/product_brand?post=150"},{"taxonomy":"product_cat","embeddable":true,"href":"https:\/\/www.hugspil.is\/is\/wp-json\/wp\/v2\/product_cat?post=150"},{"taxonomy":"product_tag","embeddable":true,"href":"https:\/\/www.hugspil.is\/is\/wp-json\/wp\/v2\/product_tag?post=150"}],"curies":[{"name":"wp","href":"https:\/\/api.w.org\/{rel}","templated":true}]}}