{"id":1474,"date":"2026-03-22T16:12:43","date_gmt":"2026-03-22T16:12:43","guid":{"rendered":"https:\/\/www.hugspil.is\/?post_type=product&#038;p=1474"},"modified":"2026-03-30T12:48:06","modified_gmt":"2026-03-30T12:48:06","slug":"9-i-1-trepuslusett","status":"publish","type":"product","link":"https:\/\/www.hugspil.is\/is\/product\/9-in-1-wooden-puzzle-set\/","title":{"rendered":"P\u00faslusett \u2013 9 \u00ed 1"},"content":{"rendered":"<p>TR\u00c9RENNINGUR 9 \u00cd 1 Kassa.<\/p>\n<p>Fr\u00e1b\u00e6r sett af 9 vi\u00f0ar p\u00fasl\u00ferautum \u00ed einni kassa. Fr\u00e1b\u00e6rt sem gj\u00f6f e\u00f0a fyrir pers\u00f3nulega safni\u00f0.<\/p>\n<p>S\u00e9rst\u00f6k tr\u00e9kassa \u00far teakvi\u00f0i me\u00f0 bambusloki.<\/p>\n<p><strong>\u00c1SKORUN:\u00a0<\/strong>Taka kubbana \u00ed sundur og setja \u00fe\u00e1 aftur saman. 9 mismunandi kubbar me\u00f0 mismunandi erfi\u00f0leikastigi.<\/p>\n<p><strong>Erfi\u00f0leikar:<\/strong><\/p>\n<ul>\n<li>2 x 2\/6. Me\u00f0allausnart\u00edmi: 10 m\u00edn\u00fatur \u2013 1 dagur.<\/li>\n<li>4 x 3\/6. Me\u00f0allausnart\u00edmi: 20 m\u00edn\u00fatur \u2013 1 vika.<\/li>\n<li>3 x 4\/6. Me\u00f0allausnart\u00edmi: 30 m\u00edn\u00fatur \u2013 30 dagar.<\/li>\n<\/ul>\n<p>Tr\u00e9: Teak\/Samena<\/p>\n<p>St\u00e6r\u00f0ir kassa: 19 x 19 x 8 cm.<\/p>\n<p>Vi\u00f0urst\u00e6\u00f0ur g\u00e1tunnar: 5 x 5 x 5 cm.<\/p>\n<p>Handunni\u00f0 \u00e1 Ta\u00edlandi.<\/p>","protected":false},"excerpt":{"rendered":"<ul>\n<li>Taka kubbana \u00ed sundur og setja \u00fe\u00e1 aftur saman.<\/li>\n<\/ul>","protected":false},"featured_media":1606,"comment_status":"open","ping_status":"closed","template":"","meta":{"_monsterinsights_skip_tracking":false,"_monsterinsights_sitenote_active":false,"_monsterinsights_sitenote_note":"","_monsterinsights_sitenote_category":0},"product_brand":[],"product_cat":[25],"product_tag":[142,153,185,143,146,147,140,139,694,213,150,154,212],"class_list":{"0":"post-1474","1":"product","2":"type-product","3":"status-publish","4":"has-post-thumbnail","6":"product_cat-wooden-puzzles","7":"product_tag-brain-teasers","8":"product_tag-brain-teasers-for-adults","9":"product_tag-brain-teasers-for-kids","10":"product_tag-brainteasers","11":"product_tag-educational-brain-teasers","12":"product_tag-educational-games","13":"product_tag-mind-games","14":"product_tag-mind-puzzles","15":"product_tag-set-wooden-puzzles","16":"product_tag-wooden-puzzle-gift-set","17":"product_tag-wooden-puzzles","18":"product_tag-wooden-puzzles-for-adults","19":"product_tag-wooden-puzzles-set","21":"first","22":"instock","23":"taxable","24":"shipping-taxable","25":"purchasable","26":"product-type-simple"},"jetpack_sharing_enabled":true,"_links":{"self":[{"href":"https:\/\/www.hugspil.is\/is\/wp-json\/wp\/v2\/product\/1474","targetHints":{"allow":["GET"]}}],"collection":[{"href":"https:\/\/www.hugspil.is\/is\/wp-json\/wp\/v2\/product"}],"about":[{"href":"https:\/\/www.hugspil.is\/is\/wp-json\/wp\/v2\/types\/product"}],"replies":[{"embeddable":true,"href":"https:\/\/www.hugspil.is\/is\/wp-json\/wp\/v2\/comments?post=1474"}],"wp:featuredmedia":[{"embeddable":true,"href":"https:\/\/www.hugspil.is\/is\/wp-json\/wp\/v2\/media\/1606"}],"wp:attachment":[{"href":"https:\/\/www.hugspil.is\/is\/wp-json\/wp\/v2\/media?parent=1474"}],"wp:term":[{"taxonomy":"product_brand","embeddable":true,"href":"https:\/\/www.hugspil.is\/is\/wp-json\/wp\/v2\/product_brand?post=1474"},{"taxonomy":"product_cat","embeddable":true,"href":"https:\/\/www.hugspil.is\/is\/wp-json\/wp\/v2\/product_cat?post=1474"},{"taxonomy":"product_tag","embeddable":true,"href":"https:\/\/www.hugspil.is\/is\/wp-json\/wp\/v2\/product_tag?post=1474"}],"curies":[{"name":"wp","href":"https:\/\/api.w.org\/{rel}","templated":true}]}}