{"id":1437,"date":"2026-03-22T16:12:22","date_gmt":"2026-03-22T16:12:22","guid":{"rendered":"https:\/\/www.hugspil.is\/?post_type=product&#038;p=1437"},"modified":"2026-03-29T16:26:12","modified_gmt":"2026-03-29T16:26:12","slug":"nadu-tokum-a-litaprofum-samuraeigatunnar","status":"publish","type":"product","link":"https:\/\/www.hugspil.is\/is\/product\/master-the-samurai-puzzle-color-challenges\/","title":{"rendered":"Sam\u00far\u00e6jag\u00e1tan"},"content":{"rendered":"<p dir=\"auto\" data-rm-block-id=\"block-1\"><strong>Litu\u00f0 Sudoku \u2013 \u00d6fgakenndur vi\u00f0arg\u00e1ta<\/strong><\/p>\n<p dir=\"auto\" data-rm-block-id=\"block-2\"><strong>\u00c1skoranir:<\/strong><\/p>\n<ol dir=\"auto\">\n<li data-rm-block-id=\"block-3\">\u00cd hverri r\u00f6\u00f0 ver\u00f0a allir diskar (hringir) a\u00f0 vera af sama lit.<\/li>\n<li data-rm-block-id=\"block-4\">\u00cd hverri \u00e1tt \u2014 l\u00e1r\u00e9tt, l\u00f3\u00f0r\u00e9tt og b\u00e1\u00f0um sk\u00e1 \u2014 ver\u00f0ur hver hringur a\u00f0 vera af \u00f3l\u00edkum lit.<\/li>\n<\/ol>\n<p dir=\"auto\" data-rm-block-id=\"block-5\">\u00deetta \u00feraut er mun fl\u00f3knara en forverar \u00feess. Hringirnir hafa mismunandi \u00feverm\u00e1l, sem gerir \u00fea\u00f0 s\u00e9rstaklega krefjandi a\u00f0 f\u00e6ra \u00fe\u00e1 \u00ed r\u00e9tta st\u00f6\u00f0u me\u00f0 \u00fev\u00ed a\u00f0 nota eing\u00f6ngu mi\u00f0l\u00e6ga lei\u00f0s\u00f6gn.<\/p>\n<p dir=\"auto\" data-rm-block-id=\"block-6\">S\u00f6nn sam\u00far\u00e6jag\u00e1ta: h\u00fan inniheldur <strong>25 mj\u00f6g erfi\u00f0 verkefni<\/strong>. Banzai!<\/p>\n<p dir=\"auto\" data-rm-block-id=\"block-7\"><strong>Erfi\u00f0leikastig:<\/strong>\u00a0 4\/6 Mj\u00f6g erfitt.<\/p>\n<p dir=\"auto\" data-rm-block-id=\"block-7\"><strong>Me\u00f0al leystingart\u00edmi:<\/strong> 30 m\u00edn\u00fatur \u2013 30 dagar.<\/p>\n<p dir=\"auto\" data-rm-block-id=\"block-8\"><strong>Vi\u00f0mi\u00f0:<\/strong> 13 \u00d7 11 \u00d7 1,4 cm<\/p>\n<p dir=\"auto\" data-rm-block-id=\"block-9\"><strong>Vi\u00f0artegundir sem nota\u00f0ar voru:<\/strong> Sipo, Koto, Maple, Padouk.<\/p>\n<p dir=\"auto\" data-rm-block-id=\"block-10\">Handunni\u00f0 \u00ed \u00de\u00fdskalandi \u00far n\u00e1kv\u00e6mlega leysiskornu vi\u00f0i og Plexigleri.<\/p>\n<p dir=\"auto\" data-rm-block-id=\"block-11\"><strong>Uppl\u00fdsingar um umb\u00fa\u00f0ir:<\/strong> Afhent \u00ed verndandi blisterpakka me\u00f0 litr\u00edkri lei\u00f0beiningarbla\u00f0i. Lausnir fylgja ekki.<\/p>","protected":false},"excerpt":{"rendered":"<p>\u00c1skoranir:<\/p>\n<ul>\n<li>\u00cd hverri r\u00f6\u00f0 ver\u00f0a allir diskar (hringir) a\u00f0 vera af sama lit.<\/li>\n<li>\u00cd hverri \u00e1tt \u2014 l\u00e1r\u00e9tt, l\u00f3\u00f0r\u00e9tt og b\u00e1\u00f0um sk\u00e1 \u2014 ver\u00f0ur hver hringur a\u00f0 vera af \u00f3l\u00edkum lit.<\/li>\n<\/ul>\n<p>DIFFICULTY:\u00a0 4\/6 Very hard.<\/p>","protected":false},"featured_media":1877,"comment_status":"open","ping_status":"closed","template":"","meta":{"_monsterinsights_skip_tracking":false,"_monsterinsights_sitenote_active":false,"_monsterinsights_sitenote_note":"","_monsterinsights_sitenote_category":0},"product_brand":[],"product_cat":[26,25],"product_tag":[],"class_list":{"0":"post-1437","1":"product","2":"type-product","3":"status-publish","4":"has-post-thumbnail","6":"product_cat-metal-puzzles","7":"product_cat-wooden-puzzles","9":"first","10":"instock","11":"taxable","12":"shipping-taxable","13":"purchasable","14":"product-type-simple"},"jetpack_sharing_enabled":true,"_links":{"self":[{"href":"https:\/\/www.hugspil.is\/is\/wp-json\/wp\/v2\/product\/1437","targetHints":{"allow":["GET"]}}],"collection":[{"href":"https:\/\/www.hugspil.is\/is\/wp-json\/wp\/v2\/product"}],"about":[{"href":"https:\/\/www.hugspil.is\/is\/wp-json\/wp\/v2\/types\/product"}],"replies":[{"embeddable":true,"href":"https:\/\/www.hugspil.is\/is\/wp-json\/wp\/v2\/comments?post=1437"}],"wp:featuredmedia":[{"embeddable":true,"href":"https:\/\/www.hugspil.is\/is\/wp-json\/wp\/v2\/media\/1877"}],"wp:attachment":[{"href":"https:\/\/www.hugspil.is\/is\/wp-json\/wp\/v2\/media?parent=1437"}],"wp:term":[{"taxonomy":"product_brand","embeddable":true,"href":"https:\/\/www.hugspil.is\/is\/wp-json\/wp\/v2\/product_brand?post=1437"},{"taxonomy":"product_cat","embeddable":true,"href":"https:\/\/www.hugspil.is\/is\/wp-json\/wp\/v2\/product_cat?post=1437"},{"taxonomy":"product_tag","embeddable":true,"href":"https:\/\/www.hugspil.is\/is\/wp-json\/wp\/v2\/product_tag?post=1437"}],"curies":[{"name":"wp","href":"https:\/\/api.w.org\/{rel}","templated":true}]}}