{"id":1436,"date":"2026-03-22T16:12:22","date_gmt":"2026-03-22T16:12:22","guid":{"rendered":"https:\/\/www.hugspil.is\/?post_type=product&#038;p=1436"},"modified":"2026-03-29T16:14:08","modified_gmt":"2026-03-29T16:14:08","slug":"yosegi-kassi-5-sol-35-1-skref-leynigatukassi","status":"publish","type":"product","link":"https:\/\/www.hugspil.is\/is\/product\/yosegi-box-5-sun-35-1-steps-secret-puzzle-box\/","title":{"rendered":"YOSEGI BOX \u2013 5 SOLAR 35 + 1 SKREF"},"content":{"rendered":"<p dir=\"auto\" data-rm-block-id=\"block-1\"><strong>Leyndard\u00f3msg\u00e1tta \u2013 japanskt Yosegi-innlegg \u00ed 35+1 skrefum\u00a0<\/strong><\/p>\n<p data-rm-block-id=\"block-2\">Handger\u00f0 \u00ed Japan<\/p>\n<p dir=\"auto\" data-rm-block-id=\"block-3\"><strong>\u00c1SKORUN:<\/strong> Opna\u00f0u leyndard\u00f3mskassann.<\/p>\n<p dir=\"auto\" data-rm-block-id=\"block-4\">\u00deessi einkar sjaldg\u00e6fa st\u00f3rforma\u00f0a g\u00e1tubox fr\u00e1 Japan b\u00fd\u00f0ur upp \u00e1 einstaklega krefjandi upplifun me\u00f0 <strong>35 + 1 skref<\/strong> a\u00f0 leysa.<\/p>\n<p dir=\"auto\" data-rm-block-id=\"block-5\">Mj\u00f6g erfitt a\u00f0 leysa \u2014 sannkalla\u00f0 meistaraverk v\u00e9lr\u00e6nnar snillig\u00e1fu.<\/p>\n<p dir=\"auto\" data-rm-block-id=\"block-6\"><strong>Erfi\u00f0leikastig:<\/strong>\u00a04\/6 <strong>Me\u00f0allausnat\u00edmi:<\/strong> 30 m\u00edn\u00fatur \u2013 30 dagar<\/p>\n<p dir=\"auto\" data-rm-block-id=\"block-7\">Almennt tali\u00f0 vera fallegasta g\u00e1tuboxi\u00f0 \u00ed safni okkar, sker \u00feetta stykki sig \u00far fyrir f\u00e1gun og fl\u00e6kjustig.<\/p>\n<p dir=\"auto\" data-rm-block-id=\"block-8\">Handunni\u00f0 \u00e1 b\u00f6kkum Ashi-vatns \u00ed Japan af meistara handverksm\u00f6nnum \u00ed \u00feorpi sem er \u00feekkt fyrir hef\u00f0bundna innl\u00edmun sem spannar um 300 \u00e1r. \u00dea\u00f0 getur h\u00fdst d\u00fdrm\u00e6tan gj\u00f6f \u00e1 disk\u00f3ran h\u00e1tt, en \u00fea\u00f0 er jafn gl\u00e6silegt \u00feegar \u00fea\u00f0 er gefi\u00f0 t\u00f3mt \u2014 kassinn sj\u00e1lfur er \u00feegar gl\u00e6silegt skartgrip og snjallt \u00ferautaspil.<\/p>\n<p dir=\"auto\" data-rm-block-id=\"block-9\"><strong>Vi\u00f0mi\u00f0:<\/strong> 15 \u00d7 10 \u00d7 7 cm <strong>Innra r\u00fdmi:<\/strong> 100 \u00d7 40 \u00d7 75 mm<\/p>\n<p dir=\"auto\" data-rm-block-id=\"block-10\"><strong>Uppl\u00fdsingar um umb\u00fa\u00f0ir:<\/strong> Afhent \u00ed verndandi blisterp\u00f6kk og gl\u00e6silega vafi\u00f0 \u00ed hef\u00f0bundnu jap\u00f6nsku papp\u00edri.<\/p>\n<p dir=\"auto\" data-rm-block-id=\"block-11\"><strong>Um Yosegi-innlima\u00f0 vinnu<\/strong><\/p>\n<p dir=\"auto\" data-rm-block-id=\"block-12\">Yosegi-innlegg, sem einkennir Hakone-sv\u00e6\u00f0i\u00f0 vi\u00f0 Lake Ashi, er sag\u00f0ur hafa veri\u00f0 \u00fer\u00f3a\u00f0ur af Nihei Ishikawa \u00e1 s\u00ed\u00f0ustu \u00e1rum Edo-t\u00edmabilsins (1603\u20131868). \u00deessi f\u00e1ga\u00f0a tr\u00e9sm\u00ed\u00f0at\u00e6kni dregur fram f\u00ednlegan fegur\u00f0 n\u00e1tt\u00farulegra vi\u00f0ar\u00e6\u00f0ra og lita \u00ed fl\u00f3knum r\u00famfr\u00e6\u00f0ilegum mynstrum. T\u00e6knin hefur gengi\u00f0 milli kynsl\u00f3\u00f0a og er ein af f\u00ednustu listum japanskra tr\u00e9sm\u00ed\u00f0a. S\u00fa sama vandlega sl\u00edpunarferli sem nota\u00f0 er til a\u00f0 b\u00faa til \u00feessa mynsturtr\u00e9bakka, kassa og sk\u00faffa skapar hin einkennandi og heillandi mynstur sem finnast \u00ed hverju Yosegi-verki.<\/p>","protected":false},"excerpt":{"rendered":"<ul>\n<li>Opna\u00f0u leyndard\u00f3mskassann.<\/li>\n<\/ul>","protected":false},"featured_media":1588,"comment_status":"open","ping_status":"closed","template":"","meta":{"_monsterinsights_skip_tracking":false,"_monsterinsights_sitenote_active":false,"_monsterinsights_sitenote_note":"","_monsterinsights_sitenote_category":0},"product_brand":[],"product_cat":[25],"product_tag":[],"class_list":{"0":"post-1436","1":"product","2":"type-product","3":"status-publish","4":"has-post-thumbnail","6":"product_cat-wooden-puzzles","8":"first","9":"instock","10":"taxable","11":"shipping-taxable","12":"purchasable","13":"product-type-simple"},"jetpack_sharing_enabled":true,"_links":{"self":[{"href":"https:\/\/www.hugspil.is\/is\/wp-json\/wp\/v2\/product\/1436","targetHints":{"allow":["GET"]}}],"collection":[{"href":"https:\/\/www.hugspil.is\/is\/wp-json\/wp\/v2\/product"}],"about":[{"href":"https:\/\/www.hugspil.is\/is\/wp-json\/wp\/v2\/types\/product"}],"replies":[{"embeddable":true,"href":"https:\/\/www.hugspil.is\/is\/wp-json\/wp\/v2\/comments?post=1436"}],"wp:featuredmedia":[{"embeddable":true,"href":"https:\/\/www.hugspil.is\/is\/wp-json\/wp\/v2\/media\/1588"}],"wp:attachment":[{"href":"https:\/\/www.hugspil.is\/is\/wp-json\/wp\/v2\/media?parent=1436"}],"wp:term":[{"taxonomy":"product_brand","embeddable":true,"href":"https:\/\/www.hugspil.is\/is\/wp-json\/wp\/v2\/product_brand?post=1436"},{"taxonomy":"product_cat","embeddable":true,"href":"https:\/\/www.hugspil.is\/is\/wp-json\/wp\/v2\/product_cat?post=1436"},{"taxonomy":"product_tag","embeddable":true,"href":"https:\/\/www.hugspil.is\/is\/wp-json\/wp\/v2\/product_tag?post=1436"}],"curies":[{"name":"wp","href":"https:\/\/api.w.org\/{rel}","templated":true}]}}