{"id":1435,"date":"2026-03-22T16:12:22","date_gmt":"2026-03-22T16:12:22","guid":{"rendered":"https:\/\/www.hugspil.is\/?post_type=product&#038;p=1435"},"modified":"2026-03-30T14:40:50","modified_gmt":"2026-03-30T14:40:50","slug":"flokid-oruggt-m-xl-langt-flokid-oruggt-gatan","status":"publish","type":"product","link":"https:\/\/www.hugspil.is\/is\/product\/tricky-safe-m-xl-long-tricky-safe-puzzle\/","title":{"rendered":"TRICKY \u00f6ruggt"},"content":{"rendered":"<p dir=\"auto\"><strong>MAXI Safe me\u00f0 f\u00f6r\u00f0un \u2013 tr\u00e9spjaldabanki<\/strong><\/p>\n<p dir=\"auto\"><strong>\u00c1SKORUN:<\/strong> Losa\u00f0u bankase\u00f0ilinn e\u00f0a sm\u00e1hlutina sem falin eru bak vi\u00f0 glerpl\u00f6tuna. N\u00fa er kominn t\u00edmi til a\u00f0 h\u00e6tta a\u00f0 nota gamla sparigr\u00edsinn!<\/p>\n<p dir=\"auto\">Slepptu pl\u00f6tunni sem lokar glerinu, a\u00f0eins til a\u00f0 uppg\u00f6tva a\u00f0 \u00f6ruggi\u00f0 er enn \u00f6rugglega l\u00e6st me\u00f0 snj\u00f6llum, falnum t\u00e6knil\u00e6singi. Lykillinn er falinn inn \u00ed v\u00e9lb\u00fana\u00f0inum \u2014 \u00f3s\u00fdnilegur og \u00f3hreyfanlegur \u2014 sem gerir \u00feessa g\u00e1tu einstaklega erfi\u00f0a til a\u00f0 leysa.<\/p>\n<p dir=\"auto\"><strong>Erfi\u00f0leikastig:<\/strong> 5\/6 <strong>Me\u00f0allausnat\u00edmi:<\/strong> 1 klst \u2013 1 \u00e1r<\/p>\n<p dir=\"auto\">Handunni\u00f0 \u00e1 Ta\u00edlandi \u00far \u00farvals teak- og Samena-vi\u00f0i.<\/p>\n<p dir=\"auto\"><strong>Athugi\u00f0:<\/strong> Lausnin er ekki innifalin til a\u00f0 framlengja \u00e1n\u00e6gju \u00fe\u00edna og \u00e1skorun.<\/p>","protected":false},"excerpt":{"rendered":"<p>Losa\u00f0u se\u00f0ilinn e\u00f0a sm\u00e1hlutina \u00far \u00feessum leynikassa me\u00f0 gleri.<\/p>","protected":false},"featured_media":1578,"comment_status":"open","ping_status":"closed","template":"","meta":{"_monsterinsights_skip_tracking":false,"_monsterinsights_sitenote_active":false,"_monsterinsights_sitenote_note":"","_monsterinsights_sitenote_category":0},"product_brand":[],"product_cat":[25],"product_tag":[],"class_list":{"0":"post-1435","1":"product","2":"type-product","3":"status-publish","4":"has-post-thumbnail","6":"product_cat-wooden-puzzles","8":"first","9":"instock","10":"taxable","11":"shipping-taxable","12":"purchasable","13":"product-type-simple"},"jetpack_sharing_enabled":true,"_links":{"self":[{"href":"https:\/\/www.hugspil.is\/is\/wp-json\/wp\/v2\/product\/1435","targetHints":{"allow":["GET"]}}],"collection":[{"href":"https:\/\/www.hugspil.is\/is\/wp-json\/wp\/v2\/product"}],"about":[{"href":"https:\/\/www.hugspil.is\/is\/wp-json\/wp\/v2\/types\/product"}],"replies":[{"embeddable":true,"href":"https:\/\/www.hugspil.is\/is\/wp-json\/wp\/v2\/comments?post=1435"}],"wp:featuredmedia":[{"embeddable":true,"href":"https:\/\/www.hugspil.is\/is\/wp-json\/wp\/v2\/media\/1578"}],"wp:attachment":[{"href":"https:\/\/www.hugspil.is\/is\/wp-json\/wp\/v2\/media?parent=1435"}],"wp:term":[{"taxonomy":"product_brand","embeddable":true,"href":"https:\/\/www.hugspil.is\/is\/wp-json\/wp\/v2\/product_brand?post=1435"},{"taxonomy":"product_cat","embeddable":true,"href":"https:\/\/www.hugspil.is\/is\/wp-json\/wp\/v2\/product_cat?post=1435"},{"taxonomy":"product_tag","embeddable":true,"href":"https:\/\/www.hugspil.is\/is\/wp-json\/wp\/v2\/product_tag?post=1435"}],"curies":[{"name":"wp","href":"https:\/\/api.w.org\/{rel}","templated":true}]}}