{"id":1433,"date":"2026-03-22T16:12:22","date_gmt":"2026-03-22T16:12:22","guid":{"rendered":"https:\/\/www.hugspil.is\/?post_type=product&#038;p=1433"},"modified":"2026-03-25T15:10:52","modified_gmt":"2026-03-25T15:10:52","slug":"kronujarn-gatulas","status":"publish","type":"product","link":"https:\/\/www.hugspil.is\/is\/product\/crown-iron-puzzle-lock\/","title":{"rendered":"Kr\u00f3na j\u00e1rn g\u00e1tul\u00e1s"},"content":{"rendered":"<p dir=\"auto\" data-rm-block-id=\"block-1\"><strong>Voidlock \u2013 m\u00e1lm\u00fatg\u00e1fa<\/strong><\/p>\n<p dir=\"auto\" data-rm-block-id=\"block-2\">Upplif\u00f0u hinn klass\u00edska Voidlock-g\u00e1tur, n\u00fa meistaralega sm\u00ed\u00f0a\u00f0an \u00far mass\u00edf m\u00e1lmi. Ekki missa af \u00feessari \u00farvals\u00fatg\u00e1fu af einni t\u00e1knr\u00e6nustu h\u00f6nnun Jean-Claude Constantin.<\/p>\n<p dir=\"auto\" data-rm-block-id=\"block-3\"><strong>\u00c1skorun:<\/strong> Opna\u00f0u ra\u00f0l\u00e1sinn \u00far m\u00e1lmi. Sumir hlutar krefjast \u00fer\u00fdstings til a\u00f0 renna vegna \u00fer\u00f6ngra \u00feolanna \u2014 \u00feetta er viljandi og hluti af \u00e1skoruninni. Hver og einn l\u00e1s hefur veri\u00f0 pr\u00f3fa\u00f0ur s\u00e9rstaklega og er fullkomlega leysanlegur.<\/p>\n<p dir=\"auto\" data-rm-block-id=\"block-4\">Fr\u00e6su\u00f0 \u00far mass\u00edfum m\u00e1lmi er \u00feessi st\u00f3ra og trausta gildrusl\u00e1s mun fl\u00f3knari en h\u00fan s\u00fdnist vi\u00f0 fyrstu s\u00fdn. \u00d3l\u00edkt hef\u00f0bundnum l\u00e1sum hefur h\u00fan enga hef\u00f0bundna lykl. Til a\u00f0 leysa hana \u00fearf n\u00e1kv\u00e6ma athugun, r\u00f6kr\u00e9na hugsun og n\u00e1kv\u00e6ma me\u00f0fer\u00f0 til a\u00f0 uppg\u00f6tva falda v\u00e9lb\u00fana\u00f0inn hennar.<\/p>\n<p dir=\"auto\" data-rm-block-id=\"block-5\">Gl\u00e6sileg h\u00f6nnun \u00feess endurspeglar fallega hugtaki\u00f0 \u201ct\u00f3mar\u00fam\u201d \u00ed nafninu og gerir \u00fea\u00f0 b\u00e6\u00f0i a\u00f0 \u00e1berandi safngripi og krefjandi hugr\u00e6nni \u00feraut.<\/p>\n<p dir=\"auto\" data-rm-block-id=\"block-6\">Evergreen upp\u00e1hald me\u00f0al hinna fj\u00f6lm\u00f6rgu snj\u00f6llu g\u00e1tan sem hinn fr\u00e6gi \u00fe\u00fdski h\u00f6nnu\u00f0ur Jean-Claude Constantin skapa\u00f0i.<\/p>\n<p dir=\"auto\" data-rm-block-id=\"block-7\"><strong>Erfi\u00f0leikastig:<\/strong> 4\/6 <strong>Me\u00f0allausnart\u00edmi:<\/strong> 30 m\u00edn\u00fatur \u2013 30 dagar<\/p>\n<p dir=\"auto\" data-rm-block-id=\"block-8\"><strong>Vi\u00f0mi\u00f0:<\/strong> Um \u00fea\u00f0 bil 10,3 \u00d7 14,5 \u00d7 8,3 cm (4,1 \u00d7 5,7 \u00d7 3,3 tommur) <strong>\u00deyngd:<\/strong> Um \u00fea\u00f0 bil 1,25 kg (2,75 pund)<\/p>\n<p dir=\"auto\" data-rm-block-id=\"block-9\">Handunni\u00f0 \u00far mass\u00edf m\u00e1lmi af Jean-Claude Constantin \u00ed \u00de\u00fdskalandi.<\/p>\n<p dir=\"auto\" data-rm-block-id=\"block-10\">Jean-Claude Constantin er mj\u00f6g virtur \u00fe\u00fdskur \u00ferautah\u00f6nnu\u00f0ur og framlei\u00f0andi, \u00feekktur fyrir fram\u00farskarandi vi\u00f0ar- og m\u00e1lm\u00ferautir, t\u00f6frabr\u00f6g\u00f0 og vitsmunalega leiki.<\/p>\n<p dir=\"auto\" data-rm-block-id=\"block-11\"><strong>Uppl\u00fdsingar um umb\u00fa\u00f0ir:<\/strong> Afhent \u00ed verndandi blisterp\u00f6kk me\u00f0 litr\u00edkri lei\u00f0beiningarbla\u00f0i.<\/p>","protected":false},"excerpt":{"rendered":"<ul>\n<li><strong>\u00c1skorun:<\/strong> Opna\u00f0u ra\u00f0l\u00e1sinn \u00far m\u00e1lmi. Sumir hlutar krefjast \u00fer\u00fdstings til a\u00f0 renna vegna \u00fer\u00f6ngra \u00feolanna \u2014 \u00feetta er viljandi og hluti af \u00e1skoruninni. Hver og einn l\u00e1s hefur veri\u00f0 pr\u00f3fa\u00f0ur s\u00e9rstaklega og er fullkomlega leysanlegur.<\/li>\n<\/ul>","protected":false},"featured_media":1570,"comment_status":"open","ping_status":"closed","template":"","meta":{"_monsterinsights_skip_tracking":false,"_monsterinsights_sitenote_active":false,"_monsterinsights_sitenote_note":"","_monsterinsights_sitenote_category":0},"product_brand":[],"product_cat":[26],"product_tag":[],"class_list":{"0":"post-1433","1":"product","2":"type-product","3":"status-publish","4":"has-post-thumbnail","6":"product_cat-metal-puzzles","8":"first","9":"instock","10":"taxable","11":"shipping-taxable","12":"purchasable","13":"product-type-simple"},"jetpack_sharing_enabled":true,"_links":{"self":[{"href":"https:\/\/www.hugspil.is\/is\/wp-json\/wp\/v2\/product\/1433","targetHints":{"allow":["GET"]}}],"collection":[{"href":"https:\/\/www.hugspil.is\/is\/wp-json\/wp\/v2\/product"}],"about":[{"href":"https:\/\/www.hugspil.is\/is\/wp-json\/wp\/v2\/types\/product"}],"replies":[{"embeddable":true,"href":"https:\/\/www.hugspil.is\/is\/wp-json\/wp\/v2\/comments?post=1433"}],"wp:featuredmedia":[{"embeddable":true,"href":"https:\/\/www.hugspil.is\/is\/wp-json\/wp\/v2\/media\/1570"}],"wp:attachment":[{"href":"https:\/\/www.hugspil.is\/is\/wp-json\/wp\/v2\/media?parent=1433"}],"wp:term":[{"taxonomy":"product_brand","embeddable":true,"href":"https:\/\/www.hugspil.is\/is\/wp-json\/wp\/v2\/product_brand?post=1433"},{"taxonomy":"product_cat","embeddable":true,"href":"https:\/\/www.hugspil.is\/is\/wp-json\/wp\/v2\/product_cat?post=1433"},{"taxonomy":"product_tag","embeddable":true,"href":"https:\/\/www.hugspil.is\/is\/wp-json\/wp\/v2\/product_tag?post=1433"}],"curies":[{"name":"wp","href":"https:\/\/api.w.org\/{rel}","templated":true}]}}