{"id":1347,"date":"2026-03-22T16:11:35","date_gmt":"2026-03-22T16:11:35","guid":{"rendered":"https:\/\/www.hugspil.is\/?post_type=product&#038;p=1347"},"modified":"2026-03-31T06:32:41","modified_gmt":"2026-03-31T06:32:41","slug":"elypsan-eftir-leonardo-elypsuthraut","status":"publish","type":"product","link":"https:\/\/www.hugspil.is\/is\/product\/the-ellipse-of-leonardo-ellipse-puzzle\/","title":{"rendered":"Elypsa Leonardo"},"content":{"rendered":"<p dir=\"auto\" data-rm-block-id=\"block-1\"><strong>Ellips\u00f3graf \u2013 spor\u00f6skjug\u00e1tan eftir Leonardo da Vinci<\/strong><\/p>\n<p dir=\"auto\" data-rm-block-id=\"block-2\">Vi\u00f0 \u00feurftum a\u00f0 b\u00ed\u00f0a \u00fear til Johannes Kepler setti fram l\u00f6gm\u00e1l s\u00edn snemma \u00e1 17. \u00f6ld til a\u00f0 skilja raunverulega spor\u00f6skjulaga hreyfingu reikistjarnanna. En \u00fea\u00f0 vir\u00f0ist sem Leonardo da Vinci hafi \u00feegar s\u00e9\u00f0 \u00feetta fyrir aldir s\u00ed\u00f0ar. Me\u00f0al margra eftirtektarver\u00f0ra uppfinninga hans var t\u00e6ki sem kalla\u00f0 var <strong>ellips\u00f3graf<\/strong> \u2014 t\u00e6ki sem getur teikna\u00f0 fullkomnar sporbaugar.<\/p>\n<p dir=\"auto\" data-rm-block-id=\"block-3\"><strong>\u00c1SKORUN:<\/strong> Taka sundur og setja saman aftur spor\u00f6skjuna, sem samanstendur af t\u00f3lf n\u00e1kv\u00e6mlega felldum hlutum.<\/p>\n<p dir=\"auto\" data-rm-block-id=\"block-4\"><strong>Erfi\u00f0leikastig:<\/strong> 4\/6 <strong>Me\u00f0al leystingart\u00edmi:<\/strong> 30 m\u00edn\u00fatur \u2013 30 dagar<\/p>\n<p dir=\"auto\" data-rm-block-id=\"block-5\">Handunni\u00f0 \u00e1 Ta\u00edlandi \u00far \u00farvals teak- og Samena-vi\u00f0i.<\/p>\n<p dir=\"auto\" data-rm-block-id=\"block-6\"><strong>Vi\u00f0mi\u00f0:<\/strong> 10 \u00d7 6,2 \u00d7 6,2 cm<\/p>","protected":false},"excerpt":{"rendered":"<p><strong>\u00c1skorun<\/strong>: Disassemble and reassemble the ellipse, made up of 12 component parts.<\/p>","protected":false},"featured_media":1508,"comment_status":"open","ping_status":"closed","template":"","meta":{"_monsterinsights_skip_tracking":false,"_monsterinsights_sitenote_active":false,"_monsterinsights_sitenote_note":"","_monsterinsights_sitenote_category":0},"product_brand":[],"product_cat":[25],"product_tag":[377,380,331,290,381,181,147,315,378,140,379,314,152,47,307],"class_list":{"0":"post-1347","1":"product","2":"type-product","3":"status-publish","4":"has-post-thumbnail","6":"product_cat-wooden-puzzles","7":"product_tag-3d-brain-teaser","8":"product_tag-3d-puzzle-for-adults","9":"product_tag-3d-puzzles","10":"product_tag-3d-wooden-puzzle","11":"product_tag-3d-wooden-puzzle-for-adults","12":"product_tag-brain-teaser","13":"product_tag-educational-games","14":"product_tag-educational-puzzle","15":"product_tag-intelligence-games","16":"product_tag-mind-games","17":"product_tag-puzzle-for-adults","18":"product_tag-puzzle-for-kids","19":"product_tag-puzzles","20":"product_tag-wooden-puzzle","21":"product_tag-wooden-puzzle-for-adults","23":"first","24":"instock","25":"taxable","26":"shipping-taxable","27":"purchasable","28":"product-type-simple"},"jetpack_sharing_enabled":true,"_links":{"self":[{"href":"https:\/\/www.hugspil.is\/is\/wp-json\/wp\/v2\/product\/1347","targetHints":{"allow":["GET"]}}],"collection":[{"href":"https:\/\/www.hugspil.is\/is\/wp-json\/wp\/v2\/product"}],"about":[{"href":"https:\/\/www.hugspil.is\/is\/wp-json\/wp\/v2\/types\/product"}],"replies":[{"embeddable":true,"href":"https:\/\/www.hugspil.is\/is\/wp-json\/wp\/v2\/comments?post=1347"}],"wp:featuredmedia":[{"embeddable":true,"href":"https:\/\/www.hugspil.is\/is\/wp-json\/wp\/v2\/media\/1508"}],"wp:attachment":[{"href":"https:\/\/www.hugspil.is\/is\/wp-json\/wp\/v2\/media?parent=1347"}],"wp:term":[{"taxonomy":"product_brand","embeddable":true,"href":"https:\/\/www.hugspil.is\/is\/wp-json\/wp\/v2\/product_brand?post=1347"},{"taxonomy":"product_cat","embeddable":true,"href":"https:\/\/www.hugspil.is\/is\/wp-json\/wp\/v2\/product_cat?post=1347"},{"taxonomy":"product_tag","embeddable":true,"href":"https:\/\/www.hugspil.is\/is\/wp-json\/wp\/v2\/product_tag?post=1347"}],"curies":[{"name":"wp","href":"https:\/\/api.w.org\/{rel}","templated":true}]}}