{"id":1345,"date":"2026-03-22T16:11:35","date_gmt":"2026-03-22T16:11:35","guid":{"rendered":"https:\/\/www.hugspil.is\/?post_type=product&#038;p=1345"},"modified":"2026-03-30T12:58:34","modified_gmt":"2026-03-30T12:58:34","slug":"kannadu-veiruna-i-kassa-gatuleikskeppni-veiruna-i-kassa-gata","status":"publish","type":"product","link":"https:\/\/www.hugspil.is\/is\/product\/exploring-virus-in-the-box-puzzle-challenge-virus-in-the-box-puzzle\/","title":{"rendered":"VEIRA \u00cd KASSANUM"},"content":{"rendered":"<p>3 mismunandi \u00e1skoranir \u00ed einu \u00feraut!<\/p>\n<p><strong>\u00c1skorun<\/strong>Inni \u00ed kassanum finnur \u00fe\u00fa 15 hluta skipt \u00ed \u00ferj\u00e1 mismunandi liti. Fyrir hvern lit skaltu reyna a\u00f0 setja alla samsvarandi hluti inn \u00ed rammann.<\/p>\n<p>Ekki n\u00f3g enn\u00fe\u00e1? J\u00e6ja, \u00fe\u00fa ert heppinn, \u00fev\u00ed \u00feegar \u00fe\u00fa hefur sta\u00f0ist \u00ferj\u00e1r pr\u00f3fanirnar \u00fearftu a\u00f0 setja \u00f6ll fimmt\u00e1n stykkin aftur \u00ed rammann til a\u00f0 loka kassanum. Pr\u00f3f sem \u00fer\u00f3ast \u00ed \u00feri\u00f0ju v\u00edddinni!<\/p>\n<p><strong>Erfi\u00f0leikastig<\/strong>: 4\/6 *. Me\u00f0allausnart\u00edmi: 30 m\u00edn\u00fatur \u2013 30 dagar.<\/p>\n<p><strong>Vi\u00f0mi\u00f0<\/strong>: 6,7 x 6,7 x 6 cm<\/p>\n<p>Handunni\u00f0 \u00ed \u00de\u00fdskalandi af Jean-Claude Constantin.<br \/>\nJean-Claude Constantin b\u00fdr \u00ed \u00de\u00fdskalandi, \u00fear sem hann h\u00f6nnar og framlei\u00f0ir \u00fdmsar vi\u00f0ar- og m\u00e1lm\u00ferautir, auk snillingslistar.<\/p>\n<p>Lausnir ekki innifaldar<\/p>\n<p>Tilkynnt erfi\u00f0leikastig og lausnart\u00edmi eru til vi\u00f0mi\u00f0unar. S\u00e9rfr\u00e6\u00f0ingar g\u00e1tu leyst g\u00e1tuna \u00e1 skemmri t\u00edma.<\/p>","protected":false},"excerpt":{"rendered":"<p>Ra\u00f0i\u00f0 hlutana af einum lit innan \u00ed kassanum, og geri\u00f0 \u00fea\u00f0 sama fyrir hin tvo liti. S\u00ed\u00f0asta \u00e1skorunin er a\u00f0 f\u00e6ra alla 15 hlutana innan rammans til a\u00f0 kassinn lokist.<\/p>","protected":false},"featured_media":1501,"comment_status":"open","ping_status":"closed","template":"","meta":{"_monsterinsights_skip_tracking":false,"_monsterinsights_sitenote_active":false,"_monsterinsights_sitenote_note":"","_monsterinsights_sitenote_category":0},"product_brand":[],"product_cat":[25],"product_tag":[158,142,153,143,165,164,162,156,157,140,139,161,65,48,155,163,159,160,150,154],"class_list":{"0":"post-1345","1":"product","2":"type-product","3":"status-publish","4":"has-post-thumbnail","6":"product_cat-wooden-puzzles","7":"product_tag-brain-teaser-box","8":"product_tag-brain-teasers","9":"product_tag-brain-teasers-for-adults","10":"product_tag-brainteasers","11":"product_tag-gift-box","12":"product_tag-gift-case","13":"product_tag-jewelry-box","14":"product_tag-magic-box","15":"product_tag-magic-case","16":"product_tag-mind-games","17":"product_tag-mind-puzzles","18":"product_tag-money-box","19":"product_tag-puzzle-box","20":"product_tag-secret-box","21":"product_tag-secret-case","22":"product_tag-secret-drawer","23":"product_tag-tricky-box","24":"product_tag-tricky-safe","25":"product_tag-wooden-puzzles","26":"product_tag-wooden-puzzles-for-adults","28":"first","29":"instock","30":"taxable","31":"shipping-taxable","32":"purchasable","33":"product-type-simple"},"jetpack_sharing_enabled":true,"_links":{"self":[{"href":"https:\/\/www.hugspil.is\/is\/wp-json\/wp\/v2\/product\/1345","targetHints":{"allow":["GET"]}}],"collection":[{"href":"https:\/\/www.hugspil.is\/is\/wp-json\/wp\/v2\/product"}],"about":[{"href":"https:\/\/www.hugspil.is\/is\/wp-json\/wp\/v2\/types\/product"}],"replies":[{"embeddable":true,"href":"https:\/\/www.hugspil.is\/is\/wp-json\/wp\/v2\/comments?post=1345"}],"wp:featuredmedia":[{"embeddable":true,"href":"https:\/\/www.hugspil.is\/is\/wp-json\/wp\/v2\/media\/1501"}],"wp:attachment":[{"href":"https:\/\/www.hugspil.is\/is\/wp-json\/wp\/v2\/media?parent=1345"}],"wp:term":[{"taxonomy":"product_brand","embeddable":true,"href":"https:\/\/www.hugspil.is\/is\/wp-json\/wp\/v2\/product_brand?post=1345"},{"taxonomy":"product_cat","embeddable":true,"href":"https:\/\/www.hugspil.is\/is\/wp-json\/wp\/v2\/product_cat?post=1345"},{"taxonomy":"product_tag","embeddable":true,"href":"https:\/\/www.hugspil.is\/is\/wp-json\/wp\/v2\/product_tag?post=1345"}],"curies":[{"name":"wp","href":"https:\/\/api.w.org\/{rel}","templated":true}]}}