{"id":1341,"date":"2026-03-22T16:11:35","date_gmt":"2026-03-22T16:11:35","guid":{"rendered":"https:\/\/www.hugspil.is\/?post_type=product&#038;p=1341"},"modified":"2026-04-03T13:02:24","modified_gmt":"2026-04-03T13:02:24","slug":"mandala-gatan-ljonid","status":"publish","type":"product","link":"https:\/\/www.hugspil.is\/is\/product\/mandala-puzzles-the-lion\/","title":{"rendered":"Mandala-g\u00e1tur \u2013 Lj\u00f3ninn"},"content":{"rendered":"<p data-rm-block-id=\"block-1\"><strong>\u00c1stand: Opinn kassi.<\/strong><\/p>\n<p data-rm-block-id=\"block-1\">\u00dea\u00f0 er n\u00fa vita\u00f0 a\u00f0 <strong>Mandalar<\/strong> Eiga nokkra kosti. Jungur t\u00f3k \u00fea\u00f0 einnig eftir, hann var s\u00e1 fyrsti sem kynnti \u00feau fyrir s\u00e1lfr\u00e6\u00f0i.<br \/>\n\u00deessar tilteknu h\u00f6nnunar geta hj\u00e1lpa\u00f0 okkur a\u00f0 huglei\u00f0a, slaka \u00e1 og \u00e1tta okkur \u00e1 tilvist reglu \u00e1 t\u00edmum ringulrei\u00f0ar \u00ed kringum okkur og innan okkar.<\/p>\n<p data-rm-block-id=\"block-2\"><strong>\u00c1skorun<\/strong>: a\u00f0 setja saman mynd lj\u00f3nsins \u00far \u00edhlutunum.<\/p>\n<p data-rm-block-id=\"block-3\">Sumir hlutar p\u00faslsins eru sj\u00e1lfir litlar d\u00fdralaga f\u00edg\u00farur.<\/p>\n<p data-rm-block-id=\"block-4\">121 heildarstykki.<\/p>\n<p data-rm-block-id=\"block-5\"><strong>Efni<\/strong>: sp\u00f3naplata af h\u00e1um g\u00e6\u00f0um<\/p>","protected":false},"excerpt":{"rendered":"<ul>\n<li>Settu saman mynd af lj\u00f3ninu \u00far hlutabrotunum.<\/li>\n<\/ul>","protected":false},"featured_media":1479,"comment_status":"open","ping_status":"closed","template":"","meta":{"_monsterinsights_skip_tracking":false,"_monsterinsights_sitenote_active":false,"_monsterinsights_sitenote_note":"","_monsterinsights_sitenote_category":0},"product_brand":[],"product_cat":[27,25],"product_tag":[142,153,185,143,146,147,233,344,343,140,139,277,150,154],"class_list":{"0":"post-1341","1":"product","2":"type-product","3":"status-publish","4":"has-post-thumbnail","6":"product_cat-jigsaw-puzzles","7":"product_cat-wooden-puzzles","8":"product_tag-brain-teasers","9":"product_tag-brain-teasers-for-adults","10":"product_tag-brain-teasers-for-kids","11":"product_tag-brainteasers","12":"product_tag-educational-brain-teasers","13":"product_tag-educational-games","14":"product_tag-jigsaw-puzzle","15":"product_tag-mandala","16":"product_tag-mandala-puzzle","17":"product_tag-mind-games","18":"product_tag-mind-puzzles","19":"product_tag-puzzles-2d","20":"product_tag-wooden-puzzles","21":"product_tag-wooden-puzzles-for-adults","23":"first","24":"instock","25":"sale","26":"taxable","27":"shipping-taxable","28":"purchasable","29":"product-type-simple"},"jetpack_sharing_enabled":true,"_links":{"self":[{"href":"https:\/\/www.hugspil.is\/is\/wp-json\/wp\/v2\/product\/1341","targetHints":{"allow":["GET"]}}],"collection":[{"href":"https:\/\/www.hugspil.is\/is\/wp-json\/wp\/v2\/product"}],"about":[{"href":"https:\/\/www.hugspil.is\/is\/wp-json\/wp\/v2\/types\/product"}],"replies":[{"embeddable":true,"href":"https:\/\/www.hugspil.is\/is\/wp-json\/wp\/v2\/comments?post=1341"}],"wp:featuredmedia":[{"embeddable":true,"href":"https:\/\/www.hugspil.is\/is\/wp-json\/wp\/v2\/media\/1479"}],"wp:attachment":[{"href":"https:\/\/www.hugspil.is\/is\/wp-json\/wp\/v2\/media?parent=1341"}],"wp:term":[{"taxonomy":"product_brand","embeddable":true,"href":"https:\/\/www.hugspil.is\/is\/wp-json\/wp\/v2\/product_brand?post=1341"},{"taxonomy":"product_cat","embeddable":true,"href":"https:\/\/www.hugspil.is\/is\/wp-json\/wp\/v2\/product_cat?post=1341"},{"taxonomy":"product_tag","embeddable":true,"href":"https:\/\/www.hugspil.is\/is\/wp-json\/wp\/v2\/product_tag?post=1341"}],"curies":[{"name":"wp","href":"https:\/\/api.w.org\/{rel}","templated":true}]}}