{"id":1291,"date":"2026-03-22T16:11:08","date_gmt":"2026-03-22T16:11:08","guid":{"rendered":"https:\/\/www.hugspil.is\/?post_type=product&#038;p=1291"},"modified":"2026-03-25T15:29:07","modified_gmt":"2026-03-25T15:29:07","slug":"naetur-fidrildi-mandala-pusluspil-110-stykki","status":"publish","type":"product","link":"https:\/\/www.hugspil.is\/is\/product\/night-butterfly-mandala-puzzle-110-pcs\/","title":{"rendered":"N\u00e6tur fi\u00f0rildi mandala p\u00fasluspil 110 stykki"},"content":{"rendered":"<p data-rm-block-id=\"block-1\">N\u00fa er vita\u00f0 a\u00f0 <strong>Mandalar<\/strong> Eiga margv\u00edslega kosti. Jung t\u00f3k \u00feetta einnig eftir, hann var fyrstur til a\u00f0 kynna \u00feau inn \u00ed s\u00e1lfr\u00e6\u00f0i.<br \/>\n\u00deessar s\u00e9rst\u00f6ku teikningar geta hj\u00e1lpa\u00f0 okkur a\u00f0 huglei\u00f0a, slaka \u00e1 og greina tilvist reglu \u00ed augnablikum ringulrei\u00f0ar \u00ed kringum okkur og innan okkar.<\/p>\n<p data-rm-block-id=\"block-2\"><strong>\u00c1SKORUN:<\/strong> a\u00f0 setja saman mynd af fallegum n\u00e6turfugl me\u00f0 hlutunum sem mynda hann.<\/p>\n<p data-rm-block-id=\"block-3\">Sumar p\u00faslub\u00fatar eru sj\u00e1lfar litlar d\u00fdraforma\u00f0ar myndir.<\/p>\n<p data-rm-block-id=\"block-4\">Alls 110 stykki.<\/p>\n<p data-rm-block-id=\"block-5\"><strong>St\u00e6r\u00f0ir \u00ferautarinnar:<\/strong> 28 x 20,4 cm<\/p>\n<p data-rm-block-id=\"block-6\"><strong>Efni<\/strong>: sp\u00f3naplata af h\u00e1um g\u00e6\u00f0um<\/p>","protected":false},"excerpt":{"rendered":"<ul>\n<li>Settu saman mynd af fallegum n\u00e6turfugl me\u00f0 hlutab\u00fatunum.<\/li>\n<\/ul>","protected":false},"featured_media":1410,"comment_status":"open","ping_status":"closed","template":"","meta":{"_monsterinsights_skip_tracking":false,"_monsterinsights_sitenote_active":false,"_monsterinsights_sitenote_note":"","_monsterinsights_sitenote_category":0},"product_brand":[],"product_cat":[27,25],"product_tag":[279,280,281,274,233,272,273,139,277,278,275,47,276,150],"class_list":{"0":"post-1291","1":"product","2":"type-product","3":"status-publish","4":"has-post-thumbnail","6":"product_cat-jigsaw-puzzles","7":"product_cat-wooden-puzzles","8":"product_tag-active-puzzles","9":"product_tag-animal-shape-jigsaw","10":"product_tag-animal-shaped-jigsaw-puzzles","11":"product_tag-intelligent-games","12":"product_tag-jigsaw-puzzle","13":"product_tag-jigsaw-puzzle-animal","14":"product_tag-mental-games","15":"product_tag-mind-puzzles","16":"product_tag-puzzles-2d","17":"product_tag-unidragon","18":"product_tag-wooden-adult-jigsaw-puzzle","19":"product_tag-wooden-puzzle","20":"product_tag-wooden-puzzle-adults","21":"product_tag-wooden-puzzles","23":"first","24":"instock","25":"taxable","26":"shipping-taxable","27":"purchasable","28":"product-type-simple"},"jetpack_sharing_enabled":true,"_links":{"self":[{"href":"https:\/\/www.hugspil.is\/is\/wp-json\/wp\/v2\/product\/1291","targetHints":{"allow":["GET"]}}],"collection":[{"href":"https:\/\/www.hugspil.is\/is\/wp-json\/wp\/v2\/product"}],"about":[{"href":"https:\/\/www.hugspil.is\/is\/wp-json\/wp\/v2\/types\/product"}],"replies":[{"embeddable":true,"href":"https:\/\/www.hugspil.is\/is\/wp-json\/wp\/v2\/comments?post=1291"}],"wp:featuredmedia":[{"embeddable":true,"href":"https:\/\/www.hugspil.is\/is\/wp-json\/wp\/v2\/media\/1410"}],"wp:attachment":[{"href":"https:\/\/www.hugspil.is\/is\/wp-json\/wp\/v2\/media?parent=1291"}],"wp:term":[{"taxonomy":"product_brand","embeddable":true,"href":"https:\/\/www.hugspil.is\/is\/wp-json\/wp\/v2\/product_brand?post=1291"},{"taxonomy":"product_cat","embeddable":true,"href":"https:\/\/www.hugspil.is\/is\/wp-json\/wp\/v2\/product_cat?post=1291"},{"taxonomy":"product_tag","embeddable":true,"href":"https:\/\/www.hugspil.is\/is\/wp-json\/wp\/v2\/product_tag?post=1291"}],"curies":[{"name":"wp","href":"https:\/\/api.w.org\/{rel}","templated":true}]}}