{"id":1290,"date":"2026-03-22T16:11:08","date_gmt":"2026-03-22T16:11:08","guid":{"rendered":"https:\/\/www.hugspil.is\/?post_type=product&#038;p=1290"},"modified":"2026-03-25T15:20:14","modified_gmt":"2026-03-25T15:20:14","slug":"lotusbloma-mandala-pusluspil-118-stykki","status":"publish","type":"product","link":"https:\/\/www.hugspil.is\/is\/product\/lotus-flower-mandala-puzzle-118-pcs\/","title":{"rendered":"Lotusbl\u00f3ma mandala p\u00fasluspil 118 stykki"},"content":{"rendered":"<p>N\u00fa er vita\u00f0 a\u00f0 <strong>Mandalar<\/strong> Eiga margv\u00edslega kosti. Jung t\u00f3k \u00feetta einnig eftir, hann var fyrstur til a\u00f0 kynna \u00feau inn \u00ed s\u00e1lfr\u00e6\u00f0i.<br \/>\n\u00deessar s\u00e9rst\u00f6ku teikningar geta hj\u00e1lpa\u00f0 okkur a\u00f0 huglei\u00f0a, slaka \u00e1 og greina tilvist reglu \u00ed augnablikum ringulrei\u00f0ar \u00ed kringum okkur og innan okkar.<\/p>\n<p><strong>\u00c1SKORUN:<\/strong> a\u00f0 setja saman mynd lotusterbl\u00f3msins \u00far \u00edhlutunum.<\/p>\n<p>Sumir bitar p\u00faslsins eru sj\u00e1lfir litlar myndir \u00ed laginu eins og d\u00fdr og bl\u00f3m.<\/p>\n<p>118 stykki alls.<\/p>\n<p><strong>St\u00e6r\u00f0ir \u00ferautarinnar:<\/strong> 27 x 27 cm \/ 10,6 x 10,6 tommur<\/p>\n<p><strong>Efni:<\/strong> h\u00e1g\u00e6\u00f0a krossvi\u00f0ur<\/p>","protected":false},"excerpt":{"rendered":"<p>Settu saman mynd lotusterbl\u00f3msins \u00far \u00edhlutunum.<\/p>","protected":false},"featured_media":1406,"comment_status":"open","ping_status":"closed","template":"","meta":{"_monsterinsights_skip_tracking":false,"_monsterinsights_sitenote_active":false,"_monsterinsights_sitenote_note":"","_monsterinsights_sitenote_category":0},"product_brand":[],"product_cat":[27,25],"product_tag":[279,280,281,274,233,272,273,139,277,278,275,47,276,150],"class_list":{"0":"post-1290","1":"product","2":"type-product","3":"status-publish","4":"has-post-thumbnail","6":"product_cat-jigsaw-puzzles","7":"product_cat-wooden-puzzles","8":"product_tag-active-puzzles","9":"product_tag-animal-shape-jigsaw","10":"product_tag-animal-shaped-jigsaw-puzzles","11":"product_tag-intelligent-games","12":"product_tag-jigsaw-puzzle","13":"product_tag-jigsaw-puzzle-animal","14":"product_tag-mental-games","15":"product_tag-mind-puzzles","16":"product_tag-puzzles-2d","17":"product_tag-unidragon","18":"product_tag-wooden-adult-jigsaw-puzzle","19":"product_tag-wooden-puzzle","20":"product_tag-wooden-puzzle-adults","21":"product_tag-wooden-puzzles","23":"first","24":"instock","25":"taxable","26":"shipping-taxable","27":"purchasable","28":"product-type-simple"},"jetpack_sharing_enabled":true,"_links":{"self":[{"href":"https:\/\/www.hugspil.is\/is\/wp-json\/wp\/v2\/product\/1290","targetHints":{"allow":["GET"]}}],"collection":[{"href":"https:\/\/www.hugspil.is\/is\/wp-json\/wp\/v2\/product"}],"about":[{"href":"https:\/\/www.hugspil.is\/is\/wp-json\/wp\/v2\/types\/product"}],"replies":[{"embeddable":true,"href":"https:\/\/www.hugspil.is\/is\/wp-json\/wp\/v2\/comments?post=1290"}],"wp:featuredmedia":[{"embeddable":true,"href":"https:\/\/www.hugspil.is\/is\/wp-json\/wp\/v2\/media\/1406"}],"wp:attachment":[{"href":"https:\/\/www.hugspil.is\/is\/wp-json\/wp\/v2\/media?parent=1290"}],"wp:term":[{"taxonomy":"product_brand","embeddable":true,"href":"https:\/\/www.hugspil.is\/is\/wp-json\/wp\/v2\/product_brand?post=1290"},{"taxonomy":"product_cat","embeddable":true,"href":"https:\/\/www.hugspil.is\/is\/wp-json\/wp\/v2\/product_cat?post=1290"},{"taxonomy":"product_tag","embeddable":true,"href":"https:\/\/www.hugspil.is\/is\/wp-json\/wp\/v2\/product_tag?post=1290"}],"curies":[{"name":"wp","href":"https:\/\/api.w.org\/{rel}","templated":true}]}}