{"id":1284,"date":"2026-03-22T16:11:07","date_gmt":"2026-03-22T16:11:07","guid":{"rendered":"https:\/\/www.hugspil.is\/?post_type=product&#038;p=1284"},"modified":"2026-03-29T16:37:19","modified_gmt":"2026-03-29T16:37:19","slug":"serlock-holmes-malid-um-hid-tynda-stykki-i-trepusli","status":"publish","type":"product","link":"https:\/\/www.hugspil.is\/is\/product\/sherlock-holmes-the-case-of-the-missing-piece-wooden-puzzles\/","title":{"rendered":"SHERLOCK HOLMES \u2013 M\u00c1L HORFNA BITSINS"},"content":{"rendered":"<p><strong>Sherlock Holmes \u00ferautaser\u00eda<\/strong><br \/>\nS\u00f3lin r\u00eds yfir l\u00ednulagi Londonar og Sherlock Holmes \u00fearf a\u00f0 fara til Westminster til a\u00f0 a\u00f0sto\u00f0a vi\u00f0 n\u00fdtt m\u00e1l.<br \/>\n\u00de\u00f3 a\u00f0 sta\u00f0reyndirnar og hvati vir\u00f0ast sk\u00fdr, veit enginn n\u00e1kv\u00e6mlega hvernig gl\u00e6purinn var framin.<\/p>\n<p>\u00cd \u00feessu n\u00fdst\u00e1rlega \u00ferautaspili passa hef\u00f0bundin tv\u00edv\u00ed\u00f0 \u00ferautaskeifur saman me\u00f0 handah\u00f3fskenndum pr\u00f3funarskeifum.<br \/>\n<strong>\u00c1SKORUN:<\/strong> Settu saman 150 stykki p\u00fasluspili\u00f0, finndu s\u00f6nnunarg\u00f6gnin og settu \u00feau saman til a\u00f0 afhj\u00fapa mor\u00f0vopni\u00f0 og leysa m\u00e1li\u00f0.<\/p>\n<p>Fullkl\u00e1ra\u00f0a \u00ferautm\u00e1li\u00f0: 29 x 33 cm \/ 11,4 x 13 tommur.<\/p>\n<p><strong>Erfi\u00f0leikastig: <\/strong>3\/6 ERFI\u00d0T<br \/>\nMe\u00f0allausnart\u00edmi: 20 m\u00edn\u00fatur \u2013 7 dagar.<\/p>","protected":false},"excerpt":{"rendered":"<p>&nbsp;<\/p>\n<p>CHALLENGE: build the puzzle made up of 150 pieces, find the evidence pieces and put them together to reveal the murder weapon and solve the case.<\/p>\n<p>ERFI\u00d0LEIKI: 3\/6 ERFI\u00d0T.<\/p>\n<p>&nbsp;<\/p>","protected":false},"featured_media":1371,"comment_status":"open","ping_status":"closed","template":"","meta":{"_monsterinsights_skip_tracking":false,"_monsterinsights_sitenote_active":false,"_monsterinsights_sitenote_note":"","_monsterinsights_sitenote_category":0},"product_brand":[],"product_cat":[27,25],"product_tag":[142,153,185,143,146,147,140,139,150,154],"class_list":{"0":"post-1284","1":"product","2":"type-product","3":"status-publish","4":"has-post-thumbnail","6":"product_cat-jigsaw-puzzles","7":"product_cat-wooden-puzzles","8":"product_tag-brain-teasers","9":"product_tag-brain-teasers-for-adults","10":"product_tag-brain-teasers-for-kids","11":"product_tag-brainteasers","12":"product_tag-educational-brain-teasers","13":"product_tag-educational-games","14":"product_tag-mind-games","15":"product_tag-mind-puzzles","16":"product_tag-wooden-puzzles","17":"product_tag-wooden-puzzles-for-adults","19":"first","20":"instock","21":"taxable","22":"shipping-taxable","23":"purchasable","24":"product-type-simple"},"jetpack_sharing_enabled":true,"_links":{"self":[{"href":"https:\/\/www.hugspil.is\/is\/wp-json\/wp\/v2\/product\/1284","targetHints":{"allow":["GET"]}}],"collection":[{"href":"https:\/\/www.hugspil.is\/is\/wp-json\/wp\/v2\/product"}],"about":[{"href":"https:\/\/www.hugspil.is\/is\/wp-json\/wp\/v2\/types\/product"}],"replies":[{"embeddable":true,"href":"https:\/\/www.hugspil.is\/is\/wp-json\/wp\/v2\/comments?post=1284"}],"wp:featuredmedia":[{"embeddable":true,"href":"https:\/\/www.hugspil.is\/is\/wp-json\/wp\/v2\/media\/1371"}],"wp:attachment":[{"href":"https:\/\/www.hugspil.is\/is\/wp-json\/wp\/v2\/media?parent=1284"}],"wp:term":[{"taxonomy":"product_brand","embeddable":true,"href":"https:\/\/www.hugspil.is\/is\/wp-json\/wp\/v2\/product_brand?post=1284"},{"taxonomy":"product_cat","embeddable":true,"href":"https:\/\/www.hugspil.is\/is\/wp-json\/wp\/v2\/product_cat?post=1284"},{"taxonomy":"product_tag","embeddable":true,"href":"https:\/\/www.hugspil.is\/is\/wp-json\/wp\/v2\/product_tag?post=1284"}],"curies":[{"name":"wp","href":"https:\/\/api.w.org\/{rel}","templated":true}]}}