{"id":1282,"date":"2026-03-22T16:11:07","date_gmt":"2026-03-22T16:11:07","guid":{"rendered":"https:\/\/www.hugspil.is\/?post_type=product&#038;p=1282"},"modified":"2026-03-29T16:30:54","modified_gmt":"2026-03-29T16:30:54","slug":"serlok-holmes-mal-sherlocka-laesingar-og-trethrautir","status":"publish","type":"product","link":"https:\/\/www.hugspil.is\/is\/product\/sherlock-holmes-the-case-of-sherlocks-lock-wooden-puzzles\/","title":{"rendered":"SHERLOCK HOLMES \u2013 M\u00c1L SHERLOCKS L\u00c1SS"},"content":{"rendered":"<p><strong>Sherlock Holmes \u00ferautaser\u00eda<\/strong><br \/>\nMoriarty hefur numi\u00f0 Dr. Watson \u00e1 brott og l\u00e6st hann inni \u00ed fl\u00f3knu fangelsi me\u00f0 m\u00f6rgum hengil\u00e1sum.<br \/>\nEf Sherlock Holmes tekst ekki a\u00f0 leysa \u00fea\u00f0, mun hann sj\u00e1 samstarfsmann sinn deyja.<br \/>\n<strong>\u00c1SKORUN: <\/strong>Reyndu a\u00f0 opna hengil\u00e1sinn me\u00f0 \u00fev\u00ed a\u00f0 f\u00e6ra kubbana \u00ed r\u00f6\u00f0 me\u00f0 lyklinum.<\/p>\n<p><strong>St\u00e6r\u00f0ir pakkans:<\/strong> 15 x 15 x 4 cm \/ 6 x 6 x 1,6 tommur.<br \/>\n<strong>Erfi\u00f0leikastig: <\/strong>3\/6 ERFI\u00d0T.<br \/>\nMe\u00f0allausnart\u00edmi: 20 m\u00edn\u00fatur \u2013 7 dagar.<\/p>","protected":false},"excerpt":{"rendered":"<p>\u00c1SKORUN: Nota\u00f0u lyklinn til a\u00f0 f\u00e6ra kubbana \u00ed r\u00e9ttri r\u00f6\u00f0 til a\u00f0 opna l\u00e6singu.<\/p>\n<p>ERFI\u00d0LEIKI: 3\/6 ERFI\u00d0T.<\/p>\n<p>&nbsp;<\/p>","protected":false},"featured_media":1364,"comment_status":"open","ping_status":"closed","template":"","meta":{"_monsterinsights_skip_tracking":false,"_monsterinsights_sitenote_active":false,"_monsterinsights_sitenote_note":"","_monsterinsights_sitenote_category":0},"product_brand":[],"product_cat":[26,25],"product_tag":[142,153,143,241,140,139,177,150,154],"class_list":{"0":"post-1282","1":"product","2":"type-product","3":"status-publish","4":"has-post-thumbnail","6":"product_cat-metal-puzzles","7":"product_cat-wooden-puzzles","8":"product_tag-brain-teasers","9":"product_tag-brain-teasers-for-adults","10":"product_tag-brainteasers","11":"product_tag-lock-puzzle","12":"product_tag-mind-games","13":"product_tag-mind-puzzles","14":"product_tag-secret-padlock","15":"product_tag-wooden-puzzles","16":"product_tag-wooden-puzzles-for-adults","18":"first","19":"instock","20":"taxable","21":"shipping-taxable","22":"purchasable","23":"product-type-simple"},"jetpack_sharing_enabled":true,"_links":{"self":[{"href":"https:\/\/www.hugspil.is\/is\/wp-json\/wp\/v2\/product\/1282","targetHints":{"allow":["GET"]}}],"collection":[{"href":"https:\/\/www.hugspil.is\/is\/wp-json\/wp\/v2\/product"}],"about":[{"href":"https:\/\/www.hugspil.is\/is\/wp-json\/wp\/v2\/types\/product"}],"replies":[{"embeddable":true,"href":"https:\/\/www.hugspil.is\/is\/wp-json\/wp\/v2\/comments?post=1282"}],"wp:featuredmedia":[{"embeddable":true,"href":"https:\/\/www.hugspil.is\/is\/wp-json\/wp\/v2\/media\/1364"}],"wp:attachment":[{"href":"https:\/\/www.hugspil.is\/is\/wp-json\/wp\/v2\/media?parent=1282"}],"wp:term":[{"taxonomy":"product_brand","embeddable":true,"href":"https:\/\/www.hugspil.is\/is\/wp-json\/wp\/v2\/product_brand?post=1282"},{"taxonomy":"product_cat","embeddable":true,"href":"https:\/\/www.hugspil.is\/is\/wp-json\/wp\/v2\/product_cat?post=1282"},{"taxonomy":"product_tag","embeddable":true,"href":"https:\/\/www.hugspil.is\/is\/wp-json\/wp\/v2\/product_tag?post=1282"}],"curies":[{"name":"wp","href":"https:\/\/api.w.org\/{rel}","templated":true}]}}