{"id":1277,"date":"2026-03-22T16:11:07","date_gmt":"2026-03-22T16:11:07","guid":{"rendered":"https:\/\/www.hugspil.is\/?post_type=product&#038;p=1277"},"modified":"2026-03-31T07:03:23","modified_gmt":"2026-03-31T07:03:23","slug":"stjornuaevintyri-stjornukamera","status":"publish","type":"product","link":"https:\/\/www.hugspil.is\/is\/product\/star-adventures-astrocamera\/","title":{"rendered":"STAR ADVENTURES - ASTROCAMERA"},"content":{"rendered":"<p dir=\"auto\" data-rm-block-id=\"block-1\"><strong>Stj\u00f6rnu\u00e6vint\u00fdra\u00fe\u00e1ttara\u00f0ir<\/strong> <strong>Verkefni \u2013 tv\u00f6f\u00f6ld birting<\/strong> <strong>2 verkefni \u00ed 1 \u2022 2 leynilegir h\u00f3lfar \u00ed 1<\/strong><\/p>\n<p dir=\"auto\" data-rm-block-id=\"block-2\">\u00deessi einstaka g\u00e1tukamera sameinar tv\u00f6 \u00f3l\u00edk verkefni \u00ed einu gl\u00e6silegu fyrirb\u00e6ri.<\/p>\n<p dir=\"auto\" data-rm-block-id=\"block-3\"><strong>\u00c1SKORUN 1:<\/strong> Finndu r\u00e9tta r\u00f6\u00f0 handleggs-hreyfinga til a\u00f0 opna myndav\u00e9larh\u00fasi\u00f0. A\u00f0 l\u00e1gmarki 17 skref krafist.<\/p>\n<p dir=\"auto\" data-rm-block-id=\"block-4\"><strong>\u00c1SKORUN 2:<\/strong> Leysa\u00f0u 2D-g\u00e1tuna inni \u00ed kassanum. Settu saman sex minni sexhyrninga \u00ed einn st\u00f3ran sexhyrning \u00feannig a\u00f0 allar l\u00ednur tengist samfellt.<\/p>\n<p dir=\"auto\" data-rm-block-id=\"block-5\">T\u00e1knin sem \u00fearf til a\u00f0 opna linsuna samsvara t\u00f6lunum 1-2-3-4. \u00deessi s\u00f6mu t\u00e1kn sj\u00e1st \u00e1 fj\u00f3rum sn\u00faningshringjum linsunnar. Ra\u00f0i\u00f0 \u00feau \u00ed r\u00e9ttri r\u00f6\u00f0 til a\u00f0 opna linsuna og f\u00e1 a\u00f0gang a\u00f0 annarri leynilegri h\u00f3lfinu.<\/p>\n<p dir=\"auto\" data-rm-block-id=\"block-6\"><strong>Erfi\u00f0leikastig:<\/strong> 4\/6 <strong>Mi\u00f0lungs leystingart\u00edmi:<\/strong> 30 m\u00edn\u00fatur \u2013 30 dagar*<\/p>\n<p dir=\"auto\" data-rm-block-id=\"block-7\"><strong>V\u00f6rum\u00e1l:<\/strong> 14 \u00d7 11 \u00d7 8 cm <strong>Fyrsta leynilega h\u00f3lfi\u00f0:<\/strong> 75 \u00d7 75 \u00d7 15 mm <strong>Annar leynilegur h\u00f3lf:<\/strong> 30 \u00d7 35 mm<\/p>\n<p dir=\"auto\" data-rm-block-id=\"block-8\"><strong>Innihald:<\/strong> Innifali\u00f0 er fallega myndskreytt b\u00e6klingur me\u00f0 \u00e1hugaver\u00f0um uppl\u00fdsingum og forvitnilegum sta\u00f0reyndum um stj\u00f6rnuf\u00f3t\u00f3graf\u00edu.<\/p>\n<p dir=\"auto\" data-rm-block-id=\"block-9\">Athugi\u00f0: Tilgreind erfi\u00f0leikastig og leystingart\u00edmar eru \u00e1\u00e6tla\u00f0ir. Raunverulegur leystingart\u00edmi getur veri\u00f0 breytilegur eftir reynslu spilara.<\/p>","protected":false},"excerpt":{"rendered":"<p><strong>\u00c1SKORUN 1:<\/strong> open with sequential steps the body of the camera.<\/p>\n<p><strong>\u00c1SKORUN 2:<\/strong> solve the 2D puzzle to find the symbols you need to open the second secret box in the lens of the camera.<\/p>","protected":false},"featured_media":1323,"comment_status":"open","ping_status":"closed","template":"","meta":{"_monsterinsights_skip_tracking":false,"_monsterinsights_sitenote_active":false,"_monsterinsights_sitenote_note":"","_monsterinsights_sitenote_category":0},"product_brand":[],"product_cat":[27,25],"product_tag":[158,142,153,143,165,164,162,156,157,140,139,161,65,48,155,163,159,160,150,154],"class_list":{"0":"post-1277","1":"product","2":"type-product","3":"status-publish","4":"has-post-thumbnail","6":"product_cat-jigsaw-puzzles","7":"product_cat-wooden-puzzles","8":"product_tag-brain-teaser-box","9":"product_tag-brain-teasers","10":"product_tag-brain-teasers-for-adults","11":"product_tag-brainteasers","12":"product_tag-gift-box","13":"product_tag-gift-case","14":"product_tag-jewelry-box","15":"product_tag-magic-box","16":"product_tag-magic-case","17":"product_tag-mind-games","18":"product_tag-mind-puzzles","19":"product_tag-money-box","20":"product_tag-puzzle-box","21":"product_tag-secret-box","22":"product_tag-secret-case","23":"product_tag-secret-drawer","24":"product_tag-tricky-box","25":"product_tag-tricky-safe","26":"product_tag-wooden-puzzles","27":"product_tag-wooden-puzzles-for-adults","29":"first","30":"instock","31":"taxable","32":"shipping-taxable","33":"purchasable","34":"product-type-simple"},"jetpack_sharing_enabled":true,"_links":{"self":[{"href":"https:\/\/www.hugspil.is\/is\/wp-json\/wp\/v2\/product\/1277","targetHints":{"allow":["GET"]}}],"collection":[{"href":"https:\/\/www.hugspil.is\/is\/wp-json\/wp\/v2\/product"}],"about":[{"href":"https:\/\/www.hugspil.is\/is\/wp-json\/wp\/v2\/types\/product"}],"replies":[{"embeddable":true,"href":"https:\/\/www.hugspil.is\/is\/wp-json\/wp\/v2\/comments?post=1277"}],"wp:featuredmedia":[{"embeddable":true,"href":"https:\/\/www.hugspil.is\/is\/wp-json\/wp\/v2\/media\/1323"}],"wp:attachment":[{"href":"https:\/\/www.hugspil.is\/is\/wp-json\/wp\/v2\/media?parent=1277"}],"wp:term":[{"taxonomy":"product_brand","embeddable":true,"href":"https:\/\/www.hugspil.is\/is\/wp-json\/wp\/v2\/product_brand?post=1277"},{"taxonomy":"product_cat","embeddable":true,"href":"https:\/\/www.hugspil.is\/is\/wp-json\/wp\/v2\/product_cat?post=1277"},{"taxonomy":"product_tag","embeddable":true,"href":"https:\/\/www.hugspil.is\/is\/wp-json\/wp\/v2\/product_tag?post=1277"}],"curies":[{"name":"wp","href":"https:\/\/api.w.org\/{rel}","templated":true}]}}