{"id":3,"date":"2026-03-06T17:57:04","date_gmt":"2026-03-06T17:57:04","guid":{"rendered":"https:\/\/www.hugspil.is\/?page_id=3"},"modified":"2026-03-26T14:21:18","modified_gmt":"2026-03-26T14:21:18","slug":"personuverndarstefna","status":"publish","type":"page","link":"https:\/\/www.hugspil.is\/is\/privacy-policy\/","title":{"rendered":"Pers\u00f3nuverndarstefna"},"content":{"rendered":"<p class=\"ext-animate--on\"><strong>Gildist\u00f6kudagur: 13. mars 2026<\/strong><\/p>\n\n\n\n<p class=\"ext-animate--on\"><strong>TORI EHF<\/strong> \u201cvi\u00f0\u201d, \u201coss\u201d, \u201cokkar\u201d vir\u00f0um pers\u00f3nuvernd \u00fe\u00edna og erum sta\u00f0r\u00e1\u00f0in \u00ed a\u00f0 vernda pers\u00f3nuuppl\u00fdsingar \u00fe\u00ednar \u00ed samr\u00e6mi vi\u00f0 gildandi pers\u00f3nuverndarl\u00f6g, \u00fear \u00e1 me\u00f0al regluger\u00f0 (ESB) 2016\/679 (almenn regluger\u00f0 um pers\u00f3nuvernd \u2013 \u201cGDPR\u201d) og \u00edslensk l\u00f6g nr. 90\/2018 um pers\u00f3nuvernd og vinnslu pers\u00f3nuuppl\u00fdsinga.<\/p>\n\n\n\n<p class=\"ext-animate--on\">\u00deessi pers\u00f3nuverndarstefna \u00fatsk\u00fdrir hvernig vi\u00f0 s\u00f6fnum, notum, birtum, geymum og verndum pers\u00f3nuuppl\u00fdsingar \u00fe\u00ednar \u00feegar \u00fe\u00fa heims\u00e6kir vefs\u00ed\u00f0u okkar. <strong>hugspil.is<\/strong> (vefs\u00ed\u00f0una), eiga samskipti vi\u00f0 \u00fej\u00f3nustu okkar, hafa samband vi\u00f0 okkur e\u00f0a veita okkur uppl\u00fdsingar.<\/p>\n\n\n\n<h3 class=\"wp-block-heading ext-animate--on\">1. Hver vi\u00f0 erum \u2013 \u00c1byrg\u00f0ara\u00f0ili pers\u00f3nuuppl\u00fdsinga<\/h3>\n\n\n\n<p class=\"ext-animate--on\"><strong>Nafn fyrirt\u00e6kisins<\/strong>: TORI EHF <strong>Skr\u00e1ningarn\u00famer<\/strong>: 620126-2760 <strong>VSK-n\u00famer<\/strong>: 160236 <strong>Skr\u00e1\u00f0 heimilisfang<\/strong>: Dunhagi 18, Reykjav\u00edk, 107, \u00cdsland <strong>T\u00f6lvup\u00f3stur<\/strong>: <a href=\"mailto:info@hugspil.is\" target=\"_blank\" rel=\"noreferrer noopener\">info@hugspil.is<\/a><\/p>\n\n\n\n<p class=\"ext-animate--on\">Vi\u00f0 st\u00f6rfum sem <strong>gagnastj\u00f3ri<\/strong> fyrir pers\u00f3nuuppl\u00fdsingar sem vi\u00f0 vinnum me\u00f0, nema anna\u00f0 s\u00e9 teki\u00f0 fram.<\/p>\n\n\n\n<h3 class=\"wp-block-heading ext-animate--on\">2. Hva\u00f0a pers\u00f3nuuppl\u00fdsingar vi\u00f0 s\u00f6fnum<\/h3>\n\n\n\n<p class=\"ext-animate--on\">Vi\u00f0 g\u00e6tum safna\u00f0 eftirfarandi flokkum pers\u00f3nuuppl\u00fdsinga:<\/p>\n\n\n\n<ul class=\"wp-block-list ext-animate--on\">\n<li class=\"ext-animate--on\"><strong>Au\u00f0kenni og tengili\u00f0auppl\u00fdsingar<\/strong>: nafn, netfang, s\u00edman\u00famer, p\u00f3stfang (t.d. \u00feegar \u00fe\u00fa hefur samband vi\u00f0 okkur, gerist \u00e1skrifandi a\u00f0 fr\u00e9ttabr\u00e9fi, stofnar reikning e\u00f0a leggur inn p\u00f6ntun).<\/li>\n\n\n\n<li class=\"ext-animate--on\"><strong>T\u00e6knileg og notkunarg\u00f6gn<\/strong>IP-tala, vafrager\u00f0 og \u00fatg\u00e1fa, t\u00e6kjauppl\u00fdsingar, st\u00fdrikerfi, t\u00edmabelta-stilling, v\u00edsunar- og \u00fatsl\u00e1ttarbl\u00f6\u00f0, smellistromg\u00f6gn, heims\u00f3tta vefs\u00ed\u00f0ur, t\u00edmi og dagsetning heims\u00f3kna og \u00f6nnur greiningarg\u00f6gn sem safna\u00f0 er me\u00f0 sm\u00e1k\u00f6kum og svipu\u00f0um t\u00e6kni.<\/li>\n\n\n\n<li class=\"ext-animate--on\"><strong>Reikningsuppl\u00fdsingar<\/strong>notandanafn, lykilor\u00f0 (k\u00f3\u00f0a\u00f0), pr\u00f3f\u00edluuppl\u00fdsingar (ef \u00fe\u00fa skr\u00e1ir \u00feig \u00e1 vefs\u00ed\u00f0unni).<\/li>\n\n\n\n<li class=\"ext-animate--on\"><strong>Samskiptag\u00f6gn<\/strong>: skilabo\u00f0, t\u00f6lvup\u00f3star e\u00f0a \u00f6nnur samskipti sem \u00fe\u00fa sendir okkur.<\/li>\n\n\n\n<li class=\"ext-animate--on\"><strong>Marka\u00f0s- og valkostag\u00f6gn<\/strong>: \u00f3skir \u00fe\u00ednar um a\u00f0 f\u00e1 marka\u00f0ssetningu fr\u00e1 okkur og \u00f3skir \u00fe\u00ednar um samskipti.<\/li>\n\n\n\n<li class=\"ext-animate--on\"><strong>Grei\u00f0sluuppl\u00fdsingar<\/strong> (ef vi\u00f0 \u00e1): reikningsuppl\u00fdsingar eru unnar \u00f6rugglega \u00ed gegnum \u00feri\u00f0ja a\u00f0ila grei\u00f0slu\u00fej\u00f3nustua\u00f0ila (vi\u00f0 geymum ekki fullar kortauppl\u00fdsingar sj\u00e1lf).<\/li>\n\n\n\n<li class=\"ext-animate--on\"><strong>\u00d6nnur g\u00f6gn<\/strong>: pers\u00f3nuuppl\u00fdsingar sem \u00fe\u00fa veitir af f\u00fasum og frj\u00e1lsum vilja (t.d. \u00ed ey\u00f0ubl\u00f6\u00f0um, ums\u00f6gnum, athugasemdum e\u00f0a stu\u00f0ningsbei\u00f0num).<\/li>\n<\/ul>\n\n\n\n<p class=\"ext-animate--on\">Vi\u00f0 s\u00f6fnum ekki viljandi <strong>s\u00e9rstakar flokka pers\u00f3nuuppl\u00fdsinga<\/strong> (vi\u00f0kv\u00e6m g\u00f6gn, svo sem uppruni eftir kyn\u00fe\u00e6tti e\u00f0a \u00fej\u00f3\u00f0erni, p\u00f3lit\u00edskar sko\u00f0anir, tr\u00faarbr\u00f6g\u00f0, heilsufarsg\u00f6gn, l\u00edfkennag\u00f6gn o.s.frv.) nema \u00fe\u00fa veitir \u00feau s\u00e9rstaklega og vi\u00f0 h\u00f6fum lagalegan grundv\u00f6ll.<\/p>\n\n\n\n<h3 class=\"wp-block-heading ext-animate--on\">3. Hvernig vi\u00f0 s\u00f6fnum pers\u00f3nuuppl\u00fdsingum \u00fe\u00ednum<\/h3>\n\n\n\n<p class=\"ext-animate--on\">Vi\u00f0 s\u00f6fnum g\u00f6gnum:<\/p>\n\n\n\n<ul class=\"wp-block-list ext-animate--on\">\n<li class=\"ext-animate--on\">Beint fr\u00e1 \u00fe\u00e9r (ey\u00f0ubl\u00f6\u00f0, t\u00f6lvup\u00f3star, reikningsskr\u00e1ning, kaup, fyrirspurnir).<\/li>\n\n\n\n<li class=\"ext-animate--on\">Sj\u00e1lfkrafa me\u00f0 notkun \u00feinni \u00e1 vefs\u00ed\u00f0unni (k\u00f6kur, net\u00fej\u00f3nsdagb\u00e6kur, greiningart\u00f3l).<\/li>\n\n\n\n<li class=\"ext-animate--on\">Fr\u00e1 \u00feri\u00f0ja a\u00f0ilum (t.d. greiningara\u00f0ilum, augl\u00fdsingasamstarfsa\u00f0ilum, vi\u00f0b\u00f3tum fyrir samf\u00e9lagsmi\u00f0la \u2013 \u00fear sem leyfilegt er).<\/li>\n<\/ul>\n\n\n\n<h3 class=\"wp-block-heading ext-animate--on\">4. Tilgangar og lagalegur grundv\u00f6llur vinnslunnar<\/h3>\n\n\n\n<p class=\"ext-animate--on\">Vi\u00f0 vinnslum pers\u00f3nuuppl\u00fdsingar \u00fe\u00ednar \u00ed eftirt\u00f6ldum tilgangi og \u00e1 eftirt\u00f6ldum lagagrundvelli:<\/p>\n\n\n\n<figure class=\"wp-block-table ext-animate--on\"><table class=\"has-fixed-layout\"><thead><tr><th>Tilgangur<\/th><th>Flokkar pers\u00f3nuuppl\u00fdsinga<\/th><th>Lagalegur grundv\u00f6llur (grein \u00ed GDPR)<\/th><\/tr><\/thead><tbody><tr><td>Veita og vi\u00f0halda vefs\u00ed\u00f0unni<\/td><td>T\u00e6knilegt\/notkun, au\u00f0kenni<\/td><td>L\u00f6gm\u00e6tir hagsmunir (6. gr. 1. mgr. stafli\u00f0ur f))<\/td><\/tr><tr><td>Vinnsla pantana\/grei\u00f0slna (ef vi\u00f0 \u00e1)<\/td><td>Au\u00f0kenni, tengili\u00f0ur, grei\u00f0sla<\/td><td>Samningur (1. mgr. 6. gr.)<\/td><\/tr><tr><td>Stj\u00f3rna notendareikningum\/skr\u00e1ningu<\/td><td>Au\u00f0kenni, tengili\u00f0ur, reikningur<\/td><td>Samningur (1. mgr. 6. gr.)<\/td><\/tr><tr><td>Svara fyrirspurnum\/stu\u00f0ningi<\/td><td>Au\u00f0kenni, tengili\u00f0ur, samskipti<\/td><td>L\u00f6gm\u00e6tir hagsmunir \/ Samningur<\/td><\/tr><tr><td>Senda fr\u00e9ttabr\u00e9f\/marka\u00f0ssetningu (beint)<\/td><td>Au\u00f0kenni, tengili\u00f0ir, \u00f3skir<\/td><td>Sam\u00feykki (1. mgr. 6. gr.)<\/td><\/tr><tr><td>Fylgja lagalegum skyldum<\/td><td>Allar vi\u00f0eigandi flokkar<\/td><td>L\u00f6gm\u00e6t skylda (grein 6.1.c)<\/td><\/tr><tr><td>Varnar gegn svikum\/\u00f6ryggi<\/td><td>T\u00e6knilegt, notkun, au\u00f0kenni<\/td><td>L\u00f6gm\u00e6tir hagsmunir (6. gr. 1. mgr. stafli\u00f0ur f))<\/td><\/tr><tr><td>B\u00e6ta \u00fej\u00f3nustu\/greiningu<\/td><td>T\u00e6knilegt, notkun<\/td><td>L\u00f6gm\u00e6tir hagsmunir (6. gr. 1. mgr. stafli\u00f0ur f))<\/td><\/tr><\/tbody><\/table><\/figure>\n\n\n\n<p class=\"ext-animate--on\">\u00dear sem vi\u00f0 treystum \u00e1 <strong>l\u00f6gm\u00e6tir hagsmunir<\/strong>, vi\u00f0 h\u00f6fum framkv\u00e6mt jafnv\u00e6gispr\u00f3f til a\u00f0 tryggja a\u00f0 r\u00e9ttindi \u00fe\u00edn gangi ekki framar hagsmunum okkar.<\/p>\n\n\n\n<h3 class=\"wp-block-heading ext-animate--on\">5. Sm\u00e1k\u00f6kur og svipu\u00f0 t\u00e6kni<\/h3>\n\n\n\n<p class=\"ext-animate--on\">Vefs\u00ed\u00f0an okkar notar sm\u00e1k\u00f6kur og svipa\u00f0a rekningart\u00e6kni. \u00de\u00fa getur stillt val \u00feitt \u00ed vafrastillingum.<\/p>\n\n\n\n<h3 class=\"wp-block-heading ext-animate--on\">6. Deiling pers\u00f3nuuppl\u00fdsinga \u00feinna<\/h3>\n\n\n\n<p class=\"ext-animate--on\">Vi\u00f0 g\u00e6tum deilt pers\u00f3nuuppl\u00fdsingum \u00fe\u00ednum me\u00f0:<\/p>\n\n\n\n<ul class=\"wp-block-list ext-animate--on\">\n<li class=\"ext-animate--on\">\u00dej\u00f3nustuveitendur (vinnslua\u00f0ilar): h\u00fdsingara\u00f0ilar, t\u00f6lvup\u00f3st\u00fej\u00f3nustur, greiningar\u00fej\u00f3nustur (t.d. Google Analytics), grei\u00f0sluvinnslua\u00f0ilar, uppl\u00fdsingat\u00e6knistu\u00f0ningur \u2013 allir undir str\u00f6ngum samningum um vinnslu pers\u00f3nuuppl\u00fdsinga.<\/li>\n\n\n\n<li class=\"ext-animate--on\">Faglegir r\u00e1\u00f0gjafar (l\u00f6gfr\u00e6\u00f0ingar, endursko\u00f0endur, b\u00f3khaldarar).<\/li>\n\n\n\n<li class=\"ext-animate--on\">Opinberir a\u00f0ilar \u00feegar l\u00f6g krefjast \u00feess.<\/li>\n\n\n\n<li class=\"ext-animate--on\">Fyrirt\u00e6kjaflutningar (t.d. samruni, yfirtaka).<\/li>\n<\/ul>\n\n\n\n<p class=\"ext-animate--on\">Vi\u00f0 seljum ekki pers\u00f3nuuppl\u00fdsingar \u00fe\u00ednar.<\/p>\n\n\n\n<h3 class=\"wp-block-heading ext-animate--on\">7. Al\u00fej\u00f3\u00f0legar millif\u00e6rslur<\/h3>\n\n\n\n<p class=\"ext-animate--on\">Ef vi\u00f0 flytjum pers\u00f3nuuppl\u00fdsingar utan EES (t.d. til veitenda \u00ed Bandar\u00edkjunum), tryggjum vi\u00f0 vi\u00f0eigandi verndarr\u00e1\u00f0stafanir, svo sem:<\/p>\n\n\n\n<ul class=\"wp-block-list ext-animate--on\">\n<li class=\"ext-animate--on\">\u00c1kv\u00f6r\u00f0un um fulln\u00e6gni,<\/li>\n\n\n\n<li class=\"ext-animate--on\">Sta\u00f0la\u00f0ar samnings\u00e1kv\u00e6\u00f0i (SCCs),<\/li>\n\n\n\n<li class=\"ext-animate--on\">Reglur sem bindandi fyrir fyrirt\u00e6ki, e\u00f0a<\/li>\n\n\n\n<li class=\"ext-animate--on\">A\u00f0rir sam\u00feykktir mekanismar.<\/li>\n<\/ul>\n\n\n\n<h3 class=\"wp-block-heading ext-animate--on\">8. Geymsla pers\u00f3nuuppl\u00fdsinga<\/h3>\n\n\n\n<p class=\"ext-animate--on\">Vi\u00f0 geymum pers\u00f3nuuppl\u00fdsingar a\u00f0eins svo lengi sem nau\u00f0synlegt er til \u00feeirra tilganga sem greindir eru h\u00e9r a\u00f0 ofan e\u00f0a til a\u00f0 uppfylla lagalegar skuldbindingar. Algeng t\u00edmabil:<\/p>\n\n\n\n<ul class=\"wp-block-list ext-animate--on\">\n<li class=\"ext-animate--on\">Uppl\u00fdsingar um reikning: t\u00edmabil reiknings + sanngjarnt t\u00edmabil eftir lokun.<\/li>\n\n\n\n<li class=\"ext-animate--on\">Marka\u00f0sg\u00f6gn: \u00fear til sam\u00feykki er afturkalla\u00f0.<\/li>\n\n\n\n<li class=\"ext-animate--on\">T\u00e6knilogar: allt a\u00f0 26 m\u00e1nu\u00f0um (e\u00f0a samkv\u00e6mt stefnu \u00fej\u00f3nustuveitanda).<\/li>\n\n\n\n<li class=\"ext-animate--on\">L\u00f6gm\u00e6t krafa: allt a\u00f0 l\u00f6gbundnum fyrningart\u00edmabilum (venjulega 10 \u00e1r \u00e1 \u00cdslandi).<\/li>\n<\/ul>\n\n\n\n<h3 class=\"wp-block-heading ext-animate--on\">9. R\u00e9ttindi \u00fe\u00edn samkv\u00e6mt GDPR<\/h3>\n\n\n\n<p class=\"ext-animate--on\">\u00de\u00fa hefur eftirfarandi r\u00e9ttindi (undirorpin lagalegum takm\u00f6rkunum):<\/p>\n\n\n\n<ul class=\"wp-block-list ext-animate--on\">\n<li class=\"ext-animate--on\">A\u00f0gangur a\u00f0 g\u00f6gnum \u00fe\u00ednum (25. gr.)<\/li>\n\n\n\n<li class=\"ext-animate--on\">Lei\u00f0r\u00e9tting (16. gr.)<\/li>\n\n\n\n<li class=\"ext-animate--on\">Ey\u00f0ing (\u201cr\u00e9ttur til a\u00f0 gleymast\u201d) (17. grein)<\/li>\n\n\n\n<li class=\"ext-animate--on\">Takm\u00f6rkun \u00e1 vinnslu (18. gr.)<\/li>\n\n\n\n<li class=\"ext-animate--on\">Gagnaflytjanleiki (20. grein)<\/li>\n\n\n\n<li class=\"ext-animate--on\">Andm\u00e6la vinnslu (21. gr.), \u00fear me\u00f0 tali\u00f0 beinni marka\u00f0ssetningu<\/li>\n\n\n\n<li class=\"ext-animate--on\">Draga til baka sam\u00feykki hven\u00e6r sem er (\u00fear sem vinnslan byggist \u00e1 sam\u00feykki)<\/li>\n\n\n\n<li class=\"ext-animate--on\">Ekki vera h\u00e1\u00f0 sj\u00e1lfvirkri \u00e1kvar\u00f0anat\u00f6ku (22. grein, ef vi\u00f0 \u00e1)<\/li>\n<\/ul>\n\n\n\n<p class=\"ext-animate--on\">Til a\u00f0 beita \u00feessum r\u00e9ttindum, haf\u00f0u samband vi\u00f0 okkur \u00e1 <strong><a href=\"mailto:info@hugspil.is\" target=\"_blank\" rel=\"noreferrer noopener\">info@hugspil.is<\/a><\/strong>. Vi\u00f0 sv\u00f6rum innan eins m\u00e1na\u00f0ar (lengdan \u00ed fl\u00f3knum m\u00e1lum). \u00de\u00fa getur einnig lagt fram kv\u00f6rtun hj\u00e1 Pers\u00f3nuvernd (<strong>Vernd pers\u00f3nuuppl\u00fdsinga<\/strong>): Vefs\u00ed\u00f0a: <a href=\"https:\/\/www.personuvernd.is\/\" target=\"_blank\" rel=\"noreferrer noopener\">https:\/\/www.personuvernd.is\/<\/a> Netfang: <a href=\"mailto:postur@personuvernd.is\" target=\"_blank\" rel=\"noreferrer noopener\">postur@personuvernd.is<\/a><\/p>\n\n\n\n<h3 class=\"wp-block-heading ext-animate--on\">10. Gagnatrygging<\/h3>\n\n\n\n<p class=\"ext-animate--on\">Vi\u00f0 innlei\u00f0um vi\u00f0eigandi t\u00e6knilegar og skipulagslegar r\u00e1\u00f0stafanir til a\u00f0 vernda g\u00f6gnin \u00fe\u00edn gegn \u00f3heimilum a\u00f0gangi, tapi, ey\u00f0ileggingu e\u00f0a skemmdum (t.d. dulk\u00f3\u00f0un, a\u00f0gangsst\u00fdringar, reglulegar \u00f6ryggis\u00fattektir).<\/p>\n\n\n\n<h3 class=\"wp-block-heading ext-animate--on\">11. Pers\u00f3nuvernd barna<\/h3>\n\n\n\n<p class=\"ext-animate--on\">Vefs\u00ed\u00f0an okkar er ekki \u00e6tlu\u00f0 b\u00f6rnum undir 16 \u00e1ra aldri. Vi\u00f0 s\u00f6fnum ekki me\u00f0vita\u00f0 g\u00f6gnum fr\u00e1 b\u00f6rnum undir 16 \u00e1ra aldri \u00e1n sam\u00feykkis foreldra. Ef vi\u00f0 ver\u00f0um v\u00f6r vi\u00f0 sl\u00edka gagnas\u00f6fnun munum vi\u00f0 ey\u00f0a g\u00f6gnunum.<\/p>\n\n\n\n<h3 class=\"wp-block-heading ext-animate--on\">12. Breytingar \u00e1 \u00feessari pers\u00f3nuverndarstefnu<\/h3>\n\n\n\n<p class=\"ext-animate--on\">Vi\u00f0 g\u00e6tum uppf\u00e6rt \u00feessa stefnu af og til. Breytingar ver\u00f0a birtar h\u00e9r me\u00f0 uppf\u00e6r\u00f0um gildist\u00f6kudegi. Mikilv\u00e6gar breytingar kunna a\u00f0 vera tilkynntar me\u00f0 t\u00f6lvup\u00f3sti e\u00f0a me\u00f0 \u00e1berandi tilkynningu \u00e1 vefs\u00ed\u00f0unni.<\/p>\n\n\n\n<h3 class=\"wp-block-heading ext-animate--on\">13. Haf\u00f0u samband vi\u00f0 okkur<\/h3>\n\n\n\n<p class=\"ext-animate--on\">Fyrir spurningar um \u00feessa pers\u00f3nuverndarstefnu e\u00f0a vinnslu okkar pers\u00f3nuuppl\u00fdsinga: Netp\u00f3stur: <a href=\"mailto:info@hugspil.is\" target=\"_blank\" rel=\"noreferrer noopener\">info@hugspil.is<\/a> P\u00f3sth\u00fas: TORI EHF, Dunhagi 18, Reykjav\u00edk, 107, \u00cdsland<\/p>\n\n\n\n<p class=\"ext-animate--on\">\u00deakka \u00fe\u00e9r fyrir a\u00f0 treysta okkur pers\u00f3nuuppl\u00fdsingum \u00fe\u00ednum.<\/p>","protected":false},"excerpt":{"rendered":"<p>Effective Date: March 13, 2026 TORI EHF (&#8220;we&#8221;, &#8220;us&#8221;, &#8220;our&#8221;) respects your privacy and is committed to protecting your personal data in compliance with applicable data protection laws, including Regulation (EU) 2016\/679 (the General Data Protection Regulation \u2013 &#8220;GDPR&#8221;) and Icelandic Act No. 90\/2018 on Data Protection and the Processing of Personal Data. This Privacy [&hellip;]<\/p>\n","protected":false},"author":1,"featured_media":0,"parent":0,"menu_order":0,"comment_status":"closed","ping_status":"open","template":"","meta":{"_monsterinsights_skip_tracking":false,"_monsterinsights_sitenote_active":false,"_monsterinsights_sitenote_note":"","_monsterinsights_sitenote_category":0,"footnotes":""},"class_list":["post-3","page","type-page","status-publish","hentry"],"jetpack_sharing_enabled":true,"_links":{"self":[{"href":"https:\/\/www.hugspil.is\/is\/wp-json\/wp\/v2\/pages\/3","targetHints":{"allow":["GET"]}}],"collection":[{"href":"https:\/\/www.hugspil.is\/is\/wp-json\/wp\/v2\/pages"}],"about":[{"href":"https:\/\/www.hugspil.is\/is\/wp-json\/wp\/v2\/types\/page"}],"author":[{"embeddable":true,"href":"https:\/\/www.hugspil.is\/is\/wp-json\/wp\/v2\/users\/1"}],"replies":[{"embeddable":true,"href":"https:\/\/www.hugspil.is\/is\/wp-json\/wp\/v2\/comments?post=3"}],"version-history":[{"count":2,"href":"https:\/\/www.hugspil.is\/is\/wp-json\/wp\/v2\/pages\/3\/revisions"}],"predecessor-version":[{"id":1842,"href":"https:\/\/www.hugspil.is\/is\/wp-json\/wp\/v2\/pages\/3\/revisions\/1842"}],"wp:attachment":[{"href":"https:\/\/www.hugspil.is\/is\/wp-json\/wp\/v2\/media?parent=3"}],"curies":[{"name":"wp","href":"https:\/\/api.w.org\/{rel}","templated":true}]}}