{"id":2,"date":"2026-03-06T17:57:04","date_gmt":"2026-03-06T17:57:04","guid":{"rendered":"https:\/\/www.hugspil.is\/?page_id=2"},"modified":"2026-03-26T14:46:39","modified_gmt":"2026-03-26T14:46:39","slug":"skilmalar-og-skilyrdi","status":"publish","type":"page","link":"https:\/\/www.hugspil.is\/is\/terms-and-conditions\/","title":{"rendered":"Skilm\u00e1lar og skilyr\u00f0i"},"content":{"rendered":"<p class=\"ext-animate--on\"><strong>Skilm\u00e1lar og skilm\u00e1lar<\/strong> <strong>Gildist\u00f6kudagur: 13. mars 2026<\/strong><\/p>\n\n\n\n<p class=\"ext-animate--on\">\u00deessir skilm\u00e1lar (\u201cSkilm\u00e1lar\u201d) gilda um a\u00f0gang \u00feinn a\u00f0 vefs\u00ed\u00f0unni og notkun hennar. <strong>hugspil.is<\/strong> (vefs\u00ed\u00f0an), stafr\u00e6nar v\u00f6rur okkar, \u00fej\u00f3nustur, efni, forrit, ni\u00f0urhal, \u00e1skriftir e\u00f0a \u00f6nnur tengd tilbo\u00f0 (sameiginlega \u201c\u00fej\u00f3nusturnar\u201d) sem veitt eru af <strong>TORI EHF<\/strong> (vi\u00f0, okkur, okkar).<\/p>\n\n\n\n<p class=\"ext-animate--on\">Me\u00f0 \u00fev\u00ed a\u00f0 n\u00e1lgast e\u00f0a nota \u00fej\u00f3nustuna sam\u00feykkir \u00fe\u00fa a\u00f0 vera bundinn af \u00feessum skilm\u00e1lum. Ef \u00fe\u00fa ert ekki samm\u00e1la, skaltu ekki nota \u00fej\u00f3nustuna.<\/p>\n\n\n\n<h3 class=\"wp-block-heading ext-animate--on\">1. Uppl\u00fdsingar um fyrirt\u00e6ki\u00f0<\/h3>\n\n\n\n<p class=\"ext-animate--on\"><strong>Nafn fyrirt\u00e6kisins<\/strong>: TORI EHF <strong>Skr\u00e1ningarn\u00famer<\/strong>: 620126-2760 <strong>VSK-n\u00famer<\/strong>: 160236 <strong>Skr\u00e1\u00f0 heimilisfang<\/strong>: Dunhagi 18, Reykjav\u00edk, 107, \u00cdsland <strong>T\u00f6lvup\u00f3stur<\/strong>: <a href=\"mailto:info@hugspil.is\" target=\"_blank\" rel=\"noreferrer noopener\">info@hugspil.is<\/a><\/p>\n\n\n\n<p class=\"ext-animate--on\">Vi\u00f0 gerumst \u00fej\u00f3nustuveitandi samkv\u00e6mt \u00edslenskum l\u00f6gum.<\/p>\n\n\n\n<h3 class=\"wp-block-heading ext-animate--on\">2. H\u00e6fi<\/h3>\n\n\n\n<p class=\"ext-animate--on\">\u00de\u00fa ver\u00f0ur a\u00f0 vera a\u00f0 minnsta kosti 16 \u00e1ra e\u00f0a hafa sam\u00feykki foreldra\/forr\u00e1\u00f0amanns ef \u00fe\u00fa ert yngri en 16 \u00e1ra. Ef \u00fej\u00f3nusturnar eru \u00e6tla\u00f0ar b\u00f6rnum gilda a\u00f0rar aldursreglur (vi\u00f0 mi\u00f0um ekki markvisst a\u00f0 b\u00f6rnum yngri en 16 \u00e1ra \u00e1n vi\u00f0eigandi verndarr\u00e1\u00f0stafana). Me\u00f0 \u00fev\u00ed a\u00f0 nota \u00fej\u00f3nusturnar sta\u00f0festir \u00fe\u00fa a\u00f0 \u00fe\u00fa uppfyllir \u00feessar kr\u00f6fur.<\/p>\n\n\n\n<h3 class=\"wp-block-heading ext-animate--on\">3. Notendareikningur<\/h3>\n\n\n\n<p class=\"ext-animate--on\">Sum \u00fej\u00f3nustu krefjast \u00feess a\u00f0 stofna reikning. \u00de\u00fa sam\u00feykkir a\u00f0:<\/p>\n\n\n\n<ul class=\"wp-block-list ext-animate--on\">\n<li class=\"ext-animate--on\">Gef\u00f0u n\u00e1kv\u00e6mar og uppf\u00e6r\u00f0ar uppl\u00fdsingar.<\/li>\n\n\n\n<li class=\"ext-animate--on\">Var\u00f0veittu tr\u00fana\u00f0 innskr\u00e1ningaruppl\u00fdsinga \u00feinna.<\/li>\n\n\n\n<li class=\"ext-animate--on\">Tilkynntu okkur strax um \u00f3leyfilega notkun. Vi\u00f0 \u00e1skiljum okkur r\u00e9tt til a\u00f0 st\u00f6\u00f0va e\u00f0a loka reikningum vegna brota.<\/li>\n<\/ul>\n\n\n\n<h3 class=\"wp-block-heading ext-animate--on\">4. Leyfi til notkunar \u00fej\u00f3nustu<\/h3>\n\n\n\n<p class=\"ext-animate--on\">Vi\u00f0 veitum \u00fe\u00e9r takmarka\u00f0a, \u00f3eiginlega, \u00f3framseljanlega og afturkallanlega leyfi til a\u00f0gangs a\u00f0 og notkunar \u00e1 \u00fej\u00f3nustunni \u00ed pers\u00f3nulegum, \u00f3vi\u00f0skiptalegum tilgangi (nema anna\u00f0 s\u00e9 teki\u00f0 fram), me\u00f0 fyrirvara um \u00feessa skilm\u00e1la. \u00deetta felur ekki \u00ed s\u00e9r r\u00e9tt til:<\/p>\n\n\n\n<ul class=\"wp-block-list ext-animate--on\">\n<li class=\"ext-animate--on\">A\u00f0 afrita, breyta, dreifa, selja e\u00f0a leigja \u00fat hva\u00f0a hluta sem er af \u00fej\u00f3nustunum.<\/li>\n\n\n\n<li class=\"ext-animate--on\">V\u00e9larhanna, afk\u00f3\u00f0a e\u00f0a \u00fatdraga upprunalegan k\u00f3\u00f0a.<\/li>\n\n\n\n<li class=\"ext-animate--on\">Nota\u00f0u \u00fej\u00f3nusturnar \u00ed \u00f3l\u00f6gm\u00e6tum e\u00f0a \u00f3heimilum tilgangi.<\/li>\n<\/ul>\n\n\n\n<p class=\"ext-animate--on\">Allt efni (texti, graf\u00edk, l\u00f3g\u00f3, hugb\u00fana\u00f0ur, stafr\u00e6nar v\u00f6rur) er \u00ed eigu okkar e\u00f0a leyfisveitenda okkar og vernda\u00f0 af h\u00f6fundarr\u00e9tti, v\u00f6rumerki og \u00f6\u00f0rum l\u00f6gum.<\/p>\n\n\n\n<h3 class=\"wp-block-heading ext-animate--on\">5. Kaup og grei\u00f0slur<\/h3>\n\n\n\n<ul class=\"wp-block-list ext-animate--on\">\n<li class=\"ext-animate--on\">Ver\u00f0 eru \u00ed \u00edslenskum kr\u00f3num og innifela vir\u00f0isaukaskatt, nema anna\u00f0 s\u00e9 teki\u00f0 fram.<\/li>\n\n\n\n<li class=\"ext-animate--on\">Grei\u00f0sla er afgreidd \u00ed gegnum \u00f6rugga \u00feri\u00f0ja a\u00f0ila. Vi\u00f0 geymum ekki fullkomnar grei\u00f0slukortauppl\u00fdsingar.<\/li>\n\n\n\n<li class=\"ext-animate--on\">Me\u00f0 kaupum sam\u00feykkir \u00fe\u00fa a\u00f0 grei\u00f0a allan kostna\u00f0, \u00fear \u00e1 me\u00f0al skatta og gj\u00f6ld.<\/li>\n\n\n\n<li class=\"ext-animate--on\">\u00c1skriftir endurn\u00fdjast sj\u00e1lfkrafa nema \u00fe\u00e6r s\u00e9u felldar ni\u00f0ur. Upps\u00f6gn tekur gildi \u00ed lok n\u00faverandi t\u00edmabils.<\/li>\n\n\n\n<li class=\"ext-animate--on\">Sj\u00e1\u00f0u okkar s\u00e9rst\u00f6ku <strong>Endurgrei\u00f0slu- og skilarreglur<\/strong> fyrir n\u00e1nari uppl\u00fdsingar um endurgrei\u00f0slur, \u00fattektir og afb\u00f3kanir.<\/li>\n<\/ul>\n\n\n\n<h3 class=\"wp-block-heading ext-animate--on\">6. Afturk\u00f6llunar\u00e9ttur (k\u00e6lit\u00edmi)<\/h3>\n\n\n\n<p class=\"ext-animate--on\">Sem neytandi \u00ed EES\/\u00cdslandi, \u00fe\u00fa hefur <strong>14 daga<\/strong> Tilbakadr\u00e1ttarr\u00e9ttur fyrir fjars\u00f6lusamninga, me\u00f0 fyrirvara um undantekningar (sj\u00e1 okkar <strong>Endurgrei\u00f0slu- og skilarreglur<\/strong> fyrir fullar uppl\u00fdsingar, \u00fear me\u00f0 tali\u00f0 um tap \u00e1 r\u00e9tti til tafarlausra stafr\u00e6nnra efna me\u00f0 \u00fe\u00ednu forfr\u00e1a sam\u00feykki og vi\u00f0urkenningu).<\/p>\n\n\n\n<h3 class=\"wp-block-heading ext-animate--on\">7. Vitsmunaleg eign<\/h3>\n\n\n\n<p class=\"ext-animate--on\">\u00d6ll r\u00e9ttindi \u00ed \u00fej\u00f3nustunum og efninu eru \u00e1fram hj\u00e1 okkur e\u00f0a leyfisveitendum okkar. \u00de\u00fa m\u00e1tt ekki nota v\u00f6rumerki okkar, l\u00f3g\u00f3 e\u00f0a efni \u00e1n leyfis.<\/p>\n\n\n\n<p class=\"ext-animate--on\">Notendager\u00f0ur efni: Me\u00f0 \u00fev\u00ed a\u00f0 senda inn veitir \u00fe\u00fa okkur al\u00fej\u00f3\u00f0legt, gjaldfrj\u00e1lst leyfi til a\u00f0 nota, breyta og birta \u00fea\u00f0 \u00ed tengslum vi\u00f0 \u00fej\u00f3nustuna.<\/p>\n\n\n\n<h3 class=\"wp-block-heading ext-animate--on\">8. Heg\u00f0un notenda<\/h3>\n\n\n\n<p class=\"ext-animate--on\">\u00de\u00fa sam\u00feykkir a\u00f0 ekki:<\/p>\n\n\n\n<ul class=\"wp-block-list ext-animate--on\">\n<li class=\"ext-animate--on\">Brj\u00f3ta l\u00f6g e\u00f0a r\u00e9ttindi \u00feri\u00f0ja a\u00f0ila.<\/li>\n\n\n\n<li class=\"ext-animate--on\">Sendu \u00fat veirur, spilliforrit e\u00f0a ska\u00f0legan k\u00f3\u00f0a.<\/li>\n\n\n\n<li class=\"ext-animate--on\">\u00c1reita, spamma e\u00f0a \u00feykjast vera einhver annar.<\/li>\n\n\n\n<li class=\"ext-animate--on\">Trufla rekstur \u00fej\u00f3nustunnar. Vi\u00f0 g\u00e6tum fjarl\u00e6gt efni e\u00f0a loka\u00f0 a\u00f0gangi vegna brota.<\/li>\n<\/ul>\n\n\n\n<h3 class=\"wp-block-heading ext-animate--on\">9. Stafr\u00e6nt efni og \u00fej\u00f3nusta \u2013 Samr\u00e6mi og \u00e1byrg\u00f0<\/h3>\n\n\n\n<p class=\"ext-animate--on\">Stafr\u00e6nt efni\/\u00fej\u00f3nusta ver\u00f0ur a\u00f0 uppfylla samninginn (eins og l\u00fdst er, virkt, samh\u00e6ft). \u00de\u00fa hefur hag af \u00fev\u00ed a\u00f0 <strong>2 \u00e1ra l\u00f6gbundin \u00e1byrg\u00f0<\/strong> samkv\u00e6mt \u00edslenskum\/ESB-l\u00f6gum vegna vanefnda (\u00farr\u00e6\u00f0i: lei\u00f0r\u00e9tting, ver\u00f0l\u00e6kkun e\u00f0a upps\u00f6gn\/endurgrei\u00f0sla \u2014 sj\u00e1 okkar <strong>Endurgrei\u00f0slu- og skilarreglur<\/strong>).<\/p>\n\n\n\n<h3 class=\"wp-block-heading ext-animate--on\">10. Takm\u00f6rkun \u00e1byrg\u00f0ar<\/h3>\n\n\n\n<p class=\"ext-animate--on\">A\u00f0 \u00fev\u00ed marki sem l\u00f6g leyfa:<\/p>\n\n\n\n<ul class=\"wp-block-list ext-animate--on\">\n<li class=\"ext-animate--on\">\u00dej\u00f3nusta er veitt \u201ceins og h\u00fan er\u201d \u00e1n \u00e1byrg\u00f0ar af neinu tagi.<\/li>\n\n\n\n<li class=\"ext-animate--on\">Vi\u00f0 berum ekki \u00e1byrg\u00f0 \u00e1 \u00f3beinum, tilviljunarkenndum, aflei\u00f0ingartengdum, s\u00e9rst\u00f6kum e\u00f0a refsandi ska\u00f0ab\u00f3tum (t.d. tapi gagna, hagna\u00f0ar, rekstrartruflana).<\/li>\n\n\n\n<li class=\"ext-animate--on\">Heildar\u00e1byrg\u00f0 okkar skal ekki fara fram \u00far \u00feeirri upph\u00e6\u00f0 sem \u00fe\u00fa greiddir okkur \u00e1 s\u00ed\u00f0ustu 12 m\u00e1nu\u00f0um fyrir kr\u00f6fuger\u00f0 (e\u00f0a 10.000 ISK ef engin grei\u00f0sla hefur \u00e1tt s\u00e9r sta\u00f0). Ekkert takmarkar \u00e1byrg\u00f0 vegna dau\u00f0a e\u00f0a pers\u00f3nutj\u00f3ns sem stafar af g\u00e1leysi, svikum e\u00f0a l\u00f6gbundnum neytendaverndar\u00e1kv\u00e6\u00f0um.<\/li>\n<\/ul>\n\n\n\n<h3 class=\"wp-block-heading ext-animate--on\">11. B\u00e6tur<\/h3>\n\n\n\n<p class=\"ext-animate--on\">\u00de\u00fa sam\u00feykkir a\u00f0 b\u00e6ta okkur allan ska\u00f0a sem lei\u00f0ir af kr\u00f6fum vegna brots \u00fe\u00edns \u00e1 \u00feessum skilm\u00e1lum e\u00f0a misnotkunar \u00e1 \u00fej\u00f3nustunni.<\/p>\n\n\n\n<h3 class=\"wp-block-heading ext-animate--on\">12. Upps\u00f6gn<\/h3>\n\n\n\n<p class=\"ext-animate--on\">Vi\u00f0 getum t\u00edmabundi\u00f0 e\u00f0a fellt ni\u00f0ur a\u00f0gang \u00feinn vegna brots \u00e1 \u00feessum skilm\u00e1lum, \u00f3l\u00f6gm\u00e6trar starfsemi, e\u00f0a eftir okkar mati (me\u00f0 fyrirvara \u00fear sem krafist er).<\/p>\n\n\n\n<h3 class=\"wp-block-heading ext-animate--on\">13. Breytingar \u00e1 skilm\u00e1lum<\/h3>\n\n\n\n<p class=\"ext-animate--on\">Vi\u00f0 g\u00e6tum uppf\u00e6rt \u00feessa skilm\u00e1la. Breytingar eru birtar h\u00e9r me\u00f0 n\u00fdjum gildist\u00f6kudegi. \u00c1framhaldandi notkun felur \u00ed s\u00e9r sam\u00feykki. Mikilv\u00e6gar breytingar kunna a\u00f0 vera tilkynntar me\u00f0 t\u00f6lvup\u00f3sti e\u00f0a \u00e1 vefs\u00ed\u00f0unni.<\/p>\n\n\n\n<h3 class=\"wp-block-heading ext-animate--on\">14. Gildandi l\u00f6g og \u00farlausn \u00e1greinings<\/h3>\n\n\n\n<p class=\"ext-animate--on\">\u00deessir skilm\u00e1lar l\u00fata \u00edslenskum l\u00f6gum. \u00c1greiningur skal leystur fyrir d\u00f3mst\u00f3lum \u00ed Reykjav\u00edk, \u00cdslandi. Sem neytandi getur \u00fe\u00fa einnig nota\u00f0 evr\u00f3pska vettvanginn fyrir lausn \u00e1greinings \u00e1 netinu.<a href=\"https:\/\/ec.europa.eu\/odr\" target=\"_blank\" rel=\"noreferrer noopener\"><\/a> e\u00f0a haf\u00f0u samband vi\u00f0 Neytendastofu.<\/p>\n\n\n\n<h3 class=\"wp-block-heading ext-animate--on\">15. \u00ddmislegt<\/h3>\n\n\n\n<ul class=\"wp-block-list ext-animate--on\">\n<li class=\"ext-animate--on\">Heildarsamkomulag: \u00deessir skilm\u00e1lar (\u00e1samt pers\u00f3nuverndarstefnu, endurgrei\u00f0slustefnu og k\u00f6kustefnu) mynda fullkomi\u00f0 samkomulag.<\/li>\n\n\n\n<li class=\"ext-animate--on\">A\u00f0skiljanleiki: \u00d3gildar \u00e1kv\u00e6\u00f0i hafa ekki \u00e1hrif \u00e1 \u00f6nnur.<\/li>\n\n\n\n<li class=\"ext-animate--on\">Engin undan\u00fe\u00e1ga: Vanr\u00e6ksla \u00e1 a\u00f0 innlei\u00f0a r\u00e9ttindi felur ekki \u00ed s\u00e9r afsal \u00feeirra.<\/li>\n\n\n\n<li class=\"ext-animate--on\">\u00dathlutun: Vi\u00f0 getum \u00fathluta\u00f0 \u00feessum skilm\u00e1lum; \u00fe\u00fa m\u00e1tt \u00fea\u00f0 ekki \u00e1n sam\u00feykkis.<\/li>\n<\/ul>\n\n\n\n<h3 class=\"wp-block-heading ext-animate--on\">16. Haf\u00f0u samband<\/h3>\n\n\n\n<p class=\"ext-animate--on\">Spurningar? Haf\u00f0u samband: Netfang: <a href=\"mailto:info@hugspil.is\" target=\"_blank\" rel=\"noreferrer noopener\">info@hugspil.is<\/a> Heimilisfang: TORI EHF, Dunhagi 18, Reykjav\u00edk, 107, \u00cdsland<\/p>\n\n\n\n<p class=\"ext-animate--on\">\u00deakka \u00fe\u00e9r fyrir a\u00f0 nota hugspil.is! Vi\u00f0 metum traust \u00feitt.<\/p>","protected":false},"excerpt":{"rendered":"<p>Terms and Conditions Effective Date: March 13, 2026 These Terms and Conditions (&#8220;Terms&#8221;) govern your access to and use of the website hugspil.is (the &#8220;Website&#8221;), our digital products, services, content, apps, downloads, subscriptions, or any related offerings (collectively, the &#8220;Services&#8221;) provided by TORI EHF (&#8220;we&#8221;, &#8220;us&#8221;, &#8220;our&#8221;). By accessing or using the Services, you agree [&hellip;]<\/p>\n","protected":false},"author":1,"featured_media":0,"parent":0,"menu_order":0,"comment_status":"closed","ping_status":"open","template":"","meta":{"_monsterinsights_skip_tracking":false,"_monsterinsights_sitenote_active":false,"_monsterinsights_sitenote_note":"","_monsterinsights_sitenote_category":0,"footnotes":""},"class_list":["post-2","page","type-page","status-publish","hentry"],"jetpack_sharing_enabled":true,"_links":{"self":[{"href":"https:\/\/www.hugspil.is\/is\/wp-json\/wp\/v2\/pages\/2","targetHints":{"allow":["GET"]}}],"collection":[{"href":"https:\/\/www.hugspil.is\/is\/wp-json\/wp\/v2\/pages"}],"about":[{"href":"https:\/\/www.hugspil.is\/is\/wp-json\/wp\/v2\/types\/page"}],"author":[{"embeddable":true,"href":"https:\/\/www.hugspil.is\/is\/wp-json\/wp\/v2\/users\/1"}],"replies":[{"embeddable":true,"href":"https:\/\/www.hugspil.is\/is\/wp-json\/wp\/v2\/comments?post=2"}],"version-history":[{"count":2,"href":"https:\/\/www.hugspil.is\/is\/wp-json\/wp\/v2\/pages\/2\/revisions"}],"predecessor-version":[{"id":1841,"href":"https:\/\/www.hugspil.is\/is\/wp-json\/wp\/v2\/pages\/2\/revisions\/1841"}],"wp:attachment":[{"href":"https:\/\/www.hugspil.is\/is\/wp-json\/wp\/v2\/media?parent=2"}],"curies":[{"name":"wp","href":"https:\/\/api.w.org\/{rel}","templated":true}]}}