{"id":100,"date":"2026-03-14T08:23:47","date_gmt":"2026-03-14T08:23:47","guid":{"rendered":"https:\/\/www.hugspil.is\/?page_id=100"},"modified":"2026-03-14T08:23:49","modified_gmt":"2026-03-14T08:23:49","slug":"um-okkur","status":"publish","type":"page","link":"https:\/\/www.hugspil.is\/is\/about-us\/","title":{"rendered":"Um okkur"},"content":{"rendered":"<p class=\"ext-animate--on\"><strong>Velkomin til Hugspil \u2013 \u00fear sem g\u00e1tur vekja gle\u00f0i og \u00f6gra huganum!<\/strong><\/p>\n\n\n\n<p class=\"ext-animate--on\">Vi\u00f0 <strong>Hugspil<\/strong>, Vi\u00f0 teljum a\u00f0 fr\u00e1b\u00e6rt \u00ferautaspil s\u00e9 meira en bara leikur \u2014 \u00fea\u00f0 er fer\u00f0alag uppg\u00f6tvunar, \u00feolinm\u00e6\u00f0i, snjalls hugsunar og \u00feess d\u00e1samlega \u201caha!\u201d augnabliks \u00feegar allt fellur \u00e1 sinn sta\u00f0. Hugspil b\u00fd\u00f0ur \u00fe\u00e9r vandlega valda safn af <strong>einst\u00f6k l\u00edkamleg \u00ferautir<\/strong> og <strong>fl\u00f3kin g\u00e1tubox<\/strong> hanna\u00f0 til a\u00f0 heilla \u00ferautaseigla um allt \u00cdsland og v\u00ed\u00f0ar.<\/p>\n\n\n\n<h3 class=\"wp-block-heading ext-animate--on\">Saga okkar<\/h3>\n\n\n\n<p class=\"ext-animate--on\">Hugspil var\u00f0 til \u00far einfaldri \u00e1str\u00ed\u00f0u: \u00e1st \u00e1 g\u00f3\u00f0um vitsmunavanda og l\u00f6ngun til a\u00f0 deila \u00feeirri gle\u00f0i me\u00f0 \u00f6\u00f0rum. \u00cd heimi fullum af stafr\u00e6num truflunum vildum vi\u00f0 skapa eitthva\u00f0 <strong>\u00e1\u00fereifanlegur<\/strong>, eitthva\u00f0 sem \u00fe\u00fa getur haldi\u00f0 \u00ed h\u00f6ndunum, sn\u00fai\u00f0, sn\u00fai\u00f0 vi\u00f0 og leyst skref fyrir skref. Nafn okkar \u2014 \u201cHugspil\u201d \u2014 kemur \u00far \u00edslenskum or\u00f0um sem vekja hugt\u00f6kin \u201chugur\u201d og \u201cspil\u201d, og fangar fullkomlega \u00fea\u00f0 sem vi\u00f0 gerum: leikandi \u00e1skoranir fyrir forvitinn huga.<\/p>\n\n\n\n<p class=\"ext-animate--on\">Vi\u00f0 erum stolt af \u00fev\u00ed a\u00f0 vera \u00edslenskt fyrirt\u00e6ki, reki\u00f0 af <strong>TORI EHF<\/strong>, og vi\u00f0 s\u00e6kjum innbl\u00e1stur \u00ed n\u00fdsk\u00f6punaranda \u00cdslands, fl\u00e6kjustig n\u00e1tt\u00farunnar og langar, notalegar kv\u00f6ldstundir sem henta einstaklega vel til a\u00f0 leysa g\u00e1tur. <\/p>\n\n\n\n<h3 class=\"wp-block-heading ext-animate--on\">\u00dea\u00f0 sem vi\u00f0 bj\u00f3\u00f0um<\/h3>\n\n\n\n<ul class=\"wp-block-list ext-animate--on\">\n<li class=\"ext-animate--on\"><strong>Einst\u00f6k g\u00e1tubox<\/strong> sem fela leyndarm\u00e1l og \u00f3v\u00e6ntar upp\u00e1komur<\/li>\n\n\n\n<li class=\"ext-animate--on\"><strong>\u00c1hugaver\u00f0ar hugr\u00e6nar \u00ferautir<\/strong> Hentar einleikslausnara\u00f0ilum e\u00f0a fj\u00f6lskylduskemmtun<\/li>\n\n\n\n<li class=\"ext-animate--on\"><strong>G\u00e6\u00f0amiklar, endingarg\u00f3\u00f0ar v\u00e9lr\u00e6nar \u00ferautir<\/strong> sm\u00ed\u00f0a\u00f0 til a\u00f0 endast og gle\u00f0ja<\/li>\n\n\n\n<li class=\"ext-animate--on\">V\u00f6rur unnar af kostg\u00e6fni, sem sameina sk\u00f6punarg\u00e1fu, v\u00e9lfr\u00e6\u00f0i og sjarma<\/li>\n<\/ul>\n\n\n\n<p class=\"ext-animate--on\">Hvort sem \u00fe\u00fa ert reyndur g\u00e1tuleikameistari sem s\u00e6kist eftir hinni fullkomnu \u00e1skorun e\u00f0a einhver sem leitar a\u00f0 hugvitsamlegu gj\u00f6f sem sker sig \u00far, munt \u00fe\u00fa finna h\u00e9r eitthva\u00f0 sem vekur forvitni \u00fe\u00edna.<\/p>\n\n\n\n<h3 class=\"wp-block-heading ext-animate--on\">Gildin okkar<\/h3>\n\n\n\n<ul class=\"wp-block-list ext-animate--on\">\n<li class=\"ext-animate--on\"><strong>G\u00e6\u00f0i fyrst<\/strong> \u2014 Vi\u00f0 veljum hverjum vi\u00f0 gerum samstarf vi\u00f0.<\/li>\n\n\n\n<li class=\"ext-animate--on\"><strong>Hugv\u00edkkandi skemmtun<\/strong> \u2014 Vi\u00f0 sk\u00f6pum upplifanir sem skemmta, slaka \u00e1 og \u00f6rva heilann \u00e1 mildan h\u00e1tt.<\/li>\n\n\n\n<li class=\"ext-animate--on\"><strong>An\u00e6gja vi\u00f0skiptavina<\/strong> \u2014 Sk\u00fdr samskipti, sanngj\u00f6rnar stefnur og hra\u00f0sendin \u00edslensk sendinga\u00fej\u00f3nusta me\u00f0 \u00e1rei\u00f0anlegum samstarfsa\u00f0ilum eins og Dropp, P\u00f3sturinn og Leit Lei\u00f0.<\/li>\n<\/ul>\n\n\n\n<h3 class=\"wp-block-heading ext-animate--on\">Haf\u00f0u samband<\/h3>\n\n\n\n<p class=\"ext-animate--on\">Spurningar, till\u00f6gur a\u00f0 \u00ferautum e\u00f0a viltu bara segja \u201c\u00e9g er fastur!\u201d (\u00e9g er fastur!)? Vi\u00f0 myndum gjarnan heyra fr\u00e1 \u00fe\u00e9r.<\/p>\n\n\n\n<p class=\"ext-animate--on\"><strong>T\u00f6lvup\u00f3stur<\/strong>: <a href=\"mailto:info@hugspil.is\" target=\"_blank\" rel=\"noreferrer noopener\">info@hugspil.is<\/a> <strong>Heimilisfang<\/strong>: TORI EHF, Dunhagi 18, Reykjav\u00edk, 107, \u00cdsland <strong>Fyrirt\u00e6kjaskr\u00e1ning<\/strong>: 620126-2760 | VSK: 160236<\/p>\n\n\n\n<p class=\"ext-animate--on\">Takk fyrir a\u00f0 ganga til li\u00f0s vi\u00f0 Hugspil-fj\u00f6lskylduna. Me\u00f0 von um snj\u00f6ll \u00ferautir, fulln\u00e6gjandi lausnir og \u00e6vinlega forvitni! \ud83e\udde9\ud83c\uddee\ud83c\uddf8<\/p>","protected":false},"excerpt":{"rendered":"<p>Welcome to Hugspil \u2013 Where Puzzles Spark Joy and Challenge the Mind! At Hugspil, we believe that a great puzzle is more than just a game \u2014 it&#8217;s a journey of discovery, patience, clever thinking, and that wonderful &#8220;aha!&#8221; moment when everything clicks into place. Hugspil brings you a carefully curated collection of unique physical [&hellip;]<\/p>\n","protected":false},"author":1,"featured_media":0,"parent":0,"menu_order":0,"comment_status":"closed","ping_status":"closed","template":"page-with-title","meta":{"_monsterinsights_skip_tracking":false,"_monsterinsights_sitenote_active":false,"_monsterinsights_sitenote_note":"","_monsterinsights_sitenote_category":0,"footnotes":""},"class_list":["post-100","page","type-page","status-publish","hentry"],"jetpack_sharing_enabled":true,"_links":{"self":[{"href":"https:\/\/www.hugspil.is\/is\/wp-json\/wp\/v2\/pages\/100","targetHints":{"allow":["GET"]}}],"collection":[{"href":"https:\/\/www.hugspil.is\/is\/wp-json\/wp\/v2\/pages"}],"about":[{"href":"https:\/\/www.hugspil.is\/is\/wp-json\/wp\/v2\/types\/page"}],"author":[{"embeddable":true,"href":"https:\/\/www.hugspil.is\/is\/wp-json\/wp\/v2\/users\/1"}],"replies":[{"embeddable":true,"href":"https:\/\/www.hugspil.is\/is\/wp-json\/wp\/v2\/comments?post=100"}],"version-history":[{"count":1,"href":"https:\/\/www.hugspil.is\/is\/wp-json\/wp\/v2\/pages\/100\/revisions"}],"predecessor-version":[{"id":101,"href":"https:\/\/www.hugspil.is\/is\/wp-json\/wp\/v2\/pages\/100\/revisions\/101"}],"wp:attachment":[{"href":"https:\/\/www.hugspil.is\/is\/wp-json\/wp\/v2\/media?parent=100"}],"curies":[{"name":"wp","href":"https:\/\/api.w.org\/{rel}","templated":true}]}}