{"id":2000,"date":"2026-04-03T17:49:28","date_gmt":"2026-04-03T17:49:28","guid":{"rendered":"https:\/\/www.hugspil.is\/?post_type=product&#038;p=2000"},"modified":"2026-04-03T17:50:54","modified_gmt":"2026-04-03T17:50:54","slug":"malid-um-kodabrotsmanninn-sherlock-holmes-gatuna","status":"publish","type":"product","link":"http:\/\/www.hugspil.is\/is\/product\/the-case-of-the-code-breaker-sherlock-holmes-puzzle\/","title":{"rendered":"SHERLOCK HOLMES \u2013 M\u00c1L K\u00d3\u00d0ABROTSINS"},"content":{"rendered":"<p dir=\"auto\" data-rm-block-id=\"block-1\"><strong>G\u00e1tur\u00f6\u00f0 Sherlock Holmes<\/strong><\/p>\n<p dir=\"auto\" data-rm-block-id=\"block-2\"><strong>\u00c1SKORUN:<\/strong> Lausa\u00f0u leynihj\u00e1lm sem andst\u00e6\u00f0ingur \u00feinn setti. \u00de\u00fa hefur a\u00f0eins t\u00edu tilraunir.<\/p>\n<p dir=\"auto\" data-rm-block-id=\"block-3\"><strong>Lei\u00f0beiningar<\/strong> Einn leikma\u00f0ur tekur a\u00f0 s\u00e9r hlutverk k\u00f3\u00f0ageranda, hinn ver\u00f0ur k\u00f3\u00f0abroti. K\u00f3\u00f0abrotinn \u00fearf a\u00f0 giska \u00e1 n\u00e1kv\u00e6ma r\u00f6\u00f0 fj\u00f6gurra litu\u00f0u pinnanna sem falin eru bak vi\u00f0 h\u00fa\u00f0a\u00f0a hluta tr\u00e9spjaldsins. Ef k\u00f3\u00f0abrotinn finnur alla k\u00f3\u00f0ann \u00ed r\u00e9ttri r\u00f6\u00f0 innan t\u00edu giska, vinnur hann. Ef \u00f6ll t\u00edu giskanirnar eru nota\u00f0ar \u00e1n \u00e1rangurs, vinnur k\u00f3\u00f0agerandinn.<\/p>\n<p dir=\"auto\" data-rm-block-id=\"block-4\">Moriarty hefur kalla\u00f0 Sherlock Holmes \u00ed hina endanlegu vitsmunabar\u00e1ttu. \u00dea\u00f0 mun krefjast allrar go\u00f0sagnakenndrar \u00e1lyktunargetu Holmes til a\u00f0 tryggja s\u00e9r sigur. Getur\u00f0u hj\u00e1lpa\u00f0 Holmes a\u00f0 \u00e1lykta r\u00e9tta r\u00f6\u00f0 fj\u00f6gurra litu\u00f0u pinnanna sem falin eru \u00ed tr\u00e9kassanum?<\/p>\n<p dir=\"auto\" data-rm-block-id=\"block-5\"><strong>Innihald:<\/strong><\/p>\n<ul dir=\"auto\">\n<li data-rm-block-id=\"block-6\">Tr\u00e9spilabor\u00f0<\/li>\n<li data-rm-block-id=\"block-7\">120 litu\u00f0 pinnar<\/li>\n<li data-rm-block-id=\"block-8\">40 endurgj\u00f6farpinnar<\/li>\n<li data-rm-block-id=\"block-9\">Lei\u00f0beiningabla\u00f0<\/li>\n<\/ul>\n<p dir=\"auto\" data-rm-block-id=\"block-10\">Spennandi tveggja manna leikur um r\u00f6kfr\u00e6\u00f0i og \u00e1lyktanir.<\/p>\n<p dir=\"auto\" data-rm-block-id=\"block-11\"><strong>A\u00f0eins ensk \u00fatg\u00e1fa.<\/strong><\/p>\n<p dir=\"auto\" data-rm-block-id=\"block-12\"><strong>St\u00e6r\u00f0ir \u00ferautarinnar:<\/strong> 27,3 \u00d7 12,5 \u00d7 3,8 cm.<\/p>","protected":false},"excerpt":{"rendered":"<p dir=\"auto\"><strong>\u00c1skorun<\/strong>: r\u00e1\u00f0a k\u00f3\u00f0ann sem andst\u00e6\u00f0ingurinn setti. \u00de\u00fa hefur a\u00f0eins 10 m\u00f6guleika.<\/p>\n<p dir=\"auto\">","protected":false},"featured_media":2001,"comment_status":"open","ping_status":"closed","template":"","meta":{"_monsterinsights_skip_tracking":false,"_monsterinsights_sitenote_active":false,"_monsterinsights_sitenote_note":"","_monsterinsights_sitenote_category":0},"product_brand":[],"product_cat":[25,1157],"product_tag":[],"class_list":{"0":"post-2000","1":"product","2":"type-product","3":"status-publish","4":"has-post-thumbnail","6":"product_cat-wooden-puzzles","7":"product_cat-board-game","9":"first","10":"instock","11":"taxable","12":"shipping-taxable","13":"purchasable","14":"product-type-simple"},"jetpack_sharing_enabled":true,"_links":{"self":[{"href":"http:\/\/www.hugspil.is\/is\/wp-json\/wp\/v2\/product\/2000","targetHints":{"allow":["GET"]}}],"collection":[{"href":"http:\/\/www.hugspil.is\/is\/wp-json\/wp\/v2\/product"}],"about":[{"href":"http:\/\/www.hugspil.is\/is\/wp-json\/wp\/v2\/types\/product"}],"replies":[{"embeddable":true,"href":"http:\/\/www.hugspil.is\/is\/wp-json\/wp\/v2\/comments?post=2000"}],"wp:featuredmedia":[{"embeddable":true,"href":"http:\/\/www.hugspil.is\/is\/wp-json\/wp\/v2\/media\/2001"}],"wp:attachment":[{"href":"http:\/\/www.hugspil.is\/is\/wp-json\/wp\/v2\/media?parent=2000"}],"wp:term":[{"taxonomy":"product_brand","embeddable":true,"href":"http:\/\/www.hugspil.is\/is\/wp-json\/wp\/v2\/product_brand?post=2000"},{"taxonomy":"product_cat","embeddable":true,"href":"http:\/\/www.hugspil.is\/is\/wp-json\/wp\/v2\/product_cat?post=2000"},{"taxonomy":"product_tag","embeddable":true,"href":"http:\/\/www.hugspil.is\/is\/wp-json\/wp\/v2\/product_tag?post=2000"}],"curies":[{"name":"wp","href":"https:\/\/api.w.org\/{rel}","templated":true}]}}