{"id":1994,"date":"2026-04-03T17:31:02","date_gmt":"2026-04-03T17:31:02","guid":{"rendered":"https:\/\/www.hugspil.is\/?post_type=product&#038;p=1994"},"modified":"2026-04-03T17:31:02","modified_gmt":"2026-04-03T17:31:02","slug":"asteroidapusl-xl","status":"publish","type":"product","link":"http:\/\/www.hugspil.is\/is\/product\/asteroid-puzzle-xl\/","title":{"rendered":"ASTERO\u00cd\u00d0A\u00deRAUT XL"},"content":{"rendered":"<p dir=\"auto\" data-rm-block-id=\"block-1\">\u00c1stand: Skemmd kassa<\/p>\n<p dir=\"auto\" data-rm-block-id=\"block-2\"><strong>Asteroid \u2013 sundurlagningarg\u00e1ta<\/strong><\/p>\n<p dir=\"auto\" data-rm-block-id=\"block-3\"><strong>\u00c1SKORUN:<\/strong> R\u00edf\u00f0u steinaldri\u00f0 \u00ed sundur og settu \u00fea\u00f0 aftur saman.<\/p>\n<p dir=\"auto\" data-rm-block-id=\"block-4\">\u00deetta fram\u00farskarandi \u00feraut fyrir \u00feungar hugsanir stendur stolt <strong>15 cm \u00e1 h\u00e6\u00f0<\/strong> \u00ed XL-\u00fatg\u00e1funni \u2014 sannkalla\u00f0 yfirl\u00fdsingarstykki fyrir hva\u00f0a safn sem er.<\/p>\n<p dir=\"auto\" data-rm-block-id=\"block-5\">Me\u00f0 yfirgn\u00e6fandi \u00fatliti s\u00ednu og 24 fl\u00f3knum hlutum er Asteroid eitt krefjandi sundurlagningarg\u00e1tan sem v\u00f6l er \u00e1. H\u00fan \u00e1 skili\u00f0 \u00e1berandi s\u00e6ti \u00e1 hillunni \u00feinni e\u00f0a skrifbor\u00f0inu sem demantur \u00ed einkag\u00e1tusafni \u00fe\u00ednu.<\/p>\n<p dir=\"auto\" data-rm-block-id=\"block-6\"><strong>Erfi\u00f0leikastig:<\/strong> 4\/6.\u00a0 <strong>Me\u00f0allausnat\u00edmi:<\/strong> 30 m\u00edn\u00fatur \u2013 30 dagar.<\/p>\n<p dir=\"auto\" data-rm-block-id=\"block-7\"><strong>Vi\u00f0mi\u00f0:<\/strong><\/p>\n<ul dir=\"auto\">\n<li data-rm-block-id=\"block-8\"><strong>St\u00f3r (XL-st\u00e6r\u00f0):<\/strong> 15 \u00d7 15 \u00d7 15 cm.<\/li>\n<\/ul>","protected":false},"excerpt":{"rendered":"<p><strong>\u00c1skorun<\/strong>Taka sundur og setja saman astero\u00ed\u00f0inn sem er ger\u00f0ur \u00far 24 fl\u00f3knum hlutum.<\/p>","protected":false},"featured_media":1995,"comment_status":"open","ping_status":"closed","template":"","meta":{"_monsterinsights_skip_tracking":false,"_monsterinsights_sitenote_active":false,"_monsterinsights_sitenote_note":"","_monsterinsights_sitenote_category":0},"product_brand":[],"product_cat":[25],"product_tag":[],"class_list":{"0":"post-1994","1":"product","2":"type-product","3":"status-publish","4":"has-post-thumbnail","6":"product_cat-wooden-puzzles","8":"first","9":"instock","10":"sale","11":"taxable","12":"shipping-taxable","13":"purchasable","14":"product-type-simple"},"jetpack_sharing_enabled":true,"_links":{"self":[{"href":"http:\/\/www.hugspil.is\/is\/wp-json\/wp\/v2\/product\/1994","targetHints":{"allow":["GET"]}}],"collection":[{"href":"http:\/\/www.hugspil.is\/is\/wp-json\/wp\/v2\/product"}],"about":[{"href":"http:\/\/www.hugspil.is\/is\/wp-json\/wp\/v2\/types\/product"}],"replies":[{"embeddable":true,"href":"http:\/\/www.hugspil.is\/is\/wp-json\/wp\/v2\/comments?post=1994"}],"wp:featuredmedia":[{"embeddable":true,"href":"http:\/\/www.hugspil.is\/is\/wp-json\/wp\/v2\/media\/1995"}],"wp:attachment":[{"href":"http:\/\/www.hugspil.is\/is\/wp-json\/wp\/v2\/media?parent=1994"}],"wp:term":[{"taxonomy":"product_brand","embeddable":true,"href":"http:\/\/www.hugspil.is\/is\/wp-json\/wp\/v2\/product_brand?post=1994"},{"taxonomy":"product_cat","embeddable":true,"href":"http:\/\/www.hugspil.is\/is\/wp-json\/wp\/v2\/product_cat?post=1994"},{"taxonomy":"product_tag","embeddable":true,"href":"http:\/\/www.hugspil.is\/is\/wp-json\/wp\/v2\/product_tag?post=1994"}],"curies":[{"name":"wp","href":"https:\/\/api.w.org\/{rel}","templated":true}]}}