{"id":1519,"date":"2026-03-22T16:13:08","date_gmt":"2026-03-22T16:13:08","guid":{"rendered":"https:\/\/www.hugspil.is\/?post_type=product&#038;p=1519"},"modified":"2026-03-31T06:35:52","modified_gmt":"2026-03-31T06:35:52","slug":"tangram","status":"publish","type":"product","link":"http:\/\/www.hugspil.is\/is\/product\/tangram\/","title":{"rendered":"TANGRAM"},"content":{"rendered":"<figure data-content-type=\"image\" data-appearance=\"full-width\" data-element=\"main\" data-pb-style=\"MT5G8K9\">\n<p dir=\"auto\"><strong>Tangram \u2013 hin klass\u00edska tr\u00e9g\u00f3berspilun<\/strong><\/p>\n<p dir=\"auto\">Eitt af elstu og \u00e1sts\u00e6lustu r\u00famfr\u00e6\u00f0ilegum \u00ferautum heims, Tangram, er v\u00ed\u00f0a tali\u00f0 forveri n\u00fat\u00edma sundurli\u00f0unar\u00ferauta.<\/p>\n<p dir=\"auto\">Tangrami\u00f0 okkar er vandlega unni\u00f0 \u00far sj\u00e1lfb\u00e6rum vi\u00f0i \u00far enduruppbygg\u00f0um ta\u00edlenskum sk\u00f3gum. \u00dea\u00f0 kemur me\u00f0 hagn\u00fdtum vi\u00f0arloki sem gerir \u00fea\u00f0 au\u00f0velt a\u00f0 bera me\u00f0 s\u00e9r og kj\u00f6rinn til notkunar hvar sem er.<\/p>\n<p dir=\"auto\">\u00deetta t\u00edmalausa \u00ferautaspil eflir r\u00f6khugsun og r\u00famfr\u00e6\u00f0ilega \u00edmyndunarafl og hvetur leikmenn til a\u00f0 b\u00faa til \u00f3tal heillandi form og skuggamyndir. \u00dea\u00f0 er einnig fr\u00e1b\u00e6rt fr\u00e6\u00f0slut\u00e6ki sem miki\u00f0 er nota\u00f0 \u00ed grunn- og mi\u00f0sk\u00f3lum til a\u00f0 efla sk\u00f6punarg\u00e1fu og lausnami\u00f0a\u00f0a hugsun.<\/p>\n<p dir=\"auto\"><strong>7 hlutar \u2013 Endalausir m\u00f6guleikar<\/strong><\/p>\n<p dir=\"auto\">Tangrami\u00f0 samanstendur af a\u00f0eins sj\u00f6 stykkjum \u00ed mismunandi st\u00e6r\u00f0um og l\u00f6gun. \u00de\u00fa ert \u00e1skoru\u00f0(n) um a\u00f0 sameina \u00feau til a\u00f0 endurskapa upprunalega ferninginn og uppg\u00f6tva hundru\u00f0 annarra hugmyndar\u00edkra mynstra.<\/p>\n<p dir=\"auto\"><strong>Innifali\u00f0 b\u00e6klingur me\u00f0 100 myndum<\/strong><\/p>\n<p dir=\"auto\">Pakkinn inniheldur fallega myndskreytt b\u00e6kling me\u00f0 100 mismunandi myndum til a\u00f0 endurskapa, auk heillandi forna s\u00f6gu tangramsins.<\/p>\n<p dir=\"auto\"><strong>Flytjanleg skelkassa<\/strong><\/p>\n<p dir=\"auto\">Hanna\u00f0 fyrir fer\u00f0al\u00f6g og dagleg \u00e6vint\u00fdri, passar \u00feetta \u00fe\u00e9ttpakka\u00f0a tangram-sett fullkomlega \u00ed vasa e\u00f0a t\u00f6sku. Sterk tr\u00e9h\u00fa\u00f0in heldur \u00f6llum sj\u00f6 hlutunum \u00f6rugglega innanbor\u00f0s hvar sem \u00fe\u00fa fer\u00f0.<\/p>\n<\/figure>","protected":false},"excerpt":{"rendered":"<ul>\n<li><strong>\u00c1SKORUN:<\/strong> Make a square with 7 different pieces + other 99 shapes.<\/li>\n<\/ul>","protected":false},"featured_media":1659,"comment_status":"open","ping_status":"closed","template":"","meta":{"_monsterinsights_skip_tracking":false,"_monsterinsights_sitenote_active":false,"_monsterinsights_sitenote_note":"","_monsterinsights_sitenote_category":0},"product_brand":[],"product_cat":[25],"product_tag":[142,153,143,320,146,147,322,140,139,471,573,690,1123,321,323,318,150,154,472],"class_list":{"0":"post-1519","1":"product","2":"type-product","3":"status-publish","4":"has-post-thumbnail","6":"product_cat-wooden-puzzles","7":"product_tag-brain-teasers","8":"product_tag-brain-teasers-for-adults","9":"product_tag-brainteasers","10":"product_tag-classic-games","11":"product_tag-educational-brain-teasers","12":"product_tag-educational-games","13":"product_tag-family-games","14":"product_tag-mind-games","15":"product_tag-mind-puzzles","16":"product_tag-table-games","17":"product_tag-tangram","18":"product_tag-tangram-puzzle","19":"product_tag-tangram-wooden-puzzle","20":"product_tag-traditional-games","21":"product_tag-travel-games","22":"product_tag-wooden-games","23":"product_tag-wooden-puzzles","24":"product_tag-wooden-puzzles-for-adults","25":"product_tag-wooden-table-games","27":"first","28":"instock","29":"taxable","30":"shipping-taxable","31":"purchasable","32":"product-type-simple"},"jetpack_sharing_enabled":true,"_links":{"self":[{"href":"http:\/\/www.hugspil.is\/is\/wp-json\/wp\/v2\/product\/1519","targetHints":{"allow":["GET"]}}],"collection":[{"href":"http:\/\/www.hugspil.is\/is\/wp-json\/wp\/v2\/product"}],"about":[{"href":"http:\/\/www.hugspil.is\/is\/wp-json\/wp\/v2\/types\/product"}],"replies":[{"embeddable":true,"href":"http:\/\/www.hugspil.is\/is\/wp-json\/wp\/v2\/comments?post=1519"}],"wp:featuredmedia":[{"embeddable":true,"href":"http:\/\/www.hugspil.is\/is\/wp-json\/wp\/v2\/media\/1659"}],"wp:attachment":[{"href":"http:\/\/www.hugspil.is\/is\/wp-json\/wp\/v2\/media?parent=1519"}],"wp:term":[{"taxonomy":"product_brand","embeddable":true,"href":"http:\/\/www.hugspil.is\/is\/wp-json\/wp\/v2\/product_brand?post=1519"},{"taxonomy":"product_cat","embeddable":true,"href":"http:\/\/www.hugspil.is\/is\/wp-json\/wp\/v2\/product_cat?post=1519"},{"taxonomy":"product_tag","embeddable":true,"href":"http:\/\/www.hugspil.is\/is\/wp-json\/wp\/v2\/product_tag?post=1519"}],"curies":[{"name":"wp","href":"https:\/\/api.w.org\/{rel}","templated":true}]}}