{"id":1515,"date":"2026-03-22T16:13:08","date_gmt":"2026-03-22T16:13:08","guid":{"rendered":"https:\/\/www.hugspil.is\/?post_type=product&#038;p=1515"},"modified":"2026-03-29T12:53:46","modified_gmt":"2026-03-29T12:53:46","slug":"lucchetto-064-lasgata","status":"publish","type":"product","link":"http:\/\/www.hugspil.is\/is\/product\/lucchetto-064-lock-puzzle\/","title":{"rendered":"LUCCHETTO 064"},"content":{"rendered":"<p data-rm-block-id=\"block-1\"><strong>\u00c1SKORUN:<\/strong> Reyndu a\u00f0 opna l\u00e6singu\u2026 Mj\u00f6g erfitt a\u00f0 gera.<\/p>\n<p data-rm-block-id=\"block-2\"><strong>Erfi\u00f0leikastig:<\/strong> EXTREME 4\/6. Me\u00f0allausnart\u00edmi: 30 m\u00edn\u00fatur \u2013 30 dagar*.<\/p>\n<p data-rm-block-id=\"block-3\">\u201cLUCCHETTO 064\u201d \u2013 heillandi, st\u00f3rt og vel sm\u00ed\u00f0a\u00f0 tr\u00e9p\u00fasl.<\/p>\n<p data-rm-block-id=\"block-4\"><strong>Vi\u00f0mi\u00f0<\/strong>: 12,5 cm \u00feverm\u00e1l x 2 cm \u00feykkt \/ 4,9 tommur \u00feverm\u00e1l x 0,8 tommur \u00feykkt.<\/p>\n<p data-rm-block-id=\"block-5\"><strong>Sk\u00f3gar<\/strong>: Padouk, Maple.<\/p>\n<p data-rm-block-id=\"block-6\">Ger\u00f0 \u00far l\u00e9zer-sni\u00f0nu vi\u00f0i af Siebenstein-Spiele.<\/p>\n<p data-rm-block-id=\"block-7\">Stofna\u00f0 \u00e1ri\u00f0 1992 \u00ed M\u00fcnster \u00ed \u00de\u00fdskalandi, er Siebenstein-Spiele sta\u00f0sett \u00fear. \u00de\u00f3 fyrirt\u00e6ki\u00f0 s\u00e9 a\u00f0allega \u00feekkt fyrir bor\u00f0spil, framlei\u00f0ir Siebenstein-Spiele einnig m\u00f6rg vi\u00f0arg\u00e1tur, nokkrar \u00feeirra hafa veri\u00f0 hanna\u00f0ar af stofnanda \u00feess, J\u00fcrgen Reiche.<\/p>\n<p data-rm-block-id=\"block-8\">Tilkynnt erfi\u00f0leikastig og lausnart\u00edmi eru til vi\u00f0mi\u00f0unar. S\u00e9rfr\u00e6\u00f0ingar g\u00e1tu leyst g\u00e1tuna \u00e1 skemmri t\u00edma.<\/p>\n<p data-rm-block-id=\"block-9\">\u00cd bl\u00edsterpakka me\u00f0 litr\u00edkri fylgise\u00f0ilss\u00ed\u00f0u. Lausnir fylgja ekki.<\/p>","protected":false},"excerpt":{"rendered":"<p>\u00c1SKORUN: Reyndu a\u00f0 opna l\u00e6singu!<\/p>\n<p>ERFI\u00d0LEIKI: 4\/6 M\u00d6GUGGT ERFI\u00d0T.<\/p>\n<p>&nbsp;<\/p>","protected":false},"featured_media":1644,"comment_status":"open","ping_status":"closed","template":"","meta":{"_monsterinsights_skip_tracking":false,"_monsterinsights_sitenote_active":false,"_monsterinsights_sitenote_note":"","_monsterinsights_sitenote_category":0},"product_brand":[],"product_cat":[25],"product_tag":[142,153,185,143,146,147,794,795,241,140,139,150,154],"class_list":{"0":"post-1515","1":"product","2":"type-product","3":"status-publish","4":"has-post-thumbnail","6":"product_cat-wooden-puzzles","7":"product_tag-brain-teasers","8":"product_tag-brain-teasers-for-adults","9":"product_tag-brain-teasers-for-kids","10":"product_tag-brainteasers","11":"product_tag-educational-brain-teasers","12":"product_tag-educational-games","13":"product_tag-lock","14":"product_tag-lock-brainteaser","15":"product_tag-lock-puzzle","16":"product_tag-mind-games","17":"product_tag-mind-puzzles","18":"product_tag-wooden-puzzles","19":"product_tag-wooden-puzzles-for-adults","21":"first","22":"instock","23":"taxable","24":"shipping-taxable","25":"purchasable","26":"product-type-simple"},"jetpack_sharing_enabled":true,"_links":{"self":[{"href":"http:\/\/www.hugspil.is\/is\/wp-json\/wp\/v2\/product\/1515","targetHints":{"allow":["GET"]}}],"collection":[{"href":"http:\/\/www.hugspil.is\/is\/wp-json\/wp\/v2\/product"}],"about":[{"href":"http:\/\/www.hugspil.is\/is\/wp-json\/wp\/v2\/types\/product"}],"replies":[{"embeddable":true,"href":"http:\/\/www.hugspil.is\/is\/wp-json\/wp\/v2\/comments?post=1515"}],"wp:featuredmedia":[{"embeddable":true,"href":"http:\/\/www.hugspil.is\/is\/wp-json\/wp\/v2\/media\/1644"}],"wp:attachment":[{"href":"http:\/\/www.hugspil.is\/is\/wp-json\/wp\/v2\/media?parent=1515"}],"wp:term":[{"taxonomy":"product_brand","embeddable":true,"href":"http:\/\/www.hugspil.is\/is\/wp-json\/wp\/v2\/product_brand?post=1515"},{"taxonomy":"product_cat","embeddable":true,"href":"http:\/\/www.hugspil.is\/is\/wp-json\/wp\/v2\/product_cat?post=1515"},{"taxonomy":"product_tag","embeddable":true,"href":"http:\/\/www.hugspil.is\/is\/wp-json\/wp\/v2\/product_tag?post=1515"}],"curies":[{"name":"wp","href":"https:\/\/api.w.org\/{rel}","templated":true}]}}