{"id":1514,"date":"2026-03-22T16:13:08","date_gmt":"2026-03-22T16:13:08","guid":{"rendered":"https:\/\/www.hugspil.is\/?post_type=product&#038;p=1514"},"modified":"2026-03-26T18:28:12","modified_gmt":"2026-03-26T18:28:12","slug":"labyrinth-af-shanghai-gatum-scheibenlaby","status":"publish","type":"product","link":"http:\/\/www.hugspil.is\/is\/product\/labyrinth-of-shangai-puzzle-scheibenlaby\/","title":{"rendered":"Labyrinth af Shanghai \u2013 Scheibenlabyrinth"},"content":{"rendered":"<p data-rm-block-id=\"block-1\">Skemmtileg tv\u00edlyft, tv\u00edhli\u00f0a v\u00f6lundarh\u00fas.<\/p>\n<p data-rm-block-id=\"block-2\"><strong>\u00c1SKORUN:<\/strong>\u00a0Lei\u00f0a st\u00e1lk\u00faluna \u00ed gegnum b\u00e1\u00f0ar v\u00f6lundarh\u00fasin.<\/p>\n<p data-rm-block-id=\"block-3\">K\u00falan getur fari\u00f0 fr\u00e1 annarri hli\u00f0 yfir \u00e1 hina \u00ed gegnum eitt af \u00feeim holum sem eru sta\u00f0sett \u00e1 stefnulega h\u00e1tt \u00ed millilagi \u00far akr\u00fdl\u00ed.<\/p>\n<p data-rm-block-id=\"block-4\">Akr\u00fdlh\u00fa\u00f0in getur einnig sn\u00faist og breytt sta\u00f0setningu gatanna.<\/p>\n<p data-rm-block-id=\"block-5\"><strong>Erfi\u00f0leikastig:<\/strong>6\/6 \u00d6fgakennt. Me\u00f0allausnart\u00edmi: 2 klukkustundir \u2013 allt l\u00edf.<\/p>\n<p data-rm-block-id=\"block-6\">St\u00e6r\u00f0ir: 13,5 x 13,5 x 2,7 cm \/ 5,31 x 5,31 x 1,06 tommur.<\/p>\n<p data-rm-block-id=\"block-7\">Ger\u00f0 \u00far l\u00e9zer-sni\u00f0u\u00f0u vi\u00f0i, akr\u00fdl\u00ed og ry\u00f0fr\u00edu st\u00e1li af Jean-Claude Constantin.<\/p>\n<p data-rm-block-id=\"block-8\">Jean-Claude Constantin b\u00fdr \u00ed \u00de\u00fdskalandi, \u00fear sem hann h\u00f6nnar og framlei\u00f0ir margv\u00edslegar p\u00faslar \u00far vi\u00f0i og m\u00e1lmi, auk galdra og annarra vitsmunalegra leikfanga og leikja.<\/p>\n<p data-rm-block-id=\"block-9\">Tr\u00e9: hlynisdekur + plex\u00edgler.<\/p>\n<p data-rm-block-id=\"block-10\">\u00cd blisterpakkningu me\u00f0 litr\u00edkri lei\u00f0beiningarbla\u00f0i<\/p>","protected":false},"excerpt":{"rendered":"<p>CHALLENGE: Navigate the steel ball through both mazes.<\/p>\n<p>DIFFICULTY: 6\/6 EXTREME.<\/p>","protected":false},"featured_media":1639,"comment_status":"open","ping_status":"closed","template":"","meta":{"_monsterinsights_skip_tracking":false,"_monsterinsights_sitenote_active":false,"_monsterinsights_sitenote_note":"","_monsterinsights_sitenote_category":0},"product_brand":[],"product_cat":[25],"product_tag":[142,153,185,143,146,147,788,787,789,140,139,150,154],"class_list":{"0":"post-1514","1":"product","2":"type-product","3":"status-publish","4":"has-post-thumbnail","6":"product_cat-wooden-puzzles","7":"product_tag-brain-teasers","8":"product_tag-brain-teasers-for-adults","9":"product_tag-brain-teasers-for-kids","10":"product_tag-brainteasers","11":"product_tag-educational-brain-teasers","12":"product_tag-educational-games","13":"product_tag-labirynth-puzzle","14":"product_tag-labyrinth","15":"product_tag-labyrinth-brainteaser","16":"product_tag-mind-games","17":"product_tag-mind-puzzles","18":"product_tag-wooden-puzzles","19":"product_tag-wooden-puzzles-for-adults","21":"first","22":"instock","23":"taxable","24":"shipping-taxable","25":"purchasable","26":"product-type-simple"},"jetpack_sharing_enabled":true,"_links":{"self":[{"href":"http:\/\/www.hugspil.is\/is\/wp-json\/wp\/v2\/product\/1514","targetHints":{"allow":["GET"]}}],"collection":[{"href":"http:\/\/www.hugspil.is\/is\/wp-json\/wp\/v2\/product"}],"about":[{"href":"http:\/\/www.hugspil.is\/is\/wp-json\/wp\/v2\/types\/product"}],"replies":[{"embeddable":true,"href":"http:\/\/www.hugspil.is\/is\/wp-json\/wp\/v2\/comments?post=1514"}],"wp:featuredmedia":[{"embeddable":true,"href":"http:\/\/www.hugspil.is\/is\/wp-json\/wp\/v2\/media\/1639"}],"wp:attachment":[{"href":"http:\/\/www.hugspil.is\/is\/wp-json\/wp\/v2\/media?parent=1514"}],"wp:term":[{"taxonomy":"product_brand","embeddable":true,"href":"http:\/\/www.hugspil.is\/is\/wp-json\/wp\/v2\/product_brand?post=1514"},{"taxonomy":"product_cat","embeddable":true,"href":"http:\/\/www.hugspil.is\/is\/wp-json\/wp\/v2\/product_cat?post=1514"},{"taxonomy":"product_tag","embeddable":true,"href":"http:\/\/www.hugspil.is\/is\/wp-json\/wp\/v2\/product_tag?post=1514"}],"curies":[{"name":"wp","href":"https:\/\/api.w.org\/{rel}","templated":true}]}}