{"id":1478,"date":"2026-03-22T16:12:43","date_gmt":"2026-03-22T16:12:43","guid":{"rendered":"https:\/\/www.hugspil.is\/?post_type=product&#038;p=1478"},"modified":"2026-03-30T15:00:06","modified_gmt":"2026-03-30T15:00:06","slug":"volundarhusid-gardyrkjugardur-volundarhussgatan","status":"publish","type":"product","link":"http:\/\/www.hugspil.is\/is\/product\/the-labyrinth-irrgarten-labirynth-puzzle\/","title":{"rendered":"V\u00f6lundarh\u00fasi\u00f0 \u2013 ilgar\u00f0urinn"},"content":{"rendered":"<p><strong>\u00c1SKORUN:<\/strong> Finndu lei\u00f0ina \u00ed gegnum v\u00f6lundarh\u00fasi\u00f0 (Fr\u00e1 upphafi til enda).<\/p>\n<p>\u00de\u00fa \u00fearft a\u00f0 f\u00e6ra \u00f6ll \u00ferj\u00fa mismunandi l\u00f6g \u00ferautarinnar \u00e1 r\u00e9ttan h\u00e1tt til a\u00f0 n\u00e1 \u00e1rangri.<\/p>\n<p><strong>Erfi\u00f0leikastig:<\/strong> 4\/6. Me\u00f0allausnart\u00edmi: 30 m\u00edn\u00fatur \u2013 30 dagar<\/p>\n<p>St\u00e6r\u00f0ir: 11,5 cm \u00feverm\u00e1l x 2,6 cm d\u00fdpt.<\/p>\n<p>Hanna\u00f0 af J\u00fcrgen Reiche.<\/p>\n<p>Ger\u00f0 \u00ed \u00de\u00fdskalandi me\u00f0 leysiskur\u00f0i \u00e1 vi\u00f0 og Plexigleri.<\/p>\n<p>Sk\u00f3gar: Padouk, Koto, Sipo.<\/p>\n<p>Litur vi\u00f0ar er misjafn.<\/p>\n<p>Me\u00f0 lita\u00f0ri lei\u00f0beiningu \u00ed pakkanum.<\/p>","protected":false},"excerpt":{"rendered":"<p>Finndu lei\u00f0ina \u00ed gegnum v\u00f6lundarh\u00fasi\u00f0.<\/p>","protected":false},"featured_media":1635,"comment_status":"open","ping_status":"closed","template":"","meta":{"_monsterinsights_skip_tracking":false,"_monsterinsights_sitenote_active":false,"_monsterinsights_sitenote_note":"","_monsterinsights_sitenote_category":0},"product_brand":[],"product_cat":[25],"product_tag":[142,153,185,143,146,147,788,787,789,140,139,150,154],"class_list":{"0":"post-1478","1":"product","2":"type-product","3":"status-publish","4":"has-post-thumbnail","6":"product_cat-wooden-puzzles","7":"product_tag-brain-teasers","8":"product_tag-brain-teasers-for-adults","9":"product_tag-brain-teasers-for-kids","10":"product_tag-brainteasers","11":"product_tag-educational-brain-teasers","12":"product_tag-educational-games","13":"product_tag-labirynth-puzzle","14":"product_tag-labyrinth","15":"product_tag-labyrinth-brainteaser","16":"product_tag-mind-games","17":"product_tag-mind-puzzles","18":"product_tag-wooden-puzzles","19":"product_tag-wooden-puzzles-for-adults","21":"first","22":"instock","23":"taxable","24":"shipping-taxable","25":"purchasable","26":"product-type-simple"},"jetpack_sharing_enabled":true,"_links":{"self":[{"href":"http:\/\/www.hugspil.is\/is\/wp-json\/wp\/v2\/product\/1478","targetHints":{"allow":["GET"]}}],"collection":[{"href":"http:\/\/www.hugspil.is\/is\/wp-json\/wp\/v2\/product"}],"about":[{"href":"http:\/\/www.hugspil.is\/is\/wp-json\/wp\/v2\/types\/product"}],"replies":[{"embeddable":true,"href":"http:\/\/www.hugspil.is\/is\/wp-json\/wp\/v2\/comments?post=1478"}],"wp:featuredmedia":[{"embeddable":true,"href":"http:\/\/www.hugspil.is\/is\/wp-json\/wp\/v2\/media\/1635"}],"wp:attachment":[{"href":"http:\/\/www.hugspil.is\/is\/wp-json\/wp\/v2\/media?parent=1478"}],"wp:term":[{"taxonomy":"product_brand","embeddable":true,"href":"http:\/\/www.hugspil.is\/is\/wp-json\/wp\/v2\/product_brand?post=1478"},{"taxonomy":"product_cat","embeddable":true,"href":"http:\/\/www.hugspil.is\/is\/wp-json\/wp\/v2\/product_cat?post=1478"},{"taxonomy":"product_tag","embeddable":true,"href":"http:\/\/www.hugspil.is\/is\/wp-json\/wp\/v2\/product_tag?post=1478"}],"curies":[{"name":"wp","href":"https:\/\/api.w.org\/{rel}","templated":true}]}}