{"id":1477,"date":"2026-03-22T16:12:43","date_gmt":"2026-03-22T16:12:43","guid":{"rendered":"https:\/\/www.hugspil.is\/?post_type=product&#038;p=1477"},"modified":"2026-03-29T13:55:21","modified_gmt":"2026-03-29T13:55:21","slug":"unlocking-puzzle-box-03-puzzle","status":"publish","type":"product","link":"http:\/\/www.hugspil.is\/is\/product\/unlocking-puzzle-box-03-puzzle\/","title":{"rendered":"G\u00e1tubox 03"},"content":{"rendered":"<p>The third in the Puzzle Box series from Siebenstein-Spiele, this beautiful showcased box is perfect for display.<\/p>\n<p><strong>\u00c1SKORUN:<\/strong>\u00a0Opna\u00f0u leyndard\u00f3mskassann.<\/p>\n<p>The 3-step mechanism with points of deception complete this artisan masterpiece.<\/p>\n<p><strong>Erfi\u00f0leikastig:<\/strong>\u00a0 5\/6 Expert. Average solution time: 1 hour &#8211; 1 year *<\/p>\n<p><strong>Vi\u00f0mi\u00f0<\/strong>:\u00a012.2 cm diameter x 4.8 cm thick \/ 4.8 in diameter x 1.9 in thick.<\/p>\n<p><strong>Sk\u00f3gar<\/strong>: Sipo, Koto, Maple, Padouk.<\/p>\n<p>Ger\u00f0 \u00far l\u00e9zer-sni\u00f0nu vi\u00f0i af Siebenstein-Spiele.<\/p>\n<p>Based in Munster, Germany, Siebenstein-Spiele was founded in 1992. Although the company is mainly known for board games, Siebenstein-Spiele also makes many wooden puzzles.<\/p>\n<p><strong>ATTENTION<\/strong>: This model is delivered by the manufacturer in a varied assortment of colors, depending on the wood used. The color in the photo may differ from the one you will receive.<\/p>\n<p><strong>\u00cd bl\u00edsterpakka me\u00f0 litr\u00edkri fylgise\u00f0ilss\u00ed\u00f0u. Lausnir fylgja ekki.<\/strong><\/p>","protected":false},"excerpt":{"rendered":"<p>CHALLENGE: Open the secret box, the third in the Puzzle Box series from Siebenstein-Spiele.<\/p>\n<p>ERFI\u00d0LEIKI: 5\/6 S\u00e9rfr\u00e6\u00f0ingur.<\/p>\n<p>&nbsp;<\/p>","protected":false},"featured_media":1632,"comment_status":"open","ping_status":"closed","template":"","meta":{"_monsterinsights_skip_tracking":false,"_monsterinsights_sitenote_active":false,"_monsterinsights_sitenote_note":"","_monsterinsights_sitenote_category":0},"product_brand":[],"product_cat":[25],"product_tag":[158,142,153,143,156,157,140,65,48,155,159,160,150,154],"class_list":{"0":"post-1477","1":"product","2":"type-product","3":"status-publish","4":"has-post-thumbnail","6":"product_cat-wooden-puzzles","7":"product_tag-brain-teaser-box","8":"product_tag-brain-teasers","9":"product_tag-brain-teasers-for-adults","10":"product_tag-brainteasers","11":"product_tag-magic-box","12":"product_tag-magic-case","13":"product_tag-mind-games","14":"product_tag-puzzle-box","15":"product_tag-secret-box","16":"product_tag-secret-case","17":"product_tag-tricky-box","18":"product_tag-tricky-safe","19":"product_tag-wooden-puzzles","20":"product_tag-wooden-puzzles-for-adults","22":"first","23":"instock","24":"taxable","25":"shipping-taxable","26":"purchasable","27":"product-type-simple"},"jetpack_sharing_enabled":true,"_links":{"self":[{"href":"http:\/\/www.hugspil.is\/is\/wp-json\/wp\/v2\/product\/1477","targetHints":{"allow":["GET"]}}],"collection":[{"href":"http:\/\/www.hugspil.is\/is\/wp-json\/wp\/v2\/product"}],"about":[{"href":"http:\/\/www.hugspil.is\/is\/wp-json\/wp\/v2\/types\/product"}],"replies":[{"embeddable":true,"href":"http:\/\/www.hugspil.is\/is\/wp-json\/wp\/v2\/comments?post=1477"}],"wp:featuredmedia":[{"embeddable":true,"href":"http:\/\/www.hugspil.is\/is\/wp-json\/wp\/v2\/media\/1632"}],"wp:attachment":[{"href":"http:\/\/www.hugspil.is\/is\/wp-json\/wp\/v2\/media?parent=1477"}],"wp:term":[{"taxonomy":"product_brand","embeddable":true,"href":"http:\/\/www.hugspil.is\/is\/wp-json\/wp\/v2\/product_brand?post=1477"},{"taxonomy":"product_cat","embeddable":true,"href":"http:\/\/www.hugspil.is\/is\/wp-json\/wp\/v2\/product_cat?post=1477"},{"taxonomy":"product_tag","embeddable":true,"href":"http:\/\/www.hugspil.is\/is\/wp-json\/wp\/v2\/product_tag?post=1477"}],"curies":[{"name":"wp","href":"https:\/\/api.w.org\/{rel}","templated":true}]}}