{"id":1476,"date":"2026-03-22T16:12:43","date_gmt":"2026-03-22T16:12:43","guid":{"rendered":"https:\/\/www.hugspil.is\/?post_type=product&#038;p=1476"},"modified":"2026-03-29T13:39:02","modified_gmt":"2026-03-29T13:39:02","slug":"ekki-fyrir-afengissjuklinga-korkarvindafloskugata","status":"publish","type":"product","link":"http:\/\/www.hugspil.is\/is\/product\/not-for-alcoholics-corkscrew-bottle-puzzle\/","title":{"rendered":"EKKI FYRIR \u00c1LFENGA: KORKSKR\u00c6FUV\u00d6TLAG\u00c1TA"},"content":{"rendered":"<p><strong>EINKENNILEGUR VANDI, FULLKOMINN FYRIR \u00de\u00c1 SEM VILJA \u201cTAKA S\u00c9R T\u00cdMA\u201d TIL A\u00d0 NJ\u00d3TA G\u00d3\u00d0S V\u00cdNS!<\/strong><\/p>\n<p><b>\u00c1SKORUN:<\/b> Leysa\u00f0u l\u00e1sg\u00e1tuna me\u00f0 reipum og pinnum sem l\u00e6sir fl\u00f6skunni og frelsa\u00f0u hana.<\/p>\n<p>Lengd reipisins m\u00e1 breyta eftir tegund fl\u00f6sku (frey\u00f0iv\u00edn, v\u00edn, bj\u00f3r \u2026)<\/p>\n<p><strong>Erfi\u00f0leikastig<\/strong>: 3\/6 Erfitt. Me\u00f0allausnart\u00edmi: 20 m\u00edn\u00fatur \u2013 1 vika<\/p>\n<p><strong>Vi\u00f0mi\u00f0<\/strong> (me\u00f0 v\u00ednfl\u00f6sku): 12 x 12 x 36 cm \/ 4,1 x 4 x 14,2 tommur.<\/p>\n<p><strong>Fl\u00f6skan er ekki innifalin \u00ed pakkanum.<\/strong><\/p>\n<p>&nbsp;<\/p>\n<p>Send me\u00f0 n\u00e1kv\u00e6mum lei\u00f0beiningum: hvernig \u00e1 a\u00f0 laga og losa fl\u00f6skuna + myndbandslausn +\u00a0<a title=\"Myndbandslausn\" href=\"https:\/\/www.youtube.com\/watch?v=MtmnoRWcsGU\" target=\"_blank\" rel=\"noopener\">myndband \u00e1 Youtube<\/a>\u00a0\u00a0<a href=\"https:\/\/www.youtube.com\/watch?v=MtmnoRWcsGU\" target=\"_blank\" rel=\"noopener\"><img loading=\"lazy\" decoding=\"async\" src=\"{{media url=\" alt=\"YouTube myndband\" width=\"50\" height=\"50\" \/><\/a><\/p>\n<p>Handunni\u00f0 \u00e1 Ta\u00edlandi<\/p>","protected":false},"excerpt":{"rendered":"<p>CHALLENGE: To free the bottle by solving the clever padlock-puzzle that keeps it locked.<\/p>\n<p>DIFFICULTY: HARD 3\/6.<\/p>\n<p>&nbsp;<\/p>","protected":false},"featured_media":1624,"comment_status":"open","ping_status":"closed","template":"","meta":{"_monsterinsights_skip_tracking":false,"_monsterinsights_sitenote_active":false,"_monsterinsights_sitenote_note":"","_monsterinsights_sitenote_category":0},"product_brand":[],"product_cat":[25],"product_tag":[225,346,224,349,348,142,153,143,736,140,139,169,350,150,154],"class_list":{"0":"post-1476","1":"product","2":"type-product","3":"status-publish","4":"has-post-thumbnail","6":"product_cat-wooden-puzzles","7":"product_tag-bottle-brainteaser","8":"product_tag-bottle-holder","9":"product_tag-bottle-puzzle","10":"product_tag-bottle-wooden-brainteaser","11":"product_tag-bottle-wooden-puzzle","12":"product_tag-brain-teasers","13":"product_tag-brain-teasers-for-adults","14":"product_tag-brainteasers","15":"product_tag-corkscrew-bottle-puzzle","16":"product_tag-mind-games","17":"product_tag-mind-puzzles","18":"product_tag-mind-puzzles-for-adults","19":"product_tag-wooden-bottle-holder","20":"product_tag-wooden-puzzles","21":"product_tag-wooden-puzzles-for-adults","23":"first","24":"instock","25":"taxable","26":"shipping-taxable","27":"purchasable","28":"product-type-simple"},"jetpack_sharing_enabled":true,"_links":{"self":[{"href":"http:\/\/www.hugspil.is\/is\/wp-json\/wp\/v2\/product\/1476","targetHints":{"allow":["GET"]}}],"collection":[{"href":"http:\/\/www.hugspil.is\/is\/wp-json\/wp\/v2\/product"}],"about":[{"href":"http:\/\/www.hugspil.is\/is\/wp-json\/wp\/v2\/types\/product"}],"replies":[{"embeddable":true,"href":"http:\/\/www.hugspil.is\/is\/wp-json\/wp\/v2\/comments?post=1476"}],"wp:featuredmedia":[{"embeddable":true,"href":"http:\/\/www.hugspil.is\/is\/wp-json\/wp\/v2\/media\/1624"}],"wp:attachment":[{"href":"http:\/\/www.hugspil.is\/is\/wp-json\/wp\/v2\/media?parent=1476"}],"wp:term":[{"taxonomy":"product_brand","embeddable":true,"href":"http:\/\/www.hugspil.is\/is\/wp-json\/wp\/v2\/product_brand?post=1476"},{"taxonomy":"product_cat","embeddable":true,"href":"http:\/\/www.hugspil.is\/is\/wp-json\/wp\/v2\/product_cat?post=1476"},{"taxonomy":"product_tag","embeddable":true,"href":"http:\/\/www.hugspil.is\/is\/wp-json\/wp\/v2\/product_tag?post=1476"}],"curies":[{"name":"wp","href":"https:\/\/api.w.org\/{rel}","templated":true}]}}