{"id":1475,"date":"2026-03-22T16:12:43","date_gmt":"2026-03-22T16:12:43","guid":{"rendered":"https:\/\/www.hugspil.is\/?post_type=product&#038;p=1475"},"modified":"2026-03-29T13:37:34","modified_gmt":"2026-03-29T13:37:34","slug":"ekki-fyrir-afengissjuklinga-bjor-bjor-dos-gatan","status":"publish","type":"product","link":"http:\/\/www.hugspil.is\/is\/product\/not-for-alcoholics-beer-beer-can-puzzle\/","title":{"rendered":"EKKI FYRIR \u00c1FENGISS\u00ddKLA \u2013 Bj\u00f3r"},"content":{"rendered":"<p><strong>MUST-HAVE ef \u00fe\u00fa elskar fl\u00f6sku\u00adhaldaraspurningar!<\/strong><\/p>\n<p><strong>\u00c1SKORUN: <\/strong>Leys\u00f0u d\u00f3sina \u00far fangelsinu sem er loka\u00f0 me\u00f0 mj\u00f6g snj\u00f6llu hengil\u00e1s.<\/p>\n<p>Hentar fyrir 12 oz \/ 0,33 l bj\u00f3r- og a\u00f0ra drykkjard\u00f3sir og er fullkomin gj\u00f6f fyrir a\u00f0d\u00e1endur lj\u00f3sra, d\u00f6kkra og \u00f3s\u00edu\u00f0ra bj\u00f3ra \u2013 og alla a\u00f0ra sem vilja meira!<\/p>\n<p><strong>Erfi\u00f0leikastig:<\/strong> Mj\u00f6g erfitt 4\/6. Me\u00f0allausnart\u00edmi: 30 m\u00edn\u00fatur \u2013 30 dagar.<\/p>\n<p><strong>Vi\u00f0mi\u00f0<\/strong>: 14 x 12 x 17 cm \/ 5,5 x 4,7 x 6,7 tommur.<\/p>\n<p><strong>Getur ekki veri\u00f0 innifali\u00f0 \u00ed pakkanum.<\/strong><\/p>\n<p>Send me\u00f0 n\u00e1kv\u00e6mum lei\u00f0beiningum: hvernig \u00e1 a\u00f0 laga og losa d\u00f3sina.<\/p>\n<p>Teak-\/Samena-vi\u00f0ur.<\/p>\n<p>Handunni\u00f0 \u00e1 Ta\u00edlandi.<\/p>\n<p>&nbsp;<\/p>","protected":false},"excerpt":{"rendered":"<p>CHALLENGE: Free the beer can from the prison closed with a clever padlock!<\/p>\n<p>&nbsp;<\/p>\n<p>ERFI\u00d0LEIKI: 4\/6 M\u00d6GUGGT ERFI\u00d0T.<\/p>\n<p>&nbsp;<\/p>","protected":false},"featured_media":1615,"comment_status":"open","ping_status":"closed","template":"","meta":{"_monsterinsights_skip_tracking":false,"_monsterinsights_sitenote_active":false,"_monsterinsights_sitenote_note":"","_monsterinsights_sitenote_category":0},"product_brand":[],"product_cat":[25],"product_tag":[730,733,728,729,732,731,142,153,143,140,139,169,734,150,154],"class_list":{"0":"post-1475","1":"product","2":"type-product","3":"status-publish","4":"has-post-thumbnail","6":"product_cat-wooden-puzzles","7":"product_tag-beer-brainteaser","8":"product_tag-beer-can-holder","9":"product_tag-beer-can-puzzle","10":"product_tag-beer-puzzle","11":"product_tag-beer-wooden-brainteaser","12":"product_tag-beer-wooden-puzzle","13":"product_tag-brain-teasers","14":"product_tag-brain-teasers-for-adults","15":"product_tag-brainteasers","16":"product_tag-mind-games","17":"product_tag-mind-puzzles","18":"product_tag-mind-puzzles-for-adults","19":"product_tag-wooden-beer-holder","20":"product_tag-wooden-puzzles","21":"product_tag-wooden-puzzles-for-adults","23":"first","24":"instock","25":"taxable","26":"shipping-taxable","27":"purchasable","28":"product-type-simple"},"jetpack_sharing_enabled":true,"_links":{"self":[{"href":"http:\/\/www.hugspil.is\/is\/wp-json\/wp\/v2\/product\/1475","targetHints":{"allow":["GET"]}}],"collection":[{"href":"http:\/\/www.hugspil.is\/is\/wp-json\/wp\/v2\/product"}],"about":[{"href":"http:\/\/www.hugspil.is\/is\/wp-json\/wp\/v2\/types\/product"}],"replies":[{"embeddable":true,"href":"http:\/\/www.hugspil.is\/is\/wp-json\/wp\/v2\/comments?post=1475"}],"wp:featuredmedia":[{"embeddable":true,"href":"http:\/\/www.hugspil.is\/is\/wp-json\/wp\/v2\/media\/1615"}],"wp:attachment":[{"href":"http:\/\/www.hugspil.is\/is\/wp-json\/wp\/v2\/media?parent=1475"}],"wp:term":[{"taxonomy":"product_brand","embeddable":true,"href":"http:\/\/www.hugspil.is\/is\/wp-json\/wp\/v2\/product_brand?post=1475"},{"taxonomy":"product_cat","embeddable":true,"href":"http:\/\/www.hugspil.is\/is\/wp-json\/wp\/v2\/product_cat?post=1475"},{"taxonomy":"product_tag","embeddable":true,"href":"http:\/\/www.hugspil.is\/is\/wp-json\/wp\/v2\/product_tag?post=1475"}],"curies":[{"name":"wp","href":"https:\/\/api.w.org\/{rel}","templated":true}]}}