{"id":1441,"date":"2026-03-22T16:12:22","date_gmt":"2026-03-22T16:12:22","guid":{"rendered":"https:\/\/www.hugspil.is\/?post_type=product&#038;p=1441"},"modified":"2026-03-26T07:36:17","modified_gmt":"2026-03-26T07:36:17","slug":"einsteins-las-gaturas-gaturas-einsteins","status":"publish","type":"product","link":"http:\/\/www.hugspil.is\/is\/product\/einsteins-lock-puzzle-lock-puzzle-einstein\/","title":{"rendered":"L\u00e1sag\u00e1tan eftir Einstein"},"content":{"rendered":"<p><strong>\u00c1SKORUN:<\/strong> Settu eigin vitsmunir \u00e1 pr\u00f3f \u00feegar \u00fe\u00fa reynir a\u00f0 opna l\u00e1sinn.<\/p>\n<p>A\u00f0eins eitt stykki \u00far Einstein-g\u00e1tur\u00f6\u00f0inni. Hvernig \u00e6tlar\u00f0u a\u00f0 sigra \u00feessa g\u00e1tu?<\/p>\n<p>Heili Alberts Einsteins var lykillinn a\u00f0 \u00fev\u00ed a\u00f0 opna nokkur af st\u00e6rstu r\u00e1\u00f0g\u00e1tum heimsins. Fr\u00e1 segulmagnum til GPS-t\u00e6kni og gervihnatta l\u00f6g\u00f0u kenningar Einsteins grunninn a\u00f0 \u00f3tal v\u00edsindalegum framf\u00f6rum og byltingarkenndum uppfinningum.<\/p>\n<p><strong>Erfi\u00f0leikastig:<\/strong>\u00a02\/6. Me\u00f0allausnart\u00edmi: 10 m\u00edn\u00fatur \u2013 1 dagur.<\/p>\n<p>St\u00e6r\u00f0ir: 7 x 10,3 x 1,5 cm \/ 2,75 x 4,05 x 0,59 tommur.<\/p>","protected":false},"excerpt":{"rendered":"<p>Settu eigin vitsmunir \u00e1 pr\u00f3f \u00feegar \u00fe\u00fa reynir a\u00f0 opna l\u00e1sinn.<\/p>\n<p>&nbsp;<\/p>","protected":false},"featured_media":1601,"comment_status":"open","ping_status":"closed","template":"","meta":{"_monsterinsights_skip_tracking":false,"_monsterinsights_sitenote_active":false,"_monsterinsights_sitenote_note":"","_monsterinsights_sitenote_category":0},"product_brand":[],"product_cat":[25],"product_tag":[142,153,185,143,146,147,548,241,547,141,549,137,136,138,140,139,439,150,154],"class_list":{"0":"post-1441","1":"product","2":"type-product","3":"status-publish","4":"has-post-thumbnail","6":"product_cat-wooden-puzzles","7":"product_tag-brain-teasers","8":"product_tag-brain-teasers-for-adults","9":"product_tag-brain-teasers-for-kids","10":"product_tag-brainteasers","11":"product_tag-educational-brain-teasers","12":"product_tag-educational-games","13":"product_tag-einstein-lock-puzzle","14":"product_tag-lock-puzzle","15":"product_tag-lock-puzzle-einstein","16":"product_tag-metal-brain-teasers","17":"product_tag-metal-lock-puzzle","18":"product_tag-metal-mind-puzzles","19":"product_tag-metal-puzzles","20":"product_tag-metal-puzzles-for-adults","21":"product_tag-mind-games","22":"product_tag-mind-puzzles","23":"product_tag-wooden-lock-puzzle","24":"product_tag-wooden-puzzles","25":"product_tag-wooden-puzzles-for-adults","27":"first","28":"instock","29":"taxable","30":"shipping-taxable","31":"purchasable","32":"product-type-simple"},"jetpack_sharing_enabled":true,"_links":{"self":[{"href":"http:\/\/www.hugspil.is\/is\/wp-json\/wp\/v2\/product\/1441","targetHints":{"allow":["GET"]}}],"collection":[{"href":"http:\/\/www.hugspil.is\/is\/wp-json\/wp\/v2\/product"}],"about":[{"href":"http:\/\/www.hugspil.is\/is\/wp-json\/wp\/v2\/types\/product"}],"replies":[{"embeddable":true,"href":"http:\/\/www.hugspil.is\/is\/wp-json\/wp\/v2\/comments?post=1441"}],"wp:featuredmedia":[{"embeddable":true,"href":"http:\/\/www.hugspil.is\/is\/wp-json\/wp\/v2\/media\/1601"}],"wp:attachment":[{"href":"http:\/\/www.hugspil.is\/is\/wp-json\/wp\/v2\/media?parent=1441"}],"wp:term":[{"taxonomy":"product_brand","embeddable":true,"href":"http:\/\/www.hugspil.is\/is\/wp-json\/wp\/v2\/product_brand?post=1441"},{"taxonomy":"product_cat","embeddable":true,"href":"http:\/\/www.hugspil.is\/is\/wp-json\/wp\/v2\/product_cat?post=1441"},{"taxonomy":"product_tag","embeddable":true,"href":"http:\/\/www.hugspil.is\/is\/wp-json\/wp\/v2\/product_tag?post=1441"}],"curies":[{"name":"wp","href":"https:\/\/api.w.org\/{rel}","templated":true}]}}