{"id":1440,"date":"2026-03-22T16:12:22","date_gmt":"2026-03-22T16:12:22","guid":{"rendered":"https:\/\/www.hugspil.is\/?post_type=product&#038;p=1440"},"modified":"2026-04-06T11:12:54","modified_gmt":"2026-04-06T11:12:54","slug":"veitarans-boridvagn-il-vino-e-servito-veitara-boridvagn-leikur","status":"publish","type":"product","link":"http:\/\/www.hugspil.is\/is\/product\/the-waiters-tray-il-vino-e-servito-waiter-tray-game\/","title":{"rendered":"\u00dej\u00f3nsins diskur \u2013 V\u00edni\u00f0 er bori\u00f0 fram"},"content":{"rendered":"<p>G\u00e6tir\u00f0u f\u00e6rt fl\u00f6skurnar \u00feannig a\u00f0 \u00fej\u00f3nninn geti teki\u00f0 baki\u00f0 af baki\u00f0 undir \u00feeim?<\/p>\n<p><strong>\u00c1skorun<\/strong>Hreyf\u00f0u fl\u00f6skurnar upp og ni\u00f0ur til a\u00f0 renna bakkanum sm\u00e1m saman \u00fat. Fl\u00f6skurnar kunna a\u00f0 \u00feurfa a\u00f0 vera hreyf\u00f0ar meira en einu sinni og eru stundum l\u00e6star \u00feanga\u00f0 til \u00fe\u00fa hreyfir k\u00falurnar sem halda \u00feeim \u00e1 s\u00ednum sta\u00f0.<\/p>\n<p><strong>Erfi\u00f0leikastig:<\/strong> 5\/6. Me\u00f0allausnart\u00edmi: 2 klukkustundir \u2013 allt l\u00edf.<\/p>\n<p>M\u00e1l: 21,5 x 11,4 x 1,8 cm.<\/p>\n<p>H\u00f6nnun eftir hinn fr\u00e6ga Jean-Claude Constantin, einn af afkastamestu g\u00e1tuh\u00f6nnu\u00f0um s\u00ed\u00f0ustu 30 \u00e1ra.<\/p>\n<p>P\u00f6kkun fr\u00e1 Recent Toys.<\/p>","protected":false},"excerpt":{"rendered":"<p><b>M<\/b>ove the bottles up and down to gradually slide out the tray.<\/p>","protected":false},"featured_media":1599,"comment_status":"open","ping_status":"closed","template":"","meta":{"_monsterinsights_skip_tracking":false,"_monsterinsights_sitenote_active":false,"_monsterinsights_sitenote_note":"","_monsterinsights_sitenote_category":0},"product_brand":[],"product_cat":[25],"product_tag":[142,153,185,143,250,146,147,140,139,518,519,150,154],"class_list":{"0":"post-1440","1":"product","2":"type-product","3":"status-publish","4":"has-post-thumbnail","6":"product_cat-wooden-puzzles","7":"product_tag-brain-teasers","8":"product_tag-brain-teasers-for-adults","9":"product_tag-brain-teasers-for-kids","10":"product_tag-brainteasers","11":"product_tag-constantin","12":"product_tag-educational-brain-teasers","13":"product_tag-educational-games","14":"product_tag-mind-games","15":"product_tag-mind-puzzles","16":"product_tag-waiter-tray-game","17":"product_tag-waiter-tray-wooden-games","18":"product_tag-wooden-puzzles","19":"product_tag-wooden-puzzles-for-adults","21":"first","22":"instock","23":"taxable","24":"shipping-taxable","25":"purchasable","26":"product-type-simple"},"jetpack_sharing_enabled":true,"_links":{"self":[{"href":"http:\/\/www.hugspil.is\/is\/wp-json\/wp\/v2\/product\/1440","targetHints":{"allow":["GET"]}}],"collection":[{"href":"http:\/\/www.hugspil.is\/is\/wp-json\/wp\/v2\/product"}],"about":[{"href":"http:\/\/www.hugspil.is\/is\/wp-json\/wp\/v2\/types\/product"}],"replies":[{"embeddable":true,"href":"http:\/\/www.hugspil.is\/is\/wp-json\/wp\/v2\/comments?post=1440"}],"wp:featuredmedia":[{"embeddable":true,"href":"http:\/\/www.hugspil.is\/is\/wp-json\/wp\/v2\/media\/1599"}],"wp:attachment":[{"href":"http:\/\/www.hugspil.is\/is\/wp-json\/wp\/v2\/media?parent=1440"}],"wp:term":[{"taxonomy":"product_brand","embeddable":true,"href":"http:\/\/www.hugspil.is\/is\/wp-json\/wp\/v2\/product_brand?post=1440"},{"taxonomy":"product_cat","embeddable":true,"href":"http:\/\/www.hugspil.is\/is\/wp-json\/wp\/v2\/product_cat?post=1440"},{"taxonomy":"product_tag","embeddable":true,"href":"http:\/\/www.hugspil.is\/is\/wp-json\/wp\/v2\/product_tag?post=1440"}],"curies":[{"name":"wp","href":"https:\/\/api.w.org\/{rel}","templated":true}]}}