{"id":1439,"date":"2026-03-22T16:12:22","date_gmt":"2026-03-22T16:12:22","guid":{"rendered":"https:\/\/www.hugspil.is\/?post_type=product&#038;p=1439"},"modified":"2026-03-29T16:51:06","modified_gmt":"2026-03-29T16:51:06","slug":"serlock-holmes-malid-um-reykingarpiputuna-trepuslar","status":"publish","type":"product","link":"http:\/\/www.hugspil.is\/is\/product\/sherlock-holmes-the-case-of-the-smoking-pipe-wooden-puzzles\/","title":{"rendered":"SHERLOCK HOLMES \u2013 M\u00c1L REYKINGARP\u00cdPUNNARINS"},"content":{"rendered":"<p><strong>Sherlock Holmes g\u00e1tur\u00f6\u00f0.<\/strong><\/p>\n<p><strong>21 tr\u00e9\u00feraut \u00ed einu.<\/strong><\/p>\n<p><strong>\u00c1SKORUN:<\/strong> Getur\u00f0u fjarl\u00e6gt t\u00f3baki\u00f0 \u00far p\u00edpunni \u00e1n \u00feess a\u00f0 f\u00e6ra p\u00edpuna e\u00f0a snerta \u00f6skuna?<\/p>\n<p>\u00cd einu af \u00f3tr\u00falegustu m\u00e1lum Holmes hinga\u00f0 til vir\u00f0ist gruna\u00f0i hafa snjallt for\u00f0ast handt\u00f6ku. Illmenni\u00f0 hefur \u00fe\u00f3 skili\u00f0 eftir sig l\u00edtinn en mikilv\u00e6gan v\u00edsbendingu \u2013 gl\u00f3andi p\u00edpu sem var skilin eftir \u00e1 gl\u00e6pavettvangi. Hj\u00e1lpa\u00f0u Holmes a\u00f0 bera kennsl \u00e1 t\u00f3baki\u00f0 og afhj\u00fapa hver pers\u00f3na undirf\u00f6ruls \u00f3vinar hans er me\u00f0 \u00fev\u00ed a\u00f0 fjarl\u00e6gja t\u00f3baki\u00f0 \u00e1\u00f0ur en \u00fea\u00f0 molnar \u00ed \u00f6sku.<\/p>\n<p><strong>B\u00f3nus:<\/strong> 20 \u00ferautir me\u00f0 kveikjum. Kassi me\u00f0 um \u00fea\u00f0 bil 10 kveikjum og 20 spilum me\u00f0 \u00ferautum til a\u00f0 leysa (\u00e1 ensku). *<\/p>\n<p><strong>Erfi\u00f0leikastig:<\/strong>\u00a03\/6 ERFI\u00d0T. Me\u00f0allausnart\u00edmi: 20 m\u00edn\u00fatur \u2013 1 vika.<\/p>\n<p><strong>St\u00e6r\u00f0ir kassa:<\/strong> 17 x 12 x 5 cm.<\/p>\n<p><strong>*<\/strong> Var\u00fa\u00f0: fj\u00f6ldi spila \u00ed kassanum getur veri\u00f0 mismunandi fr\u00e1 einum pakka til annars.<\/p>","protected":false},"excerpt":{"rendered":"<p>&nbsp;<\/p>\n<p>CHALLENGE: Can you remove the tobacco from the pipe, without moving the pipe or touching the ash?<\/p>\n<p>ERFI\u00d0LEIKI: 3\/6 ERFI\u00d0T.<\/p>","protected":false},"featured_media":1596,"comment_status":"open","ping_status":"closed","template":"","meta":{"_monsterinsights_skip_tracking":false,"_monsterinsights_sitenote_active":false,"_monsterinsights_sitenote_note":"","_monsterinsights_sitenote_category":0},"product_brand":[],"product_cat":[25],"product_tag":[],"class_list":{"0":"post-1439","1":"product","2":"type-product","3":"status-publish","4":"has-post-thumbnail","6":"product_cat-wooden-puzzles","8":"first","9":"instock","10":"taxable","11":"shipping-taxable","12":"purchasable","13":"product-type-simple"},"jetpack_sharing_enabled":true,"_links":{"self":[{"href":"http:\/\/www.hugspil.is\/is\/wp-json\/wp\/v2\/product\/1439","targetHints":{"allow":["GET"]}}],"collection":[{"href":"http:\/\/www.hugspil.is\/is\/wp-json\/wp\/v2\/product"}],"about":[{"href":"http:\/\/www.hugspil.is\/is\/wp-json\/wp\/v2\/types\/product"}],"replies":[{"embeddable":true,"href":"http:\/\/www.hugspil.is\/is\/wp-json\/wp\/v2\/comments?post=1439"}],"wp:featuredmedia":[{"embeddable":true,"href":"http:\/\/www.hugspil.is\/is\/wp-json\/wp\/v2\/media\/1596"}],"wp:attachment":[{"href":"http:\/\/www.hugspil.is\/is\/wp-json\/wp\/v2\/media?parent=1439"}],"wp:term":[{"taxonomy":"product_brand","embeddable":true,"href":"http:\/\/www.hugspil.is\/is\/wp-json\/wp\/v2\/product_brand?post=1439"},{"taxonomy":"product_cat","embeddable":true,"href":"http:\/\/www.hugspil.is\/is\/wp-json\/wp\/v2\/product_cat?post=1439"},{"taxonomy":"product_tag","embeddable":true,"href":"http:\/\/www.hugspil.is\/is\/wp-json\/wp\/v2\/product_tag?post=1439"}],"curies":[{"name":"wp","href":"https:\/\/api.w.org\/{rel}","templated":true}]}}