{"id":1438,"date":"2026-03-22T16:12:22","date_gmt":"2026-03-22T16:12:22","guid":{"rendered":"https:\/\/www.hugspil.is\/?post_type=product&#038;p=1438"},"modified":"2026-03-29T16:22:22","modified_gmt":"2026-03-29T16:22:22","slug":"serlok-holmes-malid-um-verdmaeta-mynt-og-tresgatur","status":"publish","type":"product","link":"http:\/\/www.hugspil.is\/is\/product\/sherlock-holmes-the-case-of-priceless-coin-wooden-puzzles\/","title":{"rendered":"SHERLOCK HOLMES \u2013 M\u00c1LINUM UM VER\u00d0M\u00c6TA MYNT"},"content":{"rendered":"<p><strong>Sherlock Holmes g\u00e1tur\u00f6\u00f0<\/strong><\/p>\n<p><strong>\u00c1SKORUN: <\/strong>Getur\u00f0u leitt Sherlock Holmes um 221B Baker Street svo hann geti fl\u00fai\u00f0 me\u00f0 myntina \u00f6rugga \u00ed v\u00f6rslu sinni?<\/p>\n<p>Sherlock-h\u00fasi\u00f0 er \u00f3s\u00fdnileg v\u00f6lundarh\u00fas! Athugi\u00f0: \u00dea\u00f0 ver\u00f0ur mj\u00f6g erfitt a\u00f0 skilja lei\u00f0ina og n\u00e1 myntinni \u00fat \u00far afturholunni.<\/p>\n<p><strong>Erfi\u00f0leikastig:<\/strong> 3\/6 ERFI\u00d0T. Me\u00f0allausnart\u00edmi: 20 m\u00edn\u00fatur \u2013 1 vika.<\/p>\n<p><strong>St\u00e6r\u00f0ir \u00ferautarinnar:<\/strong> 17 x 11 x 2,5 cm<\/p>\n<p><strong>St\u00e6r\u00f0ir kassa:<\/strong> 23,5 x 17 x 3,5 cm<\/p>","protected":false},"excerpt":{"rendered":"<p><strong>Sherlock Holmes g\u00e1tur\u00f6\u00f0<\/strong><\/p>\n<p>CHALLENGE: Can you guide Sherlock Holmes through 221B Baker Street so he can make his escape with the coin safely in his possession?<\/p>\n<p>&nbsp;<\/p>\n<p>ERFI\u00d0LEIKI: 3\/6 ERFI\u00d0T.<\/p>","protected":false},"featured_media":1591,"comment_status":"open","ping_status":"closed","template":"","meta":{"_monsterinsights_skip_tracking":false,"_monsterinsights_sitenote_active":false,"_monsterinsights_sitenote_note":"","_monsterinsights_sitenote_category":0},"product_brand":[],"product_cat":[25],"product_tag":[],"class_list":{"0":"post-1438","1":"product","2":"type-product","3":"status-publish","4":"has-post-thumbnail","6":"product_cat-wooden-puzzles","8":"first","9":"instock","10":"taxable","11":"shipping-taxable","12":"purchasable","13":"product-type-simple"},"jetpack_sharing_enabled":true,"_links":{"self":[{"href":"http:\/\/www.hugspil.is\/is\/wp-json\/wp\/v2\/product\/1438","targetHints":{"allow":["GET"]}}],"collection":[{"href":"http:\/\/www.hugspil.is\/is\/wp-json\/wp\/v2\/product"}],"about":[{"href":"http:\/\/www.hugspil.is\/is\/wp-json\/wp\/v2\/types\/product"}],"replies":[{"embeddable":true,"href":"http:\/\/www.hugspil.is\/is\/wp-json\/wp\/v2\/comments?post=1438"}],"wp:featuredmedia":[{"embeddable":true,"href":"http:\/\/www.hugspil.is\/is\/wp-json\/wp\/v2\/media\/1591"}],"wp:attachment":[{"href":"http:\/\/www.hugspil.is\/is\/wp-json\/wp\/v2\/media?parent=1438"}],"wp:term":[{"taxonomy":"product_brand","embeddable":true,"href":"http:\/\/www.hugspil.is\/is\/wp-json\/wp\/v2\/product_brand?post=1438"},{"taxonomy":"product_cat","embeddable":true,"href":"http:\/\/www.hugspil.is\/is\/wp-json\/wp\/v2\/product_cat?post=1438"},{"taxonomy":"product_tag","embeddable":true,"href":"http:\/\/www.hugspil.is\/is\/wp-json\/wp\/v2\/product_tag?post=1438"}],"curies":[{"name":"wp","href":"https:\/\/api.w.org\/{rel}","templated":true}]}}