{"id":1434,"date":"2026-03-22T16:12:22","date_gmt":"2026-03-22T16:12:22","guid":{"rendered":"https:\/\/www.hugspil.is\/?post_type=product&#038;p=1434"},"modified":"2026-03-29T12:47:08","modified_gmt":"2026-03-29T12:47:08","slug":"laesa-upp-askorunina-vid-las-250-kastali-250-gatuna","status":"publish","type":"product","link":"http:\/\/www.hugspil.is\/is\/product\/unlocking-the-challenge-of-lock-250-schloss-250-puzzle\/","title":{"rendered":"L\u00c1SI 250 \u2013 SL\u00d3SS 250"},"content":{"rendered":"<p>Ein af fallegustu leynilegu tr\u00e9gl\u00f3sunum me\u00f0 r\u00f6\u00f0ugri opnun, h\u00f6nnu\u00f0 af heims\u00feekktum g\u00e1turfr\u00e6\u00f0ing! Pr\u00f3fa\u00f0u \u00feig!<\/p>\n<p><strong>\u00c1skorun<\/strong>: Opna\u00f0u tr\u00e9gjafalsl\u00e6singuna.<\/p>\n<p>Til a\u00f0 opna \u00feennan s\u00e9rstaka l\u00e1s \u00fearftu mikla \u00feolinm\u00e6\u00f0i bara til a\u00f0 renna \u00fevottapl\u00f6kkunum inn \u00ed hann: \u00f6nnur helmingurinn hreyfist af annarri hli\u00f0 og hinn helmingurinn af hinni, sem gerir r\u00f6kr\u00e6na hugsun d\u00fdrslega fl\u00f3kna.<\/p>\n<p>Einnig \u2026 \u00fe\u00fa munt \u00feurfa a\u00f0 uppg\u00f6tva leynilegan brag\u00f0 sem leysir g\u00e1tuna ekki eing\u00f6ngu me\u00f0 r\u00f6khugsun! Mun \u00fe\u00e9r takast \u00fea\u00f0?<\/p>\n<p>Anna\u00f0 afar erfitt l\u00e1s sem skapa\u00f0 var af snillihuganum Jean-Claude Constantin.<\/p>\n<p><strong>Erfi\u00f0leikastig:<\/strong> EXTREME 4\/6. Me\u00f0al upplausnart\u00edmi: 30 m\u00edn\u00fatur \u2013 30 dagar.<\/p>\n<p><strong>Vi\u00f0mi\u00f0<\/strong>: 10,4 x 15,5 x 2,2 cm<\/p>\n<p>Handger\u00f0 af Jean-Claude Constantin \u00ed \u00de\u00fdskalandi \u00far laser-skornu vi\u00f0i, akr\u00fdl\u00ed og anod\u00edseru\u00f0u \u00e1li.<\/p>\n<p>Jean-Claude Constantin b\u00fdr \u00ed \u00de\u00fdskalandi, \u00fear sem hann h\u00f6nnar og framlei\u00f0ir margv\u00edslegar p\u00faslar \u00far vi\u00f0i og m\u00e1lmi, auk galdra og annarra vitsmunalegra leikfanga og leikja.<\/p>\n<p>\u00cd blisterpakkningu me\u00f0 litu\u00f0u lei\u00f0beiningarbla\u00f0i.<\/p>","protected":false},"excerpt":{"rendered":"<p>CHALLENGE: Open the wooden sequential lock.<\/p>\n<p>ERFI\u00d0LEIKI: 4\/6 M\u00d6GUGGT ERFI\u00d0T.<\/p>","protected":false},"featured_media":1574,"comment_status":"open","ping_status":"closed","template":"","meta":{"_monsterinsights_skip_tracking":false,"_monsterinsights_sitenote_active":false,"_monsterinsights_sitenote_note":"","_monsterinsights_sitenote_category":0},"product_brand":[],"product_cat":[25],"product_tag":[],"class_list":{"0":"post-1434","1":"product","2":"type-product","3":"status-publish","4":"has-post-thumbnail","6":"product_cat-wooden-puzzles","8":"first","9":"instock","10":"taxable","11":"shipping-taxable","12":"purchasable","13":"product-type-simple"},"jetpack_sharing_enabled":true,"_links":{"self":[{"href":"http:\/\/www.hugspil.is\/is\/wp-json\/wp\/v2\/product\/1434","targetHints":{"allow":["GET"]}}],"collection":[{"href":"http:\/\/www.hugspil.is\/is\/wp-json\/wp\/v2\/product"}],"about":[{"href":"http:\/\/www.hugspil.is\/is\/wp-json\/wp\/v2\/types\/product"}],"replies":[{"embeddable":true,"href":"http:\/\/www.hugspil.is\/is\/wp-json\/wp\/v2\/comments?post=1434"}],"wp:featuredmedia":[{"embeddable":true,"href":"http:\/\/www.hugspil.is\/is\/wp-json\/wp\/v2\/media\/1574"}],"wp:attachment":[{"href":"http:\/\/www.hugspil.is\/is\/wp-json\/wp\/v2\/media?parent=1434"}],"wp:term":[{"taxonomy":"product_brand","embeddable":true,"href":"http:\/\/www.hugspil.is\/is\/wp-json\/wp\/v2\/product_brand?post=1434"},{"taxonomy":"product_cat","embeddable":true,"href":"http:\/\/www.hugspil.is\/is\/wp-json\/wp\/v2\/product_cat?post=1434"},{"taxonomy":"product_tag","embeddable":true,"href":"http:\/\/www.hugspil.is\/is\/wp-json\/wp\/v2\/product_tag?post=1434"}],"curies":[{"name":"wp","href":"https:\/\/api.w.org\/{rel}","templated":true}]}}