{"id":1396,"date":"2026-03-22T16:11:59","date_gmt":"2026-03-22T16:11:59","guid":{"rendered":"https:\/\/www.hugspil.is\/?post_type=product&#038;p=1396"},"modified":"2026-03-29T16:46:10","modified_gmt":"2026-03-29T16:46:10","slug":"serlock-holmes-malid-um-leynifelagid-og-hugans-thrautir","status":"publish","type":"product","link":"http:\/\/www.hugspil.is\/is\/product\/sherlock-holmes-the-case-of-the-secret-society-mind-puzzles\/","title":{"rendered":"SHERLOCK HOLMES \u2013 M\u00c1L LEYNIF\u00c9LAGANS"},"content":{"rendered":"<p><strong>Sherlock Holmes g\u00e1tur\u00f6\u00f0<\/strong><\/p>\n<p>N\u00fdtt \u00feraut \u00far Sherlock Holmes-ser\u00edunni: \u00feraut me\u00f0 rennihn\u00f6ppum.<\/p>\n<p><strong>\u00c1SKORUN:<\/strong>\u00a0F\u00e6r\u00f0u kortablokkina um bor\u00f0i\u00f0 til a\u00f0 uppg\u00f6tva falna a\u00f0ildark\u00f3\u00f0ann fyrir F\u00e9lag skugganna.<\/p>\n<p>G\u00e1tan svipu\u00f0 hinni fr\u00e6gu Khun Phaen e\u00f0a <strong>Fangelsisfl\u00f3tti<\/strong>, \u00fear sem blokkirnar renna, eins og \u00ed<strong> 15 \u00feraut,<\/strong> Og \u00e1skorunin er a\u00f0 losa st\u00f3ran kubb. \u00cd \u00feessari snj\u00f6llu \u00fatg\u00e1fu \u00fearf a\u00f0 losa mynt sem er falin undir st\u00f3ra kubbnum og lei\u00f0a kubbinn me\u00f0 myntina \u00ed fremstu st\u00f6\u00f0u.<\/p>\n<p>Upphafssta\u00f0an sem fylgir pakkanum \u00e1samt n\u00e1kv\u00e6mri l\u00fdsingu er erfi\u00f0asta sta\u00f0an sem til er fyrir \u00feessa tegund \u00ferautar.<\/p>\n<p>\u00deeir <em><strong>F\u00e9lag skugganna<\/strong><\/em> er leynileg br\u00e6\u00f0ralagssamt\u00f6k sem leitast vi\u00f0 a\u00f0 n\u00fdta tengsl forfe\u00f0ra sinna og festa sig \u00ed sessi sem gl\u00e6palegir yfirherrar Lund\u00fana. Til a\u00f0 komast inn \u00ed f\u00e9lagi\u00f0 og afla s\u00f6nnunargagna sem koma \u00feeim fyrir aftan l\u00e1s og sl\u00e1, \u00fearf Holmes a\u00f0 s\u00e6kja s\u00e9r s\u00e9rstakt a\u00f0ildarmerki sem er fali\u00f0 \u00ed fl\u00f3knum rennih\u00e1t\u00ed\u00f0arkortablokkav\u00e9l.<\/p>\n<p><strong>Erfi\u00f0leikastig:<\/strong> 4\/6 Mj\u00f6g erfitt. Me\u00f0allausnart\u00edmi: 30 m\u00edn\u00fatur \u2013 30 dagar.<\/p>\n<p><strong>Setti\u00f0 inniheldur<\/strong>: tr\u00e9fl\u00edsar, m\u00e1lmpeningur og lei\u00f0beiningar.<\/p>\n<p>A\u00f0eins ensk \u00fatg\u00e1fa me\u00f0 lei\u00f0beiningab\u00e6klingi.<\/p>\n<p><strong>St\u00e6r\u00f0ir \u00ferautarinnar:<\/strong>\u00a010 x 13 x 3 cm \/ 3,94 x 5,12 x 1,18 tommur.<\/p>\n<p><strong>St\u00e6r\u00f0ir kassa<\/strong>: 10,5 x 13,5 x 3 cm \/ 4,13 x 5,32 x 1,18 tommur.<\/p>\n<p>&nbsp;<\/p>","protected":false},"excerpt":{"rendered":"<p>CHALLENGE: Scroll the map blocks around the board to discover the hidden membership code of the Society of Shadows.<\/p>\n<p>DIFFICULTY: 4\/6 Very hard.<\/p>\n<p>&nbsp;<\/p>","protected":false},"featured_media":1565,"comment_status":"open","ping_status":"closed","template":"","meta":{"_monsterinsights_skip_tracking":false,"_monsterinsights_sitenote_active":false,"_monsterinsights_sitenote_note":"","_monsterinsights_sitenote_category":0},"product_brand":[],"product_cat":[25],"product_tag":[],"class_list":{"0":"post-1396","1":"product","2":"type-product","3":"status-publish","4":"has-post-thumbnail","6":"product_cat-wooden-puzzles","8":"first","9":"instock","10":"taxable","11":"shipping-taxable","12":"purchasable","13":"product-type-simple"},"jetpack_sharing_enabled":true,"_links":{"self":[{"href":"http:\/\/www.hugspil.is\/is\/wp-json\/wp\/v2\/product\/1396","targetHints":{"allow":["GET"]}}],"collection":[{"href":"http:\/\/www.hugspil.is\/is\/wp-json\/wp\/v2\/product"}],"about":[{"href":"http:\/\/www.hugspil.is\/is\/wp-json\/wp\/v2\/types\/product"}],"replies":[{"embeddable":true,"href":"http:\/\/www.hugspil.is\/is\/wp-json\/wp\/v2\/comments?post=1396"}],"wp:featuredmedia":[{"embeddable":true,"href":"http:\/\/www.hugspil.is\/is\/wp-json\/wp\/v2\/media\/1565"}],"wp:attachment":[{"href":"http:\/\/www.hugspil.is\/is\/wp-json\/wp\/v2\/media?parent=1396"}],"wp:term":[{"taxonomy":"product_brand","embeddable":true,"href":"http:\/\/www.hugspil.is\/is\/wp-json\/wp\/v2\/product_brand?post=1396"},{"taxonomy":"product_cat","embeddable":true,"href":"http:\/\/www.hugspil.is\/is\/wp-json\/wp\/v2\/product_cat?post=1396"},{"taxonomy":"product_tag","embeddable":true,"href":"http:\/\/www.hugspil.is\/is\/wp-json\/wp\/v2\/product_tag?post=1396"}],"curies":[{"name":"wp","href":"https:\/\/api.w.org\/{rel}","templated":true}]}}