{"id":1394,"date":"2026-03-22T16:11:59","date_gmt":"2026-03-22T16:11:59","guid":{"rendered":"https:\/\/www.hugspil.is\/?post_type=product&#038;p=1394"},"modified":"2026-03-29T16:55:29","modified_gmt":"2026-03-29T16:55:29","slug":"holkur-renniholkur-renniholkur-pandorukassi","status":"publish","type":"product","link":"http:\/\/www.hugspil.is\/is\/product\/sliding-sticks-box-sliding-sticks-box-pandora-box\/","title":{"rendered":"Hyllubox"},"content":{"rendered":"<p>Ein af fallegustu ra\u00f0bundnu leyniholtr\u00e9k\u00f6ssunum, h\u00f6nnu\u00f0 af indversku h\u00f3pi og dreift af Constantin, heims\u00feekktum g\u00e1tus\u00e9rfr\u00e6\u00f0ingi!<\/p>\n<p><strong>\u00c1SKORUN:<\/strong> Opna\u00f0u leynilega r\u00f6\u00f0arkassann.<\/p>\n<p>S\u00e9rstaklega st\u00f3rt og traust kassi, ger\u00f0ur \u00far mass\u00edfu r\u00f3savi\u00f0i.<\/p>\n<p><strong>Erfi\u00f0leikastig:<\/strong> ERFI\u00d0LEIKI 3\/6.<\/p>\n<p>Me\u00f0allausnart\u00edmi: 20 m\u00edn\u00fatur \u2013 1 vika.<\/p>\n<p>Nokkur skref eru til a\u00f0 opna kassann me\u00f0 hreyfingu krossstanganna. \u00dea\u00f0 eru \u00e1tta stangir sem hreyfast fram og til baka \u00ed kassanum: \u00fe\u00fa ver\u00f0ur a\u00f0 finna n\u00e1kv\u00e6mlega samsetninguna til a\u00f0 opna hann. Einnig \u00fearf a\u00f0 komast a\u00f0 \u00fev\u00ed af hva\u00f0a hli\u00f0 hann opnist: \u00fea\u00f0 er ekki au\u00f0velt a\u00f0 finna einu sinni loki\u00f0, \u00fev\u00ed kassinn l\u00edtur eins \u00fat a\u00f0 ofan sem a\u00f0 ne\u00f0an og hefur s\u00f6mu skreytingar \u00e1 \u00f6llum hli\u00f0um.<\/p>\n<p><strong>Vi\u00f0mi\u00f0<\/strong>: 25 x 10,5 x 14,5 cm \/ 9,8 x 4,1 x 5,7 tommur.<\/p>\n<p>Handunni\u00f0 \u00ed Indlandi.<\/p>","protected":false},"excerpt":{"rendered":"<p>CHALLENGE: Open the secret sequential box!<\/p>\n<p>DIFFICULTY: HARD 3\/6.<\/p>\n<p>&nbsp;<\/p>","protected":false},"featured_media":1557,"comment_status":"open","ping_status":"closed","template":"","meta":{"_monsterinsights_skip_tracking":false,"_monsterinsights_sitenote_active":false,"_monsterinsights_sitenote_note":"","_monsterinsights_sitenote_category":0},"product_brand":[],"product_cat":[1140,25],"product_tag":[],"class_list":{"0":"post-1394","1":"product","2":"type-product","3":"status-publish","4":"has-post-thumbnail","6":"product_cat-sequential-puzzle-box","7":"product_cat-wooden-puzzles","9":"first","10":"instock","11":"taxable","12":"shipping-taxable","13":"purchasable","14":"product-type-simple"},"jetpack_sharing_enabled":true,"_links":{"self":[{"href":"http:\/\/www.hugspil.is\/is\/wp-json\/wp\/v2\/product\/1394","targetHints":{"allow":["GET"]}}],"collection":[{"href":"http:\/\/www.hugspil.is\/is\/wp-json\/wp\/v2\/product"}],"about":[{"href":"http:\/\/www.hugspil.is\/is\/wp-json\/wp\/v2\/types\/product"}],"replies":[{"embeddable":true,"href":"http:\/\/www.hugspil.is\/is\/wp-json\/wp\/v2\/comments?post=1394"}],"wp:featuredmedia":[{"embeddable":true,"href":"http:\/\/www.hugspil.is\/is\/wp-json\/wp\/v2\/media\/1557"}],"wp:attachment":[{"href":"http:\/\/www.hugspil.is\/is\/wp-json\/wp\/v2\/media?parent=1394"}],"wp:term":[{"taxonomy":"product_brand","embeddable":true,"href":"http:\/\/www.hugspil.is\/is\/wp-json\/wp\/v2\/product_brand?post=1394"},{"taxonomy":"product_cat","embeddable":true,"href":"http:\/\/www.hugspil.is\/is\/wp-json\/wp\/v2\/product_cat?post=1394"},{"taxonomy":"product_tag","embeddable":true,"href":"http:\/\/www.hugspil.is\/is\/wp-json\/wp\/v2\/product_tag?post=1394"}],"curies":[{"name":"wp","href":"https:\/\/api.w.org\/{rel}","templated":true}]}}