{"id":1393,"date":"2026-03-22T16:11:58","date_gmt":"2026-03-22T16:11:58","guid":{"rendered":"https:\/\/www.hugspil.is\/?post_type=product&#038;p=1393"},"modified":"2026-03-29T17:09:28","modified_gmt":"2026-03-29T17:09:28","slug":"stjornuaevintyri-mars-gata","status":"publish","type":"product","link":"http:\/\/www.hugspil.is\/is\/product\/star-adventures-mars-puzzle\/","title":{"rendered":"STAR ADVENTURES \u2013 MARS"},"content":{"rendered":"<figure data-content-type=\"image\" data-appearance=\"full-width\" data-element=\"main\" data-pb-style=\"EBR0VPK\"><img decoding=\"async\" class=\"pagebuilder-mobile-hidden\" title=\"\" src=\"{{media url=wysiwyg\/Banner_StarAdventures.jpg}}\" alt=\"\" data-element=\"desktop_image\" data-pb-style=\"HE5UH68\" \/><img decoding=\"async\" class=\"pagebuilder-mobile-only\" title=\"\" src=\"{{media url=wysiwyg\/Banner_StarAdventures.jpg}}\" alt=\"\" data-element=\"mobile_image\" data-pb-style=\"FS1UM98\" \/><\/figure>\n<hr data-element=\"line\" data-pb-style=\"WX9VG52\" \/>\n<figure data-content-type=\"image\" data-appearance=\"full-width\" data-element=\"main\" data-pb-style=\"SQ7E9PX\"><img decoding=\"async\" class=\"pagebuilder-mobile-hidden\" title=\"\" src=\"{{media url=wysiwyg\/Mockup_9.jpg}}\" alt=\"\" data-element=\"desktop_image\" data-pb-style=\"SYIPNVQ\" \/><img decoding=\"async\" class=\"pagebuilder-mobile-only\" title=\"\" src=\"{{media url=wysiwyg\/Mockup_9.jpg}}\" alt=\"\" data-element=\"mobile_image\" data-pb-style=\"QHQMLTU\" \/><\/figure>\n<p style=\"text-align: center,;\"><strong>Geimf\u00f6r #2<\/strong><\/p>\n<p style=\"text-align: center,;\">\nFer\u00f0in hefst \u00e1 fr\u00e6gu rau\u00f0u pl\u00e1netunni sem, \u00fer\u00e1tt fyrir l\u00e1gar hitastig og mj\u00f6g \u00feynntan lofthj\u00fap, er kannski s\u00fa sem l\u00edklegust er j\u00f6r\u00f0inni okkar.<br \/>\n\u00de\u00fa ver\u00f0ur a\u00f0 vera n\u00f3gu hugrakkur til a\u00f0 pr\u00f3fa \u00feig me\u00f0 heita g\u00e1tunni okkar og \u00feannig afhj\u00fapa umbunina innra me\u00f0 henni.<br \/>\nSafna\u00f0u \u00f6llum vetrarbrautarverkefnum \u00ed Star Adventures-ser\u00edunni!<\/p>\n<hr data-element=\"line\" data-pb-style=\"K3KJPOD\" \/>\n<figure data-content-type=\"image\" data-appearance=\"full-width\" data-element=\"main\" data-pb-style=\"EJNYHBE\"><img decoding=\"async\" class=\"pagebuilder-mobile-hidden\" title=\"\" src=\"{{media url=wysiwyg\/pack_13.jpg}}\" alt=\"\" data-element=\"desktop_image\" data-pb-style=\"BXXNKNO\" \/><img decoding=\"async\" class=\"pagebuilder-mobile-only\" title=\"\" src=\"{{media url=wysiwyg\/pack_13.jpg}}\" alt=\"\" data-element=\"mobile_image\" data-pb-style=\"T4FRUEV\" \/><\/figure>\n<figure data-content-type=\"image\" data-appearance=\"full-width\" data-element=\"main\" data-pb-style=\"LDHH6OX\"><img decoding=\"async\" class=\"pagebuilder-mobile-hidden\" title=\"\" src=\"{{media url=wysiwyg\/monete_7.jpg}}\" alt=\"\" data-element=\"desktop_image\" data-pb-style=\"P920H73\" \/><img decoding=\"async\" class=\"pagebuilder-mobile-only\" title=\"\" src=\"{{media url=wysiwyg\/monete_7.jpg}}\" alt=\"\" data-element=\"mobile_image\" data-pb-style=\"JRH93GS\" \/><\/figure>\n<figure data-content-type=\"image\" data-appearance=\"full-width\" data-element=\"main\" data-pb-style=\"DJTHVHC\"><img decoding=\"async\" class=\"pagebuilder-mobile-hidden\" title=\"\" src=\"{{media url=wysiwyg\/mani_3.jpg}}\" alt=\"\" data-element=\"desktop_image\" data-pb-style=\"LFSRUCS\" \/><img decoding=\"async\" class=\"pagebuilder-mobile-only\" title=\"\" src=\"{{media url=wysiwyg\/mani_3.jpg}}\" alt=\"\" data-element=\"mobile_image\" data-pb-style=\"H5XR161\" \/><\/figure>\n<p style=\"text-align: center,;\"><strong>MEIRA UM MARS<br \/>\n<\/strong><br \/>\nVi\u00f0 h\u00f6fum hugleitt hvern einasta sm\u00e1atri\u00f0i v\u00f6runnar, jafnvel umb\u00fa\u00f0irnar, sem geta skoti\u00f0 \u00fe\u00e9r \u00fat \u00ed geiminn vi\u00f0 fyrstu s\u00fdn!<br \/>\nOg inni finnur \u00fe\u00fa einnig \u00edtarlega fr\u00e6\u00f0andi b\u00e6kling til a\u00f0 fr\u00e6\u00f0ast n\u00e1nar um pl\u00e1netuna sem verkefni \u00feitt beinist a\u00f0.<\/p>\n<p style=\"text-align: center,;\"><strong>Velkomi\u00f0 umbun<br \/>\n<\/strong><br \/>\n\u00deegar \u00fe\u00fa hefur leyst r\u00e1\u00f0g\u00e1tuna og komist a\u00f0 \u00fev\u00ed hvernig \u00e1 a\u00f0 opna leyndard\u00f3mskassann, munt \u00fe\u00fa ekki ver\u00f0a eftir t\u00f3mhentur.<br \/>\nSem umbun finnur \u00fe\u00fa safnmyntir me\u00f0 l\u00f3g\u00f3i ser\u00edunnar grafi\u00f0 \u00e1 \u00fe\u00e6r inni \u00ed \u00ferautinni.<\/p>\n<p style=\"text-align: center,;\"><strong>V\u00edddirnar<\/strong><\/p>\n<p>Litlar v\u00edddir gera \u00fe\u00e9r kleift a\u00f0 reyna aftur og aftur a\u00f0 leysa Mars me\u00f0 mikilli au\u00f0veldleika.<br \/>\n\u00deetta er einnig \u00fe\u00f6kk s\u00e9 l\u00e9ttleika \u00feess, \u00fer\u00e1tt fyrir a\u00f0 \u00fea\u00f0 s\u00e9 gert \u00far traustum vi\u00f0i.<\/p>\n<hr data-element=\"line\" data-pb-style=\"BWGT4ON\" \/>\n<figure data-content-type=\"image\" data-appearance=\"full-width\" data-element=\"main\" data-pb-style=\"GKBLHQS\"><img decoding=\"async\" class=\"pagebuilder-mobile-hidden\" title=\"\" src=\"{{media url=wysiwyg\/dettagli_6.jpg}}\" alt=\"\" data-element=\"desktop_image\" data-pb-style=\"HQ0911T\" \/><img decoding=\"async\" class=\"pagebuilder-mobile-only\" title=\"\" src=\"{{media url=wysiwyg\/dettagli_6.jpg}}\" alt=\"\" data-element=\"mobile_image\" data-pb-style=\"WJ1F70R\" \/><\/figure>\n<hr data-element=\"line\" data-pb-style=\"IG93LP0\" \/>\n<p style=\"text-align: center,;\">H\u00f6nnu\u00f0ur \u00feessa afar s\u00e9rstaka \u00ferautar er enginn annar en hinn fr\u00e6gi Jurgen Reiche, fr\u00e6gur \u00ferautah\u00f6nnu\u00f0ur og stofnandi fyrirt\u00e6kisins Siebenstein Spiele.<\/p>\n<p style=\"text-align: center,;\">Varan er framleidd me\u00f0 leysiskur\u00f0i og notkun h\u00e1g\u00e6\u00f0a lam\u00ednata og plex\u00edgler.<\/p>\n<hr data-element=\"line\" data-pb-style=\"LHYBFWC\" \/>\n<figure data-content-type=\"image\" data-appearance=\"full-width\" data-element=\"main\" data-pb-style=\"HH8BQGT\"><img decoding=\"async\" class=\"pagebuilder-mobile-hidden\" title=\"\" src=\"{{media url=wysiwyg\/STAR_ADV_DE_Et__14_1.jpg}}\" alt=\"\" data-element=\"desktop_image\" data-pb-style=\"EG7FOUV\" \/><img decoding=\"async\" class=\"pagebuilder-mobile-only\" title=\"\" src=\"{{media url=wysiwyg\/STAR_ADV_DE_Et__14_1.jpg}}\" alt=\"\" data-element=\"mobile_image\" data-pb-style=\"CECK94S\" \/><\/figure>\n<figure data-content-type=\"image\" data-appearance=\"full-width\" data-element=\"main\" data-pb-style=\"JQGCSVX\"><img decoding=\"async\" class=\"pagebuilder-mobile-hidden\" title=\"\" src=\"{{media url=wysiwyg\/STAR_ADV_ENG_Difficolt__3su6.jpg}}\" alt=\"\" data-element=\"desktop_image\" data-pb-style=\"VWQ434C\" \/><img decoding=\"async\" class=\"pagebuilder-mobile-only\" title=\"\" src=\"{{media url=wysiwyg\/STAR_ADV_ENG_Difficolt__3su6.jpg}}\" alt=\"\" data-element=\"mobile_image\" data-pb-style=\"XMC8KNQ\" \/><\/figure>\n<figure data-content-type=\"image\" data-appearance=\"full-width\" data-element=\"main\" data-pb-style=\"XU5OF5O\"><img decoding=\"async\" class=\"pagebuilder-mobile-hidden\" title=\"\" src=\"{{media url=wysiwyg\/STAR_ADV_ENG_Tempo_20min-1settimana.jpg}}\" alt=\"\" data-element=\"desktop_image\" data-pb-style=\"OE5VLVM\" \/><img decoding=\"async\" class=\"pagebuilder-mobile-only\" title=\"\" src=\"{{media url=wysiwyg\/STAR_ADV_ENG_Tempo_20min-1settimana.jpg}}\" alt=\"\" data-element=\"mobile_image\" data-pb-style=\"WR6OPX7\" \/><\/figure>\n<figure data-content-type=\"image\" data-appearance=\"full-width\" data-element=\"main\" data-pb-style=\"MC4CRVD\"><img decoding=\"async\" class=\"pagebuilder-mobile-hidden\" title=\"\" src=\"{{media url=wysiwyg\/STAR_ADV_ENG_Dimensioni_Marte.jpg}}\" alt=\"\" data-element=\"desktop_image\" data-pb-style=\"GKHU61I\" \/><img decoding=\"async\" class=\"pagebuilder-mobile-only\" title=\"\" src=\"{{media url=wysiwyg\/STAR_ADV_ENG_Dimensioni_Marte.jpg}}\" alt=\"\" data-element=\"mobile_image\" data-pb-style=\"NUQOY78\" \/><\/figure>","protected":false},"excerpt":{"rendered":"<p>MISSION: Free the coin from the secret box!<\/p>\n<p>ERFI\u00d0LEIKI: 3\/6 ERFI\u00d0T.<\/p>","protected":false},"featured_media":1549,"comment_status":"open","ping_status":"closed","template":"","meta":{"_monsterinsights_skip_tracking":false,"_monsterinsights_sitenote_active":false,"_monsterinsights_sitenote_note":"","_monsterinsights_sitenote_category":0},"product_brand":[],"product_cat":[1139,25],"product_tag":[158,142,153,143,165,164,162,156,157,140,139,161,65,48,155,163,159,160,150,154],"class_list":{"0":"post-1393","1":"product","2":"type-product","3":"status-publish","4":"has-post-thumbnail","6":"product_cat-escape-box","7":"product_cat-wooden-puzzles","8":"product_tag-brain-teaser-box","9":"product_tag-brain-teasers","10":"product_tag-brain-teasers-for-adults","11":"product_tag-brainteasers","12":"product_tag-gift-box","13":"product_tag-gift-case","14":"product_tag-jewelry-box","15":"product_tag-magic-box","16":"product_tag-magic-case","17":"product_tag-mind-games","18":"product_tag-mind-puzzles","19":"product_tag-money-box","20":"product_tag-puzzle-box","21":"product_tag-secret-box","22":"product_tag-secret-case","23":"product_tag-secret-drawer","24":"product_tag-tricky-box","25":"product_tag-tricky-safe","26":"product_tag-wooden-puzzles","27":"product_tag-wooden-puzzles-for-adults","29":"first","30":"instock","31":"taxable","32":"shipping-taxable","33":"purchasable","34":"product-type-simple"},"jetpack_sharing_enabled":true,"_links":{"self":[{"href":"http:\/\/www.hugspil.is\/is\/wp-json\/wp\/v2\/product\/1393","targetHints":{"allow":["GET"]}}],"collection":[{"href":"http:\/\/www.hugspil.is\/is\/wp-json\/wp\/v2\/product"}],"about":[{"href":"http:\/\/www.hugspil.is\/is\/wp-json\/wp\/v2\/types\/product"}],"replies":[{"embeddable":true,"href":"http:\/\/www.hugspil.is\/is\/wp-json\/wp\/v2\/comments?post=1393"}],"wp:featuredmedia":[{"embeddable":true,"href":"http:\/\/www.hugspil.is\/is\/wp-json\/wp\/v2\/media\/1549"}],"wp:attachment":[{"href":"http:\/\/www.hugspil.is\/is\/wp-json\/wp\/v2\/media?parent=1393"}],"wp:term":[{"taxonomy":"product_brand","embeddable":true,"href":"http:\/\/www.hugspil.is\/is\/wp-json\/wp\/v2\/product_brand?post=1393"},{"taxonomy":"product_cat","embeddable":true,"href":"http:\/\/www.hugspil.is\/is\/wp-json\/wp\/v2\/product_cat?post=1393"},{"taxonomy":"product_tag","embeddable":true,"href":"http:\/\/www.hugspil.is\/is\/wp-json\/wp\/v2\/product_tag?post=1393"}],"curies":[{"name":"wp","href":"https:\/\/api.w.org\/{rel}","templated":true}]}}